{"id":2327,"date":"2020-01-23T18:21:52","date_gmt":"2020-01-23T10:21:52","guid":{"rendered":"http:\/\/www.cenpcba.com\/about-us\/"},"modified":"2025-03-04T16:31:30","modified_gmt":"2025-03-04T08:31:30","slug":"about-us","status":"publish","type":"page","link":"https:\/\/www.cenpcba.com\/de\/about-us\/","title":{"rendered":"\u00dcber uns"},"content":{"rendered":"\n<div class=\"wp-block-cover alignfull\" style=\"min-height:300px;aspect-ratio:unset;\"><span aria-hidden=\"true\" class=\"wp-block-cover__background has-nv-site-bg-background-color has-background-dim-100 has-background-dim\"><\/span><div class=\"wp-block-cover__inner-container is-layout-flow wp-block-cover-is-layout-flow\">\n<div class=\"wp-block-group\"><div class=\"wp-block-group__inner-container is-layout-flow wp-block-group-is-layout-flow\">\n<div class=\"wp-block-cover alignfull\" style=\"min-height:300px;aspect-ratio:unset;\"><span aria-hidden=\"true\" class=\"wp-block-cover__background has-background-dim\"><\/span><img fetchpriority=\"high\" decoding=\"async\" width=\"1024\" height=\"448\" class=\"wp-block-cover__image-background wp-image-409\" alt=\"\" src=\"http:\/\/www.cenpcba.com\/wp-content\/uploads\/2022\/07\/iot-1-1024x448.jpg\" style=\"object-position:50% 64%\" data-object-fit=\"cover\" data-object-position=\"50% 64%\" srcset=\"https:\/\/www.cenpcba.com\/wp-content\/uploads\/2022\/07\/iot-1-1024x448.jpg 1024w, https:\/\/www.cenpcba.com\/wp-content\/uploads\/2022\/07\/iot-1-300x131.jpg 300w, https:\/\/www.cenpcba.com\/wp-content\/uploads\/2022\/07\/iot-1-768x336.jpg 768w, https:\/\/www.cenpcba.com\/wp-content\/uploads\/2022\/07\/iot-1-1536x672.jpg 1536w, https:\/\/www.cenpcba.com\/wp-content\/uploads\/2022\/07\/iot-1-2048x896.jpg 2048w\" sizes=\"(max-width: 1024px) 100vw, 1024px\" \/><div class=\"wp-block-cover__inner-container is-layout-flow wp-block-cover-is-layout-flow\">\n<h1 class=\"wp-block-heading has-text-align-center has-large-font-size\" id=\"h-uber-uns\">\u00dcber uns<\/h1>\n\n\n\n<h4 class=\"wp-block-heading has-text-align-center\" id=\"h-wir-sind-leidenschaftlich-bei-einer-sache\">Wir sind leidenschaftlich bei einer Sache\u2026<\/h4>\n\n\n\n<h4 class=\"wp-block-heading has-text-align-center\" id=\"h-ihrem-erfolg\">Ihrem Erfolg<\/h4>\n<\/div><\/div>\n\n\n\n<div style=\"height:60px\" aria-hidden=\"true\" class=\"wp-block-spacer\"><\/div>\n<\/div><\/div>\n<\/div><\/div>\n\n\n\n<p>Gegr\u00fcndet im Jahr 2013, ist CEN PCBA ein in Shenzhen ans\u00e4ssiger Anbieter von umfassenden Electronic Manufacturing Services (EMS). Wir bieten eine komplette Fertigungsl\u00f6sung, einschlie\u00dflich Materialbeschaffung, Leiterplattenbest\u00fcckung (PCBA), Endmontage, Systemtests und mehr.<\/p>\n\n\n\n<p>Unsere Hauptm\u00e4rkte umfassen Gesundheitswesen, industrielle Steuerungen und Automobilelektronik sowie die Verarbeitung von Flex- und starr-flexiblen Leiterplatten. Dank unserer umfassenden Produkterfahrung k\u00f6nnen wir unseren Kunden zuverl\u00e4ssige L\u00f6sungen f\u00fcr die Einf\u00fchrung neuer Produkte (NPI) schnell bereitstellen. Unser Engineering-, Qualit\u00e4ts- und Projektmanagement-Team arbeitet eng mit unseren Kunden zusammen, um deren Anforderungen vollst\u00e4ndig zu verstehen und zu \u00fcbertreffen.<\/p>\n\n\n\n<p>Mit intelligenter Technologie, durchdachtem Service, exzellenter Kernkompetenz und wertsch\u00f6pfenden Dienstleistungen haben wir das Vertrauen namhafter Kunden im In- und Ausland gewonnen. Unser Unternehmen verfolgt das Ziel der kontinuierlichen Entwicklung und Innovation sowie das Streben nach Exzellenz. CEN PCBA ist auf dem Weg, das f\u00fchrende EMS-Unternehmen f\u00fcr elektronische Produkte zu werden.<\/p>\n\n\n\n<div style=\"height:20px\" aria-hidden=\"true\" class=\"wp-block-spacer\"><\/div>\n\n\n\n<h3 class=\"wp-block-heading\" id=\"h-uber-unsere-marken\">\u00dcber unsere Marken<\/h3>\n\n\n\n<div class=\"wp-block-columns is-layout-flex wp-container-core-columns-is-layout-9d6595d7 wp-block-columns-is-layout-flex\">\n<div class=\"wp-block-column is-layout-flow wp-block-column-is-layout-flow\"><div class=\"wp-block-image is-resized\">\n<figure class=\"aligncenter size-full\"><a href=\"http:\/\/www.cenpcba.com\/de\/\" target=\"_blank\" rel=\"noreferrer noopener\"><img decoding=\"async\" width=\"960\" height=\"856\" src=\"http:\/\/www.cenpcba.com\/wp-content\/uploads\/2022\/07\/CEN-Logo-L.png\" alt=\"\" class=\"wp-image-417\" srcset=\"https:\/\/www.cenpcba.com\/wp-content\/uploads\/2022\/07\/CEN-Logo-L.png 960w, https:\/\/www.cenpcba.com\/wp-content\/uploads\/2022\/07\/CEN-Logo-L-300x268.png 300w, https:\/\/www.cenpcba.com\/wp-content\/uploads\/2022\/07\/CEN-Logo-L-768x685.png 768w\" sizes=\"(max-width: 960px) 100vw, 960px\" \/><\/a><figcaption class=\"wp-element-caption\"><strong>CEN ist als Marke auf Englisch registriert.<\/strong><\/figcaption><\/figure>\n<\/div><\/div>\n\n\n\n<div class=\"wp-block-column is-layout-flow wp-block-column-is-layout-flow\"><div class=\"wp-block-image is-resized\">\n<figure class=\"aligncenter size-full\"><img decoding=\"async\" width=\"960\" height=\"856\" src=\"http:\/\/www.cenpcba.com\/wp-content\/uploads\/2022\/07\/TXYD-Logo-L-2.png\" alt=\"\" class=\"wp-image-418\" srcset=\"https:\/\/www.cenpcba.com\/wp-content\/uploads\/2022\/07\/TXYD-Logo-L-2.png 960w, https:\/\/www.cenpcba.com\/wp-content\/uploads\/2022\/07\/TXYD-Logo-L-2-300x268.png 300w, https:\/\/www.cenpcba.com\/wp-content\/uploads\/2022\/07\/TXYD-Logo-L-2-768x685.png 768w\" sizes=\"(max-width: 960px) 100vw, 960px\" \/><figcaption class=\"wp-element-caption\"><strong>TinDa Ginkgo ist als Marke auf Chinesisch registriert.<\/strong><\/figcaption><\/figure>\n<\/div><\/div>\n<\/div>\n\n\n\n<p>Beide Logos geh\u00f6ren CEN Electronic Technology Co., Ltd. und d\u00fcrfen ohne schriftliche Genehmigung von CEN Electronic Technology Co., Ltd. nicht f\u00fcr kommerzielle Zwecke verwendet werden.<\/p>\n\n\n\n<div class=\"wp-block-columns is-layout-flex wp-container-core-columns-is-layout-9d6595d7 wp-block-columns-is-layout-flex\">\n<div class=\"wp-block-column is-layout-flow wp-block-column-is-layout-flow\">\n<h3 class=\"wp-block-heading has-text-align-center has-nv-light-bg-background-color has-background\" id=\"h-unsere-vision\">Unsere Vision<\/h3>\n\n\n\n<p class=\"has-nv-light-bg-background-color has-background\">CEN Electronics ist ein Anbieter von Electronic Manufacturing Services, der stolz auf seine Beziehungen zu Kunden und Lieferanten ist. Wir stellen die gleichen hohen Anforderungen an die Qualit\u00e4t und Lieferzuverl\u00e4ssigkeit unserer Materiallieferanten, wie wir es von uns selbst erwarten.<\/p>\n<\/div>\n\n\n\n<div class=\"wp-block-column is-layout-flow wp-block-column-is-layout-flow\">\n<h3 class=\"wp-block-heading has-text-align-center has-nv-light-bg-background-color has-background\" id=\"h-unsere-mission\">Unsere Mission<\/h3>\n\n\n\n<p class=\"has-nv-light-bg-background-color has-background\">Wir setzen alles daran, unsere Kunden zufriedenzustellen, indem wir herausragende Serviceleistungen und Produktqualit\u00e4t mit einem kundenorientierten Ansatz liefern.<\/p>\n<\/div>\n<\/div>\n\n\n\n<div class=\"wp-block-cover\" style=\"min-height:300px;aspect-ratio:unset;\"><span aria-hidden=\"true\" class=\"wp-block-cover__background has-background-dim-10 has-background-dim\"><\/span><img loading=\"lazy\" decoding=\"async\" width=\"1024\" height=\"768\" class=\"wp-block-cover__image-background wp-image-427\" alt=\"\" src=\"http:\/\/www.cenpcba.com\/wp-content\/uploads\/2022\/07\/cooperation.jpg\" style=\"object-position:46% 46%\" data-object-fit=\"cover\" data-object-position=\"46% 46%\" srcset=\"https:\/\/www.cenpcba.com\/wp-content\/uploads\/2022\/07\/cooperation.jpg 1024w, https:\/\/www.cenpcba.com\/wp-content\/uploads\/2022\/07\/cooperation-300x225.jpg 300w, https:\/\/www.cenpcba.com\/wp-content\/uploads\/2022\/07\/cooperation-768x576.jpg 768w\" sizes=\"(max-width: 1024px) 100vw, 1024px\" \/><div class=\"wp-block-cover__inner-container is-layout-flow wp-block-cover-is-layout-flow\">\n<p class=\"has-text-align-center has-large-font-size\">&nbsp;<\/p>\n<\/div><\/div>\n\n\n\n<div style=\"height:100px\" aria-hidden=\"true\" class=\"wp-block-spacer\"><\/div>\n\n\n\n<div class=\"wp-block-cover alignfull\" style=\"min-height:600px;aspect-ratio:unset;\"><span aria-hidden=\"true\" class=\"wp-block-cover__background has-nv-dark-bg-background-color has-background-dim-100 has-background-dim\"><\/span><div class=\"wp-block-cover__inner-container is-layout-flow wp-block-cover-is-layout-flow\">\n<div class=\"wp-block-group\"><div class=\"wp-block-group__inner-container is-layout-flow wp-block-group-is-layout-flow\">\n<div style=\"height:80px\" aria-hidden=\"true\" class=\"wp-block-spacer\"><\/div>\n\n\n\n<div class=\"wp-block-columns are-vertically-aligned-center is-layout-flex wp-container-core-columns-is-layout-9d6595d7 wp-block-columns-is-layout-flex\">\n<div class=\"wp-block-column is-vertically-aligned-center is-layout-flow wp-block-column-is-layout-flow\" style=\"flex-basis:50%\">\n<h2 class=\"wp-block-heading has-nv-text-dark-bg-color has-text-color\" id=\"h-entwickeln-sie-ihr-nachstes-produkt-mit-uns\">Entwickeln Sie Ihr n\u00e4chstes Produkt mit uns!<\/h2>\n\n\n\n<p class=\"has-nv-site-bg-color has-text-color has-link-color wp-elements-5524a062246fe9f5d328bcd5f2279bf8\">Wir arbeiten mit Unternehmen jeder Gr\u00f6\u00dfe zusammen, um erstklassige Produkte zu entwickeln.<\/p>\n\n\n\n<div style=\"height:20px\" aria-hidden=\"true\" class=\"wp-block-spacer\"><\/div>\n\n\n\n<div class=\"wp-block-buttons is-layout-flex wp-block-buttons-is-layout-flex\">\n<div class=\"wp-block-button is-style-primary\"><a class=\"wp-block-button__link wp-element-button\" href=\"http:\/\/www.cenpcba.com\/contact-us\/\" target=\"_blank\" rel=\"noreferrer noopener\">LET\u2019S TALASSEN SIE UNS SPRECHENLK<\/a><\/div>\n<\/div>\n\n\n\n<div style=\"height:20px\" aria-hidden=\"true\" class=\"wp-block-spacer\"><\/div>\n<\/div>\n\n\n\n<div class=\"wp-block-column is-vertically-aligned-center is-layout-flow wp-block-column-is-layout-flow\" style=\"flex-basis:50%\">\n<figure class=\"wp-block-image size-large is-resized\"><img loading=\"lazy\" decoding=\"async\" width=\"1024\" height=\"768\" src=\"http:\/\/www.cenpcba.com\/wp-content\/uploads\/2022\/07\/CEN-1024x768.jpg\" alt=\"\" class=\"wp-image-434\" style=\"width:595px;height:446px\" srcset=\"https:\/\/www.cenpcba.com\/wp-content\/uploads\/2022\/07\/CEN-1024x768.jpg 1024w, https:\/\/www.cenpcba.com\/wp-content\/uploads\/2022\/07\/CEN-300x225.jpg 300w, https:\/\/www.cenpcba.com\/wp-content\/uploads\/2022\/07\/CEN-768x576.jpg 768w, https:\/\/www.cenpcba.com\/wp-content\/uploads\/2022\/07\/CEN-1536x1152.jpg 1536w, https:\/\/www.cenpcba.com\/wp-content\/uploads\/2022\/07\/CEN-2048x1536.jpg 2048w\" sizes=\"(max-width: 1024px) 100vw, 1024px\" \/><\/figure>\n<\/div>\n<\/div>\n\n\n\n<div style=\"height:40px\" aria-hidden=\"true\" class=\"wp-block-spacer\"><\/div>\n<\/div><\/div>\n<\/div><\/div>\n\n\n\n<div class=\"wp-block-cover alignfull\" style=\"min-height:420px;aspect-ratio:unset;\"><span aria-hidden=\"true\" class=\"wp-block-cover__background has-nv-site-bg-background-color has-background-dim-100 has-background-dim\"><\/span><div class=\"wp-block-cover__inner-container is-layout-flow wp-block-cover-is-layout-flow\">\n<div style=\"height:80px\" aria-hidden=\"true\" class=\"wp-block-spacer\"><\/div>\n\n\n\n<div class=\"wp-block-columns is-layout-flex wp-container-core-columns-is-layout-9d6595d7 wp-block-columns-is-layout-flex\">\n<div class=\"wp-block-column ticss-4ce656f1 is-layout-flow wp-block-column-is-layout-flow\">\n<figure class=\"wp-block-image size-full icon-style is-style-rounded\"><img loading=\"lazy\" decoding=\"async\" width=\"72\" height=\"72\" src=\"http:\/\/www.cenpcba.com\/wp-content\/uploads\/2022\/07\/Choose-Right.png\" alt=\"\" class=\"wp-image-531\"\/><\/figure>\n\n\n\n<h3 class=\"wp-block-heading has-text-align-left has-text-align-center has-neve-text-color-color has-text-color\" id=\"h-super-effizient\">Super effizient<\/h3>\n\n\n\n<div style=\"height:20px\" aria-hidden=\"true\" class=\"wp-block-spacer\"><\/div>\n<\/div>\n\n\n\n<div class=\"wp-block-column ticss-f6fc7494 is-layout-flow wp-block-column-is-layout-flow\">\n<figure class=\"wp-block-image size-full icon-style is-style-rounded\"><img loading=\"lazy\" decoding=\"async\" width=\"72\" height=\"72\" src=\"http:\/\/www.cenpcba.com\/wp-content\/uploads\/2022\/07\/Choose-Right.png\" alt=\"\" class=\"wp-image-531\"\/><\/figure>\n\n\n\n<h3 class=\"wp-block-heading has-text-align-left has-text-align-center has-neve-text-color-color has-text-color\" id=\"h-tief-engagiert\">Tief engagiert<\/h3>\n\n\n\n<div style=\"height:20px\" aria-hidden=\"true\" class=\"wp-block-spacer\"><\/div>\n<\/div>\n\n\n\n<div class=\"wp-block-column ticss-a5b4df29 is-layout-flow wp-block-column-is-layout-flow\">\n<figure class=\"wp-block-image size-full icon-style is-style-rounded\"><img loading=\"lazy\" decoding=\"async\" width=\"72\" height=\"72\" src=\"http:\/\/www.cenpcba.com\/wp-content\/uploads\/2022\/07\/Choose-Right.png\" alt=\"\" class=\"wp-image-531\"\/><\/figure>\n\n\n\n<h3 class=\"wp-block-heading has-text-align-left has-text-align-center has-neve-text-color-color has-text-color\" id=\"h-hochqualifiziert\">Hochqualifiziert<\/h3>\n\n\n\n<div style=\"height:20px\" aria-hidden=\"true\" class=\"wp-block-spacer\"><\/div>\n<\/div>\n<\/div>\n\n\n\n<div style=\"height:30px\" aria-hidden=\"true\" class=\"wp-block-spacer\"><\/div>\n<\/div><\/div>\n","protected":false},"excerpt":{"rendered":"<p>Gegr\u00fcndet im Jahr 2013, ist CEN PCBA ein in Shenzhen ans\u00e4ssiger Anbieter von umfassenden Electronic Manufacturing Services (EMS). Wir bieten eine komplette Fertigungsl\u00f6sung, einschlie\u00dflich Materialbeschaffung, Leiterplattenbest\u00fcckung (PCBA), Endmontage, Systemtests und mehr. Unsere Hauptm\u00e4rkte umfassen Gesundheitswesen, industrielle Steuerungen und Automobilelektronik sowie die Verarbeitung von Flex- und starr-flexiblen Leiterplatten. Dank unserer umfassenden Produkterfahrung k\u00f6nnen wir unseren Kunden&hellip;&nbsp;<a href=\"https:\/\/www.cenpcba.com\/de\/about-us\/\" class=\"\" rel=\"bookmark\">Mehr lesen &raquo;<span class=\"screen-reader-text\">\u00dcber uns<\/span><\/a><\/p>\n","protected":false},"author":1,"featured_media":0,"parent":0,"menu_order":0,"comment_status":"closed","ping_status":"closed","template":"","meta":{"neve_meta_sidebar":"","neve_meta_container":"","neve_meta_enable_content_width":"on","neve_meta_content_width":100,"neve_meta_title_alignment":"","neve_meta_author_avatar":"","neve_post_elements_order":"","neve_meta_disable_header":"","neve_meta_disable_footer":"","neve_meta_disable_title":"on","neve_meta_reading_time":"","_joinchat":[],"footnotes":""},"class_list":["post-2327","page","type-page","status-publish","hentry"],"yoast_head":"<!-- This site is optimized with the Yoast SEO Premium plugin v23.2 (Yoast SEO v25.8) - https:\/\/yoast.com\/wordpress\/plugins\/seo\/ -->\n<title>\u00dcber uns | CEN PCBA | Auftragsfertigung von Leiterplatten in China<\/title>\n<meta name=\"description\" content=\"CEN \u00fcber CEN PCB PCBA Box Build Kabelbaugruppe, schl\u00fcsselfertiger Leiterplattenbaugruppen-Fertigungsservice aus einer Hand, Vertragselektronikhersteller\" \/>\n<meta name=\"robots\" content=\"index, follow, max-snippet:-1, max-image-preview:large, max-video-preview:-1\" \/>\n<link rel=\"canonical\" href=\"https:\/\/www.cenpcba.com\/de\/about-us\/\" \/>\n<meta property=\"og:locale\" content=\"de_DE\" \/>\n<meta property=\"og:type\" content=\"article\" \/>\n<meta property=\"og:title\" content=\"\u00dcber uns\" \/>\n<meta property=\"og:description\" content=\"CEN \u00fcber CEN PCB PCBA Box Build Kabelbaugruppe, schl\u00fcsselfertiger Leiterplattenbaugruppen-Fertigungsservice aus einer Hand, Vertragselektronikhersteller\" \/>\n<meta property=\"og:url\" content=\"https:\/\/www.cenpcba.com\/de\/about-us\/\" \/>\n<meta property=\"og:site_name\" content=\"Contract Manufacturing\" \/>\n<meta property=\"article:publisher\" content=\"https:\/\/www.facebook.com\/cenpcba\" \/>\n<meta property=\"article:modified_time\" content=\"2025-03-04T08:31:30+00:00\" \/>\n<meta property=\"og:image\" content=\"http:\/\/www.cenpcba.com\/wp-content\/uploads\/2022\/07\/iot-1-1024x448.jpg\" \/>\n<meta name=\"twitter:card\" content=\"summary_large_image\" \/>\n<meta name=\"twitter:label1\" content=\"Gesch\u00e4tzte Lesezeit\" \/>\n\t<meta name=\"twitter:data1\" content=\"3\u00a0Minuten\" \/>\n<script type=\"application\/ld+json\" class=\"yoast-schema-graph\">{\"@context\":\"https:\/\/schema.org\",\"@graph\":[{\"@type\":\"WebPage\",\"@id\":\"https:\/\/www.cenpcba.com\/de\/about-us\/\",\"url\":\"https:\/\/www.cenpcba.com\/de\/about-us\/\",\"name\":\"\u00dcber uns | CEN PCBA | Auftragsfertigung von Leiterplatten in China\",\"isPartOf\":{\"@id\":\"https:\/\/www.cenpcba.com\/de\/#website\"},\"primaryImageOfPage\":{\"@id\":\"https:\/\/www.cenpcba.com\/de\/about-us\/#primaryimage\"},\"image\":{\"@id\":\"https:\/\/www.cenpcba.com\/de\/about-us\/#primaryimage\"},\"thumbnailUrl\":\"http:\/\/www.cenpcba.com\/wp-content\/uploads\/2022\/07\/iot-1-1024x448.jpg\",\"datePublished\":\"2020-01-23T10:21:52+00:00\",\"dateModified\":\"2025-03-04T08:31:30+00:00\",\"description\":\"CEN \u00fcber CEN PCB PCBA Box Build Kabelbaugruppe, schl\u00fcsselfertiger Leiterplattenbaugruppen-Fertigungsservice aus einer Hand, Vertragselektronikhersteller\",\"breadcrumb\":{\"@id\":\"https:\/\/www.cenpcba.com\/de\/about-us\/#breadcrumb\"},\"inLanguage\":\"de\",\"potentialAction\":[{\"@type\":\"ReadAction\",\"target\":[\"https:\/\/www.cenpcba.com\/de\/about-us\/\"]}]},{\"@type\":\"ImageObject\",\"inLanguage\":\"de\",\"@id\":\"https:\/\/www.cenpcba.com\/de\/about-us\/#primaryimage\",\"url\":\"http:\/\/www.cenpcba.com\/wp-content\/uploads\/2022\/07\/iot-1-1024x448.jpg\",\"contentUrl\":\"http:\/\/www.cenpcba.com\/wp-content\/uploads\/2022\/07\/iot-1-1024x448.jpg\"},{\"@type\":\"BreadcrumbList\",\"@id\":\"https:\/\/www.cenpcba.com\/de\/about-us\/#breadcrumb\",\"itemListElement\":[{\"@type\":\"ListItem\",\"position\":1,\"name\":\"\u9996\u9875\",\"item\":\"https:\/\/www.cenpcba.com\/de\/\"},{\"@type\":\"ListItem\",\"position\":2,\"name\":\"\u00dcber uns\"}]},{\"@type\":\"WebSite\",\"@id\":\"https:\/\/www.cenpcba.com\/de\/#website\",\"url\":\"https:\/\/www.cenpcba.com\/de\/\",\"name\":\"Contact Electronic Manufacturing Service Factory in Shenzhen, China\",\"description\":\"PCB Assembly\",\"publisher\":{\"@id\":\"https:\/\/www.cenpcba.com\/de\/#organization\"},\"alternateName\":\"One stop EMS service from PCB Manufacturing, Pcb assembly, smt, dip box assembly\",\"potentialAction\":[{\"@type\":\"SearchAction\",\"target\":{\"@type\":\"EntryPoint\",\"urlTemplate\":\"https:\/\/www.cenpcba.com\/de\/?s={search_term_string}\"},\"query-input\":{\"@type\":\"PropertyValueSpecification\",\"valueRequired\":true,\"valueName\":\"search_term_string\"}}],\"inLanguage\":\"de\"},{\"@type\":\"Organization\",\"@id\":\"https:\/\/www.cenpcba.com\/de\/#organization\",\"name\":\"CEN Electronic Technology Co., Ltd\",\"alternateName\":\"CEN PCBA\",\"url\":\"https:\/\/www.cenpcba.com\/de\/\",\"logo\":{\"@type\":\"ImageObject\",\"inLanguage\":\"de\",\"@id\":\"https:\/\/www.cenpcba.com\/de\/#\/schema\/logo\/image\/\",\"url\":\"http:\/\/www.cenpcba.com\/wp-content\/uploads\/2022\/07\/CEN-Logo-L.png\",\"contentUrl\":\"http:\/\/www.cenpcba.com\/wp-content\/uploads\/2022\/07\/CEN-Logo-L.png\",\"width\":960,\"height\":856,\"caption\":\"CEN Electronic Technology Co., Ltd\"},\"image\":{\"@id\":\"https:\/\/www.cenpcba.com\/de\/#\/schema\/logo\/image\/\"},\"sameAs\":[\"https:\/\/www.facebook.com\/cenpcba\",\"https:\/\/www.linkedin.com\/company\/cenpcba\"]}]}<\/script>\n<!-- \/ Yoast SEO Premium plugin. -->","yoast_head_json":{"title":"\u00dcber uns | CEN PCBA | Auftragsfertigung von Leiterplatten in China","description":"CEN \u00fcber CEN PCB PCBA Box Build Kabelbaugruppe, schl\u00fcsselfertiger Leiterplattenbaugruppen-Fertigungsservice aus einer Hand, Vertragselektronikhersteller","robots":{"index":"index","follow":"follow","max-snippet":"max-snippet:-1","max-image-preview":"max-image-preview:large","max-video-preview":"max-video-preview:-1"},"canonical":"https:\/\/www.cenpcba.com\/de\/about-us\/","og_locale":"de_DE","og_type":"article","og_title":"\u00dcber uns","og_description":"CEN \u00fcber CEN PCB PCBA Box Build Kabelbaugruppe, schl\u00fcsselfertiger Leiterplattenbaugruppen-Fertigungsservice aus einer Hand, Vertragselektronikhersteller","og_url":"https:\/\/www.cenpcba.com\/de\/about-us\/","og_site_name":"Contract Manufacturing","article_publisher":"https:\/\/www.facebook.com\/cenpcba","article_modified_time":"2025-03-04T08:31:30+00:00","og_image":[{"url":"http:\/\/www.cenpcba.com\/wp-content\/uploads\/2022\/07\/iot-1-1024x448.jpg","type":"","width":"","height":""}],"twitter_card":"summary_large_image","twitter_misc":{"Gesch\u00e4tzte Lesezeit":"3\u00a0Minuten"},"schema":{"@context":"https:\/\/schema.org","@graph":[{"@type":"WebPage","@id":"https:\/\/www.cenpcba.com\/de\/about-us\/","url":"https:\/\/www.cenpcba.com\/de\/about-us\/","name":"\u00dcber uns | CEN PCBA | Auftragsfertigung von Leiterplatten in China","isPartOf":{"@id":"https:\/\/www.cenpcba.com\/de\/#website"},"primaryImageOfPage":{"@id":"https:\/\/www.cenpcba.com\/de\/about-us\/#primaryimage"},"image":{"@id":"https:\/\/www.cenpcba.com\/de\/about-us\/#primaryimage"},"thumbnailUrl":"http:\/\/www.cenpcba.com\/wp-content\/uploads\/2022\/07\/iot-1-1024x448.jpg","datePublished":"2020-01-23T10:21:52+00:00","dateModified":"2025-03-04T08:31:30+00:00","description":"CEN \u00fcber CEN PCB PCBA Box Build Kabelbaugruppe, schl\u00fcsselfertiger Leiterplattenbaugruppen-Fertigungsservice aus einer Hand, Vertragselektronikhersteller","breadcrumb":{"@id":"https:\/\/www.cenpcba.com\/de\/about-us\/#breadcrumb"},"inLanguage":"de","potentialAction":[{"@type":"ReadAction","target":["https:\/\/www.cenpcba.com\/de\/about-us\/"]}]},{"@type":"ImageObject","inLanguage":"de","@id":"https:\/\/www.cenpcba.com\/de\/about-us\/#primaryimage","url":"http:\/\/www.cenpcba.com\/wp-content\/uploads\/2022\/07\/iot-1-1024x448.jpg","contentUrl":"http:\/\/www.cenpcba.com\/wp-content\/uploads\/2022\/07\/iot-1-1024x448.jpg"},{"@type":"BreadcrumbList","@id":"https:\/\/www.cenpcba.com\/de\/about-us\/#breadcrumb","itemListElement":[{"@type":"ListItem","position":1,"name":"\u9996\u9875","item":"https:\/\/www.cenpcba.com\/de\/"},{"@type":"ListItem","position":2,"name":"\u00dcber uns"}]},{"@type":"WebSite","@id":"https:\/\/www.cenpcba.com\/de\/#website","url":"https:\/\/www.cenpcba.com\/de\/","name":"Contact Electronic Manufacturing Service Factory in Shenzhen, China","description":"PCB Assembly","publisher":{"@id":"https:\/\/www.cenpcba.com\/de\/#organization"},"alternateName":"One stop EMS service from PCB Manufacturing, Pcb assembly, smt, dip box assembly","potentialAction":[{"@type":"SearchAction","target":{"@type":"EntryPoint","urlTemplate":"https:\/\/www.cenpcba.com\/de\/?s={search_term_string}"},"query-input":{"@type":"PropertyValueSpecification","valueRequired":true,"valueName":"search_term_string"}}],"inLanguage":"de"},{"@type":"Organization","@id":"https:\/\/www.cenpcba.com\/de\/#organization","name":"CEN Electronic Technology Co., Ltd","alternateName":"CEN PCBA","url":"https:\/\/www.cenpcba.com\/de\/","logo":{"@type":"ImageObject","inLanguage":"de","@id":"https:\/\/www.cenpcba.com\/de\/#\/schema\/logo\/image\/","url":"http:\/\/www.cenpcba.com\/wp-content\/uploads\/2022\/07\/CEN-Logo-L.png","contentUrl":"http:\/\/www.cenpcba.com\/wp-content\/uploads\/2022\/07\/CEN-Logo-L.png","width":960,"height":856,"caption":"CEN Electronic Technology Co., Ltd"},"image":{"@id":"https:\/\/www.cenpcba.com\/de\/#\/schema\/logo\/image\/"},"sameAs":["https:\/\/www.facebook.com\/cenpcba","https:\/\/www.linkedin.com\/company\/cenpcba"]}]}},"_links":{"self":[{"href":"https:\/\/www.cenpcba.com\/de\/wp-json\/wp\/v2\/pages\/2327","targetHints":{"allow":["GET"]}}],"collection":[{"href":"https:\/\/www.cenpcba.com\/de\/wp-json\/wp\/v2\/pages"}],"about":[{"href":"https:\/\/www.cenpcba.com\/de\/wp-json\/wp\/v2\/types\/page"}],"author":[{"embeddable":true,"href":"https:\/\/www.cenpcba.com\/de\/wp-json\/wp\/v2\/users\/1"}],"replies":[{"embeddable":true,"href":"https:\/\/www.cenpcba.com\/de\/wp-json\/wp\/v2\/comments?post=2327"}],"version-history":[{"count":2,"href":"https:\/\/www.cenpcba.com\/de\/wp-json\/wp\/v2\/pages\/2327\/revisions"}],"predecessor-version":[{"id":2717,"href":"https:\/\/www.cenpcba.com\/de\/wp-json\/wp\/v2\/pages\/2327\/revisions\/2717"}],"wp:attachment":[{"href":"https:\/\/www.cenpcba.com\/de\/wp-json\/wp\/v2\/media?parent=2327"}],"curies":[{"name":"wp","href":"https:\/\/api.w.org\/{rel}","templated":true}]}}