{"id":2459,"date":"2022-07-10T19:02:59","date_gmt":"2022-07-10T11:02:59","guid":{"rendered":"http:\/\/www.cenpcba.com\/box-build\/"},"modified":"2025-03-04T17:32:21","modified_gmt":"2025-03-04T09:32:21","slug":"box-build","status":"publish","type":"page","link":"https:\/\/www.cenpcba.com\/de\/box-build\/","title":{"rendered":"Box Build"},"content":{"rendered":"\n<div class=\"wp-block-cover alignfull is-light\" style=\"min-height:315px;aspect-ratio:unset;\"><span aria-hidden=\"true\" class=\"wp-block-cover__background has-background-dim\"><\/span><img fetchpriority=\"high\" decoding=\"async\" width=\"1280\" height=\"853\" class=\"wp-block-cover__image-background wp-image-580\" alt=\"\" src=\"http:\/\/www.cenpcba.com\/wp-content\/uploads\/2022\/07\/20672904.jpg\" style=\"object-position:60% 81%\" data-object-fit=\"cover\" data-object-position=\"60% 81%\" srcset=\"https:\/\/www.cenpcba.com\/wp-content\/uploads\/2022\/07\/20672904.jpg 1280w, https:\/\/www.cenpcba.com\/wp-content\/uploads\/2022\/07\/20672904-300x200.jpg 300w, https:\/\/www.cenpcba.com\/wp-content\/uploads\/2022\/07\/20672904-1024x682.jpg 1024w, https:\/\/www.cenpcba.com\/wp-content\/uploads\/2022\/07\/20672904-768x512.jpg 768w, https:\/\/www.cenpcba.com\/wp-content\/uploads\/2022\/07\/20672904-930x620.jpg 930w\" sizes=\"(max-width: 1280px) 100vw, 1280px\" \/><div class=\"wp-block-cover__inner-container is-layout-flow wp-block-cover-is-layout-flow\">\n<h1 class=\"wp-block-heading has-text-align-center has-nv-site-bg-color has-text-color has-large-font-size\">Box Build<\/h1>\n<\/div><\/div>\n\n\n\n<div style=\"height:100px\" aria-hidden=\"true\" class=\"wp-block-spacer\"><\/div>\n\n\n\n<div class=\"wp-block-columns is-layout-flex wp-container-core-columns-is-layout-9d6595d7 wp-block-columns-is-layout-flex\">\n<div class=\"wp-block-column is-layout-flow wp-block-column-is-layout-flow\">\n<figure class=\"wp-block-image size-full\"><img decoding=\"async\" width=\"960\" height=\"856\" src=\"http:\/\/www.cenpcba.com\/wp-content\/uploads\/2022\/07\/BOX-BUILD.png\" alt=\"\" class=\"wp-image-459\" srcset=\"https:\/\/www.cenpcba.com\/wp-content\/uploads\/2022\/07\/BOX-BUILD.png 960w, https:\/\/www.cenpcba.com\/wp-content\/uploads\/2022\/07\/BOX-BUILD-300x268.png 300w, https:\/\/www.cenpcba.com\/wp-content\/uploads\/2022\/07\/BOX-BUILD-768x685.png 768w\" sizes=\"(max-width: 960px) 100vw, 960px\" \/><\/figure>\n<\/div>\n\n\n\n<div class=\"wp-block-column is-layout-flow wp-block-column-is-layout-flow\">\n<h2 class=\"wp-block-heading has-medium-font-size\" id=\"h-was-ist-box-build\">Was ist Box Build?<\/h2>\n\n\n\n<p class=\"has-medium-font-size\">\u201eBox Build\u201c, auch bekannt als Systemintegration, bezeichnet die vollst\u00e4ndige Montage eines kundenspezifischen Endprodukts. Der Prozess geht \u00fcber die Herstellung von Leiterplatten (PCBs) hinaus und umfasst die elektromechanische Montage, einschlie\u00dflich der Geh\u00e4usefertigung, der Installation und Verlegung von Kabeln oder Kabelb\u00e4umen sowie der Montage von Baugruppen und Komponenten.<\/p>\n\n\n\n<p class=\"has-medium-font-size\">Sowohl komplexe als auch einfache Box-Build-Montagen erfordern eine sorgf\u00e4ltige Erfassung der Anforderungen. Je mehr Informationen w\u00e4hrend der Planungsphase mit dem Elektronikhersteller besprochen werden, desto schneller, hochwertiger und sicherer wird das Endprodukt.<\/p>\n<\/div>\n<\/div>\n\n\n\n<div style=\"height:76px\" aria-hidden=\"true\" class=\"wp-block-spacer\"><\/div>\n\n\n\n<div class=\"wp-block-columns is-layout-flex wp-container-core-columns-is-layout-9d6595d7 wp-block-columns-is-layout-flex\">\n<div class=\"wp-block-column is-layout-flow wp-block-column-is-layout-flow\">\n<p>Um mit dem Box Build zu beginnen, ben\u00f6tigen wir Ihre Anweisungen f\u00fcr die Montage des Geh\u00e4uses. Diese sollten Folgendes enthalten:<\/p>\n\n\n\n<ul class=\"wp-block-list\">\n<li>St\u00fcckliste (BOM)<\/li>\n\n\n\n<li>Elektrischer Schaltplan<\/li>\n\n\n\n<li>Montagezeichnung(en)<\/li>\n\n\n\n<li>Kabel-\/Drahtlisten<\/li>\n\n\n\n<li>Testvorgaben<\/li>\n\n\n\n<li>Ein Referenzmuster (Golden Unit), falls verf\u00fcgbar<\/li>\n<\/ul>\n<\/div>\n\n\n\n<div class=\"wp-block-column is-layout-flow wp-block-column-is-layout-flow\">\n<figure class=\"wp-block-image size-full\"><img decoding=\"async\" width=\"1024\" height=\"916\" src=\"http:\/\/www.cenpcba.com\/wp-content\/uploads\/2022\/07\/Box-Build-4-1.jpg\" alt=\"\" class=\"wp-image-581\" srcset=\"https:\/\/www.cenpcba.com\/wp-content\/uploads\/2022\/07\/Box-Build-4-1.jpg 1024w, https:\/\/www.cenpcba.com\/wp-content\/uploads\/2022\/07\/Box-Build-4-1-300x268.jpg 300w, https:\/\/www.cenpcba.com\/wp-content\/uploads\/2022\/07\/Box-Build-4-1-768x687.jpg 768w\" sizes=\"(max-width: 1024px) 100vw, 1024px\" \/><\/figure>\n<\/div>\n<\/div>\n\n\n\n<div style=\"height:100px\" aria-hidden=\"true\" class=\"wp-block-spacer\"><\/div>\n\n\n\n<h2 class=\"wp-block-heading has-text-align-center has-large-font-size\" id=\"h-typen-von-box-build\"><strong>TYPEN VON BOX BUILD<\/strong><\/h2>\n\n\n\n<div style=\"height:81px\" aria-hidden=\"true\" class=\"wp-block-spacer\"><\/div>\n\n\n\n<div class=\"wp-block-columns is-layout-flex wp-container-core-columns-is-layout-9d6595d7 wp-block-columns-is-layout-flex\">\n<div class=\"wp-block-column is-layout-flow wp-block-column-is-layout-flow\">\n<figure class=\"wp-block-image size-full\"><img loading=\"lazy\" decoding=\"async\" width=\"560\" height=\"512\" src=\"http:\/\/www.cenpcba.com\/wp-content\/uploads\/2022\/07\/Plastic-Box-Build.png\" alt=\"\" class=\"wp-image-585\" srcset=\"https:\/\/www.cenpcba.com\/wp-content\/uploads\/2022\/07\/Plastic-Box-Build.png 560w, https:\/\/www.cenpcba.com\/wp-content\/uploads\/2022\/07\/Plastic-Box-Build-300x274.png 300w\" sizes=\"(max-width: 560px) 100vw, 560px\" \/><figcaption class=\"wp-element-caption\">Kunststoffgeh\u00e4use-Montage<\/figcaption><\/figure>\n<\/div>\n\n\n\n<div class=\"wp-block-column is-layout-flow wp-block-column-is-layout-flow\">\n<figure class=\"wp-block-image size-full\"><img loading=\"lazy\" decoding=\"async\" width=\"560\" height=\"512\" src=\"http:\/\/www.cenpcba.com\/wp-content\/uploads\/2022\/07\/Metal-Box-Build.png\" alt=\"\" class=\"wp-image-586\" srcset=\"https:\/\/www.cenpcba.com\/wp-content\/uploads\/2022\/07\/Metal-Box-Build.png 560w, https:\/\/www.cenpcba.com\/wp-content\/uploads\/2022\/07\/Metal-Box-Build-300x274.png 300w\" sizes=\"(max-width: 560px) 100vw, 560px\" \/><figcaption class=\"wp-element-caption\">Metallgeh\u00e4use-Montage<\/figcaption><\/figure>\n<\/div>\n\n\n\n<div class=\"wp-block-column is-layout-flow wp-block-column-is-layout-flow\">\n<figure class=\"wp-block-image size-full\"><img loading=\"lazy\" decoding=\"async\" width=\"560\" height=\"512\" src=\"http:\/\/www.cenpcba.com\/wp-content\/uploads\/2022\/07\/Cable-Assembly.png\" alt=\"\" class=\"wp-image-587\" srcset=\"https:\/\/www.cenpcba.com\/wp-content\/uploads\/2022\/07\/Cable-Assembly.png 560w, https:\/\/www.cenpcba.com\/wp-content\/uploads\/2022\/07\/Cable-Assembly-300x274.png 300w\" sizes=\"(max-width: 560px) 100vw, 560px\" \/><figcaption class=\"wp-element-caption\">Kabelmontage<\/figcaption><\/figure>\n<\/div>\n<\/div>\n\n\n\n<div style=\"height:100px\" aria-hidden=\"true\" class=\"wp-block-spacer\"><\/div>\n\n\n\n<div class=\"wp-block-group alignfull has-text-color has-background\" style=\"color:#000000;background-color:#ffffff\"><div class=\"wp-block-group__inner-container is-layout-flow wp-block-group-is-layout-flow\">\n<div style=\"height:64px\" aria-hidden=\"true\" class=\"wp-block-spacer\"><\/div>\n\n\n\n<p class=\"has-text-align-center has-small-font-size\" style=\"line-height:.9\"><strong>KONTAKTIEREN SIE UNS<\/strong><\/p>\n\n\n\n<h2 class=\"wp-block-heading has-text-align-center\" id=\"schedule-a-visit\" style=\"font-size:59px;line-height:1.15\"><strong>Besuch vereinbaren<\/strong><\/h2>\n\n\n\n<div class=\"wp-block-buttons is-horizontal is-content-justification-center is-layout-flex wp-container-core-buttons-is-layout-499968f5 wp-block-buttons-is-layout-flex\">\n<div class=\"wp-block-button has-custom-width wp-block-button__width-50\"><a class=\"wp-block-button__link has-text-color has-background wp-element-button\" href=\"http:\/\/www.cenpcba.com\/contact-us\/\" style=\"border-radius:50px;color:#ffffff;background-color:#000000\" target=\"_blank\" rel=\"noreferrer noopener\"><strong>Kontakt aufnehmen<\/strong><\/a><\/div>\n<\/div>\n\n\n\n<div style=\"height:64px\" aria-hidden=\"true\" class=\"wp-block-spacer\"><\/div>\n\n\n\n<div style=\"height:102px\" aria-hidden=\"true\" class=\"wp-block-spacer\"><\/div>\n<\/div><\/div>\n\n\n\n<p><\/p>\n","protected":false},"excerpt":{"rendered":"<p>Was ist Box Build? \u201eBox Build\u201c, auch bekannt als Systemintegration, bezeichnet die vollst\u00e4ndige Montage eines kundenspezifischen Endprodukts. Der Prozess geht \u00fcber die Herstellung von Leiterplatten (PCBs) hinaus und umfasst die elektromechanische Montage, einschlie\u00dflich der Geh\u00e4usefertigung, der Installation und Verlegung von Kabeln oder Kabelb\u00e4umen sowie der Montage von Baugruppen und Komponenten. Sowohl komplexe als auch einfache&hellip;&nbsp;<a href=\"https:\/\/www.cenpcba.com\/de\/box-build\/\" class=\"\" rel=\"bookmark\">Mehr lesen &raquo;<span class=\"screen-reader-text\">Box Build<\/span><\/a><\/p>\n","protected":false},"author":1,"featured_media":0,"parent":0,"menu_order":0,"comment_status":"closed","ping_status":"closed","template":"","meta":{"neve_meta_sidebar":"","neve_meta_container":"","neve_meta_enable_content_width":"","neve_meta_content_width":0,"neve_meta_title_alignment":"","neve_meta_author_avatar":"","neve_post_elements_order":"","neve_meta_disable_header":"","neve_meta_disable_footer":"","neve_meta_disable_title":"on","neve_meta_reading_time":"","_joinchat":[],"footnotes":""},"class_list":["post-2459","page","type-page","status-publish","hentry"],"yoast_head":"<!-- This site is optimized with the Yoast SEO Premium plugin v23.2 (Yoast SEO v25.8) - https:\/\/yoast.com\/wordpress\/plugins\/seo\/ -->\n<title>Box Build | Contract Electronic Manufacturing Service | PCB, PCBA China<\/title>\n<meta name=\"description\" content=\"Box Build, auch Systemintegration genannt, ist die vollst\u00e4ndige Montage des fertigen Produkts eines Kunden. Der Prozess geht \u00fcber die Herstellung von Leiterplatten (PCBs) hinaus und erstreckt sich auf die elektromechanische Montage, die die Geh\u00e4usefertigung, die Installation und Verlegung von Kabeln oder Kabelb\u00e4umen sowie die Installation von Unterbaugruppen und Komponenten umfasst.\" \/>\n<meta name=\"robots\" content=\"index, follow, max-snippet:-1, max-image-preview:large, max-video-preview:-1\" \/>\n<link rel=\"canonical\" href=\"https:\/\/www.cenpcba.com\/de\/box-build\/\" \/>\n<meta property=\"og:locale\" content=\"de_DE\" \/>\n<meta property=\"og:type\" content=\"article\" \/>\n<meta property=\"og:title\" content=\"Box Build\" \/>\n<meta property=\"og:description\" content=\"Box Build, auch Systemintegration genannt, ist die vollst\u00e4ndige Montage des fertigen Produkts eines Kunden. Der Prozess geht \u00fcber die Herstellung von Leiterplatten (PCBs) hinaus und erstreckt sich auf die elektromechanische Montage, die die Geh\u00e4usefertigung, die Installation und Verlegung von Kabeln oder Kabelb\u00e4umen sowie die Installation von Unterbaugruppen und Komponenten umfasst.\" \/>\n<meta property=\"og:url\" content=\"https:\/\/www.cenpcba.com\/de\/box-build\/\" \/>\n<meta property=\"og:site_name\" content=\"Contract Manufacturing\" \/>\n<meta property=\"article:publisher\" content=\"https:\/\/www.facebook.com\/cenpcba\" \/>\n<meta property=\"article:modified_time\" content=\"2025-03-04T09:32:21+00:00\" \/>\n<meta property=\"og:image\" content=\"http:\/\/www.cenpcba.com\/wp-content\/uploads\/2022\/07\/20672904.jpg\" \/>\n<meta name=\"twitter:card\" content=\"summary_large_image\" \/>\n<meta name=\"twitter:label1\" content=\"Gesch\u00e4tzte Lesezeit\" \/>\n\t<meta name=\"twitter:data1\" content=\"2\u00a0Minuten\" \/>\n<script type=\"application\/ld+json\" class=\"yoast-schema-graph\">{\"@context\":\"https:\/\/schema.org\",\"@graph\":[{\"@type\":\"WebPage\",\"@id\":\"https:\/\/www.cenpcba.com\/de\/box-build\/\",\"url\":\"https:\/\/www.cenpcba.com\/de\/box-build\/\",\"name\":\"Box Build | Contract Electronic Manufacturing Service | PCB, PCBA China\",\"isPartOf\":{\"@id\":\"https:\/\/www.cenpcba.com\/de\/#website\"},\"primaryImageOfPage\":{\"@id\":\"https:\/\/www.cenpcba.com\/de\/box-build\/#primaryimage\"},\"image\":{\"@id\":\"https:\/\/www.cenpcba.com\/de\/box-build\/#primaryimage\"},\"thumbnailUrl\":\"http:\/\/www.cenpcba.com\/wp-content\/uploads\/2022\/07\/20672904.jpg\",\"datePublished\":\"2022-07-10T11:02:59+00:00\",\"dateModified\":\"2025-03-04T09:32:21+00:00\",\"description\":\"Box Build, auch Systemintegration genannt, ist die vollst\u00e4ndige Montage des fertigen Produkts eines Kunden. Der Prozess geht \u00fcber die Herstellung von Leiterplatten (PCBs) hinaus und erstreckt sich auf die elektromechanische Montage, die die Geh\u00e4usefertigung, die Installation und Verlegung von Kabeln oder Kabelb\u00e4umen sowie die Installation von Unterbaugruppen und Komponenten umfasst.\",\"breadcrumb\":{\"@id\":\"https:\/\/www.cenpcba.com\/de\/box-build\/#breadcrumb\"},\"inLanguage\":\"de\",\"potentialAction\":[{\"@type\":\"ReadAction\",\"target\":[\"https:\/\/www.cenpcba.com\/de\/box-build\/\"]}]},{\"@type\":\"ImageObject\",\"inLanguage\":\"de\",\"@id\":\"https:\/\/www.cenpcba.com\/de\/box-build\/#primaryimage\",\"url\":\"http:\/\/www.cenpcba.com\/wp-content\/uploads\/2022\/07\/20672904.jpg\",\"contentUrl\":\"http:\/\/www.cenpcba.com\/wp-content\/uploads\/2022\/07\/20672904.jpg\"},{\"@type\":\"BreadcrumbList\",\"@id\":\"https:\/\/www.cenpcba.com\/de\/box-build\/#breadcrumb\",\"itemListElement\":[{\"@type\":\"ListItem\",\"position\":1,\"name\":\"\u9996\u9875\",\"item\":\"https:\/\/www.cenpcba.com\/de\/\"},{\"@type\":\"ListItem\",\"position\":2,\"name\":\"Box Build\"}]},{\"@type\":\"WebSite\",\"@id\":\"https:\/\/www.cenpcba.com\/de\/#website\",\"url\":\"https:\/\/www.cenpcba.com\/de\/\",\"name\":\"Contact Electronic Manufacturing Service Factory in Shenzhen, China\",\"description\":\"PCB Assembly\",\"publisher\":{\"@id\":\"https:\/\/www.cenpcba.com\/de\/#organization\"},\"alternateName\":\"One stop EMS service from PCB Manufacturing, Pcb assembly, smt, dip box assembly\",\"potentialAction\":[{\"@type\":\"SearchAction\",\"target\":{\"@type\":\"EntryPoint\",\"urlTemplate\":\"https:\/\/www.cenpcba.com\/de\/?s={search_term_string}\"},\"query-input\":{\"@type\":\"PropertyValueSpecification\",\"valueRequired\":true,\"valueName\":\"search_term_string\"}}],\"inLanguage\":\"de\"},{\"@type\":\"Organization\",\"@id\":\"https:\/\/www.cenpcba.com\/de\/#organization\",\"name\":\"CEN Electronic Technology Co., Ltd\",\"alternateName\":\"CEN PCBA\",\"url\":\"https:\/\/www.cenpcba.com\/de\/\",\"logo\":{\"@type\":\"ImageObject\",\"inLanguage\":\"de\",\"@id\":\"https:\/\/www.cenpcba.com\/de\/#\/schema\/logo\/image\/\",\"url\":\"http:\/\/www.cenpcba.com\/wp-content\/uploads\/2022\/07\/CEN-Logo-L.png\",\"contentUrl\":\"http:\/\/www.cenpcba.com\/wp-content\/uploads\/2022\/07\/CEN-Logo-L.png\",\"width\":960,\"height\":856,\"caption\":\"CEN Electronic Technology Co., Ltd\"},\"image\":{\"@id\":\"https:\/\/www.cenpcba.com\/de\/#\/schema\/logo\/image\/\"},\"sameAs\":[\"https:\/\/www.facebook.com\/cenpcba\",\"https:\/\/www.linkedin.com\/company\/cenpcba\"]}]}<\/script>\n<!-- \/ Yoast SEO Premium plugin. -->","yoast_head_json":{"title":"Box Build | Contract Electronic Manufacturing Service | PCB, PCBA China","description":"Box Build, auch Systemintegration genannt, ist die vollst\u00e4ndige Montage des fertigen Produkts eines Kunden. Der Prozess geht \u00fcber die Herstellung von Leiterplatten (PCBs) hinaus und erstreckt sich auf die elektromechanische Montage, die die Geh\u00e4usefertigung, die Installation und Verlegung von Kabeln oder Kabelb\u00e4umen sowie die Installation von Unterbaugruppen und Komponenten umfasst.","robots":{"index":"index","follow":"follow","max-snippet":"max-snippet:-1","max-image-preview":"max-image-preview:large","max-video-preview":"max-video-preview:-1"},"canonical":"https:\/\/www.cenpcba.com\/de\/box-build\/","og_locale":"de_DE","og_type":"article","og_title":"Box Build","og_description":"Box Build, auch Systemintegration genannt, ist die vollst\u00e4ndige Montage des fertigen Produkts eines Kunden. Der Prozess geht \u00fcber die Herstellung von Leiterplatten (PCBs) hinaus und erstreckt sich auf die elektromechanische Montage, die die Geh\u00e4usefertigung, die Installation und Verlegung von Kabeln oder Kabelb\u00e4umen sowie die Installation von Unterbaugruppen und Komponenten umfasst.","og_url":"https:\/\/www.cenpcba.com\/de\/box-build\/","og_site_name":"Contract Manufacturing","article_publisher":"https:\/\/www.facebook.com\/cenpcba","article_modified_time":"2025-03-04T09:32:21+00:00","og_image":[{"url":"http:\/\/www.cenpcba.com\/wp-content\/uploads\/2022\/07\/20672904.jpg","type":"","width":"","height":""}],"twitter_card":"summary_large_image","twitter_misc":{"Gesch\u00e4tzte Lesezeit":"2\u00a0Minuten"},"schema":{"@context":"https:\/\/schema.org","@graph":[{"@type":"WebPage","@id":"https:\/\/www.cenpcba.com\/de\/box-build\/","url":"https:\/\/www.cenpcba.com\/de\/box-build\/","name":"Box Build | Contract Electronic Manufacturing Service | PCB, PCBA China","isPartOf":{"@id":"https:\/\/www.cenpcba.com\/de\/#website"},"primaryImageOfPage":{"@id":"https:\/\/www.cenpcba.com\/de\/box-build\/#primaryimage"},"image":{"@id":"https:\/\/www.cenpcba.com\/de\/box-build\/#primaryimage"},"thumbnailUrl":"http:\/\/www.cenpcba.com\/wp-content\/uploads\/2022\/07\/20672904.jpg","datePublished":"2022-07-10T11:02:59+00:00","dateModified":"2025-03-04T09:32:21+00:00","description":"Box Build, auch Systemintegration genannt, ist die vollst\u00e4ndige Montage des fertigen Produkts eines Kunden. Der Prozess geht \u00fcber die Herstellung von Leiterplatten (PCBs) hinaus und erstreckt sich auf die elektromechanische Montage, die die Geh\u00e4usefertigung, die Installation und Verlegung von Kabeln oder Kabelb\u00e4umen sowie die Installation von Unterbaugruppen und Komponenten umfasst.","breadcrumb":{"@id":"https:\/\/www.cenpcba.com\/de\/box-build\/#breadcrumb"},"inLanguage":"de","potentialAction":[{"@type":"ReadAction","target":["https:\/\/www.cenpcba.com\/de\/box-build\/"]}]},{"@type":"ImageObject","inLanguage":"de","@id":"https:\/\/www.cenpcba.com\/de\/box-build\/#primaryimage","url":"http:\/\/www.cenpcba.com\/wp-content\/uploads\/2022\/07\/20672904.jpg","contentUrl":"http:\/\/www.cenpcba.com\/wp-content\/uploads\/2022\/07\/20672904.jpg"},{"@type":"BreadcrumbList","@id":"https:\/\/www.cenpcba.com\/de\/box-build\/#breadcrumb","itemListElement":[{"@type":"ListItem","position":1,"name":"\u9996\u9875","item":"https:\/\/www.cenpcba.com\/de\/"},{"@type":"ListItem","position":2,"name":"Box Build"}]},{"@type":"WebSite","@id":"https:\/\/www.cenpcba.com\/de\/#website","url":"https:\/\/www.cenpcba.com\/de\/","name":"Contact Electronic Manufacturing Service Factory in Shenzhen, China","description":"PCB Assembly","publisher":{"@id":"https:\/\/www.cenpcba.com\/de\/#organization"},"alternateName":"One stop EMS service from PCB Manufacturing, Pcb assembly, smt, dip box assembly","potentialAction":[{"@type":"SearchAction","target":{"@type":"EntryPoint","urlTemplate":"https:\/\/www.cenpcba.com\/de\/?s={search_term_string}"},"query-input":{"@type":"PropertyValueSpecification","valueRequired":true,"valueName":"search_term_string"}}],"inLanguage":"de"},{"@type":"Organization","@id":"https:\/\/www.cenpcba.com\/de\/#organization","name":"CEN Electronic Technology Co., Ltd","alternateName":"CEN PCBA","url":"https:\/\/www.cenpcba.com\/de\/","logo":{"@type":"ImageObject","inLanguage":"de","@id":"https:\/\/www.cenpcba.com\/de\/#\/schema\/logo\/image\/","url":"http:\/\/www.cenpcba.com\/wp-content\/uploads\/2022\/07\/CEN-Logo-L.png","contentUrl":"http:\/\/www.cenpcba.com\/wp-content\/uploads\/2022\/07\/CEN-Logo-L.png","width":960,"height":856,"caption":"CEN Electronic Technology Co., Ltd"},"image":{"@id":"https:\/\/www.cenpcba.com\/de\/#\/schema\/logo\/image\/"},"sameAs":["https:\/\/www.facebook.com\/cenpcba","https:\/\/www.linkedin.com\/company\/cenpcba"]}]}},"_links":{"self":[{"href":"https:\/\/www.cenpcba.com\/de\/wp-json\/wp\/v2\/pages\/2459","targetHints":{"allow":["GET"]}}],"collection":[{"href":"https:\/\/www.cenpcba.com\/de\/wp-json\/wp\/v2\/pages"}],"about":[{"href":"https:\/\/www.cenpcba.com\/de\/wp-json\/wp\/v2\/types\/page"}],"author":[{"embeddable":true,"href":"https:\/\/www.cenpcba.com\/de\/wp-json\/wp\/v2\/users\/1"}],"replies":[{"embeddable":true,"href":"https:\/\/www.cenpcba.com\/de\/wp-json\/wp\/v2\/comments?post=2459"}],"version-history":[{"count":2,"href":"https:\/\/www.cenpcba.com\/de\/wp-json\/wp\/v2\/pages\/2459\/revisions"}],"predecessor-version":[{"id":2727,"href":"https:\/\/www.cenpcba.com\/de\/wp-json\/wp\/v2\/pages\/2459\/revisions\/2727"}],"wp:attachment":[{"href":"https:\/\/www.cenpcba.com\/de\/wp-json\/wp\/v2\/media?parent=2459"}],"curies":[{"name":"wp","href":"https:\/\/api.w.org\/{rel}","templated":true}]}}