{"id":2465,"date":"2020-01-27T08:05:29","date_gmt":"2020-01-27T00:05:29","guid":{"rendered":"http:\/\/www.cenpcba.com\/competencies\/"},"modified":"2025-03-04T17:52:40","modified_gmt":"2025-03-04T09:52:40","slug":"competencies","status":"publish","type":"page","link":"https:\/\/www.cenpcba.com\/de\/competencies\/","title":{"rendered":"Kompetenzen"},"content":{"rendered":"\n<div class=\"wp-block-cover alignfull\" style=\"min-height:501px;aspect-ratio:unset;\"><span aria-hidden=\"true\" class=\"wp-block-cover__background has-nv-site-bg-background-color has-background-dim-100 has-background-dim\"><\/span><div class=\"wp-block-cover__inner-container is-layout-flow wp-block-cover-is-layout-flow\">\n<div class=\"wp-block-group\"><div class=\"wp-block-group__inner-container is-layout-flow wp-block-group-is-layout-flow\"><\/div><\/div>\n\n\n\n<div class=\"wp-block-cover alignfull\" style=\"min-height:335px;aspect-ratio:unset;\"><span aria-hidden=\"true\" class=\"wp-block-cover__background has-background-dim-10 has-background-dim\"><\/span><img fetchpriority=\"high\" decoding=\"async\" width=\"1200\" height=\"400\" class=\"wp-block-cover__image-background wp-image-713\" alt=\"\" src=\"http:\/\/www.cenpcba.com\/wp-content\/uploads\/2022\/09\/SMT-Line-Header.jpg\" style=\"object-position:50% 53%\" data-object-fit=\"cover\" data-object-position=\"50% 53%\" srcset=\"https:\/\/www.cenpcba.com\/wp-content\/uploads\/2022\/09\/SMT-Line-Header.jpg 1200w, https:\/\/www.cenpcba.com\/wp-content\/uploads\/2022\/09\/SMT-Line-Header-300x100.jpg 300w, https:\/\/www.cenpcba.com\/wp-content\/uploads\/2022\/09\/SMT-Line-Header-1024x341.jpg 1024w, https:\/\/www.cenpcba.com\/wp-content\/uploads\/2022\/09\/SMT-Line-Header-768x256.jpg 768w\" sizes=\"(max-width: 1200px) 100vw, 1200px\" \/><div class=\"wp-block-cover__inner-container is-layout-flow wp-block-cover-is-layout-flow\">\n<h1 class=\"wp-block-heading has-text-align-center has-nv-site-bg-color has-text-color has-large-font-size\" id=\"h-kompetenzen\">Kompetenzen<\/h1>\n<\/div><\/div>\n<\/div><\/div>\n\n\n\n<p class=\"has-text-align-center\">CEN PCBA erf\u00fcllt Ihre Anforderungen an die Elektronikfertigung mit branchenf\u00fchrenden Engineering-F\u00e4higkeiten, Materialbeschaffung, Fertigungsdienstleistungen, Qualit\u00e4tssicherung und Zuverl\u00e4ssigkeitstests.<\/p>\n\n\n\n<div style=\"height:60px\" aria-hidden=\"true\" class=\"wp-block-spacer\"><\/div>\n\n\n\n<div class=\"wp-block-columns is-layout-flex wp-container-core-columns-is-layout-9d6595d7 wp-block-columns-is-layout-flex\">\n<div class=\"wp-block-column is-layout-flow wp-block-column-is-layout-flow\">\n<h3 class=\"wp-block-heading\" id=\"h-engineering\"><strong>Engineering<\/strong><\/h3>\n\n\n\n<p>Im Laufe der Jahre haben die Engineering-Design-Teams von CEN zahlreiche Produkte entwickelt und erfolgreich in die Fertigung eingef\u00fchrt. Unser Team unterst\u00fctzt Kunden in allen Phasen der Produktentwicklung \u2013 von der ersten Konzeptidee bis hin zur Serienfertigung. Wir bieten:<\/p>\n\n\n\n<ul class=\"wp-block-list\">\n<li>PCB-Layout &amp; elektrische Konstruktion<\/li>\n\n\n\n<li>Testlaborauswertung &amp; beh\u00f6rdliche Zulassung: UL, CE, IC, FCC, C-Tick, CSA usw.<\/li>\n\n\n\n<li>Mechanische Konstruktion, Spritzguss-Werkzeugdesign &amp; Moldflow-Analyse<\/li>\n\n\n\n<li>Entwicklung von Fertigungsprozessen<\/li>\n\n\n\n<li>Prototypenmontage<\/li>\n\n\n\n<li>DFM\/DFT-\u00dcberpr\u00fcfungen<\/li>\n\n\n\n<li>Testentwicklung, Design von Testsoftware &amp; Testvorrichtungen<\/li>\n<\/ul>\n<\/div>\n\n\n\n<div class=\"wp-block-column is-layout-flow wp-block-column-is-layout-flow\"><div class=\"wp-block-image\">\n<figure class=\"alignright size-large is-resized\"><img decoding=\"async\" width=\"1024\" height=\"788\" src=\"http:\/\/www.cenpcba.com\/wp-content\/uploads\/2022\/07\/Engineering-1024x788.png\" alt=\"\" class=\"wp-image-450\" style=\"width:610px;height:469px\" srcset=\"https:\/\/www.cenpcba.com\/wp-content\/uploads\/2022\/07\/Engineering-1024x788.png 1024w, https:\/\/www.cenpcba.com\/wp-content\/uploads\/2022\/07\/Engineering-300x231.png 300w, https:\/\/www.cenpcba.com\/wp-content\/uploads\/2022\/07\/Engineering-768x591.png 768w, https:\/\/www.cenpcba.com\/wp-content\/uploads\/2022\/07\/Engineering.png 1251w\" sizes=\"(max-width: 1024px) 100vw, 1024px\" \/><\/figure>\n<\/div><\/div>\n<\/div>\n\n\n\n<div class=\"wp-block-columns has-nv-light-bg-background-color has-background is-layout-flex wp-container-core-columns-is-layout-9d6595d7 wp-block-columns-is-layout-flex\">\n<div class=\"wp-block-column is-layout-flow wp-block-column-is-layout-flow\">\n<figure class=\"wp-block-image size-full is-resized\"><img decoding=\"async\" width=\"998\" height=\"998\" src=\"http:\/\/www.cenpcba.com\/wp-content\/uploads\/2022\/07\/components-procurment.jpg\" alt=\"\" class=\"wp-image-454\" style=\"width:524px;height:524px\" srcset=\"https:\/\/www.cenpcba.com\/wp-content\/uploads\/2022\/07\/components-procurment.jpg 998w, https:\/\/www.cenpcba.com\/wp-content\/uploads\/2022\/07\/components-procurment-300x300.jpg 300w, https:\/\/www.cenpcba.com\/wp-content\/uploads\/2022\/07\/components-procurment-150x150.jpg 150w, https:\/\/www.cenpcba.com\/wp-content\/uploads\/2022\/07\/components-procurment-768x768.jpg 768w\" sizes=\"(max-width: 998px) 100vw, 998px\" \/><\/figure>\n<\/div>\n\n\n\n<div class=\"wp-block-column is-layout-flow wp-block-column-is-layout-flow\">\n<h3 class=\"wp-block-heading\" id=\"h-komponentenbeschaffung\">Komponentenbeschaffung<\/h3>\n\n\n\n<p>CEN verf\u00fcgt \u00fcber ein erfahrenes Materialbeschaffungsteam. Anhand der St\u00fcckliste (BOM) und der genehmigten Herstellerliste (AML) unserer Kunden verwalten wir die Materialbeschaffung unter Nutzung eines ERP-Systems, um die Massenproduktion und Liefertermine optimal zu steuern.<\/p>\n\n\n\n<p>Wir halten uns strikt an die AML des Kunden und pr\u00fcfen alternative Komponenten auf Kosten- und Lieferzeiteffizienz. Diese werden stets zur Genehmigung und Erg\u00e4nzung der AML-Liste vorgelegt.<\/p>\n<\/div>\n<\/div>\n\n\n\n<div class=\"wp-block-columns is-layout-flex wp-container-core-columns-is-layout-9d6595d7 wp-block-columns-is-layout-flex\">\n<div class=\"wp-block-column is-layout-flow wp-block-column-is-layout-flow\">\n<h3 class=\"wp-block-heading\" id=\"h-pcb-bestuckung\"><strong>PCB-Best\u00fcckung<\/strong><\/h3>\n\n\n\n<p>CEN ist ein f\u00fchrender Anbieter von Turnkey-Box-Build-L\u00f6sungen f\u00fcr die Elektronikfertigung. Wir fertigen hochwertige Produkte aus PCB-, PCBA-, FPCB- und Rigid-Flex-Baugruppen und liefern weltweit. Unsere wichtigsten Fertigungskapazit\u00e4ten umfassen:<\/p>\n\n\n\n<ul class=\"wp-block-list\">\n<li>10 SMT-Linien, SMT-Fine-Pitch bis 01005<\/li>\n\n\n\n<li>RoHS- &amp; REACH-Konformit\u00e4t<\/li>\n\n\n\n<li>BGA mit Pitch bis 0,3 mm &amp; R\u00f6ntgeninspektion<\/li>\n\n\n\n<li>Computergest\u00fctztes Barcode-basiertes Pick &amp; Place-System<\/li>\n\n\n\n<li>Automatische Optische Inspektion (AOI) auf allen SMT-Linien<\/li>\n\n\n\n<li>Automatische Schutzbeschichtung &amp; Vakuumvergie\u00dfung<\/li>\n\n\n\n<li>Ultraschallschwei\u00dfen<\/li>\n\n\n\n<li>Flexible Linienkonfiguration &amp; Zellfertigung<\/li>\n<\/ul>\n<\/div>\n\n\n\n<div class=\"wp-block-column is-layout-flow wp-block-column-is-layout-flow\">\n<figure class=\"wp-block-image size-full\"><img loading=\"lazy\" decoding=\"async\" width=\"800\" height=\"800\" src=\"http:\/\/www.cenpcba.com\/wp-content\/uploads\/2022\/07\/20200731044731674.png\" alt=\"\" class=\"wp-image-465\" srcset=\"https:\/\/www.cenpcba.com\/wp-content\/uploads\/2022\/07\/20200731044731674.png 800w, https:\/\/www.cenpcba.com\/wp-content\/uploads\/2022\/07\/20200731044731674-300x300.png 300w, https:\/\/www.cenpcba.com\/wp-content\/uploads\/2022\/07\/20200731044731674-150x150.png 150w, https:\/\/www.cenpcba.com\/wp-content\/uploads\/2022\/07\/20200731044731674-768x768.png 768w\" sizes=\"(max-width: 800px) 100vw, 800px\" \/><\/figure>\n<\/div>\n<\/div>\n\n\n\n<div class=\"wp-block-columns has-nv-light-bg-background-color has-background is-layout-flex wp-container-core-columns-is-layout-9d6595d7 wp-block-columns-is-layout-flex\">\n<div class=\"wp-block-column is-layout-flow wp-block-column-is-layout-flow\">\n<figure class=\"wp-block-image size-full\"><img loading=\"lazy\" decoding=\"async\" width=\"960\" height=\"856\" src=\"http:\/\/www.cenpcba.com\/wp-content\/uploads\/2022\/07\/BOX-BUILD.png\" alt=\"\" class=\"wp-image-459\" srcset=\"https:\/\/www.cenpcba.com\/wp-content\/uploads\/2022\/07\/BOX-BUILD.png 960w, https:\/\/www.cenpcba.com\/wp-content\/uploads\/2022\/07\/BOX-BUILD-300x268.png 300w, https:\/\/www.cenpcba.com\/wp-content\/uploads\/2022\/07\/BOX-BUILD-768x685.png 768w\" sizes=\"(max-width: 960px) 100vw, 960px\" \/><\/figure>\n<\/div>\n\n\n\n<div class=\"wp-block-column is-layout-flow wp-block-column-is-layout-flow\">\n<h3 class=\"wp-block-heading\" id=\"h-box-build\">Box Build<\/h3>\n\n\n\n<p>&#8222;Box Build&#8220; oder Systemintegration bezeichnet die vollst\u00e4ndige Montage eines Endprodukts, das umfangreiche Forschung und Entwicklung durchlaufen hat. Unsere Box-Build-Dienstleistungen umfassen:<\/p>\n\n\n\n<ul class=\"wp-block-list\">\n<li>Systemmontage<\/li>\n\n\n\n<li>Produktmontage<\/li>\n\n\n\n<li>Unterbaugruppenmontage<\/li>\n\n\n\n<li>Verpackung<\/li>\n\n\n\n<li>Etikettierung<\/li>\n\n\n\n<li>Tests &amp; Softwareinstallation<\/li>\n\n\n\n<li>Produktkonfiguration<\/li>\n\n\n\n<li>Lagerhaltung<\/li>\n\n\n\n<li>Auftragsabwicklung<\/li>\n\n\n\n<li>Aftermarket-Service<\/li>\n\n\n\n<li>Reparatur<\/li>\n<\/ul>\n<\/div>\n<\/div>\n\n\n\n<div class=\"wp-block-columns is-layout-flex wp-container-core-columns-is-layout-9d6595d7 wp-block-columns-is-layout-flex\">\n<div class=\"wp-block-column is-layout-flow wp-block-column-is-layout-flow\">\n<h4 class=\"wp-block-heading\" id=\"h-testentwicklung\">Testentwicklung<\/h4>\n\n\n\n<p>CEN entwickelt und verwaltet ein breites Spektrum an Produktionstests \u2013 von passiven In-Circuit-Tests bis hin zu vollautomatisierten Endtests. Gemeinsam mit unseren Kunden stellen wir sicher, dass alle Test- und Verifikationsprozesse den festgelegten Produktspezifikationen und Anforderungen entsprechen.<\/p>\n\n\n\n<p>Unsere Testverfahren umfassen:<\/p>\n\n\n\n<ul class=\"wp-block-list\">\n<li>Passive In-Circuit-Tests<\/li>\n\n\n\n<li>Vollautomatische, manuelle Funktions- und Endabnahmetests<\/li>\n\n\n\n<li>Online- &amp; Offline-Funktionstests<\/li>\n\n\n\n<li>Audiofrequenztests<\/li>\n\n\n\n<li>RF-Funkprodukttests<\/li>\n\n\n\n<li>Faraday-K\u00e4fig-Testkammern<\/li>\n\n\n\n<li>Kundenspezifische Testprozesse mit Berichterstattung<\/li>\n<\/ul>\n<\/div>\n\n\n\n<div class=\"wp-block-column is-layout-flow wp-block-column-is-layout-flow\">\n<figure class=\"wp-block-image size-large is-resized\"><img loading=\"lazy\" decoding=\"async\" width=\"1024\" height=\"683\" src=\"http:\/\/www.cenpcba.com\/wp-content\/uploads\/2022\/07\/Test-Development-2-1024x683.jpg\" alt=\"\" class=\"wp-image-460\" style=\"width:646px;height:430px\" srcset=\"https:\/\/www.cenpcba.com\/wp-content\/uploads\/2022\/07\/Test-Development-2-1024x683.jpg 1024w, https:\/\/www.cenpcba.com\/wp-content\/uploads\/2022\/07\/Test-Development-2-300x200.jpg 300w, https:\/\/www.cenpcba.com\/wp-content\/uploads\/2022\/07\/Test-Development-2-768x512.jpg 768w, https:\/\/www.cenpcba.com\/wp-content\/uploads\/2022\/07\/Test-Development-2-1536x1024.jpg 1536w, https:\/\/www.cenpcba.com\/wp-content\/uploads\/2022\/07\/Test-Development-2-2048x1365.jpg 2048w, https:\/\/www.cenpcba.com\/wp-content\/uploads\/2022\/07\/Test-Development-2-930x620.jpg 930w\" sizes=\"(max-width: 1024px) 100vw, 1024px\" \/><\/figure>\n<\/div>\n<\/div>\n\n\n\n<div class=\"wp-block-columns has-nv-light-bg-background-color has-background is-layout-flex wp-container-core-columns-is-layout-9d6595d7 wp-block-columns-is-layout-flex\">\n<div class=\"wp-block-column is-layout-flow wp-block-column-is-layout-flow\">\n<figure class=\"wp-block-image size-large\"><img loading=\"lazy\" decoding=\"async\" width=\"1024\" height=\"681\" src=\"http:\/\/www.cenpcba.com\/wp-content\/uploads\/2022\/07\/Supplychian-Management-1-1024x681.jpg\" alt=\"\" class=\"wp-image-461\" srcset=\"https:\/\/www.cenpcba.com\/wp-content\/uploads\/2022\/07\/Supplychian-Management-1-1024x681.jpg 1024w, https:\/\/www.cenpcba.com\/wp-content\/uploads\/2022\/07\/Supplychian-Management-1-300x200.jpg 300w, https:\/\/www.cenpcba.com\/wp-content\/uploads\/2022\/07\/Supplychian-Management-1-768x511.jpg 768w, https:\/\/www.cenpcba.com\/wp-content\/uploads\/2022\/07\/Supplychian-Management-1-1536x1022.jpg 1536w, https:\/\/www.cenpcba.com\/wp-content\/uploads\/2022\/07\/Supplychian-Management-1-2048x1363.jpg 2048w\" sizes=\"(max-width: 1024px) 100vw, 1024px\" \/><\/figure>\n<\/div>\n\n\n\n<div class=\"wp-block-column is-layout-flow wp-block-column-is-layout-flow\">\n<h3 class=\"wp-block-heading\" id=\"h-supply-chain-management\"><strong>Supply Chain Management<\/strong><\/h3>\n\n\n\n<p>CEN beschafft alle ben\u00f6tigten Komponenten \u00fcber ein etabliertes Netzwerk aus zuverl\u00e4ssigen und vertrauensw\u00fcrdigen Vertriebspartnern. Dank unserer Expertise und langj\u00e4hrigen Beziehungen k\u00f6nnen wir Bauteile f\u00fcr durchschnittliche St\u00fccklisten (BOM) in k\u00fcrzester Zeit beschaffen.<\/p>\n\n\n\n<p>Unser effizientes Supply Chain Management:<\/p>\n\n\n\n<ul class=\"wp-block-list\">\n<li>Senkt Kosten und steigert den Gewinn<\/li>\n\n\n\n<li>Optimiert die Zusammenarbeit mit Kunden<\/li>\n\n\n\n<li>Erarbeitet bereits in der Angebotsphase eine ma\u00dfgeschneiderte Beschaffungsstrategie<\/li>\n\n\n\n<li>Identifiziert kontinuierlich Einsparpotenziale f\u00fcr niedrigste Gesamtbetriebskosten<\/li>\n<\/ul>\n<\/div>\n<\/div>\n\n\n\n<div style=\"height:100px\" aria-hidden=\"true\" class=\"wp-block-spacer\"><\/div>\n\n\n\n<div class=\"wp-block-cover alignfull\" style=\"min-height:300px;aspect-ratio:unset;\"><span aria-hidden=\"true\" class=\"wp-block-cover__background has-nv-dark-bg-background-color has-background-dim\"><\/span><img loading=\"lazy\" decoding=\"async\" width=\"1200\" height=\"400\" class=\"wp-block-cover__image-background wp-image-715\" alt=\"\" src=\"http:\/\/www.cenpcba.com\/wp-content\/uploads\/2022\/09\/SMT-Line-Header-1.jpg\" data-object-fit=\"cover\" srcset=\"https:\/\/www.cenpcba.com\/wp-content\/uploads\/2022\/09\/SMT-Line-Header-1.jpg 1200w, https:\/\/www.cenpcba.com\/wp-content\/uploads\/2022\/09\/SMT-Line-Header-1-300x100.jpg 300w, https:\/\/www.cenpcba.com\/wp-content\/uploads\/2022\/09\/SMT-Line-Header-1-1024x341.jpg 1024w, https:\/\/www.cenpcba.com\/wp-content\/uploads\/2022\/09\/SMT-Line-Header-1-768x256.jpg 768w\" sizes=\"(max-width: 1200px) 100vw, 1200px\" \/><div class=\"wp-block-cover__inner-container is-layout-flow wp-block-cover-is-layout-flow\">\n<div style=\"height:80px\" aria-hidden=\"true\" class=\"wp-block-spacer\"><\/div>\n\n\n<div class=\"wp-block-image is-style-rounded\">\n<figure class=\"aligncenter size-full\"><img loading=\"lazy\" decoding=\"async\" width=\"72\" height=\"72\" src=\"http:\/\/www.cenpcba.com\/wp-content\/uploads\/2022\/07\/Choose-Right.png\" alt=\"\" class=\"wp-image-531\"\/><\/figure>\n<\/div>\n\n\n<p class=\"has-text-align-center has-nv-text-dark-bg-color has-text-color\"><strong>WIR SIND F\u00dcR SIE DA<\/strong><\/p>\n\n\n\n<div class=\"wp-block-buttons is-layout-flex wp-block-buttons-is-layout-flex\">\n<div class=\"wp-block-button aligncenter\"><a class=\"wp-block-button__link has-nv-dark-bg-color has-neve-link-color-background-color has-text-color has-background wp-element-button\" href=\"http:\/\/www.cenpcba.com\/contact-us\/\" target=\"_blank\" rel=\"noreferrer noopener\"><strong>Sprechen Sie mit unseren Experten!<\/strong><\/a><\/div>\n<\/div>\n\n\n\n<div style=\"height:80px\" aria-hidden=\"true\" class=\"wp-block-spacer\"><\/div>\n<\/div><\/div>\n\n\n\n<div style=\"height:100px\" aria-hidden=\"true\" class=\"wp-block-spacer\"><\/div>\n","protected":false},"excerpt":{"rendered":"<p>CEN PCBA erf\u00fcllt Ihre Anforderungen an die Elektronikfertigung mit branchenf\u00fchrenden Engineering-F\u00e4higkeiten, Materialbeschaffung, Fertigungsdienstleistungen, Qualit\u00e4tssicherung und Zuverl\u00e4ssigkeitstests. Engineering Im Laufe der Jahre haben die Engineering-Design-Teams von CEN zahlreiche Produkte entwickelt und erfolgreich in die Fertigung eingef\u00fchrt. Unser Team unterst\u00fctzt Kunden in allen Phasen der Produktentwicklung \u2013 von der ersten Konzeptidee bis hin zur Serienfertigung. Wir bieten:&hellip;&nbsp;<a href=\"https:\/\/www.cenpcba.com\/de\/competencies\/\" class=\"\" rel=\"bookmark\">Mehr lesen &raquo;<span class=\"screen-reader-text\">Kompetenzen<\/span><\/a><\/p>\n","protected":false},"author":1,"featured_media":0,"parent":0,"menu_order":0,"comment_status":"closed","ping_status":"closed","template":"","meta":{"neve_meta_sidebar":"full-width","neve_meta_container":"","neve_meta_enable_content_width":"on","neve_meta_content_width":100,"neve_meta_title_alignment":"","neve_meta_author_avatar":"","neve_post_elements_order":"","neve_meta_disable_header":"","neve_meta_disable_footer":"","neve_meta_disable_title":"on","neve_meta_reading_time":"","_joinchat":[],"footnotes":""},"class_list":["post-2465","page","type-page","status-publish","hentry"],"yoast_head":"<!-- This site is optimized with the Yoast SEO Premium plugin v23.2 (Yoast SEO v25.8) - https:\/\/yoast.com\/wordpress\/plugins\/seo\/ -->\n<title>China PCB-Montagefabrik | PCB PCBA Box Build | CEN<\/title>\n<meta name=\"description\" content=\"CEN PCBA erf\u00fcllt Ihre Anforderungen an die Elektronikfertigung mit branchenf\u00fchrenden technischen F\u00e4higkeiten, Materialbeschaffung, Fertigungsdienstleistungen, Qualit\u00e4tssicherung und Zuverl\u00e4ssigkeitstests.\" \/>\n<meta name=\"robots\" content=\"index, follow, max-snippet:-1, max-image-preview:large, max-video-preview:-1\" \/>\n<link rel=\"canonical\" href=\"https:\/\/www.cenpcba.com\/de\/competencies\/\" \/>\n<meta property=\"og:locale\" content=\"de_DE\" \/>\n<meta property=\"og:type\" content=\"article\" \/>\n<meta property=\"og:title\" content=\"Kompetenzen\" \/>\n<meta property=\"og:description\" content=\"CEN PCBA erf\u00fcllt Ihre Anforderungen an die Elektronikfertigung mit branchenf\u00fchrenden technischen F\u00e4higkeiten, Materialbeschaffung, Fertigungsdienstleistungen, Qualit\u00e4tssicherung und Zuverl\u00e4ssigkeitstests.\" \/>\n<meta property=\"og:url\" content=\"https:\/\/www.cenpcba.com\/de\/competencies\/\" \/>\n<meta property=\"og:site_name\" content=\"Contract Manufacturing\" \/>\n<meta property=\"article:publisher\" content=\"https:\/\/www.facebook.com\/cenpcba\" \/>\n<meta property=\"article:modified_time\" content=\"2025-03-04T09:52:40+00:00\" \/>\n<meta property=\"og:image\" content=\"http:\/\/www.cenpcba.com\/wp-content\/uploads\/2022\/09\/SMT-Line-Header.jpg\" \/>\n<meta name=\"twitter:card\" content=\"summary_large_image\" \/>\n<meta name=\"twitter:label1\" content=\"Gesch\u00e4tzte Lesezeit\" \/>\n\t<meta name=\"twitter:data1\" content=\"4\u00a0Minuten\" \/>\n<script type=\"application\/ld+json\" class=\"yoast-schema-graph\">{\"@context\":\"https:\/\/schema.org\",\"@graph\":[{\"@type\":\"WebPage\",\"@id\":\"https:\/\/www.cenpcba.com\/de\/competencies\/\",\"url\":\"https:\/\/www.cenpcba.com\/de\/competencies\/\",\"name\":\"China PCB-Montagefabrik | PCB PCBA Box Build | CEN\",\"isPartOf\":{\"@id\":\"https:\/\/www.cenpcba.com\/de\/#website\"},\"primaryImageOfPage\":{\"@id\":\"https:\/\/www.cenpcba.com\/de\/competencies\/#primaryimage\"},\"image\":{\"@id\":\"https:\/\/www.cenpcba.com\/de\/competencies\/#primaryimage\"},\"thumbnailUrl\":\"http:\/\/www.cenpcba.com\/wp-content\/uploads\/2022\/09\/SMT-Line-Header.jpg\",\"datePublished\":\"2020-01-27T00:05:29+00:00\",\"dateModified\":\"2025-03-04T09:52:40+00:00\",\"description\":\"CEN PCBA erf\u00fcllt Ihre Anforderungen an die Elektronikfertigung mit branchenf\u00fchrenden technischen F\u00e4higkeiten, Materialbeschaffung, Fertigungsdienstleistungen, Qualit\u00e4tssicherung und Zuverl\u00e4ssigkeitstests.\",\"breadcrumb\":{\"@id\":\"https:\/\/www.cenpcba.com\/de\/competencies\/#breadcrumb\"},\"inLanguage\":\"de\",\"potentialAction\":[{\"@type\":\"ReadAction\",\"target\":[\"https:\/\/www.cenpcba.com\/de\/competencies\/\"]}]},{\"@type\":\"ImageObject\",\"inLanguage\":\"de\",\"@id\":\"https:\/\/www.cenpcba.com\/de\/competencies\/#primaryimage\",\"url\":\"http:\/\/www.cenpcba.com\/wp-content\/uploads\/2022\/09\/SMT-Line-Header.jpg\",\"contentUrl\":\"http:\/\/www.cenpcba.com\/wp-content\/uploads\/2022\/09\/SMT-Line-Header.jpg\"},{\"@type\":\"BreadcrumbList\",\"@id\":\"https:\/\/www.cenpcba.com\/de\/competencies\/#breadcrumb\",\"itemListElement\":[{\"@type\":\"ListItem\",\"position\":1,\"name\":\"\u9996\u9875\",\"item\":\"https:\/\/www.cenpcba.com\/de\/\"},{\"@type\":\"ListItem\",\"position\":2,\"name\":\"Kompetenzen\"}]},{\"@type\":\"WebSite\",\"@id\":\"https:\/\/www.cenpcba.com\/de\/#website\",\"url\":\"https:\/\/www.cenpcba.com\/de\/\",\"name\":\"Contact Electronic Manufacturing Service Factory in Shenzhen, China\",\"description\":\"PCB Assembly\",\"publisher\":{\"@id\":\"https:\/\/www.cenpcba.com\/de\/#organization\"},\"alternateName\":\"One stop EMS service from PCB Manufacturing, Pcb assembly, smt, dip box assembly\",\"potentialAction\":[{\"@type\":\"SearchAction\",\"target\":{\"@type\":\"EntryPoint\",\"urlTemplate\":\"https:\/\/www.cenpcba.com\/de\/?s={search_term_string}\"},\"query-input\":{\"@type\":\"PropertyValueSpecification\",\"valueRequired\":true,\"valueName\":\"search_term_string\"}}],\"inLanguage\":\"de\"},{\"@type\":\"Organization\",\"@id\":\"https:\/\/www.cenpcba.com\/de\/#organization\",\"name\":\"CEN Electronic Technology Co., Ltd\",\"alternateName\":\"CEN PCBA\",\"url\":\"https:\/\/www.cenpcba.com\/de\/\",\"logo\":{\"@type\":\"ImageObject\",\"inLanguage\":\"de\",\"@id\":\"https:\/\/www.cenpcba.com\/de\/#\/schema\/logo\/image\/\",\"url\":\"http:\/\/www.cenpcba.com\/wp-content\/uploads\/2022\/07\/CEN-Logo-L.png\",\"contentUrl\":\"http:\/\/www.cenpcba.com\/wp-content\/uploads\/2022\/07\/CEN-Logo-L.png\",\"width\":960,\"height\":856,\"caption\":\"CEN Electronic Technology Co., Ltd\"},\"image\":{\"@id\":\"https:\/\/www.cenpcba.com\/de\/#\/schema\/logo\/image\/\"},\"sameAs\":[\"https:\/\/www.facebook.com\/cenpcba\",\"https:\/\/www.linkedin.com\/company\/cenpcba\"]}]}<\/script>\n<!-- \/ Yoast SEO Premium plugin. -->","yoast_head_json":{"title":"China PCB-Montagefabrik | PCB PCBA Box Build | CEN","description":"CEN PCBA erf\u00fcllt Ihre Anforderungen an die Elektronikfertigung mit branchenf\u00fchrenden technischen F\u00e4higkeiten, Materialbeschaffung, Fertigungsdienstleistungen, Qualit\u00e4tssicherung und Zuverl\u00e4ssigkeitstests.","robots":{"index":"index","follow":"follow","max-snippet":"max-snippet:-1","max-image-preview":"max-image-preview:large","max-video-preview":"max-video-preview:-1"},"canonical":"https:\/\/www.cenpcba.com\/de\/competencies\/","og_locale":"de_DE","og_type":"article","og_title":"Kompetenzen","og_description":"CEN PCBA erf\u00fcllt Ihre Anforderungen an die Elektronikfertigung mit branchenf\u00fchrenden technischen F\u00e4higkeiten, Materialbeschaffung, Fertigungsdienstleistungen, Qualit\u00e4tssicherung und Zuverl\u00e4ssigkeitstests.","og_url":"https:\/\/www.cenpcba.com\/de\/competencies\/","og_site_name":"Contract Manufacturing","article_publisher":"https:\/\/www.facebook.com\/cenpcba","article_modified_time":"2025-03-04T09:52:40+00:00","og_image":[{"url":"http:\/\/www.cenpcba.com\/wp-content\/uploads\/2022\/09\/SMT-Line-Header.jpg","type":"","width":"","height":""}],"twitter_card":"summary_large_image","twitter_misc":{"Gesch\u00e4tzte Lesezeit":"4\u00a0Minuten"},"schema":{"@context":"https:\/\/schema.org","@graph":[{"@type":"WebPage","@id":"https:\/\/www.cenpcba.com\/de\/competencies\/","url":"https:\/\/www.cenpcba.com\/de\/competencies\/","name":"China PCB-Montagefabrik | PCB PCBA Box Build | CEN","isPartOf":{"@id":"https:\/\/www.cenpcba.com\/de\/#website"},"primaryImageOfPage":{"@id":"https:\/\/www.cenpcba.com\/de\/competencies\/#primaryimage"},"image":{"@id":"https:\/\/www.cenpcba.com\/de\/competencies\/#primaryimage"},"thumbnailUrl":"http:\/\/www.cenpcba.com\/wp-content\/uploads\/2022\/09\/SMT-Line-Header.jpg","datePublished":"2020-01-27T00:05:29+00:00","dateModified":"2025-03-04T09:52:40+00:00","description":"CEN PCBA erf\u00fcllt Ihre Anforderungen an die Elektronikfertigung mit branchenf\u00fchrenden technischen F\u00e4higkeiten, Materialbeschaffung, Fertigungsdienstleistungen, Qualit\u00e4tssicherung und Zuverl\u00e4ssigkeitstests.","breadcrumb":{"@id":"https:\/\/www.cenpcba.com\/de\/competencies\/#breadcrumb"},"inLanguage":"de","potentialAction":[{"@type":"ReadAction","target":["https:\/\/www.cenpcba.com\/de\/competencies\/"]}]},{"@type":"ImageObject","inLanguage":"de","@id":"https:\/\/www.cenpcba.com\/de\/competencies\/#primaryimage","url":"http:\/\/www.cenpcba.com\/wp-content\/uploads\/2022\/09\/SMT-Line-Header.jpg","contentUrl":"http:\/\/www.cenpcba.com\/wp-content\/uploads\/2022\/09\/SMT-Line-Header.jpg"},{"@type":"BreadcrumbList","@id":"https:\/\/www.cenpcba.com\/de\/competencies\/#breadcrumb","itemListElement":[{"@type":"ListItem","position":1,"name":"\u9996\u9875","item":"https:\/\/www.cenpcba.com\/de\/"},{"@type":"ListItem","position":2,"name":"Kompetenzen"}]},{"@type":"WebSite","@id":"https:\/\/www.cenpcba.com\/de\/#website","url":"https:\/\/www.cenpcba.com\/de\/","name":"Contact Electronic Manufacturing Service Factory in Shenzhen, China","description":"PCB Assembly","publisher":{"@id":"https:\/\/www.cenpcba.com\/de\/#organization"},"alternateName":"One stop EMS service from PCB Manufacturing, Pcb assembly, smt, dip box assembly","potentialAction":[{"@type":"SearchAction","target":{"@type":"EntryPoint","urlTemplate":"https:\/\/www.cenpcba.com\/de\/?s={search_term_string}"},"query-input":{"@type":"PropertyValueSpecification","valueRequired":true,"valueName":"search_term_string"}}],"inLanguage":"de"},{"@type":"Organization","@id":"https:\/\/www.cenpcba.com\/de\/#organization","name":"CEN Electronic Technology Co., Ltd","alternateName":"CEN PCBA","url":"https:\/\/www.cenpcba.com\/de\/","logo":{"@type":"ImageObject","inLanguage":"de","@id":"https:\/\/www.cenpcba.com\/de\/#\/schema\/logo\/image\/","url":"http:\/\/www.cenpcba.com\/wp-content\/uploads\/2022\/07\/CEN-Logo-L.png","contentUrl":"http:\/\/www.cenpcba.com\/wp-content\/uploads\/2022\/07\/CEN-Logo-L.png","width":960,"height":856,"caption":"CEN Electronic Technology Co., Ltd"},"image":{"@id":"https:\/\/www.cenpcba.com\/de\/#\/schema\/logo\/image\/"},"sameAs":["https:\/\/www.facebook.com\/cenpcba","https:\/\/www.linkedin.com\/company\/cenpcba"]}]}},"_links":{"self":[{"href":"https:\/\/www.cenpcba.com\/de\/wp-json\/wp\/v2\/pages\/2465","targetHints":{"allow":["GET"]}}],"collection":[{"href":"https:\/\/www.cenpcba.com\/de\/wp-json\/wp\/v2\/pages"}],"about":[{"href":"https:\/\/www.cenpcba.com\/de\/wp-json\/wp\/v2\/types\/page"}],"author":[{"embeddable":true,"href":"https:\/\/www.cenpcba.com\/de\/wp-json\/wp\/v2\/users\/1"}],"replies":[{"embeddable":true,"href":"https:\/\/www.cenpcba.com\/de\/wp-json\/wp\/v2\/comments?post=2465"}],"version-history":[{"count":2,"href":"https:\/\/www.cenpcba.com\/de\/wp-json\/wp\/v2\/pages\/2465\/revisions"}],"predecessor-version":[{"id":2733,"href":"https:\/\/www.cenpcba.com\/de\/wp-json\/wp\/v2\/pages\/2465\/revisions\/2733"}],"wp:attachment":[{"href":"https:\/\/www.cenpcba.com\/de\/wp-json\/wp\/v2\/media?parent=2465"}],"curies":[{"name":"wp","href":"https:\/\/api.w.org\/{rel}","templated":true}]}}