{"id":2469,"date":"2022-07-10T18:40:02","date_gmt":"2022-07-10T10:40:02","guid":{"rendered":"http:\/\/www.cenpcba.com\/components-sourcing\/"},"modified":"2025-03-04T17:11:40","modified_gmt":"2025-03-04T09:11:40","slug":"components-sourcing","status":"publish","type":"page","link":"https:\/\/www.cenpcba.com\/de\/components-sourcing\/","title":{"rendered":"Beschaffung von Bauteilen"},"content":{"rendered":"\n<div class=\"wp-block-cover alignfull is-light\" style=\"min-height:303px;aspect-ratio:unset;\"><span aria-hidden=\"true\" class=\"wp-block-cover__background has-background-dim-30 has-background-dim\"><\/span><img fetchpriority=\"high\" decoding=\"async\" width=\"640\" height=\"640\" class=\"wp-block-cover__image-background wp-image-574\" alt=\"\" src=\"http:\/\/www.cenpcba.com\/wp-content\/uploads\/2022\/07\/IC.jpg\" style=\"object-position:56% 64%\" data-object-fit=\"cover\" data-object-position=\"56% 64%\" srcset=\"https:\/\/www.cenpcba.com\/wp-content\/uploads\/2022\/07\/IC.jpg 640w, https:\/\/www.cenpcba.com\/wp-content\/uploads\/2022\/07\/IC-300x300.jpg 300w, https:\/\/www.cenpcba.com\/wp-content\/uploads\/2022\/07\/IC-150x150.jpg 150w\" sizes=\"(max-width: 640px) 100vw, 640px\" \/><div class=\"wp-block-cover__inner-container is-layout-flow wp-block-cover-is-layout-flow\">\n<h1 class=\"wp-block-heading has-text-align-center has-nv-site-bg-color has-text-color has-large-font-size\" id=\"h-beschaffung-von-bauteilen\">Beschaffung von Bauteilen<\/h1>\n<\/div><\/div>\n\n\n\n<div style=\"height:117px\" aria-hidden=\"true\" class=\"wp-block-spacer\"><\/div>\n\n\n\n<div class=\"wp-block-columns is-layout-flex wp-container-core-columns-is-layout-9d6595d7 wp-block-columns-is-layout-flex\">\n<div class=\"wp-block-column is-layout-flow wp-block-column-is-layout-flow\">\n<figure class=\"wp-block-image size-full is-resized\"><img decoding=\"async\" width=\"960\" height=\"856\" src=\"http:\/\/www.cenpcba.com\/wp-content\/uploads\/2022\/07\/component-sourcing.jpg\" alt=\"\" class=\"wp-image-368\" style=\"width:385px;height:343px\" srcset=\"https:\/\/www.cenpcba.com\/wp-content\/uploads\/2022\/07\/component-sourcing.jpg 960w, https:\/\/www.cenpcba.com\/wp-content\/uploads\/2022\/07\/component-sourcing-300x268.jpg 300w, https:\/\/www.cenpcba.com\/wp-content\/uploads\/2022\/07\/component-sourcing-768x685.jpg 768w\" sizes=\"(max-width: 960px) 100vw, 960px\" \/><\/figure>\n<\/div>\n\n\n\n<div class=\"wp-block-column is-layout-flow wp-block-column-is-layout-flow\">\n<h2 class=\"wp-block-heading has-medium-font-size\" id=\"h-komponentenbeschaffung\">Komponentenbeschaffung<\/h2>\n\n\n\n<p class=\"has-small-font-size\">CEN bietet einen umfassenden OEM\/ODM-Fertigungsservice f\u00fcr Kunden weltweit. Unsere jahrelange Erfahrung in der Leiterplattenbest\u00fcckung erm\u00f6glicht es uns, starke Partnerschaften mit autorisierten Bauteilh\u00e4ndlern aufzubauen. Dadurch k\u00f6nnen wir Ihre ben\u00f6tigten Komponenten zu g\u00fcnstigen Preisen beschaffen.<\/p>\n\n\n\n<p>Um die Langlebigkeit, Qualit\u00e4t und Leistung der Komponenten zu gew\u00e4hrleisten und Ihren Leiterplatten die bestm\u00f6glichen Funktionen zu verleihen, beziehen wir Bauteile ausschlie\u00dflich von autorisierten Lieferanten.<\/p>\n\n\n\n<p class=\"has-small-font-size\">Falls Ihr Projekt ein sehr begrenztes Budget hat und Sie auf selbst ausgew\u00e4hlte Lieferanten zur\u00fcckgreifen m\u00f6chten, die g\u00fcnstigere Preise als autorisierte Distributoren bieten, kaufen wir auf Wunsch bei Ihren empfohlenen Lieferanten ein, um Ihre Produktionskosten zu senken. Bitte beachten Sie jedoch, dass wir in diesem Fall keine Garantie f\u00fcr die Qualit\u00e4t und Leistung der Komponenten \u00fcbernehmen k\u00f6nnen.<\/p>\n<\/div>\n<\/div>\n\n\n\n<div style=\"height:100px\" aria-hidden=\"true\" class=\"wp-block-spacer\"><\/div>\n\n\n\n<div class=\"wp-block-columns is-layout-flex wp-container-core-columns-is-layout-9d6595d7 wp-block-columns-is-layout-flex\">\n<div class=\"wp-block-column is-layout-flow wp-block-column-is-layout-flow\">\n<h2 class=\"wp-block-heading has-medium-font-size\" id=\"h-cen-ihre-vorteile-in-der-komponentenbeschaffung\">CEN \u2013 Ihre Vorteile in der Komponentenbeschaffung:<\/h2>\n\n\n\n<ul class=\"wp-block-list has-small-font-size\">\n<li>\u2705 Hervorragender Kundenservice<\/li>\n\n\n\n<li>\u2705 Autorisierte Bauteillieferanten<\/li>\n\n\n\n<li>\u2705 Kosteneffiziente L\u00f6sungen<\/li>\n\n\n\n<li>\u2705 Kurze Beschaffungszeiten<\/li>\n\n\n\n<li>\u2705 Vollst\u00e4ndige R\u00fcckverfolgbarkeit &amp; Obsoleszenzmanagement<\/li>\n\n\n\n<li>\u2705 Individuelle L\u00f6sungen f\u00fcr die Komponentenbeschaffung<\/li>\n<\/ul>\n<\/div>\n\n\n\n<div class=\"wp-block-column is-layout-flow wp-block-column-is-layout-flow\">\n<figure class=\"wp-block-image size-full is-resized\"><img decoding=\"async\" width=\"1000\" height=\"674\" src=\"http:\/\/www.cenpcba.com\/wp-content\/uploads\/2022\/07\/20210616151945.jpg\" alt=\"\" class=\"wp-image-577\" style=\"width:433px;height:291px\" srcset=\"https:\/\/www.cenpcba.com\/wp-content\/uploads\/2022\/07\/20210616151945.jpg 1000w, https:\/\/www.cenpcba.com\/wp-content\/uploads\/2022\/07\/20210616151945-300x202.jpg 300w, https:\/\/www.cenpcba.com\/wp-content\/uploads\/2022\/07\/20210616151945-768x518.jpg 768w\" sizes=\"(max-width: 1000px) 100vw, 1000px\" \/><\/figure>\n<\/div>\n<\/div>\n\n\n\n<div style=\"height:100px\" aria-hidden=\"true\" class=\"wp-block-spacer\"><\/div>\n\n\n\n<div class=\"wp-block-cover alignfull\" style=\"min-height:300px;aspect-ratio:unset;\"><span aria-hidden=\"true\" class=\"wp-block-cover__background has-nv-dark-bg-background-color has-background-dim-100 has-background-dim\"><\/span><div class=\"wp-block-cover__inner-container is-layout-flow wp-block-cover-is-layout-flow\">\n<div style=\"height:80px\" aria-hidden=\"true\" class=\"wp-block-spacer\"><\/div>\n\n\n<div class=\"wp-block-image is-style-rounded\">\n<figure class=\"aligncenter size-full\"><img loading=\"lazy\" decoding=\"async\" width=\"72\" height=\"72\" src=\"http:\/\/www.cenpcba.com\/wp-content\/uploads\/2022\/07\/Choose-Right.png\" alt=\"\" class=\"wp-image-531\"\/><\/figure>\n<\/div>\n\n\n<p class=\"has-text-align-center has-nv-text-dark-bg-color has-text-color\"><strong>WIR SIND F\u00dcR SIE DA<\/strong><\/p>\n\n\n\n<div class=\"wp-block-buttons is-layout-flex wp-block-buttons-is-layout-flex\">\n<div class=\"wp-block-button aligncenter\"><a class=\"wp-block-button__link has-nv-dark-bg-color has-neve-link-color-background-color has-text-color has-background wp-element-button\" href=\"http:\/\/www.cenpcba.com\/contact-us\/\" target=\"_blank\" rel=\"noreferrer noopener\">Sprechen Sie mit unserem Experten<\/a><\/div>\n<\/div>\n\n\n\n<div style=\"height:80px\" aria-hidden=\"true\" class=\"wp-block-spacer\"><\/div>\n<\/div><\/div>\n","protected":false},"excerpt":{"rendered":"<p>Komponentenbeschaffung CEN bietet einen umfassenden OEM\/ODM-Fertigungsservice f\u00fcr Kunden weltweit. Unsere jahrelange Erfahrung in der Leiterplattenbest\u00fcckung erm\u00f6glicht es uns, starke Partnerschaften mit autorisierten Bauteilh\u00e4ndlern aufzubauen. Dadurch k\u00f6nnen wir Ihre ben\u00f6tigten Komponenten zu g\u00fcnstigen Preisen beschaffen. Um die Langlebigkeit, Qualit\u00e4t und Leistung der Komponenten zu gew\u00e4hrleisten und Ihren Leiterplatten die bestm\u00f6glichen Funktionen zu verleihen, beziehen wir Bauteile&hellip;&nbsp;<a href=\"https:\/\/www.cenpcba.com\/de\/components-sourcing\/\" class=\"\" rel=\"bookmark\">Mehr lesen &raquo;<span class=\"screen-reader-text\">Beschaffung von Bauteilen<\/span><\/a><\/p>\n","protected":false},"author":1,"featured_media":0,"parent":0,"menu_order":0,"comment_status":"closed","ping_status":"closed","template":"","meta":{"neve_meta_sidebar":"","neve_meta_container":"","neve_meta_enable_content_width":"","neve_meta_content_width":0,"neve_meta_title_alignment":"","neve_meta_author_avatar":"","neve_post_elements_order":"","neve_meta_disable_header":"","neve_meta_disable_footer":"","neve_meta_disable_title":"on","neve_meta_reading_time":"","_joinchat":[],"footnotes":""},"class_list":["post-2469","page","type-page","status-publish","hentry"],"yoast_head":"<!-- This site is optimized with the Yoast SEO Premium plugin v23.2 (Yoast SEO v25.8) - https:\/\/yoast.com\/wordpress\/plugins\/seo\/ -->\n<title>Beschaffung von CEN-Komponenten | IC-Widerst\u00e4nde, Kondensatoren, Diodenkristalle, China<\/title>\n<meta name=\"description\" content=\"Beschaffung von CEN-Komponenten, IC-Widerst\u00e4nden, Kondensatoren, Diodenkristallen, Anschl\u00fcssen, Anschl\u00fcssen, Beschaffung in China, St\u00fccklistenkosten, PCB-Herstellung\" \/>\n<meta name=\"robots\" content=\"index, follow, max-snippet:-1, max-image-preview:large, max-video-preview:-1\" \/>\n<link rel=\"canonical\" href=\"https:\/\/www.cenpcba.com\/de\/components-sourcing\/\" \/>\n<meta property=\"og:locale\" content=\"de_DE\" \/>\n<meta property=\"og:type\" content=\"article\" \/>\n<meta property=\"og:title\" content=\"Beschaffung von Bauteilen\" \/>\n<meta property=\"og:description\" content=\"Beschaffung von CEN-Komponenten, IC-Widerst\u00e4nden, Kondensatoren, Diodenkristallen, Anschl\u00fcssen, Anschl\u00fcssen, Beschaffung in China, St\u00fccklistenkosten, PCB-Herstellung\" \/>\n<meta property=\"og:url\" content=\"https:\/\/www.cenpcba.com\/de\/components-sourcing\/\" \/>\n<meta property=\"og:site_name\" content=\"Contract Manufacturing\" \/>\n<meta property=\"article:publisher\" content=\"https:\/\/www.facebook.com\/cenpcba\" \/>\n<meta property=\"article:modified_time\" content=\"2025-03-04T09:11:40+00:00\" \/>\n<meta property=\"og:image\" content=\"http:\/\/www.cenpcba.com\/wp-content\/uploads\/2022\/07\/IC.jpg\" \/>\n<meta name=\"twitter:card\" content=\"summary_large_image\" \/>\n<meta name=\"twitter:label1\" content=\"Gesch\u00e4tzte Lesezeit\" \/>\n\t<meta name=\"twitter:data1\" content=\"2\u00a0Minuten\" \/>\n<script type=\"application\/ld+json\" class=\"yoast-schema-graph\">{\"@context\":\"https:\/\/schema.org\",\"@graph\":[{\"@type\":\"WebPage\",\"@id\":\"https:\/\/www.cenpcba.com\/de\/components-sourcing\/\",\"url\":\"https:\/\/www.cenpcba.com\/de\/components-sourcing\/\",\"name\":\"Beschaffung von CEN-Komponenten | IC-Widerst\u00e4nde, Kondensatoren, Diodenkristalle, China\",\"isPartOf\":{\"@id\":\"https:\/\/www.cenpcba.com\/de\/#website\"},\"primaryImageOfPage\":{\"@id\":\"https:\/\/www.cenpcba.com\/de\/components-sourcing\/#primaryimage\"},\"image\":{\"@id\":\"https:\/\/www.cenpcba.com\/de\/components-sourcing\/#primaryimage\"},\"thumbnailUrl\":\"http:\/\/www.cenpcba.com\/wp-content\/uploads\/2022\/07\/IC.jpg\",\"datePublished\":\"2022-07-10T10:40:02+00:00\",\"dateModified\":\"2025-03-04T09:11:40+00:00\",\"description\":\"Beschaffung von CEN-Komponenten, IC-Widerst\u00e4nden, Kondensatoren, Diodenkristallen, Anschl\u00fcssen, Anschl\u00fcssen, Beschaffung in China, St\u00fccklistenkosten, PCB-Herstellung\",\"breadcrumb\":{\"@id\":\"https:\/\/www.cenpcba.com\/de\/components-sourcing\/#breadcrumb\"},\"inLanguage\":\"de\",\"potentialAction\":[{\"@type\":\"ReadAction\",\"target\":[\"https:\/\/www.cenpcba.com\/de\/components-sourcing\/\"]}]},{\"@type\":\"ImageObject\",\"inLanguage\":\"de\",\"@id\":\"https:\/\/www.cenpcba.com\/de\/components-sourcing\/#primaryimage\",\"url\":\"http:\/\/www.cenpcba.com\/wp-content\/uploads\/2022\/07\/IC.jpg\",\"contentUrl\":\"http:\/\/www.cenpcba.com\/wp-content\/uploads\/2022\/07\/IC.jpg\"},{\"@type\":\"BreadcrumbList\",\"@id\":\"https:\/\/www.cenpcba.com\/de\/components-sourcing\/#breadcrumb\",\"itemListElement\":[{\"@type\":\"ListItem\",\"position\":1,\"name\":\"\u9996\u9875\",\"item\":\"https:\/\/www.cenpcba.com\/de\/\"},{\"@type\":\"ListItem\",\"position\":2,\"name\":\"Beschaffung von Bauteilen\"}]},{\"@type\":\"WebSite\",\"@id\":\"https:\/\/www.cenpcba.com\/de\/#website\",\"url\":\"https:\/\/www.cenpcba.com\/de\/\",\"name\":\"Contact Electronic Manufacturing Service Factory in Shenzhen, China\",\"description\":\"PCB Assembly\",\"publisher\":{\"@id\":\"https:\/\/www.cenpcba.com\/de\/#organization\"},\"alternateName\":\"One stop EMS service from PCB Manufacturing, Pcb assembly, smt, dip box assembly\",\"potentialAction\":[{\"@type\":\"SearchAction\",\"target\":{\"@type\":\"EntryPoint\",\"urlTemplate\":\"https:\/\/www.cenpcba.com\/de\/?s={search_term_string}\"},\"query-input\":{\"@type\":\"PropertyValueSpecification\",\"valueRequired\":true,\"valueName\":\"search_term_string\"}}],\"inLanguage\":\"de\"},{\"@type\":\"Organization\",\"@id\":\"https:\/\/www.cenpcba.com\/de\/#organization\",\"name\":\"CEN Electronic Technology Co., Ltd\",\"alternateName\":\"CEN PCBA\",\"url\":\"https:\/\/www.cenpcba.com\/de\/\",\"logo\":{\"@type\":\"ImageObject\",\"inLanguage\":\"de\",\"@id\":\"https:\/\/www.cenpcba.com\/de\/#\/schema\/logo\/image\/\",\"url\":\"http:\/\/www.cenpcba.com\/wp-content\/uploads\/2022\/07\/CEN-Logo-L.png\",\"contentUrl\":\"http:\/\/www.cenpcba.com\/wp-content\/uploads\/2022\/07\/CEN-Logo-L.png\",\"width\":960,\"height\":856,\"caption\":\"CEN Electronic Technology Co., Ltd\"},\"image\":{\"@id\":\"https:\/\/www.cenpcba.com\/de\/#\/schema\/logo\/image\/\"},\"sameAs\":[\"https:\/\/www.facebook.com\/cenpcba\",\"https:\/\/www.linkedin.com\/company\/cenpcba\"]}]}<\/script>\n<!-- \/ Yoast SEO Premium plugin. -->","yoast_head_json":{"title":"Beschaffung von CEN-Komponenten | IC-Widerst\u00e4nde, Kondensatoren, Diodenkristalle, China","description":"Beschaffung von CEN-Komponenten, IC-Widerst\u00e4nden, Kondensatoren, Diodenkristallen, Anschl\u00fcssen, Anschl\u00fcssen, Beschaffung in China, St\u00fccklistenkosten, PCB-Herstellung","robots":{"index":"index","follow":"follow","max-snippet":"max-snippet:-1","max-image-preview":"max-image-preview:large","max-video-preview":"max-video-preview:-1"},"canonical":"https:\/\/www.cenpcba.com\/de\/components-sourcing\/","og_locale":"de_DE","og_type":"article","og_title":"Beschaffung von Bauteilen","og_description":"Beschaffung von CEN-Komponenten, IC-Widerst\u00e4nden, Kondensatoren, Diodenkristallen, Anschl\u00fcssen, Anschl\u00fcssen, Beschaffung in China, St\u00fccklistenkosten, PCB-Herstellung","og_url":"https:\/\/www.cenpcba.com\/de\/components-sourcing\/","og_site_name":"Contract Manufacturing","article_publisher":"https:\/\/www.facebook.com\/cenpcba","article_modified_time":"2025-03-04T09:11:40+00:00","og_image":[{"url":"http:\/\/www.cenpcba.com\/wp-content\/uploads\/2022\/07\/IC.jpg","type":"","width":"","height":""}],"twitter_card":"summary_large_image","twitter_misc":{"Gesch\u00e4tzte Lesezeit":"2\u00a0Minuten"},"schema":{"@context":"https:\/\/schema.org","@graph":[{"@type":"WebPage","@id":"https:\/\/www.cenpcba.com\/de\/components-sourcing\/","url":"https:\/\/www.cenpcba.com\/de\/components-sourcing\/","name":"Beschaffung von CEN-Komponenten | IC-Widerst\u00e4nde, Kondensatoren, Diodenkristalle, China","isPartOf":{"@id":"https:\/\/www.cenpcba.com\/de\/#website"},"primaryImageOfPage":{"@id":"https:\/\/www.cenpcba.com\/de\/components-sourcing\/#primaryimage"},"image":{"@id":"https:\/\/www.cenpcba.com\/de\/components-sourcing\/#primaryimage"},"thumbnailUrl":"http:\/\/www.cenpcba.com\/wp-content\/uploads\/2022\/07\/IC.jpg","datePublished":"2022-07-10T10:40:02+00:00","dateModified":"2025-03-04T09:11:40+00:00","description":"Beschaffung von CEN-Komponenten, IC-Widerst\u00e4nden, Kondensatoren, Diodenkristallen, Anschl\u00fcssen, Anschl\u00fcssen, Beschaffung in China, St\u00fccklistenkosten, PCB-Herstellung","breadcrumb":{"@id":"https:\/\/www.cenpcba.com\/de\/components-sourcing\/#breadcrumb"},"inLanguage":"de","potentialAction":[{"@type":"ReadAction","target":["https:\/\/www.cenpcba.com\/de\/components-sourcing\/"]}]},{"@type":"ImageObject","inLanguage":"de","@id":"https:\/\/www.cenpcba.com\/de\/components-sourcing\/#primaryimage","url":"http:\/\/www.cenpcba.com\/wp-content\/uploads\/2022\/07\/IC.jpg","contentUrl":"http:\/\/www.cenpcba.com\/wp-content\/uploads\/2022\/07\/IC.jpg"},{"@type":"BreadcrumbList","@id":"https:\/\/www.cenpcba.com\/de\/components-sourcing\/#breadcrumb","itemListElement":[{"@type":"ListItem","position":1,"name":"\u9996\u9875","item":"https:\/\/www.cenpcba.com\/de\/"},{"@type":"ListItem","position":2,"name":"Beschaffung von Bauteilen"}]},{"@type":"WebSite","@id":"https:\/\/www.cenpcba.com\/de\/#website","url":"https:\/\/www.cenpcba.com\/de\/","name":"Contact Electronic Manufacturing Service Factory in Shenzhen, China","description":"PCB Assembly","publisher":{"@id":"https:\/\/www.cenpcba.com\/de\/#organization"},"alternateName":"One stop EMS service from PCB Manufacturing, Pcb assembly, smt, dip box assembly","potentialAction":[{"@type":"SearchAction","target":{"@type":"EntryPoint","urlTemplate":"https:\/\/www.cenpcba.com\/de\/?s={search_term_string}"},"query-input":{"@type":"PropertyValueSpecification","valueRequired":true,"valueName":"search_term_string"}}],"inLanguage":"de"},{"@type":"Organization","@id":"https:\/\/www.cenpcba.com\/de\/#organization","name":"CEN Electronic Technology Co., Ltd","alternateName":"CEN PCBA","url":"https:\/\/www.cenpcba.com\/de\/","logo":{"@type":"ImageObject","inLanguage":"de","@id":"https:\/\/www.cenpcba.com\/de\/#\/schema\/logo\/image\/","url":"http:\/\/www.cenpcba.com\/wp-content\/uploads\/2022\/07\/CEN-Logo-L.png","contentUrl":"http:\/\/www.cenpcba.com\/wp-content\/uploads\/2022\/07\/CEN-Logo-L.png","width":960,"height":856,"caption":"CEN Electronic Technology Co., Ltd"},"image":{"@id":"https:\/\/www.cenpcba.com\/de\/#\/schema\/logo\/image\/"},"sameAs":["https:\/\/www.facebook.com\/cenpcba","https:\/\/www.linkedin.com\/company\/cenpcba"]}]}},"_links":{"self":[{"href":"https:\/\/www.cenpcba.com\/de\/wp-json\/wp\/v2\/pages\/2469","targetHints":{"allow":["GET"]}}],"collection":[{"href":"https:\/\/www.cenpcba.com\/de\/wp-json\/wp\/v2\/pages"}],"about":[{"href":"https:\/\/www.cenpcba.com\/de\/wp-json\/wp\/v2\/types\/page"}],"author":[{"embeddable":true,"href":"https:\/\/www.cenpcba.com\/de\/wp-json\/wp\/v2\/users\/1"}],"replies":[{"embeddable":true,"href":"https:\/\/www.cenpcba.com\/de\/wp-json\/wp\/v2\/comments?post=2469"}],"version-history":[{"count":2,"href":"https:\/\/www.cenpcba.com\/de\/wp-json\/wp\/v2\/pages\/2469\/revisions"}],"predecessor-version":[{"id":2723,"href":"https:\/\/www.cenpcba.com\/de\/wp-json\/wp\/v2\/pages\/2469\/revisions\/2723"}],"wp:attachment":[{"href":"https:\/\/www.cenpcba.com\/de\/wp-json\/wp\/v2\/media?parent=2469"}],"curies":[{"name":"wp","href":"https:\/\/api.w.org\/{rel}","templated":true}]}}