{"id":2479,"date":"2022-07-10T19:44:12","date_gmt":"2022-07-10T11:44:12","guid":{"rendered":"http:\/\/www.cenpcba.com\/engineeing\/"},"modified":"2025-03-04T17:45:49","modified_gmt":"2025-03-04T09:45:49","slug":"engineeing","status":"publish","type":"page","link":"https:\/\/www.cenpcba.com\/de\/engineeing\/","title":{"rendered":"Engineering"},"content":{"rendered":"\n<div class=\"wp-block-cover alignfull\" style=\"min-height:434px;aspect-ratio:unset;\"><span aria-hidden=\"true\" class=\"wp-block-cover__background has-background-dim\" style=\"background-color:#606a68\"><\/span><img fetchpriority=\"high\" decoding=\"async\" width=\"889\" height=\"500\" class=\"wp-block-cover__image-background wp-image-1122\" alt=\"PCB Design\" src=\"http:\/\/www.cenpcba.com\/wp-content\/uploads\/2024\/04\/PCB-Design-2.webp.jpg\" style=\"object-position:44% 72%\" data-object-fit=\"cover\" data-object-position=\"44% 72%\" srcset=\"https:\/\/www.cenpcba.com\/wp-content\/uploads\/2024\/04\/PCB-Design-2.webp.jpg 889w, https:\/\/www.cenpcba.com\/wp-content\/uploads\/2024\/04\/PCB-Design-2.webp-300x169.jpg 300w, https:\/\/www.cenpcba.com\/wp-content\/uploads\/2024\/04\/PCB-Design-2.webp-768x432.jpg 768w\" sizes=\"(max-width: 889px) 100vw, 889px\" \/><div class=\"wp-block-cover__inner-container is-layout-flow wp-block-cover-is-layout-flow\">\n<h1 class=\"wp-block-heading has-text-align-center has-large-font-size\" id=\"h-engineeing\">Engineeing<\/h1>\n<\/div><\/div>\n\n\n\n<div style=\"height:47px\" aria-hidden=\"true\" class=\"wp-block-spacer\"><\/div>\n\n\n\n<div class=\"wp-block-columns is-layout-flex wp-container-core-columns-is-layout-9d6595d7 wp-block-columns-is-layout-flex\">\n<div class=\"wp-block-column is-layout-flow wp-block-column-is-layout-flow\">\n<figure class=\"wp-block-image size-full\"><img decoding=\"async\" width=\"2560\" height=\"1707\" src=\"http:\/\/www.cenpcba.com\/wp-content\/uploads\/2024\/04\/PCB-Assembly-scaled.jpeg\" alt=\"\" class=\"wp-image-1120\" srcset=\"https:\/\/www.cenpcba.com\/wp-content\/uploads\/2024\/04\/PCB-Assembly-scaled.jpeg 2560w, https:\/\/www.cenpcba.com\/wp-content\/uploads\/2024\/04\/PCB-Assembly-300x200.jpeg 300w, https:\/\/www.cenpcba.com\/wp-content\/uploads\/2024\/04\/PCB-Assembly-1024x683.jpeg 1024w, https:\/\/www.cenpcba.com\/wp-content\/uploads\/2024\/04\/PCB-Assembly-768x512.jpeg 768w, https:\/\/www.cenpcba.com\/wp-content\/uploads\/2024\/04\/PCB-Assembly-1536x1024.jpeg 1536w, https:\/\/www.cenpcba.com\/wp-content\/uploads\/2024\/04\/PCB-Assembly-2048x1365.jpeg 2048w, https:\/\/www.cenpcba.com\/wp-content\/uploads\/2024\/04\/PCB-Assembly-930x620.jpeg 930w\" sizes=\"(max-width: 2560px) 100vw, 2560px\" \/><\/figure>\n<\/div>\n\n\n\n<div class=\"wp-block-column is-layout-flow wp-block-column-is-layout-flow\">\n<h2 class=\"wp-block-heading has-large-font-size\" id=\"h-pcba-engineering-dienstleistungen\">PCBA-Engineering-Dienstleistungen<\/h2>\n\n\n\n<p>Bei CEN Electronic Technology bieten wir eine breite Palette an Ingenieurdienstleistungen zur Unterst\u00fctzung Ihrer Produktentwicklung. Unser erfahrenes Team von Ingenieuren arbeitet eng mit Ihnen zusammen, um Ihre Projektanforderungen zu verstehen und ma\u00dfgeschneiderte L\u00f6sungen zu entwickeln, die Ihren individuellen Bed\u00fcrfnissen entsprechen.<\/p>\n\n\n\n<p>Von der Konzeptentwicklung \u00fcber das Design bis hin zur Prototypenerstellung sind unsere Ingenieure in der Lage, alle Phasen des Produktentwicklungsprozesses zu begleiten. Zudem bieten wir Value Engineering und Kostenanalysen an, um sicherzustellen, dass Ihr Projekt sowohl effizient als auch kosteng\u00fcnstig ist.<\/p>\n\n\n\n<p>Dar\u00fcber hinaus bieten wir Design-for-Manufacturability-(DFM)-Dienstleistungen an, um Ihr Produkt optimal f\u00fcr die Fertigung vorzubereiten. Unsere Ingenieure identifizieren potenzielle Herstellungsprobleme bereits fr\u00fch im Designprozess, wodurch Verz\u00f6gerungen und Kosten\u00fcberschreitungen vermieden werden.<\/p>\n<\/div>\n<\/div>\n\n\n\n<div style=\"height:100px\" aria-hidden=\"true\" class=\"wp-block-spacer\"><\/div>\n\n\n\n<div class=\"wp-block-columns is-layout-flex wp-container-core-columns-is-layout-9d6595d7 wp-block-columns-is-layout-flex\">\n<div class=\"wp-block-column is-layout-flow wp-block-column-is-layout-flow\">\n<p><strong><strong>Unsere Engineering-Dienstleistungen im \u00dcberblick:<\/strong><\/strong><\/p>\n\n\n\n<ul class=\"wp-block-list\">\n<li>\u2714 PCB-Layout-Services<\/li>\n\n\n\n<li>\u2714 PCB-Design<\/li>\n\n\n\n<li>\u2714 Mikroprozessor-Design<\/li>\n\n\n\n<li>\u2714 Software-Entwicklung<\/li>\n\n\n\n<li>\u2714 Elektronische Produkttests<\/li>\n\n\n\n<li>\u2714 Fertigungsunterst\u00fctzung<\/li>\n<\/ul>\n<\/div>\n\n\n\n<div class=\"wp-block-column is-layout-flow wp-block-column-is-layout-flow\">\n<figure class=\"wp-block-image size-large\"><img decoding=\"async\" width=\"1024\" height=\"788\" src=\"http:\/\/www.cenpcba.com\/wp-content\/uploads\/2022\/07\/Engineering-1024x788.png\" alt=\"\" class=\"wp-image-450\" srcset=\"https:\/\/www.cenpcba.com\/wp-content\/uploads\/2022\/07\/Engineering-1024x788.png 1024w, https:\/\/www.cenpcba.com\/wp-content\/uploads\/2022\/07\/Engineering-300x231.png 300w, https:\/\/www.cenpcba.com\/wp-content\/uploads\/2022\/07\/Engineering-768x591.png 768w, https:\/\/www.cenpcba.com\/wp-content\/uploads\/2022\/07\/Engineering.png 1251w\" sizes=\"(max-width: 1024px) 100vw, 1024px\" \/><\/figure>\n<\/div>\n<\/div>\n\n\n\n<div style=\"height:83px\" aria-hidden=\"true\" class=\"wp-block-spacer\"><\/div>\n\n\n\n<p>Bei CEN Electronic Technology sind wir bestrebt, qualitativ hochwertige Ingenieurdienstleistungen zu liefern, die den Anforderungen unserer Kunden gerecht werden. Kontaktieren Sie uns noch heute, um mehr dar\u00fcber zu erfahren, wie wir Ihre Produktentwicklungsanforderungen unterst\u00fctzen k\u00f6nnen.<\/p>\n\n\n\n<div style=\"height:83px\" aria-hidden=\"true\" class=\"wp-block-spacer\"><\/div>\n\n\n\n<div class=\"wp-block-columns is-layout-flex wp-container-core-columns-is-layout-9d6595d7 wp-block-columns-is-layout-flex\">\n<div class=\"wp-block-column is-layout-flow wp-block-column-is-layout-flow\">\n<figure class=\"wp-block-image size-full\"><img loading=\"lazy\" decoding=\"async\" width=\"600\" height=\"600\" src=\"http:\/\/www.cenpcba.com\/wp-content\/uploads\/2020\/01\/neve-web-design-bg-11.jpg\" alt=\"CEN PCBA\" class=\"wp-image-38\"\/><\/figure>\n<\/div>\n\n\n\n<div class=\"wp-block-column is-layout-flow wp-block-column-is-layout-flow\">\n<h3 class=\"wp-block-heading\" id=\"h-cen-pcba-was-macht-uns-besonders\">CEN PCBA \u2013 Was macht uns besonders?<\/h3>\n\n\n\n<p>Wir sind nicht nur ein weiteres PCB-Design-Unternehmen \u2013 wir sind Ihr End-to-End-Partner f\u00fcr Entwicklung und Lieferung. Ihr Erfolg und Ihre Zufriedenheit stehen f\u00fcr uns an erster Stelle. Deshalb begleiten wir Sie in jeder Phase des Projekts, um sicherzustellen, dass Ihr Design Ihren Anforderungen entspricht und Ihre Erwartungen \u00fcbertrifft.<\/p>\n\n\n\n<p>Unser umfassendes Angebot deckt alle Bereiche Ihres Projekts ab \u2013 von der ersten Idee bis zur Lieferung. Sobald Ihr Design finalisiert ist, k\u00f6nnen Sie ein Angebot bei uns anfordern und Ihre Leiterplatten schnell erhalten.<\/p>\n\n\n\n<p>Dank unserer integrierten Fertigungs- und Montageeinrichtung ben\u00f6tigen Sie keine separaten Partner f\u00fcr verschiedene Fertigungsschritte. Dar\u00fcber hinaus unterst\u00fctzen wir Sie bei der Beschaffung und Lagerung der ben\u00f6tigten Komponenten f\u00fcr zuk\u00fcnftige Anforderungen in unserem eigenen Lager. Zudem bieten wir fortschrittliche Tests an, um sicherzustellen, dass Ihre Leiterplatten h\u00f6chsten Qualit\u00e4tsstandards entsprechen und optimale Leistung erbringen.<\/p>\n<\/div>\n<\/div>\n\n\n\n<div style=\"height:83px\" aria-hidden=\"true\" class=\"wp-block-spacer\"><\/div>\n\n\n\n<div class=\"wp-block-columns is-layout-flex wp-container-core-columns-is-layout-9d6595d7 wp-block-columns-is-layout-flex\">\n<div class=\"wp-block-column is-layout-flow wp-block-column-is-layout-flow\">\n<h3 class=\"wp-block-heading\" id=\"h-ihr-zuverlassiger-partner-fur-pcb-designs\"><strong>Ihr zuverl\u00e4ssiger Partner f\u00fcr PCB-Designs<\/strong><\/h3>\n\n\n\n<p>Wenn Sie bereits mit Ihrem Design begonnen haben und auf Herausforderungen sto\u00dfen, stehen Ihnen unsere Experten jederzeit zur Seite. Kontaktieren Sie uns einfach \u2013 wir erstellen f\u00fcr Sie ein individuelles Designangebot.<\/p>\n\n\n\n<p>Wir \u00fcbernehmen alle komplexen Aufgaben Ihres PCB-Projekts \u2013 sei es Design, Fertigung oder Montage. So sparen Sie wertvolle Zeit und k\u00f6nnen sich auf andere wichtige Aufgaben konzentrieren.<\/p>\n<\/div>\n\n\n\n<div class=\"wp-block-column is-layout-flow wp-block-column-is-layout-flow\">\n<figure class=\"wp-block-image size-large\"><img loading=\"lazy\" decoding=\"async\" width=\"1024\" height=\"717\" src=\"http:\/\/www.cenpcba.com\/wp-content\/uploads\/2024\/04\/PCB-Design-1024x717.jpeg\" alt=\"\" class=\"wp-image-1115\" srcset=\"https:\/\/www.cenpcba.com\/wp-content\/uploads\/2024\/04\/PCB-Design-1024x717.jpeg 1024w, https:\/\/www.cenpcba.com\/wp-content\/uploads\/2024\/04\/PCB-Design-300x210.jpeg 300w, https:\/\/www.cenpcba.com\/wp-content\/uploads\/2024\/04\/PCB-Design-768x538.jpeg 768w, https:\/\/www.cenpcba.com\/wp-content\/uploads\/2024\/04\/PCB-Design-1536x1075.jpeg 1536w, https:\/\/www.cenpcba.com\/wp-content\/uploads\/2024\/04\/PCB-Design-2048x1434.jpeg 2048w\" sizes=\"(max-width: 1024px) 100vw, 1024px\" \/><\/figure>\n<\/div>\n<\/div>\n\n\n\n<div style=\"height:83px\" aria-hidden=\"true\" class=\"wp-block-spacer\"><\/div>\n\n\n\n<h3 class=\"wp-block-heading\" id=\"h-warum-cen-pcba-fur-ihre-pcb-designs\"><strong>Warum CEN PCBA f\u00fcr Ihre PCB-Designs?<\/strong><\/h3>\n\n\n\n<div style=\"height:42px\" aria-hidden=\"true\" class=\"wp-block-spacer\"><\/div>\n\n\n\n<div class=\"wp-block-columns is-layout-flex wp-container-core-columns-is-layout-9d6595d7 wp-block-columns-is-layout-flex\">\n<div class=\"wp-block-column is-layout-flow wp-block-column-is-layout-flow\">\n<p>Unser Ansatz ist darauf ausgerichtet, Ihre gr\u00f6\u00dften Herausforderungen zu l\u00f6sen und Ihnen einen unvergleichlichen Mehrwert zu bieten.<\/p>\n<\/div>\n\n\n\n<div class=\"wp-block-column is-layout-flow wp-block-column-is-layout-flow\" style=\"flex-basis:5px\"><\/div>\n\n\n\n<div class=\"wp-block-column is-layout-flow wp-block-column-is-layout-flow\">\n<p>Ein engagiertes Expertenteam f\u00fcr Layout, Stack-up, Beschaffung, Fertigung, Montage und fortschrittliche Tests<\/p>\n<\/div>\n\n\n\n<div class=\"wp-block-column is-layout-flow wp-block-column-is-layout-flow\" style=\"flex-basis:5px\"><\/div>\n\n\n\n<div class=\"wp-block-column is-layout-flow wp-block-column-is-layout-flow\">\n<p>Umfassende Checklisten zur Fehlervermeidung durch erfahrene Design-Experten<\/p>\n<\/div>\n\n\n\n<div class=\"wp-block-column is-layout-flow wp-block-column-is-layout-flow\" style=\"flex-basis:5px\"><\/div>\n\n\n\n<div class=\"wp-block-column is-layout-flow wp-block-column-is-layout-flow\">\n<p>End-to-End-Fertigung in einer einzigen Einrichtung \u2013 keine Probleme mit DFA\/DFM-Inkompatibilit\u00e4ten durch verschiedene Anbieter<\/p>\n<\/div>\n<\/div>\n\n\n\n<div style=\"height:47px\" aria-hidden=\"true\" class=\"wp-block-spacer\"><\/div>\n\n\n\n<h3 class=\"wp-block-heading has-text-align-center\" id=\"h-cens-end-to-end-design-ansatz\">CENs End-to-End-Design-Ansatz<\/h3>\n\n\n\n<div style=\"height:43px\" aria-hidden=\"true\" class=\"wp-block-spacer\"><\/div>\n\n\n\n<div class=\"wp-block-columns is-layout-flex wp-container-core-columns-is-layout-9d6595d7 wp-block-columns-is-layout-flex\">\n<div class=\"wp-block-column is-layout-flow wp-block-column-is-layout-flow\" style=\"flex-basis:5%\"><\/div>\n\n\n\n<div class=\"wp-block-column is-layout-flow wp-block-column-is-layout-flow\" style=\"flex-basis:90%\">\n<figure class=\"wp-block-image size-full\"><img loading=\"lazy\" decoding=\"async\" width=\"2900\" height=\"1600\" src=\"http:\/\/www.cenpcba.com\/wp-content\/uploads\/2024\/04\/approach.png\" alt=\"approach\" class=\"wp-image-1118\" srcset=\"https:\/\/www.cenpcba.com\/wp-content\/uploads\/2024\/04\/approach.png 2900w, https:\/\/www.cenpcba.com\/wp-content\/uploads\/2024\/04\/approach-300x166.png 300w, https:\/\/www.cenpcba.com\/wp-content\/uploads\/2024\/04\/approach-1024x565.png 1024w, https:\/\/www.cenpcba.com\/wp-content\/uploads\/2024\/04\/approach-768x424.png 768w, https:\/\/www.cenpcba.com\/wp-content\/uploads\/2024\/04\/approach-1536x847.png 1536w, https:\/\/www.cenpcba.com\/wp-content\/uploads\/2024\/04\/approach-2048x1130.png 2048w\" sizes=\"(max-width: 2900px) 100vw, 2900px\" \/><\/figure>\n<\/div>\n\n\n\n<div class=\"wp-block-column is-layout-flow wp-block-column-is-layout-flow\" style=\"flex-basis:5%\"><\/div>\n<\/div>\n\n\n\n<div style=\"height:75px\" aria-hidden=\"true\" class=\"wp-block-spacer\"><\/div>\n\n\n\n<div class=\"wp-block-cover alignfull\" style=\"min-height:740px;aspect-ratio:unset;\"><span aria-hidden=\"true\" class=\"wp-block-cover__background has-nv-dark-bg-background-color has-background-dim-100 has-background-dim\"><\/span><div class=\"wp-block-cover__inner-container is-layout-flow wp-block-cover-is-layout-flow\">\n<div class=\"wp-block-group\"><div class=\"wp-block-group__inner-container is-layout-flow wp-block-group-is-layout-flow\">\n<div style=\"height:80px\" aria-hidden=\"true\" class=\"wp-block-spacer\"><\/div>\n\n\n\n<div class=\"wp-block-columns are-vertically-aligned-center is-layout-flex wp-container-core-columns-is-layout-9d6595d7 wp-block-columns-is-layout-flex\">\n<div class=\"wp-block-column is-vertically-aligned-center is-layout-flow wp-block-column-is-layout-flow\" style=\"flex-basis:50%\">\n<h2 class=\"wp-block-heading has-nv-text-dark-bg-color has-text-color\" id=\"h-entwickeln-sie-ihr-nachstes-produkt-mit-uns\">Entwickeln Sie Ihr n\u00e4chstes Produkt mit uns!<\/h2>\n\n\n\n<p class=\"has-nv-site-bg-color has-text-color has-link-color wp-elements-714e957bbb46fc5cc6402d97498df92a\">Entwickeln Sie Ihr n\u00e4chstes Produkt mit uns!<\/p>\n\n\n\n<div style=\"height:20px\" aria-hidden=\"true\" class=\"wp-block-spacer\"><\/div>\n\n\n\n<div class=\"wp-block-buttons is-layout-flex wp-block-buttons-is-layout-flex\">\n<div class=\"wp-block-button is-style-primary\"><a class=\"wp-block-button__link wp-element-button\" href=\"http:\/\/www.cenpcba.com\/de\/contact-us\/\" target=\"_blank\" rel=\"noreferrer noopener\">LASSEN SIE UNS SPRECHEN!<\/a><\/div>\n<\/div>\n\n\n\n<div style=\"height:20px\" aria-hidden=\"true\" class=\"wp-block-spacer\"><\/div>\n<\/div>\n\n\n\n<div class=\"wp-block-column is-vertically-aligned-center is-layout-flow wp-block-column-is-layout-flow\" style=\"flex-basis:50%\">\n<figure class=\"wp-block-image size-large is-resized\"><img loading=\"lazy\" decoding=\"async\" width=\"1024\" height=\"768\" src=\"http:\/\/www.cenpcba.com\/wp-content\/uploads\/2022\/07\/CEN-1024x768.jpg\" alt=\"\" class=\"wp-image-434\" style=\"width:595px;height:446px\" srcset=\"https:\/\/www.cenpcba.com\/wp-content\/uploads\/2022\/07\/CEN-1024x768.jpg 1024w, https:\/\/www.cenpcba.com\/wp-content\/uploads\/2022\/07\/CEN-300x225.jpg 300w, https:\/\/www.cenpcba.com\/wp-content\/uploads\/2022\/07\/CEN-768x576.jpg 768w, https:\/\/www.cenpcba.com\/wp-content\/uploads\/2022\/07\/CEN-1536x1152.jpg 1536w, https:\/\/www.cenpcba.com\/wp-content\/uploads\/2022\/07\/CEN-2048x1536.jpg 2048w\" sizes=\"(max-width: 1024px) 100vw, 1024px\" \/><\/figure>\n<\/div>\n<\/div>\n\n\n\n<div style=\"height:40px\" aria-hidden=\"true\" class=\"wp-block-spacer\"><\/div>\n<\/div><\/div>\n<\/div><\/div>\n\n\n\n<div style=\"height:100px\" aria-hidden=\"true\" class=\"wp-block-spacer\"><\/div>\n","protected":false},"excerpt":{"rendered":"<p>PCBA-Engineering-Dienstleistungen Bei CEN Electronic Technology bieten wir eine breite Palette an Ingenieurdienstleistungen zur Unterst\u00fctzung Ihrer Produktentwicklung. Unser erfahrenes Team von Ingenieuren arbeitet eng mit Ihnen zusammen, um Ihre Projektanforderungen zu verstehen und ma\u00dfgeschneiderte L\u00f6sungen zu entwickeln, die Ihren individuellen Bed\u00fcrfnissen entsprechen. Von der Konzeptentwicklung \u00fcber das Design bis hin zur Prototypenerstellung sind unsere Ingenieure in&hellip;&nbsp;<a href=\"https:\/\/www.cenpcba.com\/de\/engineeing\/\" class=\"\" rel=\"bookmark\">Mehr lesen &raquo;<span class=\"screen-reader-text\">Engineering<\/span><\/a><\/p>\n","protected":false},"author":1,"featured_media":0,"parent":0,"menu_order":0,"comment_status":"closed","ping_status":"closed","template":"","meta":{"neve_meta_sidebar":"","neve_meta_container":"","neve_meta_enable_content_width":"","neve_meta_content_width":0,"neve_meta_title_alignment":"","neve_meta_author_avatar":"","neve_post_elements_order":"","neve_meta_disable_header":"","neve_meta_disable_footer":"","neve_meta_disable_title":"on","neve_meta_reading_time":"","_joinchat":[],"footnotes":""},"class_list":["post-2479","page","type-page","status-publish","hentry"],"yoast_head":"<!-- This site is optimized with the Yoast SEO Premium plugin v23.2 (Yoast SEO v25.8) - https:\/\/yoast.com\/wordpress\/plugins\/seo\/ -->\n<title>- Contract Manufacturing<\/title>\n<meta name=\"description\" content=\"Engineering-PCBA-Service, Schaltplandesign, PCB-Layout, elektronische Produkttests, Fertigungsunterst\u00fctzungsdienste\" \/>\n<meta name=\"robots\" content=\"index, follow, max-snippet:-1, max-image-preview:large, max-video-preview:-1\" \/>\n<link rel=\"canonical\" href=\"https:\/\/www.cenpcba.com\/de\/engineeing\/\" \/>\n<meta property=\"og:locale\" content=\"de_DE\" \/>\n<meta property=\"og:type\" content=\"article\" \/>\n<meta property=\"og:title\" content=\"Engineering\" \/>\n<meta property=\"og:description\" content=\"Engineering-PCBA-Service, Schaltplandesign, PCB-Layout, elektronische Produkttests, Fertigungsunterst\u00fctzungsdienste\" \/>\n<meta property=\"og:url\" content=\"https:\/\/www.cenpcba.com\/de\/engineeing\/\" \/>\n<meta property=\"og:site_name\" content=\"Contract Manufacturing\" \/>\n<meta property=\"article:publisher\" content=\"https:\/\/www.facebook.com\/cenpcba\" \/>\n<meta property=\"article:modified_time\" content=\"2025-03-04T09:45:49+00:00\" \/>\n<meta property=\"og:image\" content=\"http:\/\/www.cenpcba.com\/wp-content\/uploads\/2024\/04\/PCB-Design-2.webp.jpg\" \/>\n<meta name=\"twitter:card\" content=\"summary_large_image\" \/>\n<meta name=\"twitter:label1\" content=\"Gesch\u00e4tzte Lesezeit\" \/>\n\t<meta name=\"twitter:data1\" content=\"4\u00a0Minuten\" \/>\n<script type=\"application\/ld+json\" class=\"yoast-schema-graph\">{\"@context\":\"https:\/\/schema.org\",\"@graph\":[{\"@type\":\"WebPage\",\"@id\":\"https:\/\/www.cenpcba.com\/de\/engineeing\/\",\"url\":\"https:\/\/www.cenpcba.com\/de\/engineeing\/\",\"name\":\"- Contract Manufacturing\",\"isPartOf\":{\"@id\":\"https:\/\/www.cenpcba.com\/de\/#website\"},\"primaryImageOfPage\":{\"@id\":\"https:\/\/www.cenpcba.com\/de\/engineeing\/#primaryimage\"},\"image\":{\"@id\":\"https:\/\/www.cenpcba.com\/de\/engineeing\/#primaryimage\"},\"thumbnailUrl\":\"http:\/\/www.cenpcba.com\/wp-content\/uploads\/2024\/04\/PCB-Design-2.webp.jpg\",\"datePublished\":\"2022-07-10T11:44:12+00:00\",\"dateModified\":\"2025-03-04T09:45:49+00:00\",\"description\":\"Engineering-PCBA-Service, Schaltplandesign, PCB-Layout, elektronische Produkttests, Fertigungsunterst\u00fctzungsdienste\",\"breadcrumb\":{\"@id\":\"https:\/\/www.cenpcba.com\/de\/engineeing\/#breadcrumb\"},\"inLanguage\":\"de\",\"potentialAction\":[{\"@type\":\"ReadAction\",\"target\":[\"https:\/\/www.cenpcba.com\/de\/engineeing\/\"]}]},{\"@type\":\"ImageObject\",\"inLanguage\":\"de\",\"@id\":\"https:\/\/www.cenpcba.com\/de\/engineeing\/#primaryimage\",\"url\":\"http:\/\/www.cenpcba.com\/wp-content\/uploads\/2024\/04\/PCB-Design-2.webp.jpg\",\"contentUrl\":\"http:\/\/www.cenpcba.com\/wp-content\/uploads\/2024\/04\/PCB-Design-2.webp.jpg\"},{\"@type\":\"BreadcrumbList\",\"@id\":\"https:\/\/www.cenpcba.com\/de\/engineeing\/#breadcrumb\",\"itemListElement\":[{\"@type\":\"ListItem\",\"position\":1,\"name\":\"\u9996\u9875\",\"item\":\"https:\/\/www.cenpcba.com\/de\/\"},{\"@type\":\"ListItem\",\"position\":2,\"name\":\"Engineering\"}]},{\"@type\":\"WebSite\",\"@id\":\"https:\/\/www.cenpcba.com\/de\/#website\",\"url\":\"https:\/\/www.cenpcba.com\/de\/\",\"name\":\"Contact Electronic Manufacturing Service Factory in Shenzhen, China\",\"description\":\"PCB Assembly\",\"publisher\":{\"@id\":\"https:\/\/www.cenpcba.com\/de\/#organization\"},\"alternateName\":\"One stop EMS service from PCB Manufacturing, Pcb assembly, smt, dip box assembly\",\"potentialAction\":[{\"@type\":\"SearchAction\",\"target\":{\"@type\":\"EntryPoint\",\"urlTemplate\":\"https:\/\/www.cenpcba.com\/de\/?s={search_term_string}\"},\"query-input\":{\"@type\":\"PropertyValueSpecification\",\"valueRequired\":true,\"valueName\":\"search_term_string\"}}],\"inLanguage\":\"de\"},{\"@type\":\"Organization\",\"@id\":\"https:\/\/www.cenpcba.com\/de\/#organization\",\"name\":\"CEN Electronic Technology Co., Ltd\",\"alternateName\":\"CEN PCBA\",\"url\":\"https:\/\/www.cenpcba.com\/de\/\",\"logo\":{\"@type\":\"ImageObject\",\"inLanguage\":\"de\",\"@id\":\"https:\/\/www.cenpcba.com\/de\/#\/schema\/logo\/image\/\",\"url\":\"http:\/\/www.cenpcba.com\/wp-content\/uploads\/2022\/07\/CEN-Logo-L.png\",\"contentUrl\":\"http:\/\/www.cenpcba.com\/wp-content\/uploads\/2022\/07\/CEN-Logo-L.png\",\"width\":960,\"height\":856,\"caption\":\"CEN Electronic Technology Co., Ltd\"},\"image\":{\"@id\":\"https:\/\/www.cenpcba.com\/de\/#\/schema\/logo\/image\/\"},\"sameAs\":[\"https:\/\/www.facebook.com\/cenpcba\",\"https:\/\/www.linkedin.com\/company\/cenpcba\"]}]}<\/script>\n<!-- \/ Yoast SEO Premium plugin. -->","yoast_head_json":{"title":"- Contract Manufacturing","description":"Engineering-PCBA-Service, Schaltplandesign, PCB-Layout, elektronische Produkttests, Fertigungsunterst\u00fctzungsdienste","robots":{"index":"index","follow":"follow","max-snippet":"max-snippet:-1","max-image-preview":"max-image-preview:large","max-video-preview":"max-video-preview:-1"},"canonical":"https:\/\/www.cenpcba.com\/de\/engineeing\/","og_locale":"de_DE","og_type":"article","og_title":"Engineering","og_description":"Engineering-PCBA-Service, Schaltplandesign, PCB-Layout, elektronische Produkttests, Fertigungsunterst\u00fctzungsdienste","og_url":"https:\/\/www.cenpcba.com\/de\/engineeing\/","og_site_name":"Contract Manufacturing","article_publisher":"https:\/\/www.facebook.com\/cenpcba","article_modified_time":"2025-03-04T09:45:49+00:00","og_image":[{"url":"http:\/\/www.cenpcba.com\/wp-content\/uploads\/2024\/04\/PCB-Design-2.webp.jpg","type":"","width":"","height":""}],"twitter_card":"summary_large_image","twitter_misc":{"Gesch\u00e4tzte Lesezeit":"4\u00a0Minuten"},"schema":{"@context":"https:\/\/schema.org","@graph":[{"@type":"WebPage","@id":"https:\/\/www.cenpcba.com\/de\/engineeing\/","url":"https:\/\/www.cenpcba.com\/de\/engineeing\/","name":"- Contract Manufacturing","isPartOf":{"@id":"https:\/\/www.cenpcba.com\/de\/#website"},"primaryImageOfPage":{"@id":"https:\/\/www.cenpcba.com\/de\/engineeing\/#primaryimage"},"image":{"@id":"https:\/\/www.cenpcba.com\/de\/engineeing\/#primaryimage"},"thumbnailUrl":"http:\/\/www.cenpcba.com\/wp-content\/uploads\/2024\/04\/PCB-Design-2.webp.jpg","datePublished":"2022-07-10T11:44:12+00:00","dateModified":"2025-03-04T09:45:49+00:00","description":"Engineering-PCBA-Service, Schaltplandesign, PCB-Layout, elektronische Produkttests, Fertigungsunterst\u00fctzungsdienste","breadcrumb":{"@id":"https:\/\/www.cenpcba.com\/de\/engineeing\/#breadcrumb"},"inLanguage":"de","potentialAction":[{"@type":"ReadAction","target":["https:\/\/www.cenpcba.com\/de\/engineeing\/"]}]},{"@type":"ImageObject","inLanguage":"de","@id":"https:\/\/www.cenpcba.com\/de\/engineeing\/#primaryimage","url":"http:\/\/www.cenpcba.com\/wp-content\/uploads\/2024\/04\/PCB-Design-2.webp.jpg","contentUrl":"http:\/\/www.cenpcba.com\/wp-content\/uploads\/2024\/04\/PCB-Design-2.webp.jpg"},{"@type":"BreadcrumbList","@id":"https:\/\/www.cenpcba.com\/de\/engineeing\/#breadcrumb","itemListElement":[{"@type":"ListItem","position":1,"name":"\u9996\u9875","item":"https:\/\/www.cenpcba.com\/de\/"},{"@type":"ListItem","position":2,"name":"Engineering"}]},{"@type":"WebSite","@id":"https:\/\/www.cenpcba.com\/de\/#website","url":"https:\/\/www.cenpcba.com\/de\/","name":"Contact Electronic Manufacturing Service Factory in Shenzhen, China","description":"PCB Assembly","publisher":{"@id":"https:\/\/www.cenpcba.com\/de\/#organization"},"alternateName":"One stop EMS service from PCB Manufacturing, Pcb assembly, smt, dip box assembly","potentialAction":[{"@type":"SearchAction","target":{"@type":"EntryPoint","urlTemplate":"https:\/\/www.cenpcba.com\/de\/?s={search_term_string}"},"query-input":{"@type":"PropertyValueSpecification","valueRequired":true,"valueName":"search_term_string"}}],"inLanguage":"de"},{"@type":"Organization","@id":"https:\/\/www.cenpcba.com\/de\/#organization","name":"CEN Electronic Technology Co., Ltd","alternateName":"CEN PCBA","url":"https:\/\/www.cenpcba.com\/de\/","logo":{"@type":"ImageObject","inLanguage":"de","@id":"https:\/\/www.cenpcba.com\/de\/#\/schema\/logo\/image\/","url":"http:\/\/www.cenpcba.com\/wp-content\/uploads\/2022\/07\/CEN-Logo-L.png","contentUrl":"http:\/\/www.cenpcba.com\/wp-content\/uploads\/2022\/07\/CEN-Logo-L.png","width":960,"height":856,"caption":"CEN Electronic Technology Co., Ltd"},"image":{"@id":"https:\/\/www.cenpcba.com\/de\/#\/schema\/logo\/image\/"},"sameAs":["https:\/\/www.facebook.com\/cenpcba","https:\/\/www.linkedin.com\/company\/cenpcba"]}]}},"_links":{"self":[{"href":"https:\/\/www.cenpcba.com\/de\/wp-json\/wp\/v2\/pages\/2479","targetHints":{"allow":["GET"]}}],"collection":[{"href":"https:\/\/www.cenpcba.com\/de\/wp-json\/wp\/v2\/pages"}],"about":[{"href":"https:\/\/www.cenpcba.com\/de\/wp-json\/wp\/v2\/types\/page"}],"author":[{"embeddable":true,"href":"https:\/\/www.cenpcba.com\/de\/wp-json\/wp\/v2\/users\/1"}],"replies":[{"embeddable":true,"href":"https:\/\/www.cenpcba.com\/de\/wp-json\/wp\/v2\/comments?post=2479"}],"version-history":[{"count":2,"href":"https:\/\/www.cenpcba.com\/de\/wp-json\/wp\/v2\/pages\/2479\/revisions"}],"predecessor-version":[{"id":2731,"href":"https:\/\/www.cenpcba.com\/de\/wp-json\/wp\/v2\/pages\/2479\/revisions\/2731"}],"wp:attachment":[{"href":"https:\/\/www.cenpcba.com\/de\/wp-json\/wp\/v2\/media?parent=2479"}],"curies":[{"name":"wp","href":"https:\/\/api.w.org\/{rel}","templated":true}]}}