{"id":2507,"date":"2022-07-10T19:53:09","date_gmt":"2022-07-10T11:53:09","guid":{"rendered":"http:\/\/www.cenpcba.com\/supply-chain\/"},"modified":"2025-03-04T17:36:00","modified_gmt":"2025-03-04T09:36:00","slug":"supply-chain","status":"publish","type":"page","link":"https:\/\/www.cenpcba.com\/de\/supply-chain\/","title":{"rendered":"Lieferkette"},"content":{"rendered":"\n<div class=\"wp-block-cover alignfull is-light\" style=\"min-height:307px;aspect-ratio:unset;\"><span aria-hidden=\"true\" class=\"wp-block-cover__background has-background-dim\"><\/span><img fetchpriority=\"high\" decoding=\"async\" width=\"2480\" height=\"1650\" class=\"wp-block-cover__image-background wp-image-461\" alt=\"\" src=\"http:\/\/www.cenpcba.com\/wp-content\/uploads\/2022\/07\/Supplychian-Management-1.jpg\" data-object-fit=\"cover\" srcset=\"https:\/\/www.cenpcba.com\/wp-content\/uploads\/2022\/07\/Supplychian-Management-1.jpg 2480w, https:\/\/www.cenpcba.com\/wp-content\/uploads\/2022\/07\/Supplychian-Management-1-300x200.jpg 300w, https:\/\/www.cenpcba.com\/wp-content\/uploads\/2022\/07\/Supplychian-Management-1-1024x681.jpg 1024w, https:\/\/www.cenpcba.com\/wp-content\/uploads\/2022\/07\/Supplychian-Management-1-768x511.jpg 768w, https:\/\/www.cenpcba.com\/wp-content\/uploads\/2022\/07\/Supplychian-Management-1-1536x1022.jpg 1536w, https:\/\/www.cenpcba.com\/wp-content\/uploads\/2022\/07\/Supplychian-Management-1-2048x1363.jpg 2048w, https:\/\/www.cenpcba.com\/wp-content\/uploads\/2022\/07\/Supplychian-Management-1-930x620.jpg 930w\" sizes=\"(max-width: 2480px) 100vw, 2480px\" \/><div class=\"wp-block-cover__inner-container is-layout-flow wp-block-cover-is-layout-flow\">\n<p class=\"has-text-align-center has-large-font-size\"><\/p>\n\n\n\n<h1 class=\"wp-block-heading has-text-align-center has-nv-site-bg-color has-text-color\" id=\"h-lieferkette\">Lieferkette<\/h1>\n<\/div><\/div>\n\n\n\n<div style=\"height:100px\" aria-hidden=\"true\" class=\"wp-block-spacer\"><\/div>\n\n\n\n<div class=\"wp-block-columns is-layout-flex wp-container-core-columns-is-layout-9d6595d7 wp-block-columns-is-layout-flex\">\n<div class=\"wp-block-column is-layout-flow wp-block-column-is-layout-flow\">\n<figure class=\"wp-block-image size-full is-resized\"><img decoding=\"async\" width=\"1000\" height=\"674\" src=\"http:\/\/www.cenpcba.com\/wp-content\/uploads\/2022\/07\/20210616151945.jpg\" alt=\"\" class=\"wp-image-577\" style=\"width:405px;height:272px\" srcset=\"https:\/\/www.cenpcba.com\/wp-content\/uploads\/2022\/07\/20210616151945.jpg 1000w, https:\/\/www.cenpcba.com\/wp-content\/uploads\/2022\/07\/20210616151945-300x202.jpg 300w, https:\/\/www.cenpcba.com\/wp-content\/uploads\/2022\/07\/20210616151945-768x518.jpg 768w\" sizes=\"(max-width: 1000px) 100vw, 1000px\" \/><\/figure>\n<\/div>\n\n\n\n<div class=\"wp-block-column is-layout-flow wp-block-column-is-layout-flow\">\n<h2 class=\"wp-block-heading has-medium-font-size\" id=\"h-lieferkettenmanagement\">Lieferkettenmanagement<\/h2>\n\n\n\n<p>Bei CEN bieten wir unseren Kunden innovative, schl\u00fcsselfertige L\u00f6sungen f\u00fcr das Lieferkettenmanagement. Unser Ansatz erm\u00f6glicht ein umfassendes Gesch\u00e4ftsmodell, das die erforderlichen Fachkr\u00e4fte und transformativen Werkzeuge bereitstellt, um Vorhersehbarkeit, Zuverl\u00e4ssigkeit und Reaktionsf\u00e4higkeit in der gesamten Lieferkette zu gew\u00e4hrleisten. Wir verf\u00fcgen \u00fcber etablierte, werkseigene, lieferantengesteuerte Bestandsprogramme, um die kosteneffizientesten und flexibelsten Fertigungsl\u00f6sungen zu entwickeln.<\/p>\n<\/div>\n<\/div>\n\n\n\n<div style=\"height:100px\" aria-hidden=\"true\" class=\"wp-block-spacer\"><\/div>\n\n\n\n<div class=\"wp-block-columns is-layout-flex wp-container-core-columns-is-layout-9d6595d7 wp-block-columns-is-layout-flex\">\n<div class=\"wp-block-column is-layout-flow wp-block-column-is-layout-flow\">\n<p>CEN kann alle ben\u00f6tigten Teile und Komponenten f\u00fcr Ihr Projekt \u00fcber unser Netzwerk zuverl\u00e4ssiger und vertrauensw\u00fcrdiger Vertriebspartner beschaffen. Durch die Kombination unseres Fachwissens mit unseren langj\u00e4hrigen Beziehungen zu Vertriebspartnern k\u00f6nnen wir Bauteile f\u00fcr die durchschnittliche St\u00fcckliste (BOM) in k\u00fcrzester Zeit beschaffen.<\/p>\n\n\n\n<p>Unsere Lieferkette umfasst eine breite Palette von Aktivit\u00e4ten, darunter die strategische Beschaffung von Rohstoffen, die Sicherung der besten Preise f\u00fcr Teile und Komponenten sowie die Koordination der Transparenz in der Lieferkette. Unser Lieferkettenmanagement sorgt f\u00fcr Effizienz, senkt Kosten, steigert Gewinne, f\u00f6rdert die Zusammenarbeit und mehr. Bereits in der Angebotsphase arbeiten wir eng mit unseren Kunden zusammen, um eine ma\u00dfgeschneiderte Beschaffungsstrategie basierend auf den spezifischen Produktionsanforderungen zu entwickeln.<\/p>\n<\/div>\n\n\n\n<div class=\"wp-block-column is-layout-flow wp-block-column-is-layout-flow\">\n<figure class=\"wp-block-image size-large is-resized\"><img decoding=\"async\" width=\"1024\" height=\"681\" src=\"http:\/\/www.cenpcba.com\/wp-content\/uploads\/2022\/07\/Supplychian-Management-1-1024x681.jpg\" alt=\"\" class=\"wp-image-461\" style=\"width:456px;height:303px\" srcset=\"https:\/\/www.cenpcba.com\/wp-content\/uploads\/2022\/07\/Supplychian-Management-1-1024x681.jpg 1024w, https:\/\/www.cenpcba.com\/wp-content\/uploads\/2022\/07\/Supplychian-Management-1-300x200.jpg 300w, https:\/\/www.cenpcba.com\/wp-content\/uploads\/2022\/07\/Supplychian-Management-1-768x511.jpg 768w, https:\/\/www.cenpcba.com\/wp-content\/uploads\/2022\/07\/Supplychian-Management-1-1536x1022.jpg 1536w, https:\/\/www.cenpcba.com\/wp-content\/uploads\/2022\/07\/Supplychian-Management-1-2048x1363.jpg 2048w\" sizes=\"(max-width: 1024px) 100vw, 1024px\" \/><\/figure>\n<\/div>\n<\/div>\n\n\n\n<div style=\"height:100px\" aria-hidden=\"true\" class=\"wp-block-spacer\"><\/div>\n\n\n\n<div class=\"wp-block-cover alignfull\" style=\"min-height:300px;aspect-ratio:unset;\"><span aria-hidden=\"true\" class=\"wp-block-cover__background has-nv-dark-bg-background-color has-background-dim-100 has-background-dim\"><\/span><div class=\"wp-block-cover__inner-container is-layout-flow wp-block-cover-is-layout-flow\">\n<div style=\"height:80px\" aria-hidden=\"true\" class=\"wp-block-spacer\"><\/div>\n\n\n<div class=\"wp-block-image is-style-rounded\">\n<figure class=\"aligncenter size-full\"><img loading=\"lazy\" decoding=\"async\" width=\"72\" height=\"72\" src=\"http:\/\/www.cenpcba.com\/wp-content\/uploads\/2022\/07\/Choose-Right.png\" alt=\"\" class=\"wp-image-531\"\/><\/figure>\n<\/div>\n\n\n<p class=\"has-text-align-center has-nv-text-dark-bg-color has-text-color\"><strong>WIR SIND F\u00dcR SIE DA<\/strong><\/p>\n\n\n\n<div class=\"wp-block-buttons is-layout-flex wp-block-buttons-is-layout-flex\">\n<div class=\"wp-block-button aligncenter\"><a class=\"wp-block-button__link has-nv-dark-bg-color has-neve-link-color-background-color has-text-color has-background wp-element-button\" href=\"http:\/\/www.cenpcba.com\/de\/contact-us\/\" target=\"_blank\" rel=\"noreferrer noopener\"><strong>Sprechen Sie mit unserem Experten<\/strong><\/a><\/div>\n<\/div>\n\n\n\n<div style=\"height:80px\" aria-hidden=\"true\" class=\"wp-block-spacer\"><\/div>\n<\/div><\/div>\n\n\n\n<p><\/p>\n","protected":false},"excerpt":{"rendered":"<p>Lieferkettenmanagement Bei CEN bieten wir unseren Kunden innovative, schl\u00fcsselfertige L\u00f6sungen f\u00fcr das Lieferkettenmanagement. Unser Ansatz erm\u00f6glicht ein umfassendes Gesch\u00e4ftsmodell, das die erforderlichen Fachkr\u00e4fte und transformativen Werkzeuge bereitstellt, um Vorhersehbarkeit, Zuverl\u00e4ssigkeit und Reaktionsf\u00e4higkeit in der gesamten Lieferkette zu gew\u00e4hrleisten. Wir verf\u00fcgen \u00fcber etablierte, werkseigene, lieferantengesteuerte Bestandsprogramme, um die kosteneffizientesten und flexibelsten Fertigungsl\u00f6sungen zu entwickeln. CEN kann&hellip;&nbsp;<a href=\"https:\/\/www.cenpcba.com\/de\/supply-chain\/\" class=\"\" rel=\"bookmark\">Mehr lesen &raquo;<span class=\"screen-reader-text\">Lieferkette<\/span><\/a><\/p>\n","protected":false},"author":1,"featured_media":0,"parent":0,"menu_order":0,"comment_status":"closed","ping_status":"closed","template":"","meta":{"neve_meta_sidebar":"","neve_meta_container":"","neve_meta_enable_content_width":"","neve_meta_content_width":0,"neve_meta_title_alignment":"","neve_meta_author_avatar":"","neve_post_elements_order":"","neve_meta_disable_header":"","neve_meta_disable_footer":"","neve_meta_disable_title":"on","neve_meta_reading_time":"","_joinchat":[],"footnotes":""},"class_list":["post-2507","page","type-page","status-publish","hentry"],"yoast_head":"<!-- This site is optimized with the Yoast SEO Premium plugin v23.2 (Yoast SEO v25.8) - https:\/\/yoast.com\/wordpress\/plugins\/seo\/ -->\n<title>Lieferkette - Contract Manufacturing CEN<\/title>\n<meta name=\"description\" content=\"Bei CEN bieten wir unseren Kunden innovative, schl\u00fcsselfertige Supply-Chain-L\u00f6sungen.\" \/>\n<meta name=\"robots\" content=\"index, follow, max-snippet:-1, max-image-preview:large, max-video-preview:-1\" \/>\n<link rel=\"canonical\" href=\"https:\/\/www.cenpcba.com\/de\/supply-chain\/\" \/>\n<meta property=\"og:locale\" content=\"de_DE\" \/>\n<meta property=\"og:type\" content=\"article\" \/>\n<meta property=\"og:title\" content=\"Lieferkette\" \/>\n<meta property=\"og:description\" content=\"Bei CEN bieten wir unseren Kunden innovative, schl\u00fcsselfertige Supply-Chain-L\u00f6sungen.\" \/>\n<meta property=\"og:url\" content=\"https:\/\/www.cenpcba.com\/de\/supply-chain\/\" \/>\n<meta property=\"og:site_name\" content=\"Contract Manufacturing\" \/>\n<meta property=\"article:publisher\" content=\"https:\/\/www.facebook.com\/cenpcba\" \/>\n<meta property=\"article:modified_time\" content=\"2025-03-04T09:36:00+00:00\" \/>\n<meta property=\"og:image\" content=\"http:\/\/www.cenpcba.com\/wp-content\/uploads\/2022\/07\/Supplychian-Management-1.jpg\" \/>\n<meta name=\"twitter:card\" content=\"summary_large_image\" \/>\n<meta name=\"twitter:label1\" content=\"Gesch\u00e4tzte Lesezeit\" \/>\n\t<meta name=\"twitter:data1\" content=\"2\u00a0Minuten\" \/>\n<script type=\"application\/ld+json\" class=\"yoast-schema-graph\">{\"@context\":\"https:\/\/schema.org\",\"@graph\":[{\"@type\":\"WebPage\",\"@id\":\"https:\/\/www.cenpcba.com\/de\/supply-chain\/\",\"url\":\"https:\/\/www.cenpcba.com\/de\/supply-chain\/\",\"name\":\"Lieferkette - Contract Manufacturing CEN\",\"isPartOf\":{\"@id\":\"https:\/\/www.cenpcba.com\/de\/#website\"},\"primaryImageOfPage\":{\"@id\":\"https:\/\/www.cenpcba.com\/de\/supply-chain\/#primaryimage\"},\"image\":{\"@id\":\"https:\/\/www.cenpcba.com\/de\/supply-chain\/#primaryimage\"},\"thumbnailUrl\":\"http:\/\/www.cenpcba.com\/wp-content\/uploads\/2022\/07\/Supplychian-Management-1.jpg\",\"datePublished\":\"2022-07-10T11:53:09+00:00\",\"dateModified\":\"2025-03-04T09:36:00+00:00\",\"description\":\"Bei CEN bieten wir unseren Kunden innovative, schl\u00fcsselfertige Supply-Chain-L\u00f6sungen.\",\"breadcrumb\":{\"@id\":\"https:\/\/www.cenpcba.com\/de\/supply-chain\/#breadcrumb\"},\"inLanguage\":\"de\",\"potentialAction\":[{\"@type\":\"ReadAction\",\"target\":[\"https:\/\/www.cenpcba.com\/de\/supply-chain\/\"]}]},{\"@type\":\"ImageObject\",\"inLanguage\":\"de\",\"@id\":\"https:\/\/www.cenpcba.com\/de\/supply-chain\/#primaryimage\",\"url\":\"http:\/\/www.cenpcba.com\/wp-content\/uploads\/2022\/07\/Supplychian-Management-1.jpg\",\"contentUrl\":\"http:\/\/www.cenpcba.com\/wp-content\/uploads\/2022\/07\/Supplychian-Management-1.jpg\"},{\"@type\":\"BreadcrumbList\",\"@id\":\"https:\/\/www.cenpcba.com\/de\/supply-chain\/#breadcrumb\",\"itemListElement\":[{\"@type\":\"ListItem\",\"position\":1,\"name\":\"\u9996\u9875\",\"item\":\"https:\/\/www.cenpcba.com\/de\/\"},{\"@type\":\"ListItem\",\"position\":2,\"name\":\"Lieferkette\"}]},{\"@type\":\"WebSite\",\"@id\":\"https:\/\/www.cenpcba.com\/de\/#website\",\"url\":\"https:\/\/www.cenpcba.com\/de\/\",\"name\":\"Contact Electronic Manufacturing Service Factory in Shenzhen, China\",\"description\":\"PCB Assembly\",\"publisher\":{\"@id\":\"https:\/\/www.cenpcba.com\/de\/#organization\"},\"alternateName\":\"One stop EMS service from PCB Manufacturing, Pcb assembly, smt, dip box assembly\",\"potentialAction\":[{\"@type\":\"SearchAction\",\"target\":{\"@type\":\"EntryPoint\",\"urlTemplate\":\"https:\/\/www.cenpcba.com\/de\/?s={search_term_string}\"},\"query-input\":{\"@type\":\"PropertyValueSpecification\",\"valueRequired\":true,\"valueName\":\"search_term_string\"}}],\"inLanguage\":\"de\"},{\"@type\":\"Organization\",\"@id\":\"https:\/\/www.cenpcba.com\/de\/#organization\",\"name\":\"CEN Electronic Technology Co., Ltd\",\"alternateName\":\"CEN PCBA\",\"url\":\"https:\/\/www.cenpcba.com\/de\/\",\"logo\":{\"@type\":\"ImageObject\",\"inLanguage\":\"de\",\"@id\":\"https:\/\/www.cenpcba.com\/de\/#\/schema\/logo\/image\/\",\"url\":\"http:\/\/www.cenpcba.com\/wp-content\/uploads\/2022\/07\/CEN-Logo-L.png\",\"contentUrl\":\"http:\/\/www.cenpcba.com\/wp-content\/uploads\/2022\/07\/CEN-Logo-L.png\",\"width\":960,\"height\":856,\"caption\":\"CEN Electronic Technology Co., Ltd\"},\"image\":{\"@id\":\"https:\/\/www.cenpcba.com\/de\/#\/schema\/logo\/image\/\"},\"sameAs\":[\"https:\/\/www.facebook.com\/cenpcba\",\"https:\/\/www.linkedin.com\/company\/cenpcba\"]}]}<\/script>\n<!-- \/ Yoast SEO Premium plugin. -->","yoast_head_json":{"title":"Lieferkette - Contract Manufacturing CEN","description":"Bei CEN bieten wir unseren Kunden innovative, schl\u00fcsselfertige Supply-Chain-L\u00f6sungen.","robots":{"index":"index","follow":"follow","max-snippet":"max-snippet:-1","max-image-preview":"max-image-preview:large","max-video-preview":"max-video-preview:-1"},"canonical":"https:\/\/www.cenpcba.com\/de\/supply-chain\/","og_locale":"de_DE","og_type":"article","og_title":"Lieferkette","og_description":"Bei CEN bieten wir unseren Kunden innovative, schl\u00fcsselfertige Supply-Chain-L\u00f6sungen.","og_url":"https:\/\/www.cenpcba.com\/de\/supply-chain\/","og_site_name":"Contract Manufacturing","article_publisher":"https:\/\/www.facebook.com\/cenpcba","article_modified_time":"2025-03-04T09:36:00+00:00","og_image":[{"url":"http:\/\/www.cenpcba.com\/wp-content\/uploads\/2022\/07\/Supplychian-Management-1.jpg","type":"","width":"","height":""}],"twitter_card":"summary_large_image","twitter_misc":{"Gesch\u00e4tzte Lesezeit":"2\u00a0Minuten"},"schema":{"@context":"https:\/\/schema.org","@graph":[{"@type":"WebPage","@id":"https:\/\/www.cenpcba.com\/de\/supply-chain\/","url":"https:\/\/www.cenpcba.com\/de\/supply-chain\/","name":"Lieferkette - Contract Manufacturing CEN","isPartOf":{"@id":"https:\/\/www.cenpcba.com\/de\/#website"},"primaryImageOfPage":{"@id":"https:\/\/www.cenpcba.com\/de\/supply-chain\/#primaryimage"},"image":{"@id":"https:\/\/www.cenpcba.com\/de\/supply-chain\/#primaryimage"},"thumbnailUrl":"http:\/\/www.cenpcba.com\/wp-content\/uploads\/2022\/07\/Supplychian-Management-1.jpg","datePublished":"2022-07-10T11:53:09+00:00","dateModified":"2025-03-04T09:36:00+00:00","description":"Bei CEN bieten wir unseren Kunden innovative, schl\u00fcsselfertige Supply-Chain-L\u00f6sungen.","breadcrumb":{"@id":"https:\/\/www.cenpcba.com\/de\/supply-chain\/#breadcrumb"},"inLanguage":"de","potentialAction":[{"@type":"ReadAction","target":["https:\/\/www.cenpcba.com\/de\/supply-chain\/"]}]},{"@type":"ImageObject","inLanguage":"de","@id":"https:\/\/www.cenpcba.com\/de\/supply-chain\/#primaryimage","url":"http:\/\/www.cenpcba.com\/wp-content\/uploads\/2022\/07\/Supplychian-Management-1.jpg","contentUrl":"http:\/\/www.cenpcba.com\/wp-content\/uploads\/2022\/07\/Supplychian-Management-1.jpg"},{"@type":"BreadcrumbList","@id":"https:\/\/www.cenpcba.com\/de\/supply-chain\/#breadcrumb","itemListElement":[{"@type":"ListItem","position":1,"name":"\u9996\u9875","item":"https:\/\/www.cenpcba.com\/de\/"},{"@type":"ListItem","position":2,"name":"Lieferkette"}]},{"@type":"WebSite","@id":"https:\/\/www.cenpcba.com\/de\/#website","url":"https:\/\/www.cenpcba.com\/de\/","name":"Contact Electronic Manufacturing Service Factory in Shenzhen, China","description":"PCB Assembly","publisher":{"@id":"https:\/\/www.cenpcba.com\/de\/#organization"},"alternateName":"One stop EMS service from PCB Manufacturing, Pcb assembly, smt, dip box assembly","potentialAction":[{"@type":"SearchAction","target":{"@type":"EntryPoint","urlTemplate":"https:\/\/www.cenpcba.com\/de\/?s={search_term_string}"},"query-input":{"@type":"PropertyValueSpecification","valueRequired":true,"valueName":"search_term_string"}}],"inLanguage":"de"},{"@type":"Organization","@id":"https:\/\/www.cenpcba.com\/de\/#organization","name":"CEN Electronic Technology Co., Ltd","alternateName":"CEN PCBA","url":"https:\/\/www.cenpcba.com\/de\/","logo":{"@type":"ImageObject","inLanguage":"de","@id":"https:\/\/www.cenpcba.com\/de\/#\/schema\/logo\/image\/","url":"http:\/\/www.cenpcba.com\/wp-content\/uploads\/2022\/07\/CEN-Logo-L.png","contentUrl":"http:\/\/www.cenpcba.com\/wp-content\/uploads\/2022\/07\/CEN-Logo-L.png","width":960,"height":856,"caption":"CEN Electronic Technology Co., Ltd"},"image":{"@id":"https:\/\/www.cenpcba.com\/de\/#\/schema\/logo\/image\/"},"sameAs":["https:\/\/www.facebook.com\/cenpcba","https:\/\/www.linkedin.com\/company\/cenpcba"]}]}},"_links":{"self":[{"href":"https:\/\/www.cenpcba.com\/de\/wp-json\/wp\/v2\/pages\/2507","targetHints":{"allow":["GET"]}}],"collection":[{"href":"https:\/\/www.cenpcba.com\/de\/wp-json\/wp\/v2\/pages"}],"about":[{"href":"https:\/\/www.cenpcba.com\/de\/wp-json\/wp\/v2\/types\/page"}],"author":[{"embeddable":true,"href":"https:\/\/www.cenpcba.com\/de\/wp-json\/wp\/v2\/users\/1"}],"replies":[{"embeddable":true,"href":"https:\/\/www.cenpcba.com\/de\/wp-json\/wp\/v2\/comments?post=2507"}],"version-history":[{"count":2,"href":"https:\/\/www.cenpcba.com\/de\/wp-json\/wp\/v2\/pages\/2507\/revisions"}],"predecessor-version":[{"id":2729,"href":"https:\/\/www.cenpcba.com\/de\/wp-json\/wp\/v2\/pages\/2507\/revisions\/2729"}],"wp:attachment":[{"href":"https:\/\/www.cenpcba.com\/de\/wp-json\/wp\/v2\/media?parent=2507"}],"curies":[{"name":"wp","href":"https:\/\/api.w.org\/{rel}","templated":true}]}}