{"id":2515,"date":"2022-07-10T13:05:50","date_gmt":"2022-07-10T05:05:50","guid":{"rendered":"http:\/\/www.cenpcba.com\/service\/"},"modified":"2025-03-04T16:40:04","modified_gmt":"2025-03-04T08:40:04","slug":"service","status":"publish","type":"page","link":"https:\/\/www.cenpcba.com\/de\/service\/","title":{"rendered":"Service"},"content":{"rendered":"\n<div class=\"wp-block-cover alignfull\" style=\"min-height:300px;aspect-ratio:unset;\"><span aria-hidden=\"true\" class=\"wp-block-cover__background has-background-dim\"><\/span><img fetchpriority=\"high\" decoding=\"async\" width=\"1920\" height=\"650\" class=\"wp-block-cover__image-background wp-image-505\" alt=\"\" src=\"http:\/\/www.cenpcba.com\/wp-content\/uploads\/2022\/07\/PCBA-Banner.jpg\" data-object-fit=\"cover\" srcset=\"https:\/\/www.cenpcba.com\/wp-content\/uploads\/2022\/07\/PCBA-Banner.jpg 1920w, https:\/\/www.cenpcba.com\/wp-content\/uploads\/2022\/07\/PCBA-Banner-300x102.jpg 300w, https:\/\/www.cenpcba.com\/wp-content\/uploads\/2022\/07\/PCBA-Banner-1024x347.jpg 1024w, https:\/\/www.cenpcba.com\/wp-content\/uploads\/2022\/07\/PCBA-Banner-768x260.jpg 768w, https:\/\/www.cenpcba.com\/wp-content\/uploads\/2022\/07\/PCBA-Banner-1536x520.jpg 1536w\" sizes=\"(max-width: 1920px) 100vw, 1920px\" \/><div class=\"wp-block-cover__inner-container is-layout-flow wp-block-cover-is-layout-flow\">\n<h1 class=\"wp-block-heading has-text-align-center\" style=\"font-size:100px\">Service<\/h1>\n<\/div><\/div>\n\n\n\n<div class=\"wp-block-group alignfull has-background\" style=\"background-color:#f8f4e4\"><div class=\"wp-block-group__inner-container is-layout-flow wp-block-group-is-layout-flow\">\n<div class=\"wp-block-columns alignwide is-layout-flex wp-container-core-columns-is-layout-9d6595d7 wp-block-columns-is-layout-flex\">\n<div class=\"wp-block-column is-layout-flow wp-block-column-is-layout-flow\">\n<div style=\"height:100px\" aria-hidden=\"true\" class=\"wp-block-spacer\"><\/div>\n\n\n\n<h6 class=\"wp-block-heading has-text-color\" id=\"ecosystem\" style=\"color:#000000\">One Stop <\/h6>\n\n\n\n<p class=\"has-text-color\" style=\"color:#000000;font-size:5vw;line-height:1.1\">Elektronische Fertigung<\/p>\n\n\n\n<div style=\"height:5px\" aria-hidden=\"true\" class=\"wp-block-spacer\"><\/div>\n<\/div>\n<\/div>\n\n\n\n<div class=\"wp-block-columns alignwide is-layout-flex wp-container-core-columns-is-layout-9d6595d7 wp-block-columns-is-layout-flex\">\n<div class=\"wp-block-column is-layout-flow wp-block-column-is-layout-flow\" style=\"flex-basis:33.38%\">\n<p>Als EMS-Dienstleister arbeitet CEN Seite an Seite mit seinen Kunden \u2013 von PCB-Design, PCB-Layout und der Einf\u00fchrung neuer Produkte (NPI) \u00fcber die Materialbeschaffung, Montage, Endverpackung und Logistik bis hin zum After-Sales-Support \u2013 und bietet eine komplette Servicepalette an.<\/p>\n\n\n\n<p>CEN bietet ein umfassendes Spektrum an Electronic Manufacturing Services, darunter Leiterplattenbest\u00fcckung, Teilmontage und Komplettger\u00e4tefertigung (Box Build). Wir bedienen wichtige M\u00e4rkte wie Automobilindustrie, Industrieelektronik, Medizintechnik, Beleuchtung, Sicherheitstechnik, IoT und erneuerbare Energien sowie Haushaltsger\u00e4te, HVAC, Gesundheits- und Fitnessger\u00e4te und Unterhaltungselektronik.<\/p>\n<\/div>\n\n\n\n<div class=\"wp-block-column is-layout-flow wp-block-column-is-layout-flow\" style=\"flex-basis:33%\">\n<div style=\"height:100px\" aria-hidden=\"true\" class=\"wp-block-spacer\"><\/div>\n\n\n\n<figure class=\"wp-block-image size-large\"><img decoding=\"async\" width=\"766\" height=\"1024\" src=\"http:\/\/www.cenpcba.com\/wp-content\/uploads\/2022\/07\/smt-pick-and-place-machine-766x1024.png\" alt=\"smt pick and place machine \" class=\"wp-image-500\" srcset=\"https:\/\/www.cenpcba.com\/wp-content\/uploads\/2022\/07\/smt-pick-and-place-machine-766x1024.png 766w, https:\/\/www.cenpcba.com\/wp-content\/uploads\/2022\/07\/smt-pick-and-place-machine-225x300.png 225w, https:\/\/www.cenpcba.com\/wp-content\/uploads\/2022\/07\/smt-pick-and-place-machine-768x1026.png 768w, https:\/\/www.cenpcba.com\/wp-content\/uploads\/2022\/07\/smt-pick-and-place-machine.png 1000w\" sizes=\"(max-width: 766px) 100vw, 766px\" \/><\/figure>\n<\/div>\n\n\n\n<div class=\"wp-block-column is-layout-flow wp-block-column-is-layout-flow\" style=\"flex-basis:33.62%\">\n<figure class=\"wp-block-image size-large\"><img decoding=\"async\" width=\"766\" height=\"1024\" src=\"http:\/\/www.cenpcba.com\/wp-content\/uploads\/2022\/07\/AOI-checking-766x1024.png\" alt=\"AOI Checking \" class=\"wp-image-501\" srcset=\"https:\/\/www.cenpcba.com\/wp-content\/uploads\/2022\/07\/AOI-checking-766x1024.png 766w, https:\/\/www.cenpcba.com\/wp-content\/uploads\/2022\/07\/AOI-checking-225x300.png 225w, https:\/\/www.cenpcba.com\/wp-content\/uploads\/2022\/07\/AOI-checking-768x1026.png 768w, https:\/\/www.cenpcba.com\/wp-content\/uploads\/2022\/07\/AOI-checking.png 1000w\" sizes=\"(max-width: 766px) 100vw, 766px\" \/><\/figure>\n<\/div>\n<\/div>\n\n\n\n<div class=\"wp-block-columns alignwide is-layout-flex wp-container-core-columns-is-layout-9d6595d7 wp-block-columns-is-layout-flex\">\n<div class=\"wp-block-column is-layout-flow wp-block-column-is-layout-flow\" style=\"flex-basis:67%\"><div class=\"wp-block-image\">\n<figure class=\"alignright size-large\"><img loading=\"lazy\" decoding=\"async\" width=\"1024\" height=\"683\" src=\"http:\/\/www.cenpcba.com\/wp-content\/uploads\/2022\/07\/28A6772-1024x683.jpg\" alt=\"solder past printing \" class=\"wp-image-502\" srcset=\"https:\/\/www.cenpcba.com\/wp-content\/uploads\/2022\/07\/28A6772-1024x683.jpg 1024w, https:\/\/www.cenpcba.com\/wp-content\/uploads\/2022\/07\/28A6772-300x200.jpg 300w, https:\/\/www.cenpcba.com\/wp-content\/uploads\/2022\/07\/28A6772-768x512.jpg 768w, https:\/\/www.cenpcba.com\/wp-content\/uploads\/2022\/07\/28A6772-1536x1024.jpg 1536w, https:\/\/www.cenpcba.com\/wp-content\/uploads\/2022\/07\/28A6772-930x620.jpg 930w, https:\/\/www.cenpcba.com\/wp-content\/uploads\/2022\/07\/28A6772.jpg 1680w\" sizes=\"(max-width: 1024px) 100vw, 1024px\" \/><\/figure>\n<\/div><\/div>\n\n\n\n<div class=\"wp-block-column is-vertically-aligned-center is-layout-flow wp-block-column-is-layout-flow\" style=\"flex-basis:33%\">\n<p class=\"has-text-color has-extra-small-font-size\" style=\"color:#000000\">CEN verf\u00fcgt \u00fcber mehr als 10 Jahre Erfahrung in der Elektronikfertigung (EMS), einschlie\u00dflich Entwicklung, Prototyping, PCB-Best\u00fcckung, vollst\u00e4ndiger Box-Build-Fertigung und Fulfillment-Services.<\/p>\n<\/div>\n<\/div>\n<\/div><\/div>\n\n\n\n<div style=\"height:100px\" aria-hidden=\"true\" class=\"wp-block-spacer\"><\/div>\n\n\n\n<h2 class=\"wp-block-heading has-text-align-center\" id=\"h-services-amp-losungen\">SERVICES &amp; L\u00d6SUNGEN<\/h2>\n\n\n\n<div class=\"wp-block-columns alignwide is-layout-flex wp-container-core-columns-is-layout-9d6595d7 wp-block-columns-is-layout-flex\">\n<div class=\"wp-block-column has-text-color has-background has-link-color wp-elements-9c7f1f5a69388b5d01e09f5d509936b7 is-layout-flow wp-block-column-is-layout-flow\" style=\"color:#000000;background-color:#ffe97d;padding-top:2em;padding-right:2em;padding-bottom:2em;padding-left:2em\">\n<h3 class=\"wp-block-heading\" style=\"font-size:40px\"><a href=\"http:\/\/www.cenpcba.com\/pcb\/\" target=\"_blank\" rel=\"noreferrer noopener\">PCB  <\/a><\/h3>\n\n\n\n<p class=\"has-normal-font-size\" style=\"line-height:1.5\"><strong>Leiterplattenfertigung<\/strong><\/p>\n\n\n\n<hr class=\"wp-block-separator has-text-color has-css-opacity has-background is-style-wide\" style=\"background-color:#000000;color:#000000\"\/>\n\n\n\n<ul class=\"wp-block-list has-normal-font-size\">\n<li>PCB-Layout<\/li>\n\n\n\n<li>PCB-Herstellung<\/li>\n\n\n\n<li>Rigid, Flex, Rigid-Flex-PCB, FPC<\/li>\n<\/ul>\n\n\n\n<div class=\"wp-block-buttons is-horizontal is-content-justification-center is-layout-flex wp-container-core-buttons-is-layout-499968f5 wp-block-buttons-is-layout-flex\">\n<div class=\"wp-block-button\"><a class=\"wp-block-button__link has-nv-site-bg-color has-nv-dark-bg-background-color has-text-color has-background wp-element-button\" href=\"http:\/\/www.cenpcba.com\/pcb\/\" target=\"_blank\" rel=\"noreferrer noopener\">Mehr erfahren<\/a><\/div>\n<\/div>\n<\/div>\n\n\n\n<div class=\"wp-block-column has-text-color has-background has-link-color wp-elements-c4502f285fb5625a6e18d7b0def35785 is-layout-flow wp-block-column-is-layout-flow\" style=\"color:#000000;background-color:#d1d1e1;padding-top:2em;padding-right:2em;padding-bottom:2em;padding-left:2em\">\n<h6 class=\"wp-block-heading\" id=\"h-bauteile\" style=\"font-size:40px\"><a href=\"http:\/\/www.cenpcba.com\/de\/components-sourcing\/\" target=\"_blank\" rel=\"noreferrer noopener\">Bauteile<\/a><\/h6>\n\n\n\n<p class=\"has-normal-font-size\" style=\"line-height:1.5\"><strong>Bauteilbeschaffung<\/strong><\/p>\n\n\n\n<hr class=\"wp-block-separator has-css-opacity is-style-wide\"\/>\n\n\n\n<ul class=\"wp-block-list has-normal-font-size\">\n<li>Alternativvorschl\u00e4ge<\/li>\n\n\n\n<li>Genehmigte Herstellerliste<\/li>\n\n\n\n<li>Kosten- &amp; Lieferzeiteffizienz<\/li>\n<\/ul>\n\n\n\n<div class=\"wp-block-buttons alignfull is-horizontal is-content-justification-center is-layout-flex wp-container-core-buttons-is-layout-499968f5 wp-block-buttons-is-layout-flex\">\n<div class=\"wp-block-button\"><a class=\"wp-block-button__link has-nv-site-bg-color has-nv-dark-bg-background-color has-text-color has-background wp-element-button\" href=\"http:\/\/www.cenpcba.com\/de\/components-sourcing\/\" target=\"_blank\" rel=\"noreferrer noopener\">Mehr erfahren<\/a><\/div>\n<\/div>\n<\/div>\n\n\n\n<div class=\"wp-block-column has-text-color has-background has-link-color wp-elements-4b020f23988e3718888904d305776b6d is-layout-flow wp-block-column-is-layout-flow\" style=\"color:#000000;background-color:#c0ebf1;padding-top:2em;padding-right:2em;padding-bottom:2em;padding-left:2em\">\n<h2 class=\"wp-block-heading\" style=\"font-size:40px\"><strong><strong><a href=\"http:\/\/www.cenpcba.com\/pcb-assembly\/\" target=\"_blank\" rel=\"noreferrer noopener\">PCBA<\/a><\/strong><\/strong><\/h2>\n\n\n\n<p class=\"has-normal-font-size\"><strong>Leiterplattenbest\u00fcckung<\/strong><\/p>\n\n\n\n<hr class=\"wp-block-separator has-css-opacity is-style-wide\"\/>\n\n\n\n<ul class=\"wp-block-list has-normal-font-size\">\n<li>SMT-, THT-Best\u00fcckung<\/li>\n\n\n\n<li>Rigid, FPC, Rigid-Flex-Montage<\/li>\n\n\n\n<li>Funktionstests der PCBA<\/li>\n<\/ul>\n\n\n\n<div class=\"wp-block-buttons alignfull is-horizontal is-content-justification-center is-layout-flex wp-container-core-buttons-is-layout-499968f5 wp-block-buttons-is-layout-flex\">\n<div class=\"wp-block-button\"><a class=\"wp-block-button__link has-nv-site-bg-color has-nv-dark-bg-background-color has-text-color has-background wp-element-button\" href=\"http:\/\/www.cenpcba.com\/pcb-assembly\/\" target=\"_blank\" rel=\"noreferrer noopener\">Mehr erfahren<\/a><\/div>\n<\/div>\n<\/div>\n<\/div>\n\n\n\n<div style=\"height:100px\" aria-hidden=\"true\" class=\"wp-block-spacer\"><\/div>\n\n\n\n<div class=\"wp-block-columns alignwide is-layout-flex wp-container-core-columns-is-layout-9d6595d7 wp-block-columns-is-layout-flex\">\n<div class=\"wp-block-column has-text-color has-background has-link-color wp-elements-75e02b54d6853245c34f8a3d4dc4ba5b is-layout-flow wp-block-column-is-layout-flow\" style=\"color:#000000;background-color:#ffe97d;padding-top:2em;padding-right:2em;padding-bottom:2em;padding-left:2em\">\n<h2 class=\"wp-block-heading\" style=\"font-size:40px\"><a href=\"http:\/\/www.cenpcba.com\/de\/box-build\/\" target=\"_blank\" rel=\"noreferrer noopener\">Box Build<\/a><\/h2>\n\n\n\n<p class=\"has-normal-font-size\" style=\"line-height:1.5\"><strong>Komplettger\u00e4te-Montage<\/strong><\/p>\n\n\n\n<hr class=\"wp-block-separator has-text-color has-css-opacity has-background is-style-wide\" style=\"background-color:#000000;color:#000000\"\/>\n\n\n\n<ul class=\"wp-block-list has-normal-font-size\">\n<li>Kunststoff- und Metallgeh\u00e4usemontage<\/li>\n\n\n\n<li>Funktionstests &amp; Burn-in-Test<\/li>\n\n\n\n<li>Kabelbaumfertigung<\/li>\n<\/ul>\n\n\n\n<div class=\"wp-block-buttons alignfull is-horizontal is-content-justification-center is-layout-flex wp-container-core-buttons-is-layout-499968f5 wp-block-buttons-is-layout-flex\">\n<div class=\"wp-block-button\"><a class=\"wp-block-button__link has-nv-site-bg-color has-nv-dark-bg-background-color has-text-color has-background wp-element-button\" href=\"http:\/\/www.cenpcba.com\/de\/box-build\/\" target=\"_blank\" rel=\"noreferrer noopener\">Mehr erfahren<\/a><\/div>\n<\/div>\n<\/div>\n\n\n\n<div class=\"wp-block-column has-text-color has-background has-link-color wp-elements-91d0e50b4336d224e5e3d622249d3ec1 is-layout-flow wp-block-column-is-layout-flow\" style=\"color:#000000;background-color:#d1d1e1;padding-top:2em;padding-right:2em;padding-bottom:2em;padding-left:2em\">\n<h2 class=\"wp-block-heading\" style=\"font-size:40px\"><a href=\"http:\/\/www.cenpcba.com\/de\/engineeing\/\" target=\"_blank\" rel=\"noreferrer noopener\">Engineeing<\/a><\/h2>\n\n\n\n<p class=\"has-normal-font-size\" style=\"line-height:1.5\"><strong>Entwicklung und Support<\/strong><\/p>\n\n\n\n<hr class=\"wp-block-separator has-css-opacity is-style-wide\"\/>\n\n\n\n<ul class=\"wp-block-list has-normal-font-size\">\n<li>Schaltungsdesign<\/li>\n\n\n\n<li>PCB-Layout<\/li>\n\n\n\n<li>Entwicklung von Testvorrichtungen<\/li>\n<\/ul>\n\n\n\n<div class=\"wp-block-buttons alignfull is-horizontal is-content-justification-center is-layout-flex wp-container-core-buttons-is-layout-499968f5 wp-block-buttons-is-layout-flex\">\n<div class=\"wp-block-button\"><a class=\"wp-block-button__link has-nv-site-bg-color has-nv-dark-bg-background-color has-text-color has-background wp-element-button\" href=\"http:\/\/www.cenpcba.com\/de\/engineeing\/\" target=\"_blank\" rel=\"noreferrer noopener\">Mehr erfahren<\/a><\/div>\n<\/div>\n<\/div>\n\n\n\n<div class=\"wp-block-column has-text-color has-background has-link-color wp-elements-abd188c0557234fe6c134c5b345aebb1 is-layout-flow wp-block-column-is-layout-flow\" style=\"color:#000000;background-color:#c0ebf1;padding-top:2em;padding-right:2em;padding-bottom:2em;padding-left:2em\">\n<h2 class=\"wp-block-heading\" style=\"font-size:40px\"><strong><a href=\"http:\/\/www.cenpcba.com\/de\/supply-chain\/\" target=\"_blank\" rel=\"noreferrer noopener\">Supply Chain<\/a><\/strong><\/h2>\n\n\n\n<p class=\"has-normal-font-size\"><strong>Management <\/strong><\/p>\n\n\n\n<hr class=\"wp-block-separator has-css-opacity is-style-wide\"\/>\n\n\n\n<ul class=\"wp-block-list has-normal-font-size\">\n<li>Materialbeschaffung<\/li>\n\n\n\n<li>Werksaudits<\/li>\n\n\n\n<li>Logistikabwicklung<\/li>\n<\/ul>\n\n\n\n<div class=\"wp-block-buttons alignfull is-horizontal is-content-justification-center is-layout-flex wp-container-core-buttons-is-layout-499968f5 wp-block-buttons-is-layout-flex\">\n<div class=\"wp-block-button\"><a class=\"wp-block-button__link has-nv-site-bg-color has-nv-dark-bg-background-color has-text-color has-background wp-element-button\" href=\"http:\/\/www.cenpcba.com\/de\/supply-chain\/\" target=\"_blank\" rel=\"noreferrer noopener\">Mehr erfahren<\/a><\/div>\n<\/div>\n<\/div>\n<\/div>\n\n\n\n<div class=\"wp-block-group alignfull has-text-color has-background\" style=\"color:#000000;background-color:#ffffff\"><div class=\"wp-block-group__inner-container is-layout-flow wp-block-group-is-layout-flow\">\n<div style=\"height:64px\" aria-hidden=\"true\" class=\"wp-block-spacer\"><\/div>\n\n\n\n<p class=\"has-text-align-center has-small-font-size\" style=\"line-height:.9\"><strong>KONTAKTIEREN SIE UNS<\/strong><\/p>\n\n\n\n<h2 class=\"wp-block-heading has-text-align-center\" id=\"schedule-a-visit\" style=\"font-size:59px;line-height:1.15\"><strong>Besuch vereinbaren<\/strong><\/h2>\n\n\n\n<div class=\"wp-block-buttons is-horizontal is-content-justification-center is-layout-flex wp-container-core-buttons-is-layout-499968f5 wp-block-buttons-is-layout-flex\">\n<div class=\"wp-block-button has-custom-width wp-block-button__width-50\"><a class=\"wp-block-button__link has-text-color has-background wp-element-button\" href=\"http:\/\/www.cenpcba.com\/de\/contact-us\/\" style=\"border-radius:50px;color:#ffffff;background-color:#000000\" target=\"_blank\" rel=\"noreferrer noopener\"><strong>Kontakt aufnehmen<\/strong><\/a><\/div>\n<\/div>\n\n\n\n<div style=\"height:64px\" aria-hidden=\"true\" class=\"wp-block-spacer\"><\/div>\n<\/div><\/div>\n\n\n\n<div style=\"height:100px\" aria-hidden=\"true\" class=\"wp-block-spacer\"><\/div>\n","protected":false},"excerpt":{"rendered":"<p>One Stop Elektronische Fertigung Als EMS-Dienstleister arbeitet CEN Seite an Seite mit seinen Kunden \u2013 von PCB-Design, PCB-Layout und der Einf\u00fchrung neuer Produkte (NPI) \u00fcber die Materialbeschaffung, Montage, Endverpackung und Logistik bis hin zum After-Sales-Support \u2013 und bietet eine komplette Servicepalette an. CEN bietet ein umfassendes Spektrum an Electronic Manufacturing Services, darunter Leiterplattenbest\u00fcckung, Teilmontage und&hellip;&nbsp;<a href=\"https:\/\/www.cenpcba.com\/de\/service\/\" class=\"\" rel=\"bookmark\">Mehr lesen &raquo;<span class=\"screen-reader-text\">Service<\/span><\/a><\/p>\n","protected":false},"author":1,"featured_media":0,"parent":0,"menu_order":0,"comment_status":"closed","ping_status":"closed","template":"","meta":{"neve_meta_sidebar":"","neve_meta_container":"","neve_meta_enable_content_width":"","neve_meta_content_width":0,"neve_meta_title_alignment":"","neve_meta_author_avatar":"","neve_post_elements_order":"","neve_meta_disable_header":"","neve_meta_disable_footer":"","neve_meta_disable_title":"on","neve_meta_reading_time":"","_joinchat":[],"footnotes":""},"class_list":["post-2515","page","type-page","status-publish","hentry"],"yoast_head":"<!-- This site is optimized with the Yoast SEO Premium plugin v23.2 (Yoast SEO v25.8) - https:\/\/yoast.com\/wordpress\/plugins\/seo\/ -->\n<title>CEN PCBA | Elektronikfertigung aus einer Hand | PCBA<\/title>\n<meta name=\"description\" content=\"CEN PCBA One Stop Electronic Manufacturing PCBA-Auftragshersteller in Shenzhen, China\" \/>\n<meta name=\"robots\" content=\"index, follow, max-snippet:-1, max-image-preview:large, max-video-preview:-1\" \/>\n<link rel=\"canonical\" href=\"https:\/\/www.cenpcba.com\/de\/service\/\" \/>\n<meta property=\"og:locale\" content=\"de_DE\" \/>\n<meta property=\"og:type\" content=\"article\" \/>\n<meta property=\"og:title\" content=\"Service\" \/>\n<meta property=\"og:description\" content=\"CEN PCBA One Stop Electronic Manufacturing PCBA-Auftragshersteller in Shenzhen, China\" \/>\n<meta property=\"og:url\" content=\"https:\/\/www.cenpcba.com\/de\/service\/\" \/>\n<meta property=\"og:site_name\" content=\"Contract Manufacturing\" \/>\n<meta property=\"article:publisher\" content=\"https:\/\/www.facebook.com\/cenpcba\" \/>\n<meta property=\"article:modified_time\" content=\"2025-03-04T08:40:04+00:00\" \/>\n<meta property=\"og:image\" content=\"http:\/\/www.cenpcba.com\/wp-content\/uploads\/2022\/07\/PCBA-Banner.jpg\" \/>\n<meta name=\"twitter:card\" content=\"summary_large_image\" \/>\n<meta name=\"twitter:label1\" content=\"Gesch\u00e4tzte Lesezeit\" \/>\n\t<meta name=\"twitter:data1\" content=\"2\u00a0Minuten\" \/>\n<script type=\"application\/ld+json\" class=\"yoast-schema-graph\">{\"@context\":\"https:\/\/schema.org\",\"@graph\":[{\"@type\":\"WebPage\",\"@id\":\"https:\/\/www.cenpcba.com\/de\/service\/\",\"url\":\"https:\/\/www.cenpcba.com\/de\/service\/\",\"name\":\"CEN PCBA | Elektronikfertigung aus einer Hand | PCBA\",\"isPartOf\":{\"@id\":\"https:\/\/www.cenpcba.com\/de\/#website\"},\"primaryImageOfPage\":{\"@id\":\"https:\/\/www.cenpcba.com\/de\/service\/#primaryimage\"},\"image\":{\"@id\":\"https:\/\/www.cenpcba.com\/de\/service\/#primaryimage\"},\"thumbnailUrl\":\"http:\/\/www.cenpcba.com\/wp-content\/uploads\/2022\/07\/PCBA-Banner.jpg\",\"datePublished\":\"2022-07-10T05:05:50+00:00\",\"dateModified\":\"2025-03-04T08:40:04+00:00\",\"description\":\"CEN PCBA One Stop Electronic Manufacturing PCBA-Auftragshersteller in Shenzhen, China\",\"breadcrumb\":{\"@id\":\"https:\/\/www.cenpcba.com\/de\/service\/#breadcrumb\"},\"inLanguage\":\"de\",\"potentialAction\":[{\"@type\":\"ReadAction\",\"target\":[\"https:\/\/www.cenpcba.com\/de\/service\/\"]}]},{\"@type\":\"ImageObject\",\"inLanguage\":\"de\",\"@id\":\"https:\/\/www.cenpcba.com\/de\/service\/#primaryimage\",\"url\":\"http:\/\/www.cenpcba.com\/wp-content\/uploads\/2022\/07\/PCBA-Banner.jpg\",\"contentUrl\":\"http:\/\/www.cenpcba.com\/wp-content\/uploads\/2022\/07\/PCBA-Banner.jpg\"},{\"@type\":\"BreadcrumbList\",\"@id\":\"https:\/\/www.cenpcba.com\/de\/service\/#breadcrumb\",\"itemListElement\":[{\"@type\":\"ListItem\",\"position\":1,\"name\":\"\u9996\u9875\",\"item\":\"https:\/\/www.cenpcba.com\/de\/\"},{\"@type\":\"ListItem\",\"position\":2,\"name\":\"Service\"}]},{\"@type\":\"WebSite\",\"@id\":\"https:\/\/www.cenpcba.com\/de\/#website\",\"url\":\"https:\/\/www.cenpcba.com\/de\/\",\"name\":\"Contact Electronic Manufacturing Service Factory in Shenzhen, China\",\"description\":\"PCB Assembly\",\"publisher\":{\"@id\":\"https:\/\/www.cenpcba.com\/de\/#organization\"},\"alternateName\":\"One stop EMS service from PCB Manufacturing, Pcb assembly, smt, dip box assembly\",\"potentialAction\":[{\"@type\":\"SearchAction\",\"target\":{\"@type\":\"EntryPoint\",\"urlTemplate\":\"https:\/\/www.cenpcba.com\/de\/?s={search_term_string}\"},\"query-input\":{\"@type\":\"PropertyValueSpecification\",\"valueRequired\":true,\"valueName\":\"search_term_string\"}}],\"inLanguage\":\"de\"},{\"@type\":\"Organization\",\"@id\":\"https:\/\/www.cenpcba.com\/de\/#organization\",\"name\":\"CEN Electronic Technology Co., Ltd\",\"alternateName\":\"CEN PCBA\",\"url\":\"https:\/\/www.cenpcba.com\/de\/\",\"logo\":{\"@type\":\"ImageObject\",\"inLanguage\":\"de\",\"@id\":\"https:\/\/www.cenpcba.com\/de\/#\/schema\/logo\/image\/\",\"url\":\"http:\/\/www.cenpcba.com\/wp-content\/uploads\/2022\/07\/CEN-Logo-L.png\",\"contentUrl\":\"http:\/\/www.cenpcba.com\/wp-content\/uploads\/2022\/07\/CEN-Logo-L.png\",\"width\":960,\"height\":856,\"caption\":\"CEN Electronic Technology Co., Ltd\"},\"image\":{\"@id\":\"https:\/\/www.cenpcba.com\/de\/#\/schema\/logo\/image\/\"},\"sameAs\":[\"https:\/\/www.facebook.com\/cenpcba\",\"https:\/\/www.linkedin.com\/company\/cenpcba\"]}]}<\/script>\n<!-- \/ Yoast SEO Premium plugin. -->","yoast_head_json":{"title":"CEN PCBA | Elektronikfertigung aus einer Hand | PCBA","description":"CEN PCBA One Stop Electronic Manufacturing PCBA-Auftragshersteller in Shenzhen, China","robots":{"index":"index","follow":"follow","max-snippet":"max-snippet:-1","max-image-preview":"max-image-preview:large","max-video-preview":"max-video-preview:-1"},"canonical":"https:\/\/www.cenpcba.com\/de\/service\/","og_locale":"de_DE","og_type":"article","og_title":"Service","og_description":"CEN PCBA One Stop Electronic Manufacturing PCBA-Auftragshersteller in Shenzhen, China","og_url":"https:\/\/www.cenpcba.com\/de\/service\/","og_site_name":"Contract Manufacturing","article_publisher":"https:\/\/www.facebook.com\/cenpcba","article_modified_time":"2025-03-04T08:40:04+00:00","og_image":[{"url":"http:\/\/www.cenpcba.com\/wp-content\/uploads\/2022\/07\/PCBA-Banner.jpg","type":"","width":"","height":""}],"twitter_card":"summary_large_image","twitter_misc":{"Gesch\u00e4tzte Lesezeit":"2\u00a0Minuten"},"schema":{"@context":"https:\/\/schema.org","@graph":[{"@type":"WebPage","@id":"https:\/\/www.cenpcba.com\/de\/service\/","url":"https:\/\/www.cenpcba.com\/de\/service\/","name":"CEN PCBA | Elektronikfertigung aus einer Hand | PCBA","isPartOf":{"@id":"https:\/\/www.cenpcba.com\/de\/#website"},"primaryImageOfPage":{"@id":"https:\/\/www.cenpcba.com\/de\/service\/#primaryimage"},"image":{"@id":"https:\/\/www.cenpcba.com\/de\/service\/#primaryimage"},"thumbnailUrl":"http:\/\/www.cenpcba.com\/wp-content\/uploads\/2022\/07\/PCBA-Banner.jpg","datePublished":"2022-07-10T05:05:50+00:00","dateModified":"2025-03-04T08:40:04+00:00","description":"CEN PCBA One Stop Electronic Manufacturing PCBA-Auftragshersteller in Shenzhen, China","breadcrumb":{"@id":"https:\/\/www.cenpcba.com\/de\/service\/#breadcrumb"},"inLanguage":"de","potentialAction":[{"@type":"ReadAction","target":["https:\/\/www.cenpcba.com\/de\/service\/"]}]},{"@type":"ImageObject","inLanguage":"de","@id":"https:\/\/www.cenpcba.com\/de\/service\/#primaryimage","url":"http:\/\/www.cenpcba.com\/wp-content\/uploads\/2022\/07\/PCBA-Banner.jpg","contentUrl":"http:\/\/www.cenpcba.com\/wp-content\/uploads\/2022\/07\/PCBA-Banner.jpg"},{"@type":"BreadcrumbList","@id":"https:\/\/www.cenpcba.com\/de\/service\/#breadcrumb","itemListElement":[{"@type":"ListItem","position":1,"name":"\u9996\u9875","item":"https:\/\/www.cenpcba.com\/de\/"},{"@type":"ListItem","position":2,"name":"Service"}]},{"@type":"WebSite","@id":"https:\/\/www.cenpcba.com\/de\/#website","url":"https:\/\/www.cenpcba.com\/de\/","name":"Contact Electronic Manufacturing Service Factory in Shenzhen, China","description":"PCB Assembly","publisher":{"@id":"https:\/\/www.cenpcba.com\/de\/#organization"},"alternateName":"One stop EMS service from PCB Manufacturing, Pcb assembly, smt, dip box assembly","potentialAction":[{"@type":"SearchAction","target":{"@type":"EntryPoint","urlTemplate":"https:\/\/www.cenpcba.com\/de\/?s={search_term_string}"},"query-input":{"@type":"PropertyValueSpecification","valueRequired":true,"valueName":"search_term_string"}}],"inLanguage":"de"},{"@type":"Organization","@id":"https:\/\/www.cenpcba.com\/de\/#organization","name":"CEN Electronic Technology Co., Ltd","alternateName":"CEN PCBA","url":"https:\/\/www.cenpcba.com\/de\/","logo":{"@type":"ImageObject","inLanguage":"de","@id":"https:\/\/www.cenpcba.com\/de\/#\/schema\/logo\/image\/","url":"http:\/\/www.cenpcba.com\/wp-content\/uploads\/2022\/07\/CEN-Logo-L.png","contentUrl":"http:\/\/www.cenpcba.com\/wp-content\/uploads\/2022\/07\/CEN-Logo-L.png","width":960,"height":856,"caption":"CEN Electronic Technology Co., Ltd"},"image":{"@id":"https:\/\/www.cenpcba.com\/de\/#\/schema\/logo\/image\/"},"sameAs":["https:\/\/www.facebook.com\/cenpcba","https:\/\/www.linkedin.com\/company\/cenpcba"]}]}},"_links":{"self":[{"href":"https:\/\/www.cenpcba.com\/de\/wp-json\/wp\/v2\/pages\/2515","targetHints":{"allow":["GET"]}}],"collection":[{"href":"https:\/\/www.cenpcba.com\/de\/wp-json\/wp\/v2\/pages"}],"about":[{"href":"https:\/\/www.cenpcba.com\/de\/wp-json\/wp\/v2\/types\/page"}],"author":[{"embeddable":true,"href":"https:\/\/www.cenpcba.com\/de\/wp-json\/wp\/v2\/users\/1"}],"replies":[{"embeddable":true,"href":"https:\/\/www.cenpcba.com\/de\/wp-json\/wp\/v2\/comments?post=2515"}],"version-history":[{"count":2,"href":"https:\/\/www.cenpcba.com\/de\/wp-json\/wp\/v2\/pages\/2515\/revisions"}],"predecessor-version":[{"id":2719,"href":"https:\/\/www.cenpcba.com\/de\/wp-json\/wp\/v2\/pages\/2515\/revisions\/2719"}],"wp:attachment":[{"href":"https:\/\/www.cenpcba.com\/de\/wp-json\/wp\/v2\/media?parent=2515"}],"curies":[{"name":"wp","href":"https:\/\/api.w.org\/{rel}","templated":true}]}}