{"id":2541,"date":"2022-07-10T17:09:11","date_gmt":"2022-07-10T09:09:11","guid":{"rendered":"http:\/\/www.cenpcba.com\/pcb\/"},"modified":"2025-03-04T17:05:35","modified_gmt":"2025-03-04T09:05:35","slug":"pcb","status":"publish","type":"page","link":"https:\/\/www.cenpcba.com\/de\/pcb\/","title":{"rendered":"PCB"},"content":{"rendered":"\n<div class=\"wp-block-cover alignfull\" style=\"min-height:273px;aspect-ratio:unset;\"><span aria-hidden=\"true\" class=\"wp-block-cover__background has-background-dim\"><\/span><img fetchpriority=\"high\" decoding=\"async\" width=\"2560\" height=\"1707\" class=\"wp-block-cover__image-background wp-image-563\" alt=\"\" src=\"http:\/\/www.cenpcba.com\/wp-content\/uploads\/2022\/07\/\u6444\u56fe\u7f51_400090540-scaled.jpg\" data-object-fit=\"cover\" srcset=\"https:\/\/www.cenpcba.com\/wp-content\/uploads\/2022\/07\/\u6444\u56fe\u7f51_400090540-scaled.jpg 2560w, https:\/\/www.cenpcba.com\/wp-content\/uploads\/2022\/07\/\u6444\u56fe\u7f51_400090540-300x200.jpg 300w, https:\/\/www.cenpcba.com\/wp-content\/uploads\/2022\/07\/\u6444\u56fe\u7f51_400090540-1024x683.jpg 1024w, https:\/\/www.cenpcba.com\/wp-content\/uploads\/2022\/07\/\u6444\u56fe\u7f51_400090540-768x512.jpg 768w, https:\/\/www.cenpcba.com\/wp-content\/uploads\/2022\/07\/\u6444\u56fe\u7f51_400090540-1536x1024.jpg 1536w, https:\/\/www.cenpcba.com\/wp-content\/uploads\/2022\/07\/\u6444\u56fe\u7f51_400090540-2048x1365.jpg 2048w, https:\/\/www.cenpcba.com\/wp-content\/uploads\/2022\/07\/\u6444\u56fe\u7f51_400090540-930x620.jpg 930w\" sizes=\"(max-width: 2560px) 100vw, 2560px\" \/><div class=\"wp-block-cover__inner-container is-layout-flow wp-block-cover-is-layout-flow\">\n<h1 class=\"wp-block-heading has-text-align-center has-large-font-size\">PCB<\/h1>\n<\/div><\/div>\n\n\n\n<div style=\"height:183px\" aria-hidden=\"true\" class=\"wp-block-spacer\"><\/div>\n\n\n\n<div class=\"wp-block-columns is-layout-flex wp-container-core-columns-is-layout-9d6595d7 wp-block-columns-is-layout-flex\">\n<div class=\"wp-block-column is-layout-flow wp-block-column-is-layout-flow\">\n<figure class=\"wp-block-image size-large\"><img decoding=\"async\" width=\"1024\" height=\"576\" src=\"http:\/\/www.cenpcba.com\/wp-content\/uploads\/2022\/07\/400218747-1024x576.jpg\" alt=\"\" class=\"wp-image-551\" srcset=\"https:\/\/www.cenpcba.com\/wp-content\/uploads\/2022\/07\/400218747-1024x576.jpg 1024w, https:\/\/www.cenpcba.com\/wp-content\/uploads\/2022\/07\/400218747-300x169.jpg 300w, https:\/\/www.cenpcba.com\/wp-content\/uploads\/2022\/07\/400218747-768x432.jpg 768w, https:\/\/www.cenpcba.com\/wp-content\/uploads\/2022\/07\/400218747-1536x864.jpg 1536w, https:\/\/www.cenpcba.com\/wp-content\/uploads\/2022\/07\/400218747-2048x1152.jpg 2048w\" sizes=\"(max-width: 1024px) 100vw, 1024px\" \/><\/figure>\n<\/div>\n\n\n\n<div class=\"wp-block-column is-layout-flow wp-block-column-is-layout-flow\">\n<p>Eine Leiterplatte (PCB), auch bekannt als Printed Circuit Board (PWB), dient zur mechanischen Unterst\u00fctzung elektronischer Bauteile. Sie nutzt leitf\u00e4hige Pads, die speziell f\u00fcr die Anschl\u00fcsse der Komponenten entworfen wurden, und verbindet diese elektrisch \u00fcber Leiterbahnen, Massefl\u00e4chen und andere Strukturen. Diese werden aus einer oder mehreren Kupferschichten ge\u00e4tzt, die auf oder zwischen nicht leitenden Substratschichten laminiert sind. Die Bauteile werden in der Regel auf die PCB gel\u00f6tet, um sowohl die elektrische Verbindung als auch die mechanische Befestigung sicherzustellen. Leiterplatten k\u00f6nnen einseitig, doppelseitig, mehrlagig oder als Rigid-Flex-PCB ausgef\u00fchrt sein.<\/p>\n<\/div>\n<\/div>\n\n\n\n<div style=\"height:100px\" aria-hidden=\"true\" class=\"wp-block-spacer\"><\/div>\n\n\n\n<h2 class=\"wp-block-heading\" id=\"h-was-konnen-wir-fur-sie-tun\">WAS K\u00d6NNEN WIR F\u00dcR SIE TUN?<\/h2>\n\n\n\n<div class=\"wp-block-columns is-layout-flex wp-container-core-columns-is-layout-9d6595d7 wp-block-columns-is-layout-flex\">\n<div class=\"wp-block-column is-layout-flow wp-block-column-is-layout-flow\">\n<p>Materialien:PI : 3mil 2mil 1mil 0.8mil 0.5mil<br>ED&amp;RA Cu : 2OZ 1OZ 1 \/ 2OZ 1 \/ 3OZ 1 \/ 4OZ<br>Shengyi \/ Taiflex \/ Dupont \/ Doosan \/ Thinflex<\/p>\n\n\n\n<p><strong>Flex-PCB-F\u00e4higkeiten:<br><\/strong>Schichtanzahl: 1-10 Lagen<br>Min. Dicke: 0,08 \u00b1 0,03 mm<br>Max. Dicke: 6 mm<br>Max. Gr\u00f6\u00dfe: 485 mm \u00d7 1000 mm<br>Min. Lochdurchmesser: 0,15 mm<br>Min. Langloch: 0,6 mm<br>Aspektverh\u00e4ltnis: 10:1<br>Min. Leiterbahnbreite\/-abstand: 0,05 \/ 0,05 mm<\/p>\n<\/div>\n\n\n\n<div class=\"wp-block-column is-layout-flow wp-block-column-is-layout-flow\">\n<figure class=\"wp-block-image size-full is-resized\"><img decoding=\"async\" width=\"726\" height=\"706\" src=\"http:\/\/www.cenpcba.com\/wp-content\/uploads\/2022\/07\/Flex-PCB-3.jpg\" alt=\"\" class=\"wp-image-554\" style=\"width:539px;height:523px\" srcset=\"https:\/\/www.cenpcba.com\/wp-content\/uploads\/2022\/07\/Flex-PCB-3.jpg 726w, https:\/\/www.cenpcba.com\/wp-content\/uploads\/2022\/07\/Flex-PCB-3-300x292.jpg 300w\" sizes=\"(max-width: 726px) 100vw, 726px\" \/><\/figure>\n<\/div>\n<\/div>\n\n\n\n<div class=\"wp-block-columns is-layout-flex wp-container-core-columns-is-layout-9d6595d7 wp-block-columns-is-layout-flex\">\n<div class=\"wp-block-column is-layout-flow wp-block-column-is-layout-flow\">\n<figure class=\"wp-block-image size-full\"><img loading=\"lazy\" decoding=\"async\" width=\"960\" height=\"856\" src=\"http:\/\/www.cenpcba.com\/wp-content\/uploads\/2022\/07\/PCB-1.jpg\" alt=\"\" class=\"wp-image-365\" srcset=\"https:\/\/www.cenpcba.com\/wp-content\/uploads\/2022\/07\/PCB-1.jpg 960w, https:\/\/www.cenpcba.com\/wp-content\/uploads\/2022\/07\/PCB-1-300x268.jpg 300w, https:\/\/www.cenpcba.com\/wp-content\/uploads\/2022\/07\/PCB-1-768x685.jpg 768w\" sizes=\"(max-width: 960px) 100vw, 960px\" \/><\/figure>\n<\/div>\n\n\n\n<div class=\"wp-block-column is-layout-flow wp-block-column-is-layout-flow\">\n<p><strong>Materialien f\u00fcr starre PCBs:<\/strong><\/p>\n\n\n\n<p>FR-4(High Tg, Halogen Free, High Frequency)<br>FR-5, CEM-3, PTFE, BT, Getek, Aluminium base\uff0cCopper base\uff0cKB, Nanya, Shengyi, ITEQ, ILM, Isola, Nelco, Rogers, Arlon<\/p>\n\n\n\n<p><strong>Oberfl\u00e4chenveredelungen<\/strong>:<\/p>\n\n\n\n<p>HASL \/ bleifreies HASL<br>Immersionsgold (ENIG), Immersionszinn, Immersionssilber<br>Organische L\u00f6tbarkeitsschutzschicht (OSP \/ ENTEK)<br>Hartvergoldung (Flash Gold), Gold bis zu 3\u00b5m (120\u00b5&#8220;)<br>ENEPIG, selektive Vergoldung<br>Goldfinger, Kohlenstoffdruck, abziehbare L\u00f6tstoppmaske<\/p>\n<\/div>\n<\/div>\n\n\n\n<div class=\"wp-block-columns is-layout-flex wp-container-core-columns-is-layout-9d6595d7 wp-block-columns-is-layout-flex\">\n<div class=\"wp-block-column is-layout-flow wp-block-column-is-layout-flow\">\n<p><\/p>\n\n\n\n<p>Material:PI : 3mil 2mil 1mil 0.8mil 0.5mil<br>ED&amp;RA Cu : 2OZ 1OZ 1 \/ 2OZ 1 \/ 3OZ 1 \/ 4OZ<br>Shengyi \/ Taiflex \/ Dupont \/ Doosan \/ Thinflex<\/p>\n\n\n\n<p>Flex PCB capability:1-10 Layers<br>Min. Thickness:0.08 +\/- 0.03mm<br>Max. Thickness:6mm<br>Max. Size:485mm * 1000mm<br>Min.Hole:0.15mm<br>Min.Slot Hole:0.6mm<br>Aspect Ratio: 10-1<br>Min.Width \/ Space: 0.05 \/ 0.05mm   <\/p>\n<\/div>\n\n\n\n<div class=\"wp-block-column is-layout-flow wp-block-column-is-layout-flow\">\n<figure class=\"wp-block-image size-full is-resized\"><img loading=\"lazy\" decoding=\"async\" width=\"712\" height=\"720\" src=\"http:\/\/www.cenpcba.com\/wp-content\/uploads\/2022\/07\/Flex-PCB-2.jpg\" alt=\"\" class=\"wp-image-555\" style=\"width:546px;height:551px\" srcset=\"https:\/\/www.cenpcba.com\/wp-content\/uploads\/2022\/07\/Flex-PCB-2.jpg 712w, https:\/\/www.cenpcba.com\/wp-content\/uploads\/2022\/07\/Flex-PCB-2-297x300.jpg 297w\" sizes=\"(max-width: 712px) 100vw, 712px\" \/><\/figure>\n<\/div>\n<\/div>\n\n\n\n<div class=\"wp-block-group alignfull has-text-color has-background\" style=\"color:#000000;background-color:#ffffff\"><div class=\"wp-block-group__inner-container is-layout-flow wp-block-group-is-layout-flow\">\n<div style=\"height:64px\" aria-hidden=\"true\" class=\"wp-block-spacer\"><\/div>\n\n\n\n<p class=\"has-text-align-center has-small-font-size\" style=\"line-height:.9\"><strong><strong>KONTAKTIEREN SIE UNS<\/strong><\/strong><\/p>\n\n\n\n<h2 class=\"wp-block-heading has-text-align-center\" id=\"schedule-a-visit\" style=\"font-size:59px;line-height:1.15\"><strong><strong>Besuch vereinbaren<\/strong><\/strong><\/h2>\n\n\n\n<div class=\"wp-block-buttons is-horizontal is-content-justification-center is-layout-flex wp-container-core-buttons-is-layout-499968f5 wp-block-buttons-is-layout-flex\">\n<div class=\"wp-block-button has-custom-width wp-block-button__width-50\"><a class=\"wp-block-button__link has-text-color has-background wp-element-button\" href=\"http:\/\/www.cenpcba.com\/de\/contact-us\/\" style=\"border-radius:50px;color:#ffffff;background-color:#000000\" target=\"_blank\" rel=\"noreferrer noopener\"><strong>Kontakt aufnehmen<\/strong><\/a><\/div>\n<\/div>\n\n\n\n<div style=\"height:64px\" aria-hidden=\"true\" class=\"wp-block-spacer\"><\/div>\n<\/div><\/div>\n","protected":false},"excerpt":{"rendered":"<p>Eine Leiterplatte (PCB), auch bekannt als Printed Circuit Board (PWB), dient zur mechanischen Unterst\u00fctzung elektronischer Bauteile. Sie nutzt leitf\u00e4hige Pads, die speziell f\u00fcr die Anschl\u00fcsse der Komponenten entworfen wurden, und verbindet diese elektrisch \u00fcber Leiterbahnen, Massefl\u00e4chen und andere Strukturen. Diese werden aus einer oder mehreren Kupferschichten ge\u00e4tzt, die auf oder zwischen nicht leitenden Substratschichten laminiert&hellip;&nbsp;<a href=\"https:\/\/www.cenpcba.com\/de\/pcb\/\" class=\"\" rel=\"bookmark\">Mehr lesen &raquo;<span class=\"screen-reader-text\">PCB<\/span><\/a><\/p>\n","protected":false},"author":1,"featured_media":0,"parent":0,"menu_order":0,"comment_status":"closed","ping_status":"closed","template":"","meta":{"neve_meta_sidebar":"","neve_meta_container":"","neve_meta_enable_content_width":"","neve_meta_content_width":0,"neve_meta_title_alignment":"","neve_meta_author_avatar":"","neve_post_elements_order":"","neve_meta_disable_header":"","neve_meta_disable_footer":"","neve_meta_disable_title":"on","neve_meta_reading_time":"","_joinchat":[],"footnotes":""},"class_list":["post-2541","page","type-page","status-publish","hentry"],"yoast_head":"<!-- This site is optimized with the Yoast SEO Premium plugin v23.2 (Yoast SEO v25.8) - https:\/\/yoast.com\/wordpress\/plugins\/seo\/ -->\n<title>PCB | Herstellungsservice f\u00fcr Leiterplatten | CEN PCBA<\/title>\n<meta name=\"description\" content=\"Eine Leiterplatte, auch bekannt als \u201ePrinted Circuit Board\u201c (PWB), ist eine Leiterplatte, die elektronische Komponenten mithilfe von leitf\u00e4higen Pads in einer Form, die f\u00fcr die Aufnahme der Anschl\u00fcsse der Komponente ausgelegt ist, mechanisch st\u00fctzt\" \/>\n<meta name=\"robots\" content=\"index, follow, max-snippet:-1, max-image-preview:large, max-video-preview:-1\" \/>\n<link rel=\"canonical\" href=\"https:\/\/www.cenpcba.com\/de\/pcb\/\" \/>\n<meta property=\"og:locale\" content=\"de_DE\" \/>\n<meta property=\"og:type\" content=\"article\" \/>\n<meta property=\"og:title\" content=\"PCB\" \/>\n<meta property=\"og:description\" content=\"Eine Leiterplatte, auch bekannt als \u201ePrinted Circuit Board\u201c (PWB), ist eine Leiterplatte, die elektronische Komponenten mithilfe von leitf\u00e4higen Pads in einer Form, die f\u00fcr die Aufnahme der Anschl\u00fcsse der Komponente ausgelegt ist, mechanisch st\u00fctzt\" \/>\n<meta property=\"og:url\" content=\"https:\/\/www.cenpcba.com\/de\/pcb\/\" \/>\n<meta property=\"og:site_name\" content=\"Contract Manufacturing\" \/>\n<meta property=\"article:publisher\" content=\"https:\/\/www.facebook.com\/cenpcba\" \/>\n<meta property=\"article:modified_time\" content=\"2025-03-04T09:05:35+00:00\" \/>\n<meta property=\"og:image\" content=\"http:\/\/www.cenpcba.com\/wp-content\/uploads\/2022\/07\/400218747-1024x576.jpg\" \/>\n<meta name=\"twitter:card\" content=\"summary_large_image\" \/>\n<meta name=\"twitter:label1\" content=\"Gesch\u00e4tzte Lesezeit\" \/>\n\t<meta name=\"twitter:data1\" content=\"3\u00a0Minuten\" \/>\n<script type=\"application\/ld+json\" class=\"yoast-schema-graph\">{\"@context\":\"https:\/\/schema.org\",\"@graph\":[{\"@type\":\"WebPage\",\"@id\":\"https:\/\/www.cenpcba.com\/de\/pcb\/\",\"url\":\"https:\/\/www.cenpcba.com\/de\/pcb\/\",\"name\":\"PCB | Herstellungsservice f\u00fcr Leiterplatten | CEN PCBA\",\"isPartOf\":{\"@id\":\"https:\/\/www.cenpcba.com\/de\/#website\"},\"primaryImageOfPage\":{\"@id\":\"https:\/\/www.cenpcba.com\/de\/pcb\/#primaryimage\"},\"image\":{\"@id\":\"https:\/\/www.cenpcba.com\/de\/pcb\/#primaryimage\"},\"thumbnailUrl\":\"http:\/\/www.cenpcba.com\/wp-content\/uploads\/2022\/07\/400218747-1024x576.jpg\",\"datePublished\":\"2022-07-10T09:09:11+00:00\",\"dateModified\":\"2025-03-04T09:05:35+00:00\",\"description\":\"Eine Leiterplatte, auch bekannt als \u201ePrinted Circuit Board\u201c (PWB), ist eine Leiterplatte, die elektronische Komponenten mithilfe von leitf\u00e4higen Pads in einer Form, die f\u00fcr die Aufnahme der Anschl\u00fcsse der Komponente ausgelegt ist, mechanisch st\u00fctzt\",\"breadcrumb\":{\"@id\":\"https:\/\/www.cenpcba.com\/de\/pcb\/#breadcrumb\"},\"inLanguage\":\"de\",\"potentialAction\":[{\"@type\":\"ReadAction\",\"target\":[\"https:\/\/www.cenpcba.com\/de\/pcb\/\"]}]},{\"@type\":\"ImageObject\",\"inLanguage\":\"de\",\"@id\":\"https:\/\/www.cenpcba.com\/de\/pcb\/#primaryimage\",\"url\":\"http:\/\/www.cenpcba.com\/wp-content\/uploads\/2022\/07\/400218747-1024x576.jpg\",\"contentUrl\":\"http:\/\/www.cenpcba.com\/wp-content\/uploads\/2022\/07\/400218747-1024x576.jpg\"},{\"@type\":\"BreadcrumbList\",\"@id\":\"https:\/\/www.cenpcba.com\/de\/pcb\/#breadcrumb\",\"itemListElement\":[{\"@type\":\"ListItem\",\"position\":1,\"name\":\"\u9996\u9875\",\"item\":\"https:\/\/www.cenpcba.com\/de\/\"},{\"@type\":\"ListItem\",\"position\":2,\"name\":\"PCB\"}]},{\"@type\":\"WebSite\",\"@id\":\"https:\/\/www.cenpcba.com\/de\/#website\",\"url\":\"https:\/\/www.cenpcba.com\/de\/\",\"name\":\"Contact Electronic Manufacturing Service Factory in Shenzhen, China\",\"description\":\"PCB Assembly\",\"publisher\":{\"@id\":\"https:\/\/www.cenpcba.com\/de\/#organization\"},\"alternateName\":\"One stop EMS service from PCB Manufacturing, Pcb assembly, smt, dip box assembly\",\"potentialAction\":[{\"@type\":\"SearchAction\",\"target\":{\"@type\":\"EntryPoint\",\"urlTemplate\":\"https:\/\/www.cenpcba.com\/de\/?s={search_term_string}\"},\"query-input\":{\"@type\":\"PropertyValueSpecification\",\"valueRequired\":true,\"valueName\":\"search_term_string\"}}],\"inLanguage\":\"de\"},{\"@type\":\"Organization\",\"@id\":\"https:\/\/www.cenpcba.com\/de\/#organization\",\"name\":\"CEN Electronic Technology Co., Ltd\",\"alternateName\":\"CEN PCBA\",\"url\":\"https:\/\/www.cenpcba.com\/de\/\",\"logo\":{\"@type\":\"ImageObject\",\"inLanguage\":\"de\",\"@id\":\"https:\/\/www.cenpcba.com\/de\/#\/schema\/logo\/image\/\",\"url\":\"http:\/\/www.cenpcba.com\/wp-content\/uploads\/2022\/07\/CEN-Logo-L.png\",\"contentUrl\":\"http:\/\/www.cenpcba.com\/wp-content\/uploads\/2022\/07\/CEN-Logo-L.png\",\"width\":960,\"height\":856,\"caption\":\"CEN Electronic Technology Co., Ltd\"},\"image\":{\"@id\":\"https:\/\/www.cenpcba.com\/de\/#\/schema\/logo\/image\/\"},\"sameAs\":[\"https:\/\/www.facebook.com\/cenpcba\",\"https:\/\/www.linkedin.com\/company\/cenpcba\"]}]}<\/script>\n<!-- \/ Yoast SEO Premium plugin. -->","yoast_head_json":{"title":"PCB | Herstellungsservice f\u00fcr Leiterplatten | CEN PCBA","description":"Eine Leiterplatte, auch bekannt als \u201ePrinted Circuit Board\u201c (PWB), ist eine Leiterplatte, die elektronische Komponenten mithilfe von leitf\u00e4higen Pads in einer Form, die f\u00fcr die Aufnahme der Anschl\u00fcsse der Komponente ausgelegt ist, mechanisch st\u00fctzt","robots":{"index":"index","follow":"follow","max-snippet":"max-snippet:-1","max-image-preview":"max-image-preview:large","max-video-preview":"max-video-preview:-1"},"canonical":"https:\/\/www.cenpcba.com\/de\/pcb\/","og_locale":"de_DE","og_type":"article","og_title":"PCB","og_description":"Eine Leiterplatte, auch bekannt als \u201ePrinted Circuit Board\u201c (PWB), ist eine Leiterplatte, die elektronische Komponenten mithilfe von leitf\u00e4higen Pads in einer Form, die f\u00fcr die Aufnahme der Anschl\u00fcsse der Komponente ausgelegt ist, mechanisch st\u00fctzt","og_url":"https:\/\/www.cenpcba.com\/de\/pcb\/","og_site_name":"Contract Manufacturing","article_publisher":"https:\/\/www.facebook.com\/cenpcba","article_modified_time":"2025-03-04T09:05:35+00:00","og_image":[{"url":"http:\/\/www.cenpcba.com\/wp-content\/uploads\/2022\/07\/400218747-1024x576.jpg","type":"","width":"","height":""}],"twitter_card":"summary_large_image","twitter_misc":{"Gesch\u00e4tzte Lesezeit":"3\u00a0Minuten"},"schema":{"@context":"https:\/\/schema.org","@graph":[{"@type":"WebPage","@id":"https:\/\/www.cenpcba.com\/de\/pcb\/","url":"https:\/\/www.cenpcba.com\/de\/pcb\/","name":"PCB | Herstellungsservice f\u00fcr Leiterplatten | CEN PCBA","isPartOf":{"@id":"https:\/\/www.cenpcba.com\/de\/#website"},"primaryImageOfPage":{"@id":"https:\/\/www.cenpcba.com\/de\/pcb\/#primaryimage"},"image":{"@id":"https:\/\/www.cenpcba.com\/de\/pcb\/#primaryimage"},"thumbnailUrl":"http:\/\/www.cenpcba.com\/wp-content\/uploads\/2022\/07\/400218747-1024x576.jpg","datePublished":"2022-07-10T09:09:11+00:00","dateModified":"2025-03-04T09:05:35+00:00","description":"Eine Leiterplatte, auch bekannt als \u201ePrinted Circuit Board\u201c (PWB), ist eine Leiterplatte, die elektronische Komponenten mithilfe von leitf\u00e4higen Pads in einer Form, die f\u00fcr die Aufnahme der Anschl\u00fcsse der Komponente ausgelegt ist, mechanisch st\u00fctzt","breadcrumb":{"@id":"https:\/\/www.cenpcba.com\/de\/pcb\/#breadcrumb"},"inLanguage":"de","potentialAction":[{"@type":"ReadAction","target":["https:\/\/www.cenpcba.com\/de\/pcb\/"]}]},{"@type":"ImageObject","inLanguage":"de","@id":"https:\/\/www.cenpcba.com\/de\/pcb\/#primaryimage","url":"http:\/\/www.cenpcba.com\/wp-content\/uploads\/2022\/07\/400218747-1024x576.jpg","contentUrl":"http:\/\/www.cenpcba.com\/wp-content\/uploads\/2022\/07\/400218747-1024x576.jpg"},{"@type":"BreadcrumbList","@id":"https:\/\/www.cenpcba.com\/de\/pcb\/#breadcrumb","itemListElement":[{"@type":"ListItem","position":1,"name":"\u9996\u9875","item":"https:\/\/www.cenpcba.com\/de\/"},{"@type":"ListItem","position":2,"name":"PCB"}]},{"@type":"WebSite","@id":"https:\/\/www.cenpcba.com\/de\/#website","url":"https:\/\/www.cenpcba.com\/de\/","name":"Contact Electronic Manufacturing Service Factory in Shenzhen, China","description":"PCB Assembly","publisher":{"@id":"https:\/\/www.cenpcba.com\/de\/#organization"},"alternateName":"One stop EMS service from PCB Manufacturing, Pcb assembly, smt, dip box assembly","potentialAction":[{"@type":"SearchAction","target":{"@type":"EntryPoint","urlTemplate":"https:\/\/www.cenpcba.com\/de\/?s={search_term_string}"},"query-input":{"@type":"PropertyValueSpecification","valueRequired":true,"valueName":"search_term_string"}}],"inLanguage":"de"},{"@type":"Organization","@id":"https:\/\/www.cenpcba.com\/de\/#organization","name":"CEN Electronic Technology Co., Ltd","alternateName":"CEN PCBA","url":"https:\/\/www.cenpcba.com\/de\/","logo":{"@type":"ImageObject","inLanguage":"de","@id":"https:\/\/www.cenpcba.com\/de\/#\/schema\/logo\/image\/","url":"http:\/\/www.cenpcba.com\/wp-content\/uploads\/2022\/07\/CEN-Logo-L.png","contentUrl":"http:\/\/www.cenpcba.com\/wp-content\/uploads\/2022\/07\/CEN-Logo-L.png","width":960,"height":856,"caption":"CEN Electronic Technology Co., Ltd"},"image":{"@id":"https:\/\/www.cenpcba.com\/de\/#\/schema\/logo\/image\/"},"sameAs":["https:\/\/www.facebook.com\/cenpcba","https:\/\/www.linkedin.com\/company\/cenpcba"]}]}},"_links":{"self":[{"href":"https:\/\/www.cenpcba.com\/de\/wp-json\/wp\/v2\/pages\/2541","targetHints":{"allow":["GET"]}}],"collection":[{"href":"https:\/\/www.cenpcba.com\/de\/wp-json\/wp\/v2\/pages"}],"about":[{"href":"https:\/\/www.cenpcba.com\/de\/wp-json\/wp\/v2\/types\/page"}],"author":[{"embeddable":true,"href":"https:\/\/www.cenpcba.com\/de\/wp-json\/wp\/v2\/users\/1"}],"replies":[{"embeddable":true,"href":"https:\/\/www.cenpcba.com\/de\/wp-json\/wp\/v2\/comments?post=2541"}],"version-history":[{"count":2,"href":"https:\/\/www.cenpcba.com\/de\/wp-json\/wp\/v2\/pages\/2541\/revisions"}],"predecessor-version":[{"id":2721,"href":"https:\/\/www.cenpcba.com\/de\/wp-json\/wp\/v2\/pages\/2541\/revisions\/2721"}],"wp:attachment":[{"href":"https:\/\/www.cenpcba.com\/de\/wp-json\/wp\/v2\/media?parent=2541"}],"curies":[{"name":"wp","href":"https:\/\/api.w.org\/{rel}","templated":true}]}}