{"id":2267,"date":"2020-01-27T08:05:29","date_gmt":"2020-01-27T00:05:29","guid":{"rendered":"http:\/\/www.cenpcba.com\/competencies\/"},"modified":"2024-09-18T17:59:36","modified_gmt":"2024-09-18T09:59:36","slug":"competencies","status":"publish","type":"page","link":"https:\/\/www.cenpcba.com\/es\/competencies\/","title":{"rendered":"Competencias"},"content":{"rendered":"\n<div class=\"wp-block-cover alignfull\" style=\"min-height:501px;aspect-ratio:unset;\"><span aria-hidden=\"true\" class=\"wp-block-cover__background has-nv-site-bg-background-color has-background-dim-100 has-background-dim\"><\/span><div class=\"wp-block-cover__inner-container is-layout-flow wp-block-cover-is-layout-flow\">\n<div class=\"wp-block-cover alignfull\" style=\"min-height:335px;aspect-ratio:unset;\"><span aria-hidden=\"true\" class=\"wp-block-cover__background has-background-dim-10 has-background-dim\"><\/span><img fetchpriority=\"high\" decoding=\"async\" width=\"1200\" height=\"400\" class=\"wp-block-cover__image-background wp-image-713\" alt=\"\" src=\"http:\/\/www.cenpcba.com\/wp-content\/uploads\/2022\/09\/SMT-Line-Header.jpg\" style=\"object-position:50% 53%\" data-object-fit=\"cover\" data-object-position=\"50% 53%\" srcset=\"https:\/\/www.cenpcba.com\/wp-content\/uploads\/2022\/09\/SMT-Line-Header.jpg 1200w, https:\/\/www.cenpcba.com\/wp-content\/uploads\/2022\/09\/SMT-Line-Header-300x100.jpg 300w, https:\/\/www.cenpcba.com\/wp-content\/uploads\/2022\/09\/SMT-Line-Header-1024x341.jpg 1024w, https:\/\/www.cenpcba.com\/wp-content\/uploads\/2022\/09\/SMT-Line-Header-768x256.jpg 768w\" sizes=\"(max-width: 1200px) 100vw, 1200px\" \/><div class=\"wp-block-cover__inner-container is-layout-flow wp-block-cover-is-layout-flow\">\n<h1 class=\"wp-block-heading has-text-align-center has-nv-site-bg-color has-text-color has-large-font-size\" id=\"h-competencias\">Competencias<\/h1>\n<\/div><\/div>\n<\/div><\/div>\n\n\n\n<p class=\"has-text-align-center\">CEN PCBA satisface tus necesidades de fabricaci\u00f3n electr\u00f3nica con capacidades de ingenier\u00eda l\u00edderes en la industria, adquisici\u00f3n de materiales, servicios de manufactura, aseguramiento de calidad y pruebas de fiabilidad.<\/p>\n\n\n\n<div style=\"height:60px\" aria-hidden=\"true\" class=\"wp-block-spacer\"><\/div>\n\n\n\n<div class=\"wp-block-columns is-layout-flex wp-container-core-columns-is-layout-9d6595d7 wp-block-columns-is-layout-flex\">\n<div class=\"wp-block-column is-layout-flow wp-block-column-is-layout-flow\">\n<h3 class=\"wp-block-heading\" id=\"h-ingenieria\">Ingenier\u00eda<\/h3>\n\n\n\n<p>A lo largo de los a\u00f1os, los equipos de dise\u00f1o de ingenier\u00eda de CEN han desarrollado e introducido numerosos productos en la fabricaci\u00f3n. El equipo de CEN es capaz de asistir a sus clientes en todas las etapas de desarrollo del producto, desde el concepto inicial hasta la manufactura. Somos capaces de:<\/p>\n\n\n\n<ul class=\"wp-block-list\">\n<li>Dise\u00f1o el\u00e9ctrico de PCB<\/li>\n\n\n\n<li>Aprobaci\u00f3n de agencias de informes de laboratorio de pruebas: UL, CE, IC, FCC, C-Tick, CSA, etc.<\/li>\n\n\n\n<li>Dise\u00f1o mec\u00e1nico, dise\u00f1o de herramientas de inyecci\u00f3n, an\u00e1lisis de flujo de moldes<\/li>\n\n\n\n<li>Desarrollo de procesos de manufactura<\/li>\n\n\n\n<li>Ensamblaje de prototipos<\/li>\n\n\n\n<li>Revisiones DFM\/DFT<\/li>\n\n\n\n<li>Desarrollo de pruebas, dise\u00f1o de software y bancos de prueba<\/li>\n<\/ul>\n<\/div>\n\n\n\n<div class=\"wp-block-column is-layout-flow wp-block-column-is-layout-flow\"><div class=\"wp-block-image\">\n<figure class=\"alignright size-large is-resized\"><img decoding=\"async\" width=\"1024\" height=\"788\" src=\"http:\/\/www.cenpcba.com\/wp-content\/uploads\/2022\/07\/Engineering-1024x788.png\" alt=\"\" class=\"wp-image-450\" style=\"width:610px;height:469px\" srcset=\"https:\/\/www.cenpcba.com\/wp-content\/uploads\/2022\/07\/Engineering-1024x788.png 1024w, https:\/\/www.cenpcba.com\/wp-content\/uploads\/2022\/07\/Engineering-300x231.png 300w, https:\/\/www.cenpcba.com\/wp-content\/uploads\/2022\/07\/Engineering-768x591.png 768w, https:\/\/www.cenpcba.com\/wp-content\/uploads\/2022\/07\/Engineering.png 1251w\" sizes=\"(max-width: 1024px) 100vw, 1024px\" \/><\/figure>\n<\/div><\/div>\n<\/div>\n\n\n\n<div class=\"wp-block-columns has-nv-light-bg-background-color has-background is-layout-flex wp-container-core-columns-is-layout-9d6595d7 wp-block-columns-is-layout-flex\">\n<div class=\"wp-block-column is-layout-flow wp-block-column-is-layout-flow\">\n<figure class=\"wp-block-image size-full is-resized\"><img decoding=\"async\" width=\"998\" height=\"998\" src=\"http:\/\/www.cenpcba.com\/wp-content\/uploads\/2022\/07\/components-procurment.jpg\" alt=\"\" class=\"wp-image-454\" style=\"width:524px;height:524px\" srcset=\"https:\/\/www.cenpcba.com\/wp-content\/uploads\/2022\/07\/components-procurment.jpg 998w, https:\/\/www.cenpcba.com\/wp-content\/uploads\/2022\/07\/components-procurment-300x300.jpg 300w, https:\/\/www.cenpcba.com\/wp-content\/uploads\/2022\/07\/components-procurment-150x150.jpg 150w, https:\/\/www.cenpcba.com\/wp-content\/uploads\/2022\/07\/components-procurment-768x768.jpg 768w\" sizes=\"(max-width: 998px) 100vw, 998px\" \/><\/figure>\n<\/div>\n\n\n\n<div class=\"wp-block-column is-layout-flow wp-block-column-is-layout-flow\">\n<h3 class=\"wp-block-heading\" id=\"h-adquisicion-de-componentes\">Adquisici\u00f3n de Componentes<\/h3>\n\n\n\n<p>CEN emplea un equipo experto en planificaci\u00f3n de adquisiciones de materiales. Utilizando la lista de materiales (BOM), la lista de fabricantes aprobados (AML) y el software de planificaci\u00f3n de recursos empresariales (ERP) del cliente, el equipo gestionar\u00e1 un plan de adquisiciones de materiales para cumplir con el cronograma de env\u00edos de producci\u00f3n en masa del cliente.<\/p>\n\n\n\n<p>La adquisici\u00f3n de materiales se realiza con estricta adherencia a la AML del cliente, se consideran componentes alternativos para eficiencia en costos y tiempos de entrega, y se env\u00edan al cliente para su aprobaci\u00f3n y adici\u00f3n a su lista AML.<\/p>\n<\/div>\n<\/div>\n\n\n\n<div class=\"wp-block-columns is-layout-flex wp-container-core-columns-is-layout-9d6595d7 wp-block-columns-is-layout-flex\">\n<div class=\"wp-block-column is-layout-flow wp-block-column-is-layout-flow\">\n<h3 class=\"wp-block-heading\" id=\"h-ensamblaje-de-pcb\">Ensamblaje de PCB<\/h3>\n\n\n\n<p>CEN es principalmente un fabricante de electr\u00f3nica de box build llave en mano. CEN es capaz de llevar una PCB, PCBA, FPCB o ensamblaje flex-r\u00edgido del cliente a un producto de alta calidad y enviarlo a cualquier parte del mundo. Los aspectos m\u00e1s destacados de las capacidades de fabricaci\u00f3n de CEN incluyen:<\/p>\n\n\n\n<ul class=\"wp-block-list\">\n<li>10 l\u00edneas SMT, con paso fino SMT hasta 01005<\/li>\n\n\n\n<li>Cumplimiento RoHS y REACH<\/li>\n\n\n\n<li>BGA con paso de hasta 0.3 mm, inspecci\u00f3n por rayos X<\/li>\n\n\n\n<li>Sistema de colocaci\u00f3n de componentes basado en c\u00f3digo de barras por computadora<\/li>\n\n\n\n<li>Inspecci\u00f3n \u00d3ptica Autom\u00e1tica (AOI) en todas las l\u00edneas SMT<\/li>\n\n\n\n<li>Recubrimiento conformal autom\u00e1tico, encapsulado al vac\u00edo<\/li>\n\n\n\n<li>Soldadura ultras\u00f3nica<\/li>\n\n\n\n<li>Fabricaci\u00f3n flexible de celdas en l\u00ednea<\/li>\n<\/ul>\n<\/div>\n\n\n\n<div class=\"wp-block-column is-layout-flow wp-block-column-is-layout-flow\">\n<figure class=\"wp-block-image size-full\"><img loading=\"lazy\" decoding=\"async\" width=\"800\" height=\"800\" src=\"http:\/\/www.cenpcba.com\/wp-content\/uploads\/2022\/07\/20200731044731674.png\" alt=\"\" class=\"wp-image-465\" srcset=\"https:\/\/www.cenpcba.com\/wp-content\/uploads\/2022\/07\/20200731044731674.png 800w, https:\/\/www.cenpcba.com\/wp-content\/uploads\/2022\/07\/20200731044731674-300x300.png 300w, https:\/\/www.cenpcba.com\/wp-content\/uploads\/2022\/07\/20200731044731674-150x150.png 150w, https:\/\/www.cenpcba.com\/wp-content\/uploads\/2022\/07\/20200731044731674-768x768.png 768w\" sizes=\"(max-width: 800px) 100vw, 800px\" \/><\/figure>\n<\/div>\n<\/div>\n\n\n\n<div class=\"wp-block-columns has-nv-light-bg-background-color has-background is-layout-flex wp-container-core-columns-is-layout-9d6595d7 wp-block-columns-is-layout-flex\">\n<div class=\"wp-block-column is-layout-flow wp-block-column-is-layout-flow\">\n<figure class=\"wp-block-image size-full\"><img loading=\"lazy\" decoding=\"async\" width=\"960\" height=\"856\" src=\"http:\/\/www.cenpcba.com\/wp-content\/uploads\/2022\/07\/BOX-BUILD.png\" alt=\"\" class=\"wp-image-459\" srcset=\"https:\/\/www.cenpcba.com\/wp-content\/uploads\/2022\/07\/BOX-BUILD.png 960w, https:\/\/www.cenpcba.com\/wp-content\/uploads\/2022\/07\/BOX-BUILD-300x268.png 300w, https:\/\/www.cenpcba.com\/wp-content\/uploads\/2022\/07\/BOX-BUILD-768x685.png 768w\" sizes=\"(max-width: 960px) 100vw, 960px\" \/><\/figure>\n<\/div>\n\n\n\n<div class=\"wp-block-column is-layout-flow wp-block-column-is-layout-flow\">\n<h3 class=\"wp-block-heading\" id=\"h-box-build\">Box Build<\/h3>\n\n\n\n<p>El \u00abBox build\u00bb, tambi\u00e9n conocido como integraci\u00f3n de sistemas, es un proceso completo de ensamblaje de producto terminado que incluye exhaustiva investigaci\u00f3n y desarrollo. A continuaci\u00f3n, una lista de lo que CEN puede hacer para el servicio de ensamblaje box build:<\/p>\n\n\n\n<ul class=\"wp-block-list\">\n<li>Ensamblaje a nivel de sistema<\/li>\n\n\n\n<li>Ensamblaje de productos<\/li>\n\n\n\n<li>Ensamblaje de sub-niveles de productos<\/li>\n\n\n\n<li>Empaque<\/li>\n\n\n\n<li>Etiquetado<\/li>\n\n\n\n<li>Pruebas<\/li>\n\n\n\n<li>Instalaci\u00f3n de software<\/li>\n\n\n\n<li>Configuraci\u00f3n de productos<\/li>\n\n\n\n<li>Almacenaje<\/li>\n\n\n\n<li>Cumplimiento de pedidos<\/li>\n\n\n\n<li>Servicio postventa<\/li>\n\n\n\n<li>Reparaci\u00f3n<\/li>\n<\/ul>\n<\/div>\n<\/div>\n\n\n\n<div class=\"wp-block-columns is-layout-flex wp-container-core-columns-is-layout-9d6595d7 wp-block-columns-is-layout-flex\">\n<div class=\"wp-block-column is-layout-flow wp-block-column-is-layout-flow\">\n<p>Desarrollo de Pruebas<\/p>\n\n\n\n<p>CEN desarrolla y gestiona una amplia gama de procesos de pruebas de producci\u00f3n, desde pruebas pasivas de circuitos hasta estaciones de prueba finales completamente automatizadas. CEN trabaja estrechamente con sus clientes para garantizar que todas las pruebas y verificaciones se realicen de acuerdo con las especificaciones y requisitos establecidos del producto.<\/p>\n\n\n\n<ul class=\"wp-block-list\">\n<li>Pruebas pasivas en circuito<\/li>\n\n\n\n<li>Pruebas funcionales manuales, autom\u00e1ticas y de aceptaci\u00f3n final<\/li>\n\n\n\n<li>Pruebas funcionales en l\u00ednea y fuera de l\u00ednea<\/li>\n\n\n\n<li>Pruebas de frecuencia de audio<\/li>\n\n\n\n<li>Pruebas de productos de radiofrecuencia<\/li>\n\n\n\n<li>C\u00e1maras de prueba Faraday<\/li>\n\n\n\n<li>Informes de procesos de prueba del cliente y estad\u00edsticas<\/li>\n<\/ul>\n<\/div>\n\n\n\n<div class=\"wp-block-column is-layout-flow wp-block-column-is-layout-flow\">\n<figure class=\"wp-block-image size-large is-resized\"><img loading=\"lazy\" decoding=\"async\" width=\"1024\" height=\"683\" src=\"http:\/\/www.cenpcba.com\/wp-content\/uploads\/2022\/07\/Test-Development-2-1024x683.jpg\" alt=\"\" class=\"wp-image-460\" style=\"width:646px;height:430px\" srcset=\"https:\/\/www.cenpcba.com\/wp-content\/uploads\/2022\/07\/Test-Development-2-1024x683.jpg 1024w, https:\/\/www.cenpcba.com\/wp-content\/uploads\/2022\/07\/Test-Development-2-300x200.jpg 300w, https:\/\/www.cenpcba.com\/wp-content\/uploads\/2022\/07\/Test-Development-2-768x512.jpg 768w, https:\/\/www.cenpcba.com\/wp-content\/uploads\/2022\/07\/Test-Development-2-1536x1024.jpg 1536w, https:\/\/www.cenpcba.com\/wp-content\/uploads\/2022\/07\/Test-Development-2-2048x1365.jpg 2048w, https:\/\/www.cenpcba.com\/wp-content\/uploads\/2022\/07\/Test-Development-2-930x620.jpg 930w\" sizes=\"(max-width: 1024px) 100vw, 1024px\" \/><\/figure>\n<\/div>\n<\/div>\n\n\n\n<div class=\"wp-block-columns has-nv-light-bg-background-color has-background is-layout-flex wp-container-core-columns-is-layout-9d6595d7 wp-block-columns-is-layout-flex\">\n<div class=\"wp-block-column is-layout-flow wp-block-column-is-layout-flow\">\n<figure class=\"wp-block-image size-large\"><img loading=\"lazy\" decoding=\"async\" width=\"1024\" height=\"681\" src=\"http:\/\/www.cenpcba.com\/wp-content\/uploads\/2022\/07\/Supplychian-Management-1-1024x681.jpg\" alt=\"\" class=\"wp-image-461\" srcset=\"https:\/\/www.cenpcba.com\/wp-content\/uploads\/2022\/07\/Supplychian-Management-1-1024x681.jpg 1024w, https:\/\/www.cenpcba.com\/wp-content\/uploads\/2022\/07\/Supplychian-Management-1-300x200.jpg 300w, https:\/\/www.cenpcba.com\/wp-content\/uploads\/2022\/07\/Supplychian-Management-1-768x511.jpg 768w, https:\/\/www.cenpcba.com\/wp-content\/uploads\/2022\/07\/Supplychian-Management-1-1536x1022.jpg 1536w, https:\/\/www.cenpcba.com\/wp-content\/uploads\/2022\/07\/Supplychian-Management-1-2048x1363.jpg 2048w\" sizes=\"(max-width: 1024px) 100vw, 1024px\" \/><\/figure>\n<\/div>\n\n\n\n<div class=\"wp-block-column is-layout-flow wp-block-column-is-layout-flow\">\n<h3 class=\"wp-block-heading\" id=\"h-gestion-de-la-cadena-de-suministro\">Gesti\u00f3n de la Cadena de Suministro<\/h3>\n\n\n\n<p>CEN puede adquirir todas las piezas y componentes que necesites para tu producto a trav\u00e9s de nuestra red de socios de distribuci\u00f3n confiables. La combinaci\u00f3n de nuestra experiencia y nuestras relaciones a largo plazo con los socios de distribuci\u00f3n nos permite obtener componentes para la lista promedio de materiales (BOM) en el menor tiempo posible. Nuestra gesti\u00f3n de la cadena de suministro asegura eficiencia, reduce costos, aumenta los beneficios, mejora el trabajo colaborativo y m\u00e1s. Trabajamos con nuestros clientes desde la fase de cotizaci\u00f3n para dise\u00f1ar una estrategia de abastecimiento inicial basada en los requisitos de producci\u00f3n espec\u00edficos. A partir de ah\u00ed, buscamos continuamente identificar oportunidades de reducci\u00f3n de costos para ofrecer a nuestros clientes el costo total de propiedad m\u00e1s bajo.<\/p>\n<\/div>\n<\/div>\n\n\n\n<div style=\"height:100px\" aria-hidden=\"true\" class=\"wp-block-spacer\"><\/div>\n\n\n\n<div class=\"wp-block-cover alignfull\" style=\"min-height:300px;aspect-ratio:unset;\"><span aria-hidden=\"true\" class=\"wp-block-cover__background has-nv-dark-bg-background-color has-background-dim\"><\/span><img loading=\"lazy\" decoding=\"async\" width=\"1200\" height=\"400\" class=\"wp-block-cover__image-background wp-image-715\" alt=\"\" src=\"http:\/\/www.cenpcba.com\/wp-content\/uploads\/2022\/09\/SMT-Line-Header-1.jpg\" data-object-fit=\"cover\" srcset=\"https:\/\/www.cenpcba.com\/wp-content\/uploads\/2022\/09\/SMT-Line-Header-1.jpg 1200w, https:\/\/www.cenpcba.com\/wp-content\/uploads\/2022\/09\/SMT-Line-Header-1-300x100.jpg 300w, https:\/\/www.cenpcba.com\/wp-content\/uploads\/2022\/09\/SMT-Line-Header-1-1024x341.jpg 1024w, https:\/\/www.cenpcba.com\/wp-content\/uploads\/2022\/09\/SMT-Line-Header-1-768x256.jpg 768w\" sizes=\"(max-width: 1200px) 100vw, 1200px\" \/><div class=\"wp-block-cover__inner-container is-layout-flow wp-block-cover-is-layout-flow\">\n<div style=\"height:80px\" aria-hidden=\"true\" class=\"wp-block-spacer\"><\/div>\n\n\n<div class=\"wp-block-image is-style-rounded\">\n<figure class=\"aligncenter size-full\"><img loading=\"lazy\" decoding=\"async\" width=\"72\" height=\"72\" src=\"http:\/\/www.cenpcba.com\/wp-content\/uploads\/2022\/07\/Choose-Right.png\" alt=\"\" class=\"wp-image-531\"\/><\/figure>\n<\/div>\n\n\n<p class=\"has-text-align-center has-nv-text-dark-bg-color has-text-color\">ESTAMOS AQU\u00cd PARA TI<\/p>\n\n\n\n<div class=\"wp-block-buttons is-layout-flex wp-block-buttons-is-layout-flex\">\n<div class=\"wp-block-button aligncenter\"><a class=\"wp-block-button__link has-nv-dark-bg-color has-neve-link-color-background-color has-text-color has-background wp-element-button\" href=\"http:\/\/www.cenpcba.com\/contact-us\/\" target=\"_blank\" rel=\"noreferrer noopener\">Habla con nuestro experto<\/a><\/div>\n<\/div>\n\n\n\n<div style=\"height:80px\" aria-hidden=\"true\" class=\"wp-block-spacer\"><\/div>\n<\/div><\/div>\n\n\n\n<div style=\"height:100px\" aria-hidden=\"true\" class=\"wp-block-spacer\"><\/div>\n\n\n\n<p><\/p>\n","protected":false},"excerpt":{"rendered":"<p>CEN PCBA satisface tus necesidades de fabricaci\u00f3n electr\u00f3nica con capacidades de ingenier\u00eda l\u00edderes en la industria, adquisici\u00f3n de materiales, servicios de manufactura, aseguramiento de calidad y pruebas de fiabilidad. Ingenier\u00eda A lo largo de los a\u00f1os, los equipos de dise\u00f1o de ingenier\u00eda de CEN han desarrollado e introducido numerosos productos en la fabricaci\u00f3n. El equipo&hellip;&nbsp;<a href=\"https:\/\/www.cenpcba.com\/es\/competencies\/\" class=\"\" rel=\"bookmark\">Read More &raquo;<span class=\"screen-reader-text\">Competencias<\/span><\/a><\/p>\n","protected":false},"author":1,"featured_media":0,"parent":0,"menu_order":0,"comment_status":"closed","ping_status":"closed","template":"","meta":{"neve_meta_sidebar":"full-width","neve_meta_container":"","neve_meta_enable_content_width":"on","neve_meta_content_width":100,"neve_meta_title_alignment":"","neve_meta_author_avatar":"","neve_post_elements_order":"","neve_meta_disable_header":"","neve_meta_disable_footer":"","neve_meta_disable_title":"on","neve_meta_reading_time":"","_joinchat":[],"footnotes":""},"class_list":["post-2267","page","type-page","status-publish","hentry"],"yoast_head":"<!-- This site is optimized with the Yoast SEO Premium plugin v23.2 (Yoast SEO v25.8) - https:\/\/yoast.com\/wordpress\/plugins\/seo\/ -->\n<title>China PCB Assembly Factory | PCB PCBA Box Build | CEN<\/title>\n<meta name=\"description\" content=\"CEN PCBA fulfills your electronic manufacturing needs with industry-leading engineering capabilities, material sourcing, manufacturing services, quality assurance and reliability testing.\" \/>\n<meta name=\"robots\" content=\"index, follow, max-snippet:-1, max-image-preview:large, max-video-preview:-1\" \/>\n<link rel=\"canonical\" href=\"https:\/\/www.cenpcba.com\/es\/competencies\/\" \/>\n<meta property=\"og:locale\" content=\"es_ES\" \/>\n<meta property=\"og:type\" content=\"article\" \/>\n<meta property=\"og:title\" content=\"Competencias\" \/>\n<meta property=\"og:description\" content=\"CEN PCBA fulfills your electronic manufacturing needs with industry-leading engineering capabilities, material sourcing, manufacturing services, quality assurance and reliability testing.\" \/>\n<meta property=\"og:url\" content=\"https:\/\/www.cenpcba.com\/es\/competencies\/\" \/>\n<meta property=\"og:site_name\" content=\"Contract Manufacturing\" \/>\n<meta property=\"article:publisher\" content=\"https:\/\/www.facebook.com\/cenpcba\" \/>\n<meta property=\"article:modified_time\" content=\"2024-09-18T09:59:36+00:00\" \/>\n<meta property=\"og:image\" content=\"http:\/\/www.cenpcba.com\/wp-content\/uploads\/2022\/09\/SMT-Line-Header.jpg\" \/>\n<meta name=\"twitter:card\" content=\"summary_large_image\" \/>\n<meta name=\"twitter:label1\" content=\"Tiempo de lectura\" \/>\n\t<meta name=\"twitter:data1\" content=\"5 minutos\" \/>\n<script type=\"application\/ld+json\" class=\"yoast-schema-graph\">{\"@context\":\"https:\/\/schema.org\",\"@graph\":[{\"@type\":\"WebPage\",\"@id\":\"https:\/\/www.cenpcba.com\/es\/competencies\/\",\"url\":\"https:\/\/www.cenpcba.com\/es\/competencies\/\",\"name\":\"China PCB Assembly Factory | PCB PCBA Box Build | CEN\",\"isPartOf\":{\"@id\":\"https:\/\/www.cenpcba.com\/es\/#website\"},\"primaryImageOfPage\":{\"@id\":\"https:\/\/www.cenpcba.com\/es\/competencies\/#primaryimage\"},\"image\":{\"@id\":\"https:\/\/www.cenpcba.com\/es\/competencies\/#primaryimage\"},\"thumbnailUrl\":\"http:\/\/www.cenpcba.com\/wp-content\/uploads\/2022\/09\/SMT-Line-Header.jpg\",\"datePublished\":\"2020-01-27T00:05:29+00:00\",\"dateModified\":\"2024-09-18T09:59:36+00:00\",\"description\":\"CEN PCBA fulfills your electronic manufacturing needs with industry-leading engineering capabilities, material sourcing, manufacturing services, quality assurance and reliability testing.\",\"breadcrumb\":{\"@id\":\"https:\/\/www.cenpcba.com\/es\/competencies\/#breadcrumb\"},\"inLanguage\":\"es\",\"potentialAction\":[{\"@type\":\"ReadAction\",\"target\":[\"https:\/\/www.cenpcba.com\/es\/competencies\/\"]}]},{\"@type\":\"ImageObject\",\"inLanguage\":\"es\",\"@id\":\"https:\/\/www.cenpcba.com\/es\/competencies\/#primaryimage\",\"url\":\"http:\/\/www.cenpcba.com\/wp-content\/uploads\/2022\/09\/SMT-Line-Header.jpg\",\"contentUrl\":\"http:\/\/www.cenpcba.com\/wp-content\/uploads\/2022\/09\/SMT-Line-Header.jpg\"},{\"@type\":\"BreadcrumbList\",\"@id\":\"https:\/\/www.cenpcba.com\/es\/competencies\/#breadcrumb\",\"itemListElement\":[{\"@type\":\"ListItem\",\"position\":1,\"name\":\"\u9996\u9875\",\"item\":\"https:\/\/www.cenpcba.com\/es\/\"},{\"@type\":\"ListItem\",\"position\":2,\"name\":\"Competencias\"}]},{\"@type\":\"WebSite\",\"@id\":\"https:\/\/www.cenpcba.com\/es\/#website\",\"url\":\"https:\/\/www.cenpcba.com\/es\/\",\"name\":\"Contact Electronic Manufacturing Service Factory in Shenzhen, China\",\"description\":\"PCB Assembly\",\"publisher\":{\"@id\":\"https:\/\/www.cenpcba.com\/es\/#organization\"},\"alternateName\":\"One stop EMS service from PCB Manufacturing, Pcb assembly, smt, dip box assembly\",\"potentialAction\":[{\"@type\":\"SearchAction\",\"target\":{\"@type\":\"EntryPoint\",\"urlTemplate\":\"https:\/\/www.cenpcba.com\/es\/?s={search_term_string}\"},\"query-input\":{\"@type\":\"PropertyValueSpecification\",\"valueRequired\":true,\"valueName\":\"search_term_string\"}}],\"inLanguage\":\"es\"},{\"@type\":\"Organization\",\"@id\":\"https:\/\/www.cenpcba.com\/es\/#organization\",\"name\":\"CEN Electronic Technology Co., Ltd\",\"alternateName\":\"CEN PCBA\",\"url\":\"https:\/\/www.cenpcba.com\/es\/\",\"logo\":{\"@type\":\"ImageObject\",\"inLanguage\":\"es\",\"@id\":\"https:\/\/www.cenpcba.com\/es\/#\/schema\/logo\/image\/\",\"url\":\"http:\/\/www.cenpcba.com\/wp-content\/uploads\/2022\/07\/CEN-Logo-L.png\",\"contentUrl\":\"http:\/\/www.cenpcba.com\/wp-content\/uploads\/2022\/07\/CEN-Logo-L.png\",\"width\":960,\"height\":856,\"caption\":\"CEN Electronic Technology Co., Ltd\"},\"image\":{\"@id\":\"https:\/\/www.cenpcba.com\/es\/#\/schema\/logo\/image\/\"},\"sameAs\":[\"https:\/\/www.facebook.com\/cenpcba\",\"https:\/\/www.linkedin.com\/company\/cenpcba\"]}]}<\/script>\n<!-- \/ Yoast SEO Premium plugin. -->","yoast_head_json":{"title":"China PCB Assembly Factory | PCB PCBA Box Build | CEN","description":"CEN PCBA fulfills your electronic manufacturing needs with industry-leading engineering capabilities, material sourcing, manufacturing services, quality assurance and reliability testing.","robots":{"index":"index","follow":"follow","max-snippet":"max-snippet:-1","max-image-preview":"max-image-preview:large","max-video-preview":"max-video-preview:-1"},"canonical":"https:\/\/www.cenpcba.com\/es\/competencies\/","og_locale":"es_ES","og_type":"article","og_title":"Competencias","og_description":"CEN PCBA fulfills your electronic manufacturing needs with industry-leading engineering capabilities, material sourcing, manufacturing services, quality assurance and reliability testing.","og_url":"https:\/\/www.cenpcba.com\/es\/competencies\/","og_site_name":"Contract Manufacturing","article_publisher":"https:\/\/www.facebook.com\/cenpcba","article_modified_time":"2024-09-18T09:59:36+00:00","og_image":[{"url":"http:\/\/www.cenpcba.com\/wp-content\/uploads\/2022\/09\/SMT-Line-Header.jpg","type":"","width":"","height":""}],"twitter_card":"summary_large_image","twitter_misc":{"Tiempo de lectura":"5 minutos"},"schema":{"@context":"https:\/\/schema.org","@graph":[{"@type":"WebPage","@id":"https:\/\/www.cenpcba.com\/es\/competencies\/","url":"https:\/\/www.cenpcba.com\/es\/competencies\/","name":"China PCB Assembly Factory | PCB PCBA Box Build | CEN","isPartOf":{"@id":"https:\/\/www.cenpcba.com\/es\/#website"},"primaryImageOfPage":{"@id":"https:\/\/www.cenpcba.com\/es\/competencies\/#primaryimage"},"image":{"@id":"https:\/\/www.cenpcba.com\/es\/competencies\/#primaryimage"},"thumbnailUrl":"http:\/\/www.cenpcba.com\/wp-content\/uploads\/2022\/09\/SMT-Line-Header.jpg","datePublished":"2020-01-27T00:05:29+00:00","dateModified":"2024-09-18T09:59:36+00:00","description":"CEN PCBA fulfills your electronic manufacturing needs with industry-leading engineering capabilities, material sourcing, manufacturing services, quality assurance and reliability testing.","breadcrumb":{"@id":"https:\/\/www.cenpcba.com\/es\/competencies\/#breadcrumb"},"inLanguage":"es","potentialAction":[{"@type":"ReadAction","target":["https:\/\/www.cenpcba.com\/es\/competencies\/"]}]},{"@type":"ImageObject","inLanguage":"es","@id":"https:\/\/www.cenpcba.com\/es\/competencies\/#primaryimage","url":"http:\/\/www.cenpcba.com\/wp-content\/uploads\/2022\/09\/SMT-Line-Header.jpg","contentUrl":"http:\/\/www.cenpcba.com\/wp-content\/uploads\/2022\/09\/SMT-Line-Header.jpg"},{"@type":"BreadcrumbList","@id":"https:\/\/www.cenpcba.com\/es\/competencies\/#breadcrumb","itemListElement":[{"@type":"ListItem","position":1,"name":"\u9996\u9875","item":"https:\/\/www.cenpcba.com\/es\/"},{"@type":"ListItem","position":2,"name":"Competencias"}]},{"@type":"WebSite","@id":"https:\/\/www.cenpcba.com\/es\/#website","url":"https:\/\/www.cenpcba.com\/es\/","name":"Contact Electronic Manufacturing Service Factory in Shenzhen, China","description":"PCB Assembly","publisher":{"@id":"https:\/\/www.cenpcba.com\/es\/#organization"},"alternateName":"One stop EMS service from PCB Manufacturing, Pcb assembly, smt, dip box assembly","potentialAction":[{"@type":"SearchAction","target":{"@type":"EntryPoint","urlTemplate":"https:\/\/www.cenpcba.com\/es\/?s={search_term_string}"},"query-input":{"@type":"PropertyValueSpecification","valueRequired":true,"valueName":"search_term_string"}}],"inLanguage":"es"},{"@type":"Organization","@id":"https:\/\/www.cenpcba.com\/es\/#organization","name":"CEN Electronic Technology Co., Ltd","alternateName":"CEN PCBA","url":"https:\/\/www.cenpcba.com\/es\/","logo":{"@type":"ImageObject","inLanguage":"es","@id":"https:\/\/www.cenpcba.com\/es\/#\/schema\/logo\/image\/","url":"http:\/\/www.cenpcba.com\/wp-content\/uploads\/2022\/07\/CEN-Logo-L.png","contentUrl":"http:\/\/www.cenpcba.com\/wp-content\/uploads\/2022\/07\/CEN-Logo-L.png","width":960,"height":856,"caption":"CEN Electronic Technology Co., Ltd"},"image":{"@id":"https:\/\/www.cenpcba.com\/es\/#\/schema\/logo\/image\/"},"sameAs":["https:\/\/www.facebook.com\/cenpcba","https:\/\/www.linkedin.com\/company\/cenpcba"]}]}},"_links":{"self":[{"href":"https:\/\/www.cenpcba.com\/es\/wp-json\/wp\/v2\/pages\/2267","targetHints":{"allow":["GET"]}}],"collection":[{"href":"https:\/\/www.cenpcba.com\/es\/wp-json\/wp\/v2\/pages"}],"about":[{"href":"https:\/\/www.cenpcba.com\/es\/wp-json\/wp\/v2\/types\/page"}],"author":[{"embeddable":true,"href":"https:\/\/www.cenpcba.com\/es\/wp-json\/wp\/v2\/users\/1"}],"replies":[{"embeddable":true,"href":"https:\/\/www.cenpcba.com\/es\/wp-json\/wp\/v2\/comments?post=2267"}],"version-history":[{"count":5,"href":"https:\/\/www.cenpcba.com\/es\/wp-json\/wp\/v2\/pages\/2267\/revisions"}],"predecessor-version":[{"id":2391,"href":"https:\/\/www.cenpcba.com\/es\/wp-json\/wp\/v2\/pages\/2267\/revisions\/2391"}],"wp:attachment":[{"href":"https:\/\/www.cenpcba.com\/es\/wp-json\/wp\/v2\/media?parent=2267"}],"curies":[{"name":"wp","href":"https:\/\/api.w.org\/{rel}","templated":true}]}}