{"id":2271,"date":"2022-07-10T18:40:02","date_gmt":"2022-07-10T10:40:02","guid":{"rendered":"http:\/\/www.cenpcba.com\/components-sourcing\/"},"modified":"2024-09-19T10:50:06","modified_gmt":"2024-09-19T02:50:06","slug":"components-sourcing","status":"publish","type":"page","link":"https:\/\/www.cenpcba.com\/es\/components-sourcing\/","title":{"rendered":"Abastecimiento de Componentes"},"content":{"rendered":"\n<div class=\"wp-block-cover alignfull is-light\" style=\"min-height:303px;aspect-ratio:unset;\"><span aria-hidden=\"true\" class=\"wp-block-cover__background has-background-dim-30 has-background-dim\"><\/span><img fetchpriority=\"high\" decoding=\"async\" width=\"640\" height=\"640\" class=\"wp-block-cover__image-background wp-image-574\" alt=\"\" src=\"http:\/\/www.cenpcba.com\/wp-content\/uploads\/2022\/07\/IC.jpg\" style=\"object-position:56% 64%\" data-object-fit=\"cover\" data-object-position=\"56% 64%\" srcset=\"https:\/\/www.cenpcba.com\/wp-content\/uploads\/2022\/07\/IC.jpg 640w, https:\/\/www.cenpcba.com\/wp-content\/uploads\/2022\/07\/IC-300x300.jpg 300w, https:\/\/www.cenpcba.com\/wp-content\/uploads\/2022\/07\/IC-150x150.jpg 150w\" sizes=\"(max-width: 640px) 100vw, 640px\" \/><div class=\"wp-block-cover__inner-container is-layout-flow wp-block-cover-is-layout-flow\">\n<h1 class=\"wp-block-heading has-text-align-center has-nv-site-bg-color has-text-color has-large-font-size\" id=\"h-abastecimiento-de-componentes\">Abastecimiento de Componentes<\/h1>\n<\/div><\/div>\n\n\n\n<div style=\"height:117px\" aria-hidden=\"true\" class=\"wp-block-spacer\"><\/div>\n\n\n\n<div class=\"wp-block-columns is-layout-flex wp-container-core-columns-is-layout-9d6595d7 wp-block-columns-is-layout-flex\">\n<div class=\"wp-block-column is-layout-flow wp-block-column-is-layout-flow\">\n<figure class=\"wp-block-image size-full is-resized\"><img decoding=\"async\" width=\"960\" height=\"856\" src=\"http:\/\/www.cenpcba.com\/wp-content\/uploads\/2022\/07\/component-sourcing.jpg\" alt=\"\" class=\"wp-image-368\" style=\"width:385px;height:343px\" srcset=\"https:\/\/www.cenpcba.com\/wp-content\/uploads\/2022\/07\/component-sourcing.jpg 960w, https:\/\/www.cenpcba.com\/wp-content\/uploads\/2022\/07\/component-sourcing-300x268.jpg 300w, https:\/\/www.cenpcba.com\/wp-content\/uploads\/2022\/07\/component-sourcing-768x685.jpg 768w\" sizes=\"(max-width: 960px) 100vw, 960px\" \/><\/figure>\n<\/div>\n\n\n\n<div class=\"wp-block-column is-layout-flow wp-block-column-is-layout-flow\">\n<h2 class=\"wp-block-heading has-medium-font-size\" id=\"h-abastecimiento-de-componentes-0\">Abastecimiento de Componentes<\/h2>\n\n\n\n<p class=\"has-small-font-size\">CEN ofrece un servicio de fabricaci\u00f3n OEM\/ODM integral para clientes de todo el mundo. Nuestra experiencia de a\u00f1os en el ensamblaje de circuitos nos ha permitido establecer s\u00f3lidas relaciones de cooperaci\u00f3n con distribuidores autorizados de componentes, lo que nos permite obtener los componentes que necesite a precios competitivos. Para garantizar la durabilidad de los componentes, su rendimiento de calidad y potenciar sus placas de circuito con las mejores funciones posibles, adquirimos sus componentes de distribuidores autorizados. Si su proyecto tiene un presupuesto muy limitado y necesita optar por proveedores seleccionados por usted, que ofrecen precios m\u00e1s bajos en comparaci\u00f3n con los distribuidores autorizados, compraremos de sus proveedores recomendados para ayudar a reducir el costo de producci\u00f3n. Tenga en cuenta que no garantizaremos la calidad ni el rendimiento de los componentes adquiridos a trav\u00e9s de los canales que usted recomiende.<\/p>\n<\/div>\n<\/div>\n\n\n\n<div style=\"height:100px\" aria-hidden=\"true\" class=\"wp-block-spacer\"><\/div>\n\n\n\n<div class=\"wp-block-columns is-layout-flex wp-container-core-columns-is-layout-9d6595d7 wp-block-columns-is-layout-flex\">\n<div class=\"wp-block-column is-layout-flow wp-block-column-is-layout-flow\">\n<h2 class=\"wp-block-heading has-medium-font-size\" id=\"h-ventajas-competitivas-de-cen-en-el-abastecimiento-de-componentes\">Ventajas competitivas de CEN en el abastecimiento de componentes:<\/h2>\n\n\n\n<ul class=\"wp-block-list has-small-font-size\">\n<li>Considerable servicio al cliente<\/li>\n\n\n\n<li>Proveedores de componentes autorizados<\/li>\n\n\n\n<li>Rentable<\/li>\n\n\n\n<li>Corto tiempo de entrega de aprovisionamiento<\/li>\n\n\n\n<li>Trazabilidad completa y gesti\u00f3n de obsolescencia<\/li>\n\n\n\n<li>Servicio personalizado diverso en el abastecimiento de componentes<\/li>\n<\/ul>\n<\/div>\n\n\n\n<div class=\"wp-block-column is-layout-flow wp-block-column-is-layout-flow\">\n<figure class=\"wp-block-image size-full is-resized\"><img decoding=\"async\" width=\"1000\" height=\"674\" src=\"http:\/\/www.cenpcba.com\/wp-content\/uploads\/2022\/07\/20210616151945.jpg\" alt=\"\" class=\"wp-image-577\" style=\"width:433px;height:291px\" srcset=\"https:\/\/www.cenpcba.com\/wp-content\/uploads\/2022\/07\/20210616151945.jpg 1000w, https:\/\/www.cenpcba.com\/wp-content\/uploads\/2022\/07\/20210616151945-300x202.jpg 300w, https:\/\/www.cenpcba.com\/wp-content\/uploads\/2022\/07\/20210616151945-768x518.jpg 768w\" sizes=\"(max-width: 1000px) 100vw, 1000px\" \/><\/figure>\n<\/div>\n<\/div>\n\n\n\n<div style=\"height:100px\" aria-hidden=\"true\" class=\"wp-block-spacer\"><\/div>\n\n\n\n<div class=\"wp-block-cover alignfull\" style=\"min-height:300px;aspect-ratio:unset;\"><span aria-hidden=\"true\" class=\"wp-block-cover__background has-nv-dark-bg-background-color has-background-dim-100 has-background-dim\"><\/span><div class=\"wp-block-cover__inner-container is-layout-flow wp-block-cover-is-layout-flow\">\n<div style=\"height:80px\" aria-hidden=\"true\" class=\"wp-block-spacer\"><\/div>\n\n\n<div class=\"wp-block-image is-style-rounded\">\n<figure class=\"aligncenter size-full\"><img loading=\"lazy\" decoding=\"async\" width=\"72\" height=\"72\" src=\"http:\/\/www.cenpcba.com\/wp-content\/uploads\/2022\/07\/Choose-Right.png\" alt=\"\" class=\"wp-image-531\"\/><\/figure>\n<\/div>\n\n\n<p class=\"has-text-align-center has-nv-text-dark-bg-color has-text-color\">Enfoque integral de dise\u00f1o de CEN<\/p>\n\n\n\n<div class=\"wp-block-buttons is-layout-flex wp-block-buttons-is-layout-flex\">\n<div class=\"wp-block-button aligncenter\"><a class=\"wp-block-button__link has-nv-dark-bg-color has-neve-link-color-background-color has-text-color has-background wp-element-button\" href=\"http:\/\/www.cenpcba.com\/contact-us\/\" target=\"_blank\" rel=\"noreferrer noopener\">\u00a1Hablemos!<\/a><\/div>\n<\/div>\n\n\n\n<div style=\"height:80px\" aria-hidden=\"true\" class=\"wp-block-spacer\"><\/div>\n<\/div><\/div>\n","protected":false},"excerpt":{"rendered":"<p>Abastecimiento de Componentes CEN ofrece un servicio de fabricaci\u00f3n OEM\/ODM integral para clientes de todo el mundo. Nuestra experiencia de a\u00f1os en el ensamblaje de circuitos nos ha permitido establecer s\u00f3lidas relaciones de cooperaci\u00f3n con distribuidores autorizados de componentes, lo que nos permite obtener los componentes que necesite a precios competitivos. Para garantizar la durabilidad&hellip;&nbsp;<a href=\"https:\/\/www.cenpcba.com\/es\/components-sourcing\/\" class=\"\" rel=\"bookmark\">Read More &raquo;<span class=\"screen-reader-text\">Abastecimiento de Componentes<\/span><\/a><\/p>\n","protected":false},"author":1,"featured_media":0,"parent":0,"menu_order":0,"comment_status":"closed","ping_status":"closed","template":"","meta":{"neve_meta_sidebar":"","neve_meta_container":"","neve_meta_enable_content_width":"","neve_meta_content_width":0,"neve_meta_title_alignment":"","neve_meta_author_avatar":"","neve_post_elements_order":"","neve_meta_disable_header":"","neve_meta_disable_footer":"","neve_meta_disable_title":"on","neve_meta_reading_time":"","_joinchat":[],"footnotes":""},"class_list":["post-2271","page","type-page","status-publish","hentry"],"yoast_head":"<!-- This site is optimized with the Yoast SEO Premium plugin v23.2 (Yoast SEO v25.8) - https:\/\/yoast.com\/wordpress\/plugins\/seo\/ -->\n<title>CEN Components sourcing | IC Resistors Capacitors Diode Crystal China<\/title>\n<meta name=\"description\" content=\"CEN Components sourcing IC Resistors Capacitors Diode Crystal Conectors terminals China sourcing, BOM cost, PCB mfg\" \/>\n<meta name=\"robots\" content=\"index, follow, max-snippet:-1, max-image-preview:large, max-video-preview:-1\" \/>\n<link rel=\"canonical\" href=\"https:\/\/www.cenpcba.com\/es\/components-sourcing\/\" \/>\n<meta property=\"og:locale\" content=\"es_ES\" \/>\n<meta property=\"og:type\" content=\"article\" \/>\n<meta property=\"og:title\" content=\"Abastecimiento de Componentes\" \/>\n<meta property=\"og:description\" content=\"CEN Components sourcing IC Resistors Capacitors Diode Crystal Conectors terminals China sourcing, BOM cost, PCB mfg\" \/>\n<meta property=\"og:url\" content=\"https:\/\/www.cenpcba.com\/es\/components-sourcing\/\" \/>\n<meta property=\"og:site_name\" content=\"Contract Manufacturing\" \/>\n<meta property=\"article:publisher\" content=\"https:\/\/www.facebook.com\/cenpcba\" \/>\n<meta property=\"article:modified_time\" content=\"2024-09-19T02:50:06+00:00\" \/>\n<meta property=\"og:image\" content=\"http:\/\/www.cenpcba.com\/wp-content\/uploads\/2022\/07\/IC.jpg\" \/>\n<meta name=\"twitter:card\" content=\"summary_large_image\" \/>\n<meta name=\"twitter:label1\" content=\"Tiempo de lectura\" \/>\n\t<meta name=\"twitter:data1\" content=\"2 minutos\" \/>\n<script type=\"application\/ld+json\" class=\"yoast-schema-graph\">{\"@context\":\"https:\/\/schema.org\",\"@graph\":[{\"@type\":\"WebPage\",\"@id\":\"https:\/\/www.cenpcba.com\/es\/components-sourcing\/\",\"url\":\"https:\/\/www.cenpcba.com\/es\/components-sourcing\/\",\"name\":\"CEN Components sourcing | IC Resistors Capacitors Diode Crystal China\",\"isPartOf\":{\"@id\":\"https:\/\/www.cenpcba.com\/es\/#website\"},\"primaryImageOfPage\":{\"@id\":\"https:\/\/www.cenpcba.com\/es\/components-sourcing\/#primaryimage\"},\"image\":{\"@id\":\"https:\/\/www.cenpcba.com\/es\/components-sourcing\/#primaryimage\"},\"thumbnailUrl\":\"http:\/\/www.cenpcba.com\/wp-content\/uploads\/2022\/07\/IC.jpg\",\"datePublished\":\"2022-07-10T10:40:02+00:00\",\"dateModified\":\"2024-09-19T02:50:06+00:00\",\"description\":\"CEN Components sourcing IC Resistors Capacitors Diode Crystal Conectors terminals China sourcing, BOM cost, PCB mfg\",\"breadcrumb\":{\"@id\":\"https:\/\/www.cenpcba.com\/es\/components-sourcing\/#breadcrumb\"},\"inLanguage\":\"es\",\"potentialAction\":[{\"@type\":\"ReadAction\",\"target\":[\"https:\/\/www.cenpcba.com\/es\/components-sourcing\/\"]}]},{\"@type\":\"ImageObject\",\"inLanguage\":\"es\",\"@id\":\"https:\/\/www.cenpcba.com\/es\/components-sourcing\/#primaryimage\",\"url\":\"http:\/\/www.cenpcba.com\/wp-content\/uploads\/2022\/07\/IC.jpg\",\"contentUrl\":\"http:\/\/www.cenpcba.com\/wp-content\/uploads\/2022\/07\/IC.jpg\"},{\"@type\":\"BreadcrumbList\",\"@id\":\"https:\/\/www.cenpcba.com\/es\/components-sourcing\/#breadcrumb\",\"itemListElement\":[{\"@type\":\"ListItem\",\"position\":1,\"name\":\"\u9996\u9875\",\"item\":\"https:\/\/www.cenpcba.com\/es\/\"},{\"@type\":\"ListItem\",\"position\":2,\"name\":\"Abastecimiento de Componentes\"}]},{\"@type\":\"WebSite\",\"@id\":\"https:\/\/www.cenpcba.com\/es\/#website\",\"url\":\"https:\/\/www.cenpcba.com\/es\/\",\"name\":\"Contact Electronic Manufacturing Service Factory in Shenzhen, China\",\"description\":\"PCB Assembly\",\"publisher\":{\"@id\":\"https:\/\/www.cenpcba.com\/es\/#organization\"},\"alternateName\":\"One stop EMS service from PCB Manufacturing, Pcb assembly, smt, dip box assembly\",\"potentialAction\":[{\"@type\":\"SearchAction\",\"target\":{\"@type\":\"EntryPoint\",\"urlTemplate\":\"https:\/\/www.cenpcba.com\/es\/?s={search_term_string}\"},\"query-input\":{\"@type\":\"PropertyValueSpecification\",\"valueRequired\":true,\"valueName\":\"search_term_string\"}}],\"inLanguage\":\"es\"},{\"@type\":\"Organization\",\"@id\":\"https:\/\/www.cenpcba.com\/es\/#organization\",\"name\":\"CEN Electronic Technology Co., Ltd\",\"alternateName\":\"CEN PCBA\",\"url\":\"https:\/\/www.cenpcba.com\/es\/\",\"logo\":{\"@type\":\"ImageObject\",\"inLanguage\":\"es\",\"@id\":\"https:\/\/www.cenpcba.com\/es\/#\/schema\/logo\/image\/\",\"url\":\"http:\/\/www.cenpcba.com\/wp-content\/uploads\/2022\/07\/CEN-Logo-L.png\",\"contentUrl\":\"http:\/\/www.cenpcba.com\/wp-content\/uploads\/2022\/07\/CEN-Logo-L.png\",\"width\":960,\"height\":856,\"caption\":\"CEN Electronic Technology Co., Ltd\"},\"image\":{\"@id\":\"https:\/\/www.cenpcba.com\/es\/#\/schema\/logo\/image\/\"},\"sameAs\":[\"https:\/\/www.facebook.com\/cenpcba\",\"https:\/\/www.linkedin.com\/company\/cenpcba\"]}]}<\/script>\n<!-- \/ Yoast SEO Premium plugin. -->","yoast_head_json":{"title":"CEN Components sourcing | IC Resistors Capacitors Diode Crystal China","description":"CEN Components sourcing IC Resistors Capacitors Diode Crystal Conectors terminals China sourcing, BOM cost, PCB mfg","robots":{"index":"index","follow":"follow","max-snippet":"max-snippet:-1","max-image-preview":"max-image-preview:large","max-video-preview":"max-video-preview:-1"},"canonical":"https:\/\/www.cenpcba.com\/es\/components-sourcing\/","og_locale":"es_ES","og_type":"article","og_title":"Abastecimiento de Componentes","og_description":"CEN Components sourcing IC Resistors Capacitors Diode Crystal Conectors terminals China sourcing, BOM cost, PCB mfg","og_url":"https:\/\/www.cenpcba.com\/es\/components-sourcing\/","og_site_name":"Contract Manufacturing","article_publisher":"https:\/\/www.facebook.com\/cenpcba","article_modified_time":"2024-09-19T02:50:06+00:00","og_image":[{"url":"http:\/\/www.cenpcba.com\/wp-content\/uploads\/2022\/07\/IC.jpg","type":"","width":"","height":""}],"twitter_card":"summary_large_image","twitter_misc":{"Tiempo de lectura":"2 minutos"},"schema":{"@context":"https:\/\/schema.org","@graph":[{"@type":"WebPage","@id":"https:\/\/www.cenpcba.com\/es\/components-sourcing\/","url":"https:\/\/www.cenpcba.com\/es\/components-sourcing\/","name":"CEN Components sourcing | IC Resistors Capacitors Diode Crystal China","isPartOf":{"@id":"https:\/\/www.cenpcba.com\/es\/#website"},"primaryImageOfPage":{"@id":"https:\/\/www.cenpcba.com\/es\/components-sourcing\/#primaryimage"},"image":{"@id":"https:\/\/www.cenpcba.com\/es\/components-sourcing\/#primaryimage"},"thumbnailUrl":"http:\/\/www.cenpcba.com\/wp-content\/uploads\/2022\/07\/IC.jpg","datePublished":"2022-07-10T10:40:02+00:00","dateModified":"2024-09-19T02:50:06+00:00","description":"CEN Components sourcing IC Resistors Capacitors Diode Crystal Conectors terminals China sourcing, BOM cost, PCB mfg","breadcrumb":{"@id":"https:\/\/www.cenpcba.com\/es\/components-sourcing\/#breadcrumb"},"inLanguage":"es","potentialAction":[{"@type":"ReadAction","target":["https:\/\/www.cenpcba.com\/es\/components-sourcing\/"]}]},{"@type":"ImageObject","inLanguage":"es","@id":"https:\/\/www.cenpcba.com\/es\/components-sourcing\/#primaryimage","url":"http:\/\/www.cenpcba.com\/wp-content\/uploads\/2022\/07\/IC.jpg","contentUrl":"http:\/\/www.cenpcba.com\/wp-content\/uploads\/2022\/07\/IC.jpg"},{"@type":"BreadcrumbList","@id":"https:\/\/www.cenpcba.com\/es\/components-sourcing\/#breadcrumb","itemListElement":[{"@type":"ListItem","position":1,"name":"\u9996\u9875","item":"https:\/\/www.cenpcba.com\/es\/"},{"@type":"ListItem","position":2,"name":"Abastecimiento de Componentes"}]},{"@type":"WebSite","@id":"https:\/\/www.cenpcba.com\/es\/#website","url":"https:\/\/www.cenpcba.com\/es\/","name":"Contact Electronic Manufacturing Service Factory in Shenzhen, China","description":"PCB Assembly","publisher":{"@id":"https:\/\/www.cenpcba.com\/es\/#organization"},"alternateName":"One stop EMS service from PCB Manufacturing, Pcb assembly, smt, dip box assembly","potentialAction":[{"@type":"SearchAction","target":{"@type":"EntryPoint","urlTemplate":"https:\/\/www.cenpcba.com\/es\/?s={search_term_string}"},"query-input":{"@type":"PropertyValueSpecification","valueRequired":true,"valueName":"search_term_string"}}],"inLanguage":"es"},{"@type":"Organization","@id":"https:\/\/www.cenpcba.com\/es\/#organization","name":"CEN Electronic Technology Co., Ltd","alternateName":"CEN PCBA","url":"https:\/\/www.cenpcba.com\/es\/","logo":{"@type":"ImageObject","inLanguage":"es","@id":"https:\/\/www.cenpcba.com\/es\/#\/schema\/logo\/image\/","url":"http:\/\/www.cenpcba.com\/wp-content\/uploads\/2022\/07\/CEN-Logo-L.png","contentUrl":"http:\/\/www.cenpcba.com\/wp-content\/uploads\/2022\/07\/CEN-Logo-L.png","width":960,"height":856,"caption":"CEN Electronic Technology Co., Ltd"},"image":{"@id":"https:\/\/www.cenpcba.com\/es\/#\/schema\/logo\/image\/"},"sameAs":["https:\/\/www.facebook.com\/cenpcba","https:\/\/www.linkedin.com\/company\/cenpcba"]}]}},"_links":{"self":[{"href":"https:\/\/www.cenpcba.com\/es\/wp-json\/wp\/v2\/pages\/2271","targetHints":{"allow":["GET"]}}],"collection":[{"href":"https:\/\/www.cenpcba.com\/es\/wp-json\/wp\/v2\/pages"}],"about":[{"href":"https:\/\/www.cenpcba.com\/es\/wp-json\/wp\/v2\/types\/page"}],"author":[{"embeddable":true,"href":"https:\/\/www.cenpcba.com\/es\/wp-json\/wp\/v2\/users\/1"}],"replies":[{"embeddable":true,"href":"https:\/\/www.cenpcba.com\/es\/wp-json\/wp\/v2\/comments?post=2271"}],"version-history":[{"count":4,"href":"https:\/\/www.cenpcba.com\/es\/wp-json\/wp\/v2\/pages\/2271\/revisions"}],"predecessor-version":[{"id":2405,"href":"https:\/\/www.cenpcba.com\/es\/wp-json\/wp\/v2\/pages\/2271\/revisions\/2405"}],"wp:attachment":[{"href":"https:\/\/www.cenpcba.com\/es\/wp-json\/wp\/v2\/media?parent=2271"}],"curies":[{"name":"wp","href":"https:\/\/api.w.org\/{rel}","templated":true}]}}