{"id":2279,"date":"2022-07-10T19:44:12","date_gmt":"2022-07-10T11:44:12","guid":{"rendered":"http:\/\/www.cenpcba.com\/engineeing\/"},"modified":"2024-09-19T10:46:49","modified_gmt":"2024-09-19T02:46:49","slug":"engineeing","status":"publish","type":"page","link":"https:\/\/www.cenpcba.com\/es\/engineeing\/","title":{"rendered":"Ingenier\u00eda"},"content":{"rendered":"\n<div class=\"wp-block-cover alignfull\" style=\"min-height:434px;aspect-ratio:unset;\"><span aria-hidden=\"true\" class=\"wp-block-cover__background has-background-dim\" style=\"background-color:#606a68\"><\/span><img fetchpriority=\"high\" decoding=\"async\" width=\"889\" height=\"500\" class=\"wp-block-cover__image-background wp-image-1122\" alt=\"PCB Design\" src=\"http:\/\/www.cenpcba.com\/wp-content\/uploads\/2024\/04\/PCB-Design-2.webp.jpg\" style=\"object-position:44% 72%\" data-object-fit=\"cover\" data-object-position=\"44% 72%\" srcset=\"https:\/\/www.cenpcba.com\/wp-content\/uploads\/2024\/04\/PCB-Design-2.webp.jpg 889w, https:\/\/www.cenpcba.com\/wp-content\/uploads\/2024\/04\/PCB-Design-2.webp-300x169.jpg 300w, https:\/\/www.cenpcba.com\/wp-content\/uploads\/2024\/04\/PCB-Design-2.webp-768x432.jpg 768w\" sizes=\"(max-width: 889px) 100vw, 889px\" \/><div class=\"wp-block-cover__inner-container is-layout-flow wp-block-cover-is-layout-flow\">\n<h1 class=\"wp-block-heading has-text-align-center has-large-font-size\" id=\"h-ingenieria\">Ingenier\u00eda<\/h1>\n<\/div><\/div>\n\n\n\n<div style=\"height:47px\" aria-hidden=\"true\" class=\"wp-block-spacer\"><\/div>\n\n\n\n<div class=\"wp-block-columns is-layout-flex wp-container-core-columns-is-layout-9d6595d7 wp-block-columns-is-layout-flex\">\n<div class=\"wp-block-column is-layout-flow wp-block-column-is-layout-flow\">\n<figure class=\"wp-block-image size-full\"><img decoding=\"async\" width=\"2560\" height=\"1707\" src=\"http:\/\/www.cenpcba.com\/wp-content\/uploads\/2024\/04\/PCB-Assembly-scaled.jpeg\" alt=\"\" class=\"wp-image-1120\" srcset=\"https:\/\/www.cenpcba.com\/wp-content\/uploads\/2024\/04\/PCB-Assembly-scaled.jpeg 2560w, https:\/\/www.cenpcba.com\/wp-content\/uploads\/2024\/04\/PCB-Assembly-300x200.jpeg 300w, https:\/\/www.cenpcba.com\/wp-content\/uploads\/2024\/04\/PCB-Assembly-1024x683.jpeg 1024w, https:\/\/www.cenpcba.com\/wp-content\/uploads\/2024\/04\/PCB-Assembly-768x512.jpeg 768w, https:\/\/www.cenpcba.com\/wp-content\/uploads\/2024\/04\/PCB-Assembly-1536x1024.jpeg 1536w, https:\/\/www.cenpcba.com\/wp-content\/uploads\/2024\/04\/PCB-Assembly-2048x1365.jpeg 2048w, https:\/\/www.cenpcba.com\/wp-content\/uploads\/2024\/04\/PCB-Assembly-930x620.jpeg 930w\" sizes=\"(max-width: 2560px) 100vw, 2560px\" \/><\/figure>\n<\/div>\n\n\n\n<div class=\"wp-block-column is-layout-flow wp-block-column-is-layout-flow\">\n<h2 class=\"wp-block-heading has-large-font-size\" id=\"h-servicios-de-ingenieria-de-pcba\">Servicios de Ingenier\u00eda de PCBA<\/h2>\n\n\n\n<p>En CEN Electronic Technology, ofrecemos una amplia gama de servicios de ingenier\u00eda para apoyar las necesidades de desarrollo de productos. Nuestro experimentado equipo de ingenieros trabaja estrechamente con usted para comprender los requisitos de su proyecto y proporcionar soluciones personalizadas que satisfagan sus necesidades espec\u00edficas.<\/p>\n\n\n\n<p>Desde el desarrollo conceptual hasta el dise\u00f1o y la creaci\u00f3n de prototipos, nuestros ingenieros est\u00e1n capacitados para manejar todas las etapas del proceso de desarrollo de productos. Tambi\u00e9n ofrecemos servicios de ingenier\u00eda de valor y an\u00e1lisis de costos para garantizar que su proyecto sea eficiente y rentable.<\/p>\n\n\n\n<p>Adem\u00e1s, brindamos servicios de dise\u00f1o para manufacturabilidad (DFM) para optimizar su producto para la producci\u00f3n. Nuestros ingenieros trabajan para identificar posibles problemas de fabricaci\u00f3n en las primeras etapas del dise\u00f1o, reduciendo el riesgo de retrasos y sobrecostos.<\/p>\n<\/div>\n<\/div>\n\n\n\n<div style=\"height:100px\" aria-hidden=\"true\" class=\"wp-block-spacer\"><\/div>\n\n\n\n<div class=\"wp-block-columns is-layout-flex wp-container-core-columns-is-layout-9d6595d7 wp-block-columns-is-layout-flex\">\n<div class=\"wp-block-column is-layout-flow wp-block-column-is-layout-flow\">\n<p><strong>A continuaci\u00f3n, algunas de las capacidades y servicios que ofrecemos a nuestros clientes:<\/strong><\/p>\n\n\n\n<ul class=\"wp-block-list\">\n<li>Servicios de Dise\u00f1o de PCB<\/li>\n\n\n\n<li>Dise\u00f1o de Placa PCB<\/li>\n\n\n\n<li>Dise\u00f1o de Microprocesadores<\/li>\n\n\n\n<li>Servicios de Desarrollo de Software<\/li>\n\n\n\n<li>Pruebas de Productos Electr\u00f3nicos<\/li>\n\n\n\n<li>Servicios de Soporte a la Manufactura<\/li>\n<\/ul>\n<\/div>\n\n\n\n<div class=\"wp-block-column is-layout-flow wp-block-column-is-layout-flow\">\n<figure class=\"wp-block-image size-large\"><img decoding=\"async\" width=\"1024\" height=\"788\" src=\"http:\/\/www.cenpcba.com\/wp-content\/uploads\/2022\/07\/Engineering-1024x788.png\" alt=\"\" class=\"wp-image-450\" srcset=\"https:\/\/www.cenpcba.com\/wp-content\/uploads\/2022\/07\/Engineering-1024x788.png 1024w, https:\/\/www.cenpcba.com\/wp-content\/uploads\/2022\/07\/Engineering-300x231.png 300w, https:\/\/www.cenpcba.com\/wp-content\/uploads\/2022\/07\/Engineering-768x591.png 768w, https:\/\/www.cenpcba.com\/wp-content\/uploads\/2022\/07\/Engineering.png 1251w\" sizes=\"(max-width: 1024px) 100vw, 1024px\" \/><\/figure>\n<\/div>\n<\/div>\n\n\n\n<div style=\"height:83px\" aria-hidden=\"true\" class=\"wp-block-spacer\"><\/div>\n\n\n\n<p>En CEN Electronic Technology, estamos comprometidos a ofrecer servicios de ingenier\u00eda de alta calidad que satisfagan las necesidades de nuestros clientes. Cont\u00e1ctenos hoy para saber m\u00e1s sobre c\u00f3mo podemos apoyar las necesidades de desarrollo de su producto.<\/p>\n\n\n\n<div style=\"height:83px\" aria-hidden=\"true\" class=\"wp-block-spacer\"><\/div>\n\n\n\n<div class=\"wp-block-columns is-layout-flex wp-container-core-columns-is-layout-9d6595d7 wp-block-columns-is-layout-flex\">\n<div class=\"wp-block-column is-layout-flow wp-block-column-is-layout-flow\">\n<figure class=\"wp-block-image size-full\"><img loading=\"lazy\" decoding=\"async\" width=\"600\" height=\"600\" src=\"http:\/\/www.cenpcba.com\/wp-content\/uploads\/2020\/01\/neve-web-design-bg-11.jpg\" alt=\"CEN PCBA\" class=\"wp-image-38\"\/><\/figure>\n<\/div>\n\n\n\n<div class=\"wp-block-column is-layout-flow wp-block-column-is-layout-flow\">\n<h3 class=\"wp-block-heading\" id=\"h-que-hace-diferente-a-cen-pcba\">\u00bfQu\u00e9 hace diferente a CEN PCBA?<\/h3>\n\n\n\n<p>No somos simplemente otra empresa de dise\u00f1o de PCB; somos su socio integral de dise\u00f1o y entrega. Su \u00e9xito y satisfacci\u00f3n son nuestras principales prioridades, y colaboramos con usted en cada etapa para asegurar que su dise\u00f1o se alinee con sus requisitos y supere sus expectativas.<\/p>\n\n\n\n<p>Pero eso es solo el comienzo. Nuestra gama completa de servicios de PCB cubre cada aspecto de su proyecto, desde la concepci\u00f3n hasta la entrega. Una vez que se finalicen sus dise\u00f1os, puede solicitar una cotizaci\u00f3n y recibir sus placas de circuito de manera r\u00e1pida.<\/p>\n\n\n\n<p>Con nuestras instalaciones integradas de fabricaci\u00f3n y ensamblaje, no hay necesidad de m\u00faltiples socios para PCB. Adem\u00e1s, nuestro apoyo no termina ah\u00ed. CEN PCBA lo asiste en la obtenci\u00f3n y almacenamiento de los componentes adecuados para sus necesidades futuras a trav\u00e9s de nuestro almac\u00e9n. Tambi\u00e9n ofrecemos pruebas avanzadas para garantizar que sus placas cumplan con los estrictos est\u00e1ndares de calidad y ofrezcan un rendimiento \u00f3ptimo<\/p>\n<\/div>\n<\/div>\n\n\n\n<div style=\"height:83px\" aria-hidden=\"true\" class=\"wp-block-spacer\"><\/div>\n\n\n\n<div class=\"wp-block-columns is-layout-flex wp-container-core-columns-is-layout-9d6595d7 wp-block-columns-is-layout-flex\">\n<div class=\"wp-block-column is-layout-flow wp-block-column-is-layout-flow\">\n<h3 class=\"wp-block-heading\" id=\"h-guiandolo-a-traves-de-su-viaje-de-diseno-de-pcb\">Gui\u00e1ndolo a trav\u00e9s de su viaje de dise\u00f1o de PCB<\/h3>\n\n\n\n<p>Cuando se asocia con nosotros, no est\u00e1 limitado a comenzar sus dise\u00f1os desde cero. Si ya ha iniciado su proceso de dise\u00f1o y encuentra obst\u00e1culos, nuestros expertos est\u00e1n aqu\u00ed para ayudarlo. Simplemente consulte con nosotros, y le proporcionaremos una cotizaci\u00f3n de dise\u00f1o personalizada adaptada a sus necesidades espec\u00edficas.<\/p>\n\n\n\n<p>Nos encargamos de todas las complejidades de sus proyectos de PCB, ya sea en dise\u00f1o, fabricaci\u00f3n o ensamblaje. De esta manera, puede ahorrar tiempo valioso y concentrarse en otras tareas cr\u00edticas.<\/p>\n<\/div>\n\n\n\n<div class=\"wp-block-column is-layout-flow wp-block-column-is-layout-flow\">\n<figure class=\"wp-block-image size-large\"><img loading=\"lazy\" decoding=\"async\" width=\"1024\" height=\"717\" src=\"http:\/\/www.cenpcba.com\/wp-content\/uploads\/2024\/04\/PCB-Design-1024x717.jpeg\" alt=\"\" class=\"wp-image-1115\" srcset=\"https:\/\/www.cenpcba.com\/wp-content\/uploads\/2024\/04\/PCB-Design-1024x717.jpeg 1024w, https:\/\/www.cenpcba.com\/wp-content\/uploads\/2024\/04\/PCB-Design-300x210.jpeg 300w, https:\/\/www.cenpcba.com\/wp-content\/uploads\/2024\/04\/PCB-Design-768x538.jpeg 768w, https:\/\/www.cenpcba.com\/wp-content\/uploads\/2024\/04\/PCB-Design-1536x1075.jpeg 1536w, https:\/\/www.cenpcba.com\/wp-content\/uploads\/2024\/04\/PCB-Design-2048x1434.jpeg 2048w\" sizes=\"(max-width: 1024px) 100vw, 1024px\" \/><\/figure>\n<\/div>\n<\/div>\n\n\n\n<div style=\"height:83px\" aria-hidden=\"true\" class=\"wp-block-spacer\"><\/div>\n\n\n\n<h3 class=\"wp-block-heading\" id=\"h-por-que-asociarse-con-nosotros-para-sus-disenos-de-pcb\">\u00bfPor qu\u00e9 asociarse con nosotros para sus dise\u00f1os de PCB?<\/h3>\n\n\n\n<div style=\"height:42px\" aria-hidden=\"true\" class=\"wp-block-spacer\"><\/div>\n\n\n\n<div class=\"wp-block-columns is-layout-flex wp-container-core-columns-is-layout-9d6595d7 wp-block-columns-is-layout-flex\">\n<div class=\"wp-block-column is-layout-flow wp-block-column-is-layout-flow\">\n<p>En CEN PCBA, hemos adaptado nuestro enfoque de dise\u00f1o de PCB para resolver sus desaf\u00edos m\u00e1s dif\u00edciles y ofrecer un valor incomparable.<\/p>\n<\/div>\n\n\n\n<div class=\"wp-block-column is-layout-flow wp-block-column-is-layout-flow\" style=\"flex-basis:5px\"><\/div>\n\n\n\n<div class=\"wp-block-column is-layout-flow wp-block-column-is-layout-flow\">\n<p>Junto con nuestros expertos en dise\u00f1o, tenemos equipos dedicados para la Estratificaci\u00f3n, la Obtenci\u00f3n de Materiales, la Fabricaci\u00f3n, el Ensamblaje y las Pruebas Avanzadas.<\/p>\n<\/div>\n\n\n\n<div class=\"wp-block-column is-layout-flow wp-block-column-is-layout-flow\" style=\"flex-basis:5px\"><\/div>\n\n\n\n<div class=\"wp-block-column is-layout-flow wp-block-column-is-layout-flow\">\n<p>Una de nuestras fortalezas clave radica en nuestras listas de verificaci\u00f3n exhaustivas, elaboradas por expertos en dise\u00f1o con experiencia, para asegurar que sus dise\u00f1os sean impecables y est\u00e9n libres de errores.<\/p>\n<\/div>\n\n\n\n<div class=\"wp-block-column is-layout-flow wp-block-column-is-layout-flow\" style=\"flex-basis:5px\"><\/div>\n\n\n\n<div class=\"wp-block-column is-layout-flow wp-block-column-is-layout-flow\">\n<p>Pero aqu\u00ed es donde realmente nos destacamos: tratar con diferentes proveedores para la fabricaci\u00f3n y el ensamblaje a menudo conduce a incumplimientos en DFA\/DFM. Sierra opera con una \u00fanica instalaci\u00f3n para ambos procesos.<\/p>\n<\/div>\n<\/div>\n\n\n\n<div style=\"height:47px\" aria-hidden=\"true\" class=\"wp-block-spacer\"><\/div>\n\n\n\n<h3 class=\"wp-block-heading has-text-align-center\" id=\"h-enfoque-integral-de-diseno-de-cen\">Enfoque integral de dise\u00f1o de CEN<\/h3>\n\n\n\n<div style=\"height:43px\" aria-hidden=\"true\" class=\"wp-block-spacer\"><\/div>\n\n\n\n<div class=\"wp-block-columns is-layout-flex wp-container-core-columns-is-layout-9d6595d7 wp-block-columns-is-layout-flex\">\n<div class=\"wp-block-column is-layout-flow wp-block-column-is-layout-flow\" style=\"flex-basis:5%\"><\/div>\n\n\n\n<div class=\"wp-block-column is-layout-flow wp-block-column-is-layout-flow\" style=\"flex-basis:90%\">\n<figure class=\"wp-block-image size-full\"><img loading=\"lazy\" decoding=\"async\" width=\"2900\" height=\"1600\" src=\"http:\/\/www.cenpcba.com\/wp-content\/uploads\/2024\/04\/approach.png\" alt=\"approach\" class=\"wp-image-1118\" srcset=\"https:\/\/www.cenpcba.com\/wp-content\/uploads\/2024\/04\/approach.png 2900w, https:\/\/www.cenpcba.com\/wp-content\/uploads\/2024\/04\/approach-300x166.png 300w, https:\/\/www.cenpcba.com\/wp-content\/uploads\/2024\/04\/approach-1024x565.png 1024w, https:\/\/www.cenpcba.com\/wp-content\/uploads\/2024\/04\/approach-768x424.png 768w, https:\/\/www.cenpcba.com\/wp-content\/uploads\/2024\/04\/approach-1536x847.png 1536w, https:\/\/www.cenpcba.com\/wp-content\/uploads\/2024\/04\/approach-2048x1130.png 2048w\" sizes=\"(max-width: 2900px) 100vw, 2900px\" \/><\/figure>\n<\/div>\n\n\n\n<div class=\"wp-block-column is-layout-flow wp-block-column-is-layout-flow\" style=\"flex-basis:5%\"><\/div>\n<\/div>\n\n\n\n<div style=\"height:75px\" aria-hidden=\"true\" class=\"wp-block-spacer\"><\/div>\n\n\n\n<div class=\"wp-block-cover alignfull\" style=\"min-height:740px;aspect-ratio:unset;\"><span aria-hidden=\"true\" class=\"wp-block-cover__background has-nv-dark-bg-background-color has-background-dim-100 has-background-dim\"><\/span><div class=\"wp-block-cover__inner-container is-layout-flow wp-block-cover-is-layout-flow\">\n<div class=\"wp-block-group\"><div class=\"wp-block-group__inner-container is-layout-flow wp-block-group-is-layout-flow\">\n<div style=\"height:80px\" aria-hidden=\"true\" class=\"wp-block-spacer\"><\/div>\n\n\n\n<div class=\"wp-block-columns are-vertically-aligned-center is-layout-flex wp-container-core-columns-is-layout-9d6595d7 wp-block-columns-is-layout-flex\">\n<div class=\"wp-block-column is-vertically-aligned-center is-layout-flow wp-block-column-is-layout-flow\" style=\"flex-basis:50%\">\n<h2 class=\"wp-block-heading has-nv-text-dark-bg-color has-text-color\" id=\"h-construya-su-proximo-producto-con-nosotros\">Construya su pr\u00f3ximo producto con nosotros.<\/h2>\n\n\n\n<p class=\"has-nv-text-dark-bg-color has-text-color has-link-color wp-elements-0ac918fe5ad284fbb21b37c6608fefa0\">Trabajamos con empresas de todos los tama\u00f1os para crear productos de clase mundial.<\/p>\n\n\n\n<div style=\"height:20px\" aria-hidden=\"true\" class=\"wp-block-spacer\"><\/div>\n\n\n\n<div class=\"wp-block-buttons is-layout-flex wp-block-buttons-is-layout-flex\">\n<div class=\"wp-block-button is-style-primary\"><a class=\"wp-block-button__link wp-element-button\" href=\"http:\/\/www.cenpcba.com\/es\/contact-us\/\" target=\"_blank\" rel=\"noreferrer noopener\">\u00a1Hablemos!<\/a><\/div>\n<\/div>\n\n\n\n<div style=\"height:20px\" aria-hidden=\"true\" class=\"wp-block-spacer\"><\/div>\n<\/div>\n\n\n\n<div class=\"wp-block-column is-vertically-aligned-center is-layout-flow wp-block-column-is-layout-flow\" style=\"flex-basis:50%\">\n<figure class=\"wp-block-image size-large is-resized\"><img loading=\"lazy\" decoding=\"async\" width=\"1024\" height=\"768\" src=\"http:\/\/www.cenpcba.com\/wp-content\/uploads\/2022\/07\/CEN-1024x768.jpg\" alt=\"\" class=\"wp-image-434\" style=\"width:595px;height:446px\" srcset=\"https:\/\/www.cenpcba.com\/wp-content\/uploads\/2022\/07\/CEN-1024x768.jpg 1024w, https:\/\/www.cenpcba.com\/wp-content\/uploads\/2022\/07\/CEN-300x225.jpg 300w, https:\/\/www.cenpcba.com\/wp-content\/uploads\/2022\/07\/CEN-768x576.jpg 768w, https:\/\/www.cenpcba.com\/wp-content\/uploads\/2022\/07\/CEN-1536x1152.jpg 1536w, https:\/\/www.cenpcba.com\/wp-content\/uploads\/2022\/07\/CEN-2048x1536.jpg 2048w\" sizes=\"(max-width: 1024px) 100vw, 1024px\" \/><\/figure>\n<\/div>\n<\/div>\n\n\n\n<div style=\"height:40px\" aria-hidden=\"true\" class=\"wp-block-spacer\"><\/div>\n<\/div><\/div>\n<\/div><\/div>\n\n\n\n<div style=\"height:100px\" aria-hidden=\"true\" class=\"wp-block-spacer\"><\/div>\n","protected":false},"excerpt":{"rendered":"<p>Servicios de Ingenier\u00eda de PCBA En CEN Electronic Technology, ofrecemos una amplia gama de servicios de ingenier\u00eda para apoyar las necesidades de desarrollo de productos. Nuestro experimentado equipo de ingenieros trabaja estrechamente con usted para comprender los requisitos de su proyecto y proporcionar soluciones personalizadas que satisfagan sus necesidades espec\u00edficas. Desde el desarrollo conceptual hasta&hellip;&nbsp;<a href=\"https:\/\/www.cenpcba.com\/es\/engineeing\/\" class=\"\" rel=\"bookmark\">Read More &raquo;<span class=\"screen-reader-text\">Ingenier\u00eda<\/span><\/a><\/p>\n","protected":false},"author":1,"featured_media":0,"parent":0,"menu_order":0,"comment_status":"closed","ping_status":"closed","template":"","meta":{"neve_meta_sidebar":"","neve_meta_container":"","neve_meta_enable_content_width":"","neve_meta_content_width":0,"neve_meta_title_alignment":"","neve_meta_author_avatar":"","neve_post_elements_order":"","neve_meta_disable_header":"","neve_meta_disable_footer":"","neve_meta_disable_title":"on","neve_meta_reading_time":"","_joinchat":[],"footnotes":""},"class_list":["post-2279","page","type-page","status-publish","hentry"],"yoast_head":"<!-- This site is optimized with the Yoast SEO Premium plugin v23.2 (Yoast SEO v25.8) - https:\/\/yoast.com\/wordpress\/plugins\/seo\/ -->\n<title>- Contract Manufacturing<\/title>\n<meta name=\"description\" content=\"Engineering pcba service, schematice design, pcb layout, Electronic Product Testing, Manufacturing Support Services\" \/>\n<meta name=\"robots\" content=\"index, follow, max-snippet:-1, max-image-preview:large, max-video-preview:-1\" \/>\n<link rel=\"canonical\" href=\"https:\/\/www.cenpcba.com\/es\/engineeing\/\" \/>\n<meta property=\"og:locale\" content=\"es_ES\" \/>\n<meta property=\"og:type\" content=\"article\" \/>\n<meta property=\"og:title\" content=\"Ingenier\u00eda\" \/>\n<meta property=\"og:description\" content=\"Engineering pcba service, schematice design, pcb layout, Electronic Product Testing, Manufacturing Support Services\" \/>\n<meta property=\"og:url\" content=\"https:\/\/www.cenpcba.com\/es\/engineeing\/\" \/>\n<meta property=\"og:site_name\" content=\"Contract Manufacturing\" \/>\n<meta property=\"article:publisher\" content=\"https:\/\/www.facebook.com\/cenpcba\" \/>\n<meta property=\"article:modified_time\" content=\"2024-09-19T02:46:49+00:00\" \/>\n<meta property=\"og:image\" content=\"http:\/\/www.cenpcba.com\/wp-content\/uploads\/2024\/04\/PCB-Design-2.webp.jpg\" \/>\n<meta name=\"twitter:card\" content=\"summary_large_image\" \/>\n<meta name=\"twitter:label1\" content=\"Tiempo de lectura\" \/>\n\t<meta name=\"twitter:data1\" content=\"5 minutos\" \/>\n<script type=\"application\/ld+json\" class=\"yoast-schema-graph\">{\"@context\":\"https:\/\/schema.org\",\"@graph\":[{\"@type\":\"WebPage\",\"@id\":\"https:\/\/www.cenpcba.com\/es\/engineeing\/\",\"url\":\"https:\/\/www.cenpcba.com\/es\/engineeing\/\",\"name\":\"- Contract Manufacturing\",\"isPartOf\":{\"@id\":\"https:\/\/www.cenpcba.com\/es\/#website\"},\"primaryImageOfPage\":{\"@id\":\"https:\/\/www.cenpcba.com\/es\/engineeing\/#primaryimage\"},\"image\":{\"@id\":\"https:\/\/www.cenpcba.com\/es\/engineeing\/#primaryimage\"},\"thumbnailUrl\":\"http:\/\/www.cenpcba.com\/wp-content\/uploads\/2024\/04\/PCB-Design-2.webp.jpg\",\"datePublished\":\"2022-07-10T11:44:12+00:00\",\"dateModified\":\"2024-09-19T02:46:49+00:00\",\"description\":\"Engineering pcba service, schematice design, pcb layout, Electronic Product Testing, Manufacturing Support Services\",\"breadcrumb\":{\"@id\":\"https:\/\/www.cenpcba.com\/es\/engineeing\/#breadcrumb\"},\"inLanguage\":\"es\",\"potentialAction\":[{\"@type\":\"ReadAction\",\"target\":[\"https:\/\/www.cenpcba.com\/es\/engineeing\/\"]}]},{\"@type\":\"ImageObject\",\"inLanguage\":\"es\",\"@id\":\"https:\/\/www.cenpcba.com\/es\/engineeing\/#primaryimage\",\"url\":\"http:\/\/www.cenpcba.com\/wp-content\/uploads\/2024\/04\/PCB-Design-2.webp.jpg\",\"contentUrl\":\"http:\/\/www.cenpcba.com\/wp-content\/uploads\/2024\/04\/PCB-Design-2.webp.jpg\"},{\"@type\":\"BreadcrumbList\",\"@id\":\"https:\/\/www.cenpcba.com\/es\/engineeing\/#breadcrumb\",\"itemListElement\":[{\"@type\":\"ListItem\",\"position\":1,\"name\":\"\u9996\u9875\",\"item\":\"https:\/\/www.cenpcba.com\/es\/\"},{\"@type\":\"ListItem\",\"position\":2,\"name\":\"Ingenier\u00eda\"}]},{\"@type\":\"WebSite\",\"@id\":\"https:\/\/www.cenpcba.com\/es\/#website\",\"url\":\"https:\/\/www.cenpcba.com\/es\/\",\"name\":\"Contact Electronic Manufacturing Service Factory in Shenzhen, China\",\"description\":\"PCB Assembly\",\"publisher\":{\"@id\":\"https:\/\/www.cenpcba.com\/es\/#organization\"},\"alternateName\":\"One stop EMS service from PCB Manufacturing, Pcb assembly, smt, dip box assembly\",\"potentialAction\":[{\"@type\":\"SearchAction\",\"target\":{\"@type\":\"EntryPoint\",\"urlTemplate\":\"https:\/\/www.cenpcba.com\/es\/?s={search_term_string}\"},\"query-input\":{\"@type\":\"PropertyValueSpecification\",\"valueRequired\":true,\"valueName\":\"search_term_string\"}}],\"inLanguage\":\"es\"},{\"@type\":\"Organization\",\"@id\":\"https:\/\/www.cenpcba.com\/es\/#organization\",\"name\":\"CEN Electronic Technology Co., Ltd\",\"alternateName\":\"CEN PCBA\",\"url\":\"https:\/\/www.cenpcba.com\/es\/\",\"logo\":{\"@type\":\"ImageObject\",\"inLanguage\":\"es\",\"@id\":\"https:\/\/www.cenpcba.com\/es\/#\/schema\/logo\/image\/\",\"url\":\"http:\/\/www.cenpcba.com\/wp-content\/uploads\/2022\/07\/CEN-Logo-L.png\",\"contentUrl\":\"http:\/\/www.cenpcba.com\/wp-content\/uploads\/2022\/07\/CEN-Logo-L.png\",\"width\":960,\"height\":856,\"caption\":\"CEN Electronic Technology Co., Ltd\"},\"image\":{\"@id\":\"https:\/\/www.cenpcba.com\/es\/#\/schema\/logo\/image\/\"},\"sameAs\":[\"https:\/\/www.facebook.com\/cenpcba\",\"https:\/\/www.linkedin.com\/company\/cenpcba\"]}]}<\/script>\n<!-- \/ Yoast SEO Premium plugin. -->","yoast_head_json":{"title":"- Contract Manufacturing","description":"Engineering pcba service, schematice design, pcb layout, Electronic Product Testing, Manufacturing Support Services","robots":{"index":"index","follow":"follow","max-snippet":"max-snippet:-1","max-image-preview":"max-image-preview:large","max-video-preview":"max-video-preview:-1"},"canonical":"https:\/\/www.cenpcba.com\/es\/engineeing\/","og_locale":"es_ES","og_type":"article","og_title":"Ingenier\u00eda","og_description":"Engineering pcba service, schematice design, pcb layout, Electronic Product Testing, Manufacturing Support Services","og_url":"https:\/\/www.cenpcba.com\/es\/engineeing\/","og_site_name":"Contract Manufacturing","article_publisher":"https:\/\/www.facebook.com\/cenpcba","article_modified_time":"2024-09-19T02:46:49+00:00","og_image":[{"url":"http:\/\/www.cenpcba.com\/wp-content\/uploads\/2024\/04\/PCB-Design-2.webp.jpg","type":"","width":"","height":""}],"twitter_card":"summary_large_image","twitter_misc":{"Tiempo de lectura":"5 minutos"},"schema":{"@context":"https:\/\/schema.org","@graph":[{"@type":"WebPage","@id":"https:\/\/www.cenpcba.com\/es\/engineeing\/","url":"https:\/\/www.cenpcba.com\/es\/engineeing\/","name":"- Contract Manufacturing","isPartOf":{"@id":"https:\/\/www.cenpcba.com\/es\/#website"},"primaryImageOfPage":{"@id":"https:\/\/www.cenpcba.com\/es\/engineeing\/#primaryimage"},"image":{"@id":"https:\/\/www.cenpcba.com\/es\/engineeing\/#primaryimage"},"thumbnailUrl":"http:\/\/www.cenpcba.com\/wp-content\/uploads\/2024\/04\/PCB-Design-2.webp.jpg","datePublished":"2022-07-10T11:44:12+00:00","dateModified":"2024-09-19T02:46:49+00:00","description":"Engineering pcba service, schematice design, pcb layout, Electronic Product Testing, Manufacturing Support Services","breadcrumb":{"@id":"https:\/\/www.cenpcba.com\/es\/engineeing\/#breadcrumb"},"inLanguage":"es","potentialAction":[{"@type":"ReadAction","target":["https:\/\/www.cenpcba.com\/es\/engineeing\/"]}]},{"@type":"ImageObject","inLanguage":"es","@id":"https:\/\/www.cenpcba.com\/es\/engineeing\/#primaryimage","url":"http:\/\/www.cenpcba.com\/wp-content\/uploads\/2024\/04\/PCB-Design-2.webp.jpg","contentUrl":"http:\/\/www.cenpcba.com\/wp-content\/uploads\/2024\/04\/PCB-Design-2.webp.jpg"},{"@type":"BreadcrumbList","@id":"https:\/\/www.cenpcba.com\/es\/engineeing\/#breadcrumb","itemListElement":[{"@type":"ListItem","position":1,"name":"\u9996\u9875","item":"https:\/\/www.cenpcba.com\/es\/"},{"@type":"ListItem","position":2,"name":"Ingenier\u00eda"}]},{"@type":"WebSite","@id":"https:\/\/www.cenpcba.com\/es\/#website","url":"https:\/\/www.cenpcba.com\/es\/","name":"Contact Electronic Manufacturing Service Factory in Shenzhen, China","description":"PCB Assembly","publisher":{"@id":"https:\/\/www.cenpcba.com\/es\/#organization"},"alternateName":"One stop EMS service from PCB Manufacturing, Pcb assembly, smt, dip box assembly","potentialAction":[{"@type":"SearchAction","target":{"@type":"EntryPoint","urlTemplate":"https:\/\/www.cenpcba.com\/es\/?s={search_term_string}"},"query-input":{"@type":"PropertyValueSpecification","valueRequired":true,"valueName":"search_term_string"}}],"inLanguage":"es"},{"@type":"Organization","@id":"https:\/\/www.cenpcba.com\/es\/#organization","name":"CEN Electronic Technology Co., Ltd","alternateName":"CEN PCBA","url":"https:\/\/www.cenpcba.com\/es\/","logo":{"@type":"ImageObject","inLanguage":"es","@id":"https:\/\/www.cenpcba.com\/es\/#\/schema\/logo\/image\/","url":"http:\/\/www.cenpcba.com\/wp-content\/uploads\/2022\/07\/CEN-Logo-L.png","contentUrl":"http:\/\/www.cenpcba.com\/wp-content\/uploads\/2022\/07\/CEN-Logo-L.png","width":960,"height":856,"caption":"CEN Electronic Technology Co., Ltd"},"image":{"@id":"https:\/\/www.cenpcba.com\/es\/#\/schema\/logo\/image\/"},"sameAs":["https:\/\/www.facebook.com\/cenpcba","https:\/\/www.linkedin.com\/company\/cenpcba"]}]}},"_links":{"self":[{"href":"https:\/\/www.cenpcba.com\/es\/wp-json\/wp\/v2\/pages\/2279","targetHints":{"allow":["GET"]}}],"collection":[{"href":"https:\/\/www.cenpcba.com\/es\/wp-json\/wp\/v2\/pages"}],"about":[{"href":"https:\/\/www.cenpcba.com\/es\/wp-json\/wp\/v2\/types\/page"}],"author":[{"embeddable":true,"href":"https:\/\/www.cenpcba.com\/es\/wp-json\/wp\/v2\/users\/1"}],"replies":[{"embeddable":true,"href":"https:\/\/www.cenpcba.com\/es\/wp-json\/wp\/v2\/comments?post=2279"}],"version-history":[{"count":4,"href":"https:\/\/www.cenpcba.com\/es\/wp-json\/wp\/v2\/pages\/2279\/revisions"}],"predecessor-version":[{"id":2403,"href":"https:\/\/www.cenpcba.com\/es\/wp-json\/wp\/v2\/pages\/2279\/revisions\/2403"}],"wp:attachment":[{"href":"https:\/\/www.cenpcba.com\/es\/wp-json\/wp\/v2\/media?parent=2279"}],"curies":[{"name":"wp","href":"https:\/\/api.w.org\/{rel}","templated":true}]}}