{"id":2287,"date":"2022-07-10T19:53:09","date_gmt":"2022-07-10T11:53:09","guid":{"rendered":"http:\/\/www.cenpcba.com\/supply-chain\/"},"modified":"2024-09-19T10:39:35","modified_gmt":"2024-09-19T02:39:35","slug":"supply-chain","status":"publish","type":"page","link":"https:\/\/www.cenpcba.com\/es\/supply-chain\/","title":{"rendered":"Gesti\u00f3n de la Cadena de Suministro"},"content":{"rendered":"\n<p><\/p>\n\n\n\n<div class=\"wp-block-cover alignfull is-light\" style=\"min-height:307px;aspect-ratio:unset;\"><span aria-hidden=\"true\" class=\"wp-block-cover__background has-background-dim\"><\/span><img fetchpriority=\"high\" decoding=\"async\" width=\"2480\" height=\"1650\" class=\"wp-block-cover__image-background wp-image-461\" alt=\"\" src=\"http:\/\/www.cenpcba.com\/wp-content\/uploads\/2022\/07\/Supplychian-Management-1.jpg\" data-object-fit=\"cover\" srcset=\"https:\/\/www.cenpcba.com\/wp-content\/uploads\/2022\/07\/Supplychian-Management-1.jpg 2480w, https:\/\/www.cenpcba.com\/wp-content\/uploads\/2022\/07\/Supplychian-Management-1-300x200.jpg 300w, https:\/\/www.cenpcba.com\/wp-content\/uploads\/2022\/07\/Supplychian-Management-1-1024x681.jpg 1024w, https:\/\/www.cenpcba.com\/wp-content\/uploads\/2022\/07\/Supplychian-Management-1-768x511.jpg 768w, https:\/\/www.cenpcba.com\/wp-content\/uploads\/2022\/07\/Supplychian-Management-1-1536x1022.jpg 1536w, https:\/\/www.cenpcba.com\/wp-content\/uploads\/2022\/07\/Supplychian-Management-1-2048x1363.jpg 2048w, https:\/\/www.cenpcba.com\/wp-content\/uploads\/2022\/07\/Supplychian-Management-1-930x620.jpg 930w\" sizes=\"(max-width: 2480px) 100vw, 2480px\" \/><div class=\"wp-block-cover__inner-container is-layout-flow wp-block-cover-is-layout-flow\">\n<p class=\"has-text-align-center has-large-font-size\"><\/p>\n\n\n\n<h1 class=\"wp-block-heading has-text-align-center has-nv-site-bg-color has-text-color\" id=\"h-gestion-de-la-cadena-de-suministro\">Gesti\u00f3n de la Cadena de Suministro<\/h1>\n<\/div><\/div>\n\n\n\n<div style=\"height:100px\" aria-hidden=\"true\" class=\"wp-block-spacer\"><\/div>\n\n\n\n<div class=\"wp-block-columns is-layout-flex wp-container-core-columns-is-layout-9d6595d7 wp-block-columns-is-layout-flex\">\n<div class=\"wp-block-column is-layout-flow wp-block-column-is-layout-flow\">\n<figure class=\"wp-block-image size-full is-resized\"><img decoding=\"async\" width=\"1000\" height=\"674\" src=\"http:\/\/www.cenpcba.com\/wp-content\/uploads\/2022\/07\/20210616151945.jpg\" alt=\"\" class=\"wp-image-577\" style=\"width:405px;height:272px\" srcset=\"https:\/\/www.cenpcba.com\/wp-content\/uploads\/2022\/07\/20210616151945.jpg 1000w, https:\/\/www.cenpcba.com\/wp-content\/uploads\/2022\/07\/20210616151945-300x202.jpg 300w, https:\/\/www.cenpcba.com\/wp-content\/uploads\/2022\/07\/20210616151945-768x518.jpg 768w\" sizes=\"(max-width: 1000px) 100vw, 1000px\" \/><\/figure>\n<\/div>\n\n\n\n<div class=\"wp-block-column is-layout-flow wp-block-column-is-layout-flow\">\n<h2 class=\"wp-block-heading has-medium-font-size\" id=\"h-gestion-de-la-cadena-de-suministro-0\">Gesti\u00f3n de la Cadena de Suministro<\/h2>\n\n\n\n<p>En CEN, ofrecemos a nuestros clientes soluciones innovadoras y llave en mano para la gesti\u00f3n de la cadena de suministro. Nuestro enfoque proporciona un modelo de negocio completo que brinda el talento y las herramientas transformadoras necesarias para crear predictibilidad, fiabilidad y capacidad de respuesta en toda la cadena de suministro. Contamos con programas bien establecidos de inventario gestionado por el proveedor dentro de las f\u00e1bricas, lo que nos permite desarrollar las soluciones de fabricaci\u00f3n m\u00e1s rentables y flexibles.<\/p>\n<\/div>\n<\/div>\n\n\n\n<div style=\"height:100px\" aria-hidden=\"true\" class=\"wp-block-spacer\"><\/div>\n\n\n\n<div class=\"wp-block-columns is-layout-flex wp-container-core-columns-is-layout-9d6595d7 wp-block-columns-is-layout-flex\">\n<div class=\"wp-block-column is-layout-flow wp-block-column-is-layout-flow\">\n<p>CEN puede obtener todas las piezas y componentes que necesita para su proyecto a trav\u00e9s de nuestra red de socios de distribuci\u00f3n fiables y de confianza. La combinaci\u00f3n de nuestra experiencia y nuestras relaciones a largo plazo con estos socios nos permite adquirir las piezas para una lista de materiales (BOM) promedio en el menor tiempo posible. Nuestra gesti\u00f3n de la cadena de suministro abarca una amplia gama de actividades, tales como la adquisici\u00f3n estrat\u00e9gica de materias primas, asegurar los mejores precios en piezas y componentes, y coordinar los esfuerzos de visibilidad de la cadena de suministro.<\/p>\n\n\n\n<p>Nuestra gesti\u00f3n de la cadena de suministro garantiza eficiencia, reduce costos, aumenta las ganancias, impulsa el trabajo colaborativo y mucho m\u00e1s. Trabajamos con nuestros clientes desde la etapa de cotizaci\u00f3n para dise\u00f1ar una estrategia inicial de abastecimiento basada en los requisitos espec\u00edficos de producci\u00f3n.<\/p>\n<\/div>\n\n\n\n<div class=\"wp-block-column is-layout-flow wp-block-column-is-layout-flow\">\n<figure class=\"wp-block-image size-large is-resized\"><img decoding=\"async\" width=\"1024\" height=\"681\" src=\"http:\/\/www.cenpcba.com\/wp-content\/uploads\/2022\/07\/Supplychian-Management-1-1024x681.jpg\" alt=\"\" class=\"wp-image-461\" style=\"width:456px;height:303px\" srcset=\"https:\/\/www.cenpcba.com\/wp-content\/uploads\/2022\/07\/Supplychian-Management-1-1024x681.jpg 1024w, https:\/\/www.cenpcba.com\/wp-content\/uploads\/2022\/07\/Supplychian-Management-1-300x200.jpg 300w, https:\/\/www.cenpcba.com\/wp-content\/uploads\/2022\/07\/Supplychian-Management-1-768x511.jpg 768w, https:\/\/www.cenpcba.com\/wp-content\/uploads\/2022\/07\/Supplychian-Management-1-1536x1022.jpg 1536w, https:\/\/www.cenpcba.com\/wp-content\/uploads\/2022\/07\/Supplychian-Management-1-2048x1363.jpg 2048w\" sizes=\"(max-width: 1024px) 100vw, 1024px\" \/><\/figure>\n<\/div>\n<\/div>\n\n\n\n<div style=\"height:100px\" aria-hidden=\"true\" class=\"wp-block-spacer\"><\/div>\n\n\n\n<div class=\"wp-block-cover alignfull\" style=\"min-height:300px;aspect-ratio:unset;\"><span aria-hidden=\"true\" class=\"wp-block-cover__background has-nv-dark-bg-background-color has-background-dim-100 has-background-dim\"><\/span><div class=\"wp-block-cover__inner-container is-layout-flow wp-block-cover-is-layout-flow\">\n<div style=\"height:80px\" aria-hidden=\"true\" class=\"wp-block-spacer\"><\/div>\n\n\n<div class=\"wp-block-image is-style-rounded\">\n<figure class=\"aligncenter size-full\"><img loading=\"lazy\" decoding=\"async\" width=\"72\" height=\"72\" src=\"http:\/\/www.cenpcba.com\/wp-content\/uploads\/2022\/07\/Choose-Right.png\" alt=\"\" class=\"wp-image-531\"\/><\/figure>\n<\/div>\n\n\n<p class=\"has-text-align-center has-nv-text-dark-bg-color has-text-color\">ESTAMOS AQU\u00cd PARA TI<\/p>\n\n\n\n<div class=\"wp-block-buttons is-layout-flex wp-block-buttons-is-layout-flex\">\n<div class=\"wp-block-button aligncenter\"><a class=\"wp-block-button__link has-nv-dark-bg-color has-neve-link-color-background-color has-text-color has-background wp-element-button\" href=\"http:\/\/www.cenpcba.com\/es\/contact-us\/\" target=\"_blank\" rel=\"noreferrer noopener\">Habla con nuestro experto<\/a><\/div>\n<\/div>\n\n\n\n<div style=\"height:80px\" aria-hidden=\"true\" class=\"wp-block-spacer\"><\/div>\n<\/div><\/div>\n","protected":false},"excerpt":{"rendered":"<p>Gesti\u00f3n de la Cadena de Suministro En CEN, ofrecemos a nuestros clientes soluciones innovadoras y llave en mano para la gesti\u00f3n de la cadena de suministro. Nuestro enfoque proporciona un modelo de negocio completo que brinda el talento y las herramientas transformadoras necesarias para crear predictibilidad, fiabilidad y capacidad de respuesta en toda la cadena&hellip;&nbsp;<a href=\"https:\/\/www.cenpcba.com\/es\/supply-chain\/\" class=\"\" rel=\"bookmark\">Read More &raquo;<span class=\"screen-reader-text\">Gesti\u00f3n de la Cadena de Suministro<\/span><\/a><\/p>\n","protected":false},"author":1,"featured_media":0,"parent":0,"menu_order":0,"comment_status":"closed","ping_status":"closed","template":"","meta":{"neve_meta_sidebar":"","neve_meta_container":"","neve_meta_enable_content_width":"","neve_meta_content_width":0,"neve_meta_title_alignment":"","neve_meta_author_avatar":"","neve_post_elements_order":"","neve_meta_disable_header":"","neve_meta_disable_footer":"","neve_meta_disable_title":"on","neve_meta_reading_time":"","_joinchat":[],"footnotes":""},"class_list":["post-2287","page","type-page","status-publish","hentry"],"yoast_head":"<!-- This site is optimized with the Yoast SEO Premium plugin v23.2 (Yoast SEO v25.8) - https:\/\/yoast.com\/wordpress\/plugins\/seo\/ -->\n<title>Gesti\u00f3n de la Cadena de Suministro - Contract Manufacturing CEN<\/title>\n<meta name=\"description\" content=\"At CEN, we provide our customers with innovative, turnkey supply chain solutions.\" \/>\n<meta name=\"robots\" content=\"index, follow, max-snippet:-1, max-image-preview:large, max-video-preview:-1\" \/>\n<link rel=\"canonical\" href=\"https:\/\/www.cenpcba.com\/es\/supply-chain\/\" \/>\n<meta property=\"og:locale\" content=\"es_ES\" \/>\n<meta property=\"og:type\" content=\"article\" \/>\n<meta property=\"og:title\" content=\"Gesti\u00f3n de la Cadena de Suministro\" \/>\n<meta property=\"og:description\" content=\"At CEN, we provide our customers with innovative, turnkey supply chain solutions.\" \/>\n<meta property=\"og:url\" content=\"https:\/\/www.cenpcba.com\/es\/supply-chain\/\" \/>\n<meta property=\"og:site_name\" content=\"Contract Manufacturing\" \/>\n<meta property=\"article:publisher\" content=\"https:\/\/www.facebook.com\/cenpcba\" \/>\n<meta property=\"article:modified_time\" content=\"2024-09-19T02:39:35+00:00\" \/>\n<meta property=\"og:image\" content=\"http:\/\/www.cenpcba.com\/wp-content\/uploads\/2022\/07\/Supplychian-Management-1.jpg\" \/>\n<meta name=\"twitter:card\" content=\"summary_large_image\" \/>\n<meta name=\"twitter:label1\" content=\"Tiempo de lectura\" \/>\n\t<meta name=\"twitter:data1\" content=\"2 minutos\" \/>\n<script type=\"application\/ld+json\" class=\"yoast-schema-graph\">{\"@context\":\"https:\/\/schema.org\",\"@graph\":[{\"@type\":\"WebPage\",\"@id\":\"https:\/\/www.cenpcba.com\/es\/supply-chain\/\",\"url\":\"https:\/\/www.cenpcba.com\/es\/supply-chain\/\",\"name\":\"Gesti\u00f3n de la Cadena de Suministro - Contract Manufacturing CEN\",\"isPartOf\":{\"@id\":\"https:\/\/www.cenpcba.com\/es\/#website\"},\"primaryImageOfPage\":{\"@id\":\"https:\/\/www.cenpcba.com\/es\/supply-chain\/#primaryimage\"},\"image\":{\"@id\":\"https:\/\/www.cenpcba.com\/es\/supply-chain\/#primaryimage\"},\"thumbnailUrl\":\"http:\/\/www.cenpcba.com\/wp-content\/uploads\/2022\/07\/Supplychian-Management-1.jpg\",\"datePublished\":\"2022-07-10T11:53:09+00:00\",\"dateModified\":\"2024-09-19T02:39:35+00:00\",\"description\":\"At CEN, we provide our customers with innovative, turnkey supply chain solutions.\",\"breadcrumb\":{\"@id\":\"https:\/\/www.cenpcba.com\/es\/supply-chain\/#breadcrumb\"},\"inLanguage\":\"es\",\"potentialAction\":[{\"@type\":\"ReadAction\",\"target\":[\"https:\/\/www.cenpcba.com\/es\/supply-chain\/\"]}]},{\"@type\":\"ImageObject\",\"inLanguage\":\"es\",\"@id\":\"https:\/\/www.cenpcba.com\/es\/supply-chain\/#primaryimage\",\"url\":\"http:\/\/www.cenpcba.com\/wp-content\/uploads\/2022\/07\/Supplychian-Management-1.jpg\",\"contentUrl\":\"http:\/\/www.cenpcba.com\/wp-content\/uploads\/2022\/07\/Supplychian-Management-1.jpg\"},{\"@type\":\"BreadcrumbList\",\"@id\":\"https:\/\/www.cenpcba.com\/es\/supply-chain\/#breadcrumb\",\"itemListElement\":[{\"@type\":\"ListItem\",\"position\":1,\"name\":\"\u9996\u9875\",\"item\":\"https:\/\/www.cenpcba.com\/es\/\"},{\"@type\":\"ListItem\",\"position\":2,\"name\":\"Gesti\u00f3n de la Cadena de Suministro\"}]},{\"@type\":\"WebSite\",\"@id\":\"https:\/\/www.cenpcba.com\/es\/#website\",\"url\":\"https:\/\/www.cenpcba.com\/es\/\",\"name\":\"Contact Electronic Manufacturing Service Factory in Shenzhen, China\",\"description\":\"PCB Assembly\",\"publisher\":{\"@id\":\"https:\/\/www.cenpcba.com\/es\/#organization\"},\"alternateName\":\"One stop EMS service from PCB Manufacturing, Pcb assembly, smt, dip box assembly\",\"potentialAction\":[{\"@type\":\"SearchAction\",\"target\":{\"@type\":\"EntryPoint\",\"urlTemplate\":\"https:\/\/www.cenpcba.com\/es\/?s={search_term_string}\"},\"query-input\":{\"@type\":\"PropertyValueSpecification\",\"valueRequired\":true,\"valueName\":\"search_term_string\"}}],\"inLanguage\":\"es\"},{\"@type\":\"Organization\",\"@id\":\"https:\/\/www.cenpcba.com\/es\/#organization\",\"name\":\"CEN Electronic Technology Co., Ltd\",\"alternateName\":\"CEN PCBA\",\"url\":\"https:\/\/www.cenpcba.com\/es\/\",\"logo\":{\"@type\":\"ImageObject\",\"inLanguage\":\"es\",\"@id\":\"https:\/\/www.cenpcba.com\/es\/#\/schema\/logo\/image\/\",\"url\":\"http:\/\/www.cenpcba.com\/wp-content\/uploads\/2022\/07\/CEN-Logo-L.png\",\"contentUrl\":\"http:\/\/www.cenpcba.com\/wp-content\/uploads\/2022\/07\/CEN-Logo-L.png\",\"width\":960,\"height\":856,\"caption\":\"CEN Electronic Technology Co., Ltd\"},\"image\":{\"@id\":\"https:\/\/www.cenpcba.com\/es\/#\/schema\/logo\/image\/\"},\"sameAs\":[\"https:\/\/www.facebook.com\/cenpcba\",\"https:\/\/www.linkedin.com\/company\/cenpcba\"]}]}<\/script>\n<!-- \/ Yoast SEO Premium plugin. -->","yoast_head_json":{"title":"Gesti\u00f3n de la Cadena de Suministro - Contract Manufacturing CEN","description":"At CEN, we provide our customers with innovative, turnkey supply chain solutions.","robots":{"index":"index","follow":"follow","max-snippet":"max-snippet:-1","max-image-preview":"max-image-preview:large","max-video-preview":"max-video-preview:-1"},"canonical":"https:\/\/www.cenpcba.com\/es\/supply-chain\/","og_locale":"es_ES","og_type":"article","og_title":"Gesti\u00f3n de la Cadena de Suministro","og_description":"At CEN, we provide our customers with innovative, turnkey supply chain solutions.","og_url":"https:\/\/www.cenpcba.com\/es\/supply-chain\/","og_site_name":"Contract Manufacturing","article_publisher":"https:\/\/www.facebook.com\/cenpcba","article_modified_time":"2024-09-19T02:39:35+00:00","og_image":[{"url":"http:\/\/www.cenpcba.com\/wp-content\/uploads\/2022\/07\/Supplychian-Management-1.jpg","type":"","width":"","height":""}],"twitter_card":"summary_large_image","twitter_misc":{"Tiempo de lectura":"2 minutos"},"schema":{"@context":"https:\/\/schema.org","@graph":[{"@type":"WebPage","@id":"https:\/\/www.cenpcba.com\/es\/supply-chain\/","url":"https:\/\/www.cenpcba.com\/es\/supply-chain\/","name":"Gesti\u00f3n de la Cadena de Suministro - Contract Manufacturing CEN","isPartOf":{"@id":"https:\/\/www.cenpcba.com\/es\/#website"},"primaryImageOfPage":{"@id":"https:\/\/www.cenpcba.com\/es\/supply-chain\/#primaryimage"},"image":{"@id":"https:\/\/www.cenpcba.com\/es\/supply-chain\/#primaryimage"},"thumbnailUrl":"http:\/\/www.cenpcba.com\/wp-content\/uploads\/2022\/07\/Supplychian-Management-1.jpg","datePublished":"2022-07-10T11:53:09+00:00","dateModified":"2024-09-19T02:39:35+00:00","description":"At CEN, we provide our customers with innovative, turnkey supply chain solutions.","breadcrumb":{"@id":"https:\/\/www.cenpcba.com\/es\/supply-chain\/#breadcrumb"},"inLanguage":"es","potentialAction":[{"@type":"ReadAction","target":["https:\/\/www.cenpcba.com\/es\/supply-chain\/"]}]},{"@type":"ImageObject","inLanguage":"es","@id":"https:\/\/www.cenpcba.com\/es\/supply-chain\/#primaryimage","url":"http:\/\/www.cenpcba.com\/wp-content\/uploads\/2022\/07\/Supplychian-Management-1.jpg","contentUrl":"http:\/\/www.cenpcba.com\/wp-content\/uploads\/2022\/07\/Supplychian-Management-1.jpg"},{"@type":"BreadcrumbList","@id":"https:\/\/www.cenpcba.com\/es\/supply-chain\/#breadcrumb","itemListElement":[{"@type":"ListItem","position":1,"name":"\u9996\u9875","item":"https:\/\/www.cenpcba.com\/es\/"},{"@type":"ListItem","position":2,"name":"Gesti\u00f3n de la Cadena de Suministro"}]},{"@type":"WebSite","@id":"https:\/\/www.cenpcba.com\/es\/#website","url":"https:\/\/www.cenpcba.com\/es\/","name":"Contact Electronic Manufacturing Service Factory in Shenzhen, China","description":"PCB Assembly","publisher":{"@id":"https:\/\/www.cenpcba.com\/es\/#organization"},"alternateName":"One stop EMS service from PCB Manufacturing, Pcb assembly, smt, dip box assembly","potentialAction":[{"@type":"SearchAction","target":{"@type":"EntryPoint","urlTemplate":"https:\/\/www.cenpcba.com\/es\/?s={search_term_string}"},"query-input":{"@type":"PropertyValueSpecification","valueRequired":true,"valueName":"search_term_string"}}],"inLanguage":"es"},{"@type":"Organization","@id":"https:\/\/www.cenpcba.com\/es\/#organization","name":"CEN Electronic Technology Co., Ltd","alternateName":"CEN PCBA","url":"https:\/\/www.cenpcba.com\/es\/","logo":{"@type":"ImageObject","inLanguage":"es","@id":"https:\/\/www.cenpcba.com\/es\/#\/schema\/logo\/image\/","url":"http:\/\/www.cenpcba.com\/wp-content\/uploads\/2022\/07\/CEN-Logo-L.png","contentUrl":"http:\/\/www.cenpcba.com\/wp-content\/uploads\/2022\/07\/CEN-Logo-L.png","width":960,"height":856,"caption":"CEN Electronic Technology Co., Ltd"},"image":{"@id":"https:\/\/www.cenpcba.com\/es\/#\/schema\/logo\/image\/"},"sameAs":["https:\/\/www.facebook.com\/cenpcba","https:\/\/www.linkedin.com\/company\/cenpcba"]}]}},"_links":{"self":[{"href":"https:\/\/www.cenpcba.com\/es\/wp-json\/wp\/v2\/pages\/2287","targetHints":{"allow":["GET"]}}],"collection":[{"href":"https:\/\/www.cenpcba.com\/es\/wp-json\/wp\/v2\/pages"}],"about":[{"href":"https:\/\/www.cenpcba.com\/es\/wp-json\/wp\/v2\/types\/page"}],"author":[{"embeddable":true,"href":"https:\/\/www.cenpcba.com\/es\/wp-json\/wp\/v2\/users\/1"}],"replies":[{"embeddable":true,"href":"https:\/\/www.cenpcba.com\/es\/wp-json\/wp\/v2\/comments?post=2287"}],"version-history":[{"count":5,"href":"https:\/\/www.cenpcba.com\/es\/wp-json\/wp\/v2\/pages\/2287\/revisions"}],"predecessor-version":[{"id":2401,"href":"https:\/\/www.cenpcba.com\/es\/wp-json\/wp\/v2\/pages\/2287\/revisions\/2401"}],"wp:attachment":[{"href":"https:\/\/www.cenpcba.com\/es\/wp-json\/wp\/v2\/media?parent=2287"}],"curies":[{"name":"wp","href":"https:\/\/api.w.org\/{rel}","templated":true}]}}