{"id":2291,"date":"2022-07-10T13:05:50","date_gmt":"2022-07-10T05:05:50","guid":{"rendered":"http:\/\/www.cenpcba.com\/service\/"},"modified":"2024-09-19T09:45:44","modified_gmt":"2024-09-19T01:45:44","slug":"service","status":"publish","type":"page","link":"https:\/\/www.cenpcba.com\/es\/service\/","title":{"rendered":"Servicio"},"content":{"rendered":"\n<div class=\"wp-block-cover alignfull\" style=\"min-height:300px;aspect-ratio:unset;\"><span aria-hidden=\"true\" class=\"wp-block-cover__background has-background-dim\"><\/span><img fetchpriority=\"high\" decoding=\"async\" width=\"1920\" height=\"650\" class=\"wp-block-cover__image-background wp-image-505\" alt=\"\" src=\"http:\/\/www.cenpcba.com\/wp-content\/uploads\/2022\/07\/PCBA-Banner.jpg\" data-object-fit=\"cover\" srcset=\"https:\/\/www.cenpcba.com\/wp-content\/uploads\/2022\/07\/PCBA-Banner.jpg 1920w, https:\/\/www.cenpcba.com\/wp-content\/uploads\/2022\/07\/PCBA-Banner-300x102.jpg 300w, https:\/\/www.cenpcba.com\/wp-content\/uploads\/2022\/07\/PCBA-Banner-1024x347.jpg 1024w, https:\/\/www.cenpcba.com\/wp-content\/uploads\/2022\/07\/PCBA-Banner-768x260.jpg 768w, https:\/\/www.cenpcba.com\/wp-content\/uploads\/2022\/07\/PCBA-Banner-1536x520.jpg 1536w\" sizes=\"(max-width: 1920px) 100vw, 1920px\" \/><div class=\"wp-block-cover__inner-container is-layout-flow wp-block-cover-is-layout-flow\">\n<h1 class=\"wp-block-heading has-text-align-center\" id=\"h-servicio\" style=\"font-size:100px\">Servicio<\/h1>\n<\/div><\/div>\n\n\n\n<div class=\"wp-block-group alignfull has-background\" style=\"background-color:#f8f4e4\"><div class=\"wp-block-group__inner-container is-layout-flow wp-block-group-is-layout-flow\">\n<div class=\"wp-block-columns alignwide is-layout-flex wp-container-core-columns-is-layout-9d6595d7 wp-block-columns-is-layout-flex\">\n<div class=\"wp-block-column is-layout-flow wp-block-column-is-layout-flow\">\n<div style=\"height:100px\" aria-hidden=\"true\" class=\"wp-block-spacer\"><\/div>\n\n\n\n<h6 class=\"wp-block-heading has-text-color\" id=\"ecosystem\" style=\"color:#000000\">One Stop <\/h6>\n\n\n\n<p class=\"has-text-color\" style=\"color:#000000;font-size:5vw;line-height:1.1\">Servicio Integral de Fabricaci\u00f3n Electr\u00f3nica<\/p>\n\n\n\n<div style=\"height:5px\" aria-hidden=\"true\" class=\"wp-block-spacer\"><\/div>\n<\/div>\n<\/div>\n\n\n\n<div class=\"wp-block-columns alignwide is-layout-flex wp-container-core-columns-is-layout-9d6595d7 wp-block-columns-is-layout-flex\">\n<div class=\"wp-block-column is-layout-flow wp-block-column-is-layout-flow\" style=\"flex-basis:33.38%\">\n<p>CEN, como proveedor de servicios de manufactura electr\u00f3nica (EMS), trabaja codo a codo con nuestros clientes, desde el dise\u00f1o de PCB, la disposici\u00f3n de PCB y la introducci\u00f3n de nuevos productos (NPI) hasta la adquisici\u00f3n de materiales, ensamblaje, empaquetado final, log\u00edstica y soporte postventa, como una oferta de servicio completo.<\/p>\n\n\n\n<p>CEN ofrece una gama completa de servicios de fabricaci\u00f3n electr\u00f3nica, tales como ensamblaje de placas de circuito impreso, ensamblaje de subsistemas y box build, sirviendo a mercados cr\u00edticos como Automotriz, Industrial, M\u00e9dico, Iluminaci\u00f3n, Seguridad, IoT y Nuevas Energ\u00edas, as\u00ed como a electrodom\u00e9sticos, HVAC, equipos de salud y fitness y electr\u00f3nica de consumo<\/p>\n<\/div>\n\n\n\n<div class=\"wp-block-column is-layout-flow wp-block-column-is-layout-flow\" style=\"flex-basis:33%\">\n<div style=\"height:100px\" aria-hidden=\"true\" class=\"wp-block-spacer\"><\/div>\n\n\n\n<figure class=\"wp-block-image size-large\"><img decoding=\"async\" width=\"766\" height=\"1024\" src=\"http:\/\/www.cenpcba.com\/wp-content\/uploads\/2022\/07\/smt-pick-and-place-machine-766x1024.png\" alt=\"smt pick and place machine \" class=\"wp-image-500\" srcset=\"https:\/\/www.cenpcba.com\/wp-content\/uploads\/2022\/07\/smt-pick-and-place-machine-766x1024.png 766w, https:\/\/www.cenpcba.com\/wp-content\/uploads\/2022\/07\/smt-pick-and-place-machine-225x300.png 225w, https:\/\/www.cenpcba.com\/wp-content\/uploads\/2022\/07\/smt-pick-and-place-machine-768x1026.png 768w, https:\/\/www.cenpcba.com\/wp-content\/uploads\/2022\/07\/smt-pick-and-place-machine.png 1000w\" sizes=\"(max-width: 766px) 100vw, 766px\" \/><\/figure>\n<\/div>\n\n\n\n<div class=\"wp-block-column is-layout-flow wp-block-column-is-layout-flow\" style=\"flex-basis:33.62%\">\n<figure class=\"wp-block-image size-large\"><img decoding=\"async\" width=\"766\" height=\"1024\" src=\"http:\/\/www.cenpcba.com\/wp-content\/uploads\/2022\/07\/AOI-checking-766x1024.png\" alt=\"AOI Checking \" class=\"wp-image-501\" srcset=\"https:\/\/www.cenpcba.com\/wp-content\/uploads\/2022\/07\/AOI-checking-766x1024.png 766w, https:\/\/www.cenpcba.com\/wp-content\/uploads\/2022\/07\/AOI-checking-225x300.png 225w, https:\/\/www.cenpcba.com\/wp-content\/uploads\/2022\/07\/AOI-checking-768x1026.png 768w, https:\/\/www.cenpcba.com\/wp-content\/uploads\/2022\/07\/AOI-checking.png 1000w\" sizes=\"(max-width: 766px) 100vw, 766px\" \/><\/figure>\n<\/div>\n<\/div>\n\n\n\n<div class=\"wp-block-columns alignwide is-layout-flex wp-container-core-columns-is-layout-9d6595d7 wp-block-columns-is-layout-flex\">\n<div class=\"wp-block-column is-layout-flow wp-block-column-is-layout-flow\" style=\"flex-basis:67%\"><div class=\"wp-block-image\">\n<figure class=\"alignright size-large\"><img loading=\"lazy\" decoding=\"async\" width=\"1024\" height=\"683\" src=\"http:\/\/www.cenpcba.com\/wp-content\/uploads\/2022\/07\/28A6772-1024x683.jpg\" alt=\"solder past printing \" class=\"wp-image-502\" srcset=\"https:\/\/www.cenpcba.com\/wp-content\/uploads\/2022\/07\/28A6772-1024x683.jpg 1024w, https:\/\/www.cenpcba.com\/wp-content\/uploads\/2022\/07\/28A6772-300x200.jpg 300w, https:\/\/www.cenpcba.com\/wp-content\/uploads\/2022\/07\/28A6772-768x512.jpg 768w, https:\/\/www.cenpcba.com\/wp-content\/uploads\/2022\/07\/28A6772-1536x1024.jpg 1536w, https:\/\/www.cenpcba.com\/wp-content\/uploads\/2022\/07\/28A6772-930x620.jpg 930w, https:\/\/www.cenpcba.com\/wp-content\/uploads\/2022\/07\/28A6772.jpg 1680w\" sizes=\"(max-width: 1024px) 100vw, 1024px\" \/><\/figure>\n<\/div><\/div>\n\n\n\n<div class=\"wp-block-column is-vertically-aligned-center is-layout-flow wp-block-column-is-layout-flow\" style=\"flex-basis:33%\">\n<p class=\"has-text-color has-extra-small-font-size\" style=\"color:#000000\">CEN tiene m\u00e1s de 10 a\u00f1os de experiencia en servicios de manufactura electr\u00f3nica (EMS), que abarcan desde el desarrollo de ingenier\u00eda, prototipos, ensamblaje de PCB, fabricaci\u00f3n de box build llave en mano y hasta servicios de cumplimiento.<\/p>\n<\/div>\n<\/div>\n<\/div><\/div>\n\n\n\n<div style=\"height:100px\" aria-hidden=\"true\" class=\"wp-block-spacer\"><\/div>\n\n\n\n<h2 class=\"wp-block-heading has-text-align-center\" id=\"h-soluciones-de-servicios\">SOLUCIONES DE SERVICIOS<\/h2>\n\n\n\n<div class=\"wp-block-columns alignwide is-layout-flex wp-container-core-columns-is-layout-9d6595d7 wp-block-columns-is-layout-flex\">\n<div class=\"wp-block-column has-text-color has-background has-link-color wp-elements-d184ebdd6e86d3bc4cd2cc964c3c630b is-layout-flow wp-block-column-is-layout-flow\" style=\"color:#000000;background-color:#ffe97d;padding-top:2em;padding-right:2em;padding-bottom:2em;padding-left:2em\">\n<h3 class=\"wp-block-heading\" style=\"font-size:40px\"><a href=\"http:\/\/www.cenpcba.com\/pcb\/\" target=\"_blank\" rel=\"noreferrer noopener\"><\/a><a href=\"http:\/\/www.cenpcba.com\/pcb\/\">PCB <\/a> <\/h3>\n\n\n\n<p class=\"has-normal-font-size\" style=\"line-height:1.5\"><strong>Fabricaci\u00f3n de PCB<\/strong><\/p>\n\n\n\n<hr class=\"wp-block-separator has-text-color has-css-opacity has-background is-style-wide\" style=\"background-color:#000000;color:#000000\"\/>\n\n\n\n<ul class=\"wp-block-list has-normal-font-size\">\n<li>Disposici\u00f3n de PCB<\/li>\n\n\n\n<li>Fabricaci\u00f3n de PCB<\/li>\n\n\n\n<li>PCB r\u00edgido, flex, rigido-flex, FPC<\/li>\n<\/ul>\n\n\n\n<div class=\"wp-block-buttons is-horizontal is-content-justification-center is-layout-flex wp-container-core-buttons-is-layout-499968f5 wp-block-buttons-is-layout-flex\">\n<div class=\"wp-block-button\"><a class=\"wp-block-button__link has-nv-site-bg-color has-nv-dark-bg-background-color has-text-color has-background wp-element-button\" href=\"http:\/\/www.cenpcba.com\/pcb\/\" target=\"_blank\" rel=\"noreferrer noopener\">Leer M\u00e1s<\/a><\/div>\n<\/div>\n<\/div>\n\n\n\n<div class=\"wp-block-column has-text-color has-background has-link-color wp-elements-03c093f37267032f1548567b63bf49c7 is-layout-flow wp-block-column-is-layout-flow\" style=\"color:#000000;background-color:#d1d1e1;padding-top:2em;padding-right:2em;padding-bottom:2em;padding-left:2em\">\n<h6 class=\"wp-block-heading\" style=\"font-size:40px\"><a href=\"http:\/\/www.cenpcba.com\/es\/components-sourcing\/\" target=\"_blank\" rel=\"noreferrer noopener\"><\/a><a href=\"http:\/\/www.cenpcba.com\/es\/components-sourcing\/\">Components<\/a><\/h6>\n\n\n\n<p class=\"has-normal-font-size\" style=\"line-height:1.5\"><strong>Sourcing de Componentes<\/strong><\/p>\n\n\n\n<hr class=\"wp-block-separator has-css-opacity is-style-wide\"\/>\n\n\n\n<ul class=\"wp-block-list has-normal-font-size\">\n<li>Sugerencias alternativas<\/li>\n\n\n\n<li>Lista de fabricantes aprobados<\/li>\n\n\n\n<li>Eficiencia de costo y tiempo<\/li>\n<\/ul>\n\n\n\n<div class=\"wp-block-buttons alignfull is-horizontal is-content-justification-center is-layout-flex wp-container-core-buttons-is-layout-499968f5 wp-block-buttons-is-layout-flex\">\n<div class=\"wp-block-button\"><a class=\"wp-block-button__link has-nv-site-bg-color has-nv-dark-bg-background-color has-text-color has-background wp-element-button\" href=\"http:\/\/www.cenpcba.com\/es\/components-sourcing\/\" target=\"_blank\" rel=\"noreferrer noopener\">Leer M\u00e1s<\/a><\/div>\n<\/div>\n<\/div>\n\n\n\n<div class=\"wp-block-column has-text-color has-background has-link-color wp-elements-9e61bfad1cc6c3bf05198b0e48c527e2 is-layout-flow wp-block-column-is-layout-flow\" style=\"color:#000000;background-color:#c0ebf1;padding-top:2em;padding-right:2em;padding-bottom:2em;padding-left:2em\">\n<h2 class=\"wp-block-heading\" style=\"font-size:40px\"><strong><strong><a href=\"http:\/\/www.cenpcba.com\/pcb-assembly\/\" target=\"_blank\" rel=\"noreferrer noopener\"><\/a><a href=\"http:\/\/www.cenpcba.com\/pcb-assembly\/\">PCBA<\/a><\/strong><\/strong><\/h2>\n\n\n\n<p class=\"has-normal-font-size\"><strong>Ensamblaje de PCB<\/strong><\/p>\n\n\n\n<hr class=\"wp-block-separator has-css-opacity is-style-wide\"\/>\n\n\n\n<ul class=\"wp-block-list has-normal-font-size\">\n<li>SMT, ensamblaje de agujero pasante<\/li>\n\n\n\n<li>Ensamblaje r\u00edgido, FPC, r\u00edgido-flex<\/li>\n\n\n\n<li>Pruebas funcionales de PCBA<\/li>\n<\/ul>\n\n\n\n<div class=\"wp-block-buttons alignfull is-horizontal is-content-justification-center is-layout-flex wp-container-core-buttons-is-layout-499968f5 wp-block-buttons-is-layout-flex\">\n<div class=\"wp-block-button\"><a class=\"wp-block-button__link has-nv-site-bg-color has-nv-dark-bg-background-color has-text-color has-background wp-element-button\" href=\"http:\/\/www.cenpcba.com\/pcb-assembly\/\" target=\"_blank\" rel=\"noreferrer noopener\">Leer M\u00e1s<\/a><\/div>\n<\/div>\n<\/div>\n<\/div>\n\n\n\n<div style=\"height:100px\" aria-hidden=\"true\" class=\"wp-block-spacer\"><\/div>\n\n\n\n<div class=\"wp-block-columns alignwide is-layout-flex wp-container-core-columns-is-layout-9d6595d7 wp-block-columns-is-layout-flex\">\n<div class=\"wp-block-column has-text-color has-background has-link-color wp-elements-83d0419eb025f711f35cdc9faa1b232a is-layout-flow wp-block-column-is-layout-flow\" style=\"color:#000000;background-color:#ffe97d;padding-top:2em;padding-right:2em;padding-bottom:2em;padding-left:2em\">\n<h2 class=\"wp-block-heading\" style=\"font-size:40px\"><a href=\"http:\/\/www.cenpcba.com\/es\/box-build\/\" target=\"_blank\" rel=\"noreferrer noopener\">Box Build<\/a><\/h2>\n\n\n\n<p class=\"has-normal-font-size\" style=\"line-height:1.5\"><strong>Ensamblaje Completo de Unidad<\/strong><\/p>\n\n\n\n<hr class=\"wp-block-separator has-text-color has-css-opacity has-background is-style-wide\" style=\"background-color:#000000;color:#000000\"\/>\n\n\n\n<ul class=\"wp-block-list has-normal-font-size\">\n<li>Ensamblaje de caja de pl\u00e1stico y metal<\/li>\n\n\n\n<li>Pruebas funcionales y de quema<\/li>\n\n\n\n<li>Arn\u00e9s de cables<\/li>\n<\/ul>\n\n\n\n<div class=\"wp-block-buttons alignfull is-horizontal is-content-justification-center is-layout-flex wp-container-core-buttons-is-layout-499968f5 wp-block-buttons-is-layout-flex\">\n<div class=\"wp-block-button\"><a class=\"wp-block-button__link has-nv-site-bg-color has-nv-dark-bg-background-color has-text-color has-background wp-element-button\" href=\"http:\/\/www.cenpcba.com\/es\/box-build\/\" target=\"_blank\" rel=\"noreferrer noopener\">Leer M\u00e1s<\/a><\/div>\n<\/div>\n<\/div>\n\n\n\n<div class=\"wp-block-column has-text-color has-background has-link-color wp-elements-5bc8638f2678b29a2b782c74619e7118 is-layout-flow wp-block-column-is-layout-flow\" style=\"color:#000000;background-color:#d1d1e1;padding-top:2em;padding-right:2em;padding-bottom:2em;padding-left:2em\">\n<h2 class=\"wp-block-heading\" id=\"h-ingenieria\" style=\"font-size:40px\"><a href=\"http:\/\/www.cenpcba.com\/es\/engineeing\/\" target=\"_blank\" rel=\"noreferrer noopener\">Ingenier\u00eda<\/a><\/h2>\n\n\n\n<p class=\"has-normal-font-size\" style=\"line-height:1.5\"><strong>Desarrollo y Soporte<\/strong><\/p>\n\n\n\n<hr class=\"wp-block-separator has-css-opacity is-style-wide\"\/>\n\n\n\n<ul class=\"wp-block-list has-normal-font-size\">\n<li>Dise\u00f1o esquem\u00e1tico<\/li>\n\n\n\n<li>Disposici\u00f3n de PCB<\/li>\n\n\n\n<li>Desarrollo de bancos de prueba<\/li>\n<\/ul>\n\n\n\n<div class=\"wp-block-buttons alignfull is-horizontal is-content-justification-center is-layout-flex wp-container-core-buttons-is-layout-499968f5 wp-block-buttons-is-layout-flex\">\n<div class=\"wp-block-button\"><a class=\"wp-block-button__link has-nv-site-bg-color has-nv-dark-bg-background-color has-text-color has-background wp-element-button\" href=\"http:\/\/www.cenpcba.com\/es\/engineeing\/\" target=\"_blank\" rel=\"noreferrer noopener\">Leer M\u00e1s<\/a><\/div>\n<\/div>\n<\/div>\n\n\n\n<div class=\"wp-block-column has-text-color has-background has-link-color wp-elements-bf5c66e6cee84caed105b0c1c425c5f3 is-layout-flow wp-block-column-is-layout-flow\" style=\"color:#000000;background-color:#c0ebf1;padding-top:2em;padding-right:2em;padding-bottom:2em;padding-left:2em\">\n<h2 class=\"wp-block-heading\" id=\"h-gestion\" style=\"font-size:40px\"><strong><a href=\"http:\/\/www.cenpcba.com\/es\/supply-chain\/\" target=\"_blank\" rel=\"noreferrer noopener\">Gesti\u00f3n<\/a><\/strong><\/h2>\n\n\n\n<p class=\"has-normal-font-size\"><strong>Gesti\u00f3n de la Cadena de Suministro<\/strong><\/p>\n\n\n\n<hr class=\"wp-block-separator has-css-opacity is-style-wide\"\/>\n\n\n\n<ul class=\"wp-block-list has-normal-font-size\">\n<li>Adquisici\u00f3n de materiales<\/li>\n\n\n\n<li>Auditor\u00eda de f\u00e1bricas<\/li>\n\n\n\n<li>Organizaci\u00f3n log\u00edstica<\/li>\n<\/ul>\n\n\n\n<div class=\"wp-block-buttons alignfull is-horizontal is-content-justification-center is-layout-flex wp-container-core-buttons-is-layout-499968f5 wp-block-buttons-is-layout-flex\">\n<div class=\"wp-block-button\"><a class=\"wp-block-button__link has-nv-site-bg-color has-nv-dark-bg-background-color has-text-color has-background wp-element-button\" href=\"http:\/\/www.cenpcba.com\/es\/supply-chain\/\" target=\"_blank\" rel=\"noreferrer noopener\">Leer M\u00e1s<\/a><\/div>\n<\/div>\n<\/div>\n<\/div>\n\n\n\n<div class=\"wp-block-group alignfull has-text-color has-background\" style=\"color:#000000;background-color:#ffffff\"><div class=\"wp-block-group__inner-container is-layout-flow wp-block-group-is-layout-flow\">\n<div style=\"height:64px\" aria-hidden=\"true\" class=\"wp-block-spacer\"><\/div>\n\n\n\n<p class=\"has-text-align-center has-small-font-size\" style=\"line-height:.9\"><strong>PONTE EN CONTACTO<\/strong><br><\/p>\n\n\n\n<h2 class=\"wp-block-heading has-text-align-center\" id=\"schedule-a-visit\" style=\"font-size:59px;line-height:1.15\"><strong>Programa una Visita<\/strong><\/h2>\n\n\n\n<div class=\"wp-block-buttons is-horizontal is-content-justification-center is-layout-flex wp-container-core-buttons-is-layout-499968f5 wp-block-buttons-is-layout-flex\">\n<div class=\"wp-block-button has-custom-width wp-block-button__width-50\"><a class=\"wp-block-button__link has-text-color has-background wp-element-button\" href=\"http:\/\/www.cenpcba.com\/es\/contact-us\/\" style=\"border-radius:50px;color:#ffffff;background-color:#000000\" target=\"_blank\" rel=\"noreferrer noopener\">Cont\u00e1ctanos<\/a><\/div>\n<\/div>\n\n\n\n<div style=\"height:64px\" aria-hidden=\"true\" class=\"wp-block-spacer\"><\/div>\n<\/div><\/div>\n\n\n\n<div style=\"height:100px\" aria-hidden=\"true\" class=\"wp-block-spacer\"><\/div>\n","protected":false},"excerpt":{"rendered":"<p>One Stop Servicio Integral de Fabricaci\u00f3n Electr\u00f3nica CEN, como proveedor de servicios de manufactura electr\u00f3nica (EMS), trabaja codo a codo con nuestros clientes, desde el dise\u00f1o de PCB, la disposici\u00f3n de PCB y la introducci\u00f3n de nuevos productos (NPI) hasta la adquisici\u00f3n de materiales, ensamblaje, empaquetado final, log\u00edstica y soporte postventa, como una oferta de&hellip;&nbsp;<a href=\"https:\/\/www.cenpcba.com\/es\/service\/\" class=\"\" rel=\"bookmark\">Read More &raquo;<span class=\"screen-reader-text\">Servicio<\/span><\/a><\/p>\n","protected":false},"author":1,"featured_media":0,"parent":0,"menu_order":0,"comment_status":"closed","ping_status":"closed","template":"","meta":{"neve_meta_sidebar":"","neve_meta_container":"","neve_meta_enable_content_width":"","neve_meta_content_width":0,"neve_meta_title_alignment":"","neve_meta_author_avatar":"","neve_post_elements_order":"","neve_meta_disable_header":"","neve_meta_disable_footer":"","neve_meta_disable_title":"on","neve_meta_reading_time":"","_joinchat":[],"footnotes":""},"class_list":["post-2291","page","type-page","status-publish","hentry"],"yoast_head":"<!-- This site is optimized with the Yoast SEO Premium plugin v23.2 (Yoast SEO v25.8) - https:\/\/yoast.com\/wordpress\/plugins\/seo\/ -->\n<title>PCBA del CEN | Fabricaci\u00f3n electr\u00f3nica integral | PCBA<\/title>\n<meta name=\"description\" content=\"Fabricante por contrato de PCBA One Stop Electronic Manufacturing de CEN PCBA en Shenzhen, China\" \/>\n<meta name=\"robots\" content=\"index, follow, max-snippet:-1, max-image-preview:large, max-video-preview:-1\" \/>\n<link rel=\"canonical\" href=\"https:\/\/www.cenpcba.com\/es\/service\/\" \/>\n<meta property=\"og:locale\" content=\"es_ES\" \/>\n<meta property=\"og:type\" content=\"article\" \/>\n<meta property=\"og:title\" content=\"Servicio\" \/>\n<meta property=\"og:description\" content=\"Fabricante por contrato de PCBA One Stop Electronic Manufacturing de CEN PCBA en Shenzhen, China\" \/>\n<meta property=\"og:url\" content=\"https:\/\/www.cenpcba.com\/es\/service\/\" \/>\n<meta property=\"og:site_name\" content=\"Contract Manufacturing\" \/>\n<meta property=\"article:publisher\" content=\"https:\/\/www.facebook.com\/cenpcba\" \/>\n<meta property=\"article:modified_time\" content=\"2024-09-19T01:45:44+00:00\" \/>\n<meta property=\"og:image\" content=\"http:\/\/www.cenpcba.com\/wp-content\/uploads\/2022\/07\/PCBA-Banner.jpg\" \/>\n<meta name=\"twitter:card\" content=\"summary_large_image\" \/>\n<meta name=\"twitter:label1\" content=\"Tiempo de lectura\" \/>\n\t<meta name=\"twitter:data1\" content=\"2 minutos\" \/>\n<script type=\"application\/ld+json\" class=\"yoast-schema-graph\">{\"@context\":\"https:\/\/schema.org\",\"@graph\":[{\"@type\":\"WebPage\",\"@id\":\"https:\/\/www.cenpcba.com\/es\/service\/\",\"url\":\"https:\/\/www.cenpcba.com\/es\/service\/\",\"name\":\"PCBA del CEN | Fabricaci\u00f3n electr\u00f3nica integral | PCBA\",\"isPartOf\":{\"@id\":\"https:\/\/www.cenpcba.com\/es\/#website\"},\"primaryImageOfPage\":{\"@id\":\"https:\/\/www.cenpcba.com\/es\/service\/#primaryimage\"},\"image\":{\"@id\":\"https:\/\/www.cenpcba.com\/es\/service\/#primaryimage\"},\"thumbnailUrl\":\"http:\/\/www.cenpcba.com\/wp-content\/uploads\/2022\/07\/PCBA-Banner.jpg\",\"datePublished\":\"2022-07-10T05:05:50+00:00\",\"dateModified\":\"2024-09-19T01:45:44+00:00\",\"description\":\"Fabricante por contrato de PCBA One Stop Electronic Manufacturing de CEN PCBA en Shenzhen, China\",\"breadcrumb\":{\"@id\":\"https:\/\/www.cenpcba.com\/es\/service\/#breadcrumb\"},\"inLanguage\":\"es\",\"potentialAction\":[{\"@type\":\"ReadAction\",\"target\":[\"https:\/\/www.cenpcba.com\/es\/service\/\"]}]},{\"@type\":\"ImageObject\",\"inLanguage\":\"es\",\"@id\":\"https:\/\/www.cenpcba.com\/es\/service\/#primaryimage\",\"url\":\"http:\/\/www.cenpcba.com\/wp-content\/uploads\/2022\/07\/PCBA-Banner.jpg\",\"contentUrl\":\"http:\/\/www.cenpcba.com\/wp-content\/uploads\/2022\/07\/PCBA-Banner.jpg\"},{\"@type\":\"BreadcrumbList\",\"@id\":\"https:\/\/www.cenpcba.com\/es\/service\/#breadcrumb\",\"itemListElement\":[{\"@type\":\"ListItem\",\"position\":1,\"name\":\"\u9996\u9875\",\"item\":\"https:\/\/www.cenpcba.com\/es\/\"},{\"@type\":\"ListItem\",\"position\":2,\"name\":\"Servicio\"}]},{\"@type\":\"WebSite\",\"@id\":\"https:\/\/www.cenpcba.com\/es\/#website\",\"url\":\"https:\/\/www.cenpcba.com\/es\/\",\"name\":\"Contact Electronic Manufacturing Service Factory in Shenzhen, China\",\"description\":\"PCB Assembly\",\"publisher\":{\"@id\":\"https:\/\/www.cenpcba.com\/es\/#organization\"},\"alternateName\":\"One stop EMS service from PCB Manufacturing, Pcb assembly, smt, dip box assembly\",\"potentialAction\":[{\"@type\":\"SearchAction\",\"target\":{\"@type\":\"EntryPoint\",\"urlTemplate\":\"https:\/\/www.cenpcba.com\/es\/?s={search_term_string}\"},\"query-input\":{\"@type\":\"PropertyValueSpecification\",\"valueRequired\":true,\"valueName\":\"search_term_string\"}}],\"inLanguage\":\"es\"},{\"@type\":\"Organization\",\"@id\":\"https:\/\/www.cenpcba.com\/es\/#organization\",\"name\":\"CEN Electronic Technology Co., Ltd\",\"alternateName\":\"CEN PCBA\",\"url\":\"https:\/\/www.cenpcba.com\/es\/\",\"logo\":{\"@type\":\"ImageObject\",\"inLanguage\":\"es\",\"@id\":\"https:\/\/www.cenpcba.com\/es\/#\/schema\/logo\/image\/\",\"url\":\"http:\/\/www.cenpcba.com\/wp-content\/uploads\/2022\/07\/CEN-Logo-L.png\",\"contentUrl\":\"http:\/\/www.cenpcba.com\/wp-content\/uploads\/2022\/07\/CEN-Logo-L.png\",\"width\":960,\"height\":856,\"caption\":\"CEN Electronic Technology Co., Ltd\"},\"image\":{\"@id\":\"https:\/\/www.cenpcba.com\/es\/#\/schema\/logo\/image\/\"},\"sameAs\":[\"https:\/\/www.facebook.com\/cenpcba\",\"https:\/\/www.linkedin.com\/company\/cenpcba\"]}]}<\/script>\n<!-- \/ Yoast SEO Premium plugin. -->","yoast_head_json":{"title":"PCBA del CEN | Fabricaci\u00f3n electr\u00f3nica integral | PCBA","description":"Fabricante por contrato de PCBA One Stop Electronic Manufacturing de CEN PCBA en Shenzhen, China","robots":{"index":"index","follow":"follow","max-snippet":"max-snippet:-1","max-image-preview":"max-image-preview:large","max-video-preview":"max-video-preview:-1"},"canonical":"https:\/\/www.cenpcba.com\/es\/service\/","og_locale":"es_ES","og_type":"article","og_title":"Servicio","og_description":"Fabricante por contrato de PCBA One Stop Electronic Manufacturing de CEN PCBA en Shenzhen, China","og_url":"https:\/\/www.cenpcba.com\/es\/service\/","og_site_name":"Contract Manufacturing","article_publisher":"https:\/\/www.facebook.com\/cenpcba","article_modified_time":"2024-09-19T01:45:44+00:00","og_image":[{"url":"http:\/\/www.cenpcba.com\/wp-content\/uploads\/2022\/07\/PCBA-Banner.jpg","type":"","width":"","height":""}],"twitter_card":"summary_large_image","twitter_misc":{"Tiempo de lectura":"2 minutos"},"schema":{"@context":"https:\/\/schema.org","@graph":[{"@type":"WebPage","@id":"https:\/\/www.cenpcba.com\/es\/service\/","url":"https:\/\/www.cenpcba.com\/es\/service\/","name":"PCBA del CEN | Fabricaci\u00f3n electr\u00f3nica integral | PCBA","isPartOf":{"@id":"https:\/\/www.cenpcba.com\/es\/#website"},"primaryImageOfPage":{"@id":"https:\/\/www.cenpcba.com\/es\/service\/#primaryimage"},"image":{"@id":"https:\/\/www.cenpcba.com\/es\/service\/#primaryimage"},"thumbnailUrl":"http:\/\/www.cenpcba.com\/wp-content\/uploads\/2022\/07\/PCBA-Banner.jpg","datePublished":"2022-07-10T05:05:50+00:00","dateModified":"2024-09-19T01:45:44+00:00","description":"Fabricante por contrato de PCBA One Stop Electronic Manufacturing de CEN PCBA en Shenzhen, China","breadcrumb":{"@id":"https:\/\/www.cenpcba.com\/es\/service\/#breadcrumb"},"inLanguage":"es","potentialAction":[{"@type":"ReadAction","target":["https:\/\/www.cenpcba.com\/es\/service\/"]}]},{"@type":"ImageObject","inLanguage":"es","@id":"https:\/\/www.cenpcba.com\/es\/service\/#primaryimage","url":"http:\/\/www.cenpcba.com\/wp-content\/uploads\/2022\/07\/PCBA-Banner.jpg","contentUrl":"http:\/\/www.cenpcba.com\/wp-content\/uploads\/2022\/07\/PCBA-Banner.jpg"},{"@type":"BreadcrumbList","@id":"https:\/\/www.cenpcba.com\/es\/service\/#breadcrumb","itemListElement":[{"@type":"ListItem","position":1,"name":"\u9996\u9875","item":"https:\/\/www.cenpcba.com\/es\/"},{"@type":"ListItem","position":2,"name":"Servicio"}]},{"@type":"WebSite","@id":"https:\/\/www.cenpcba.com\/es\/#website","url":"https:\/\/www.cenpcba.com\/es\/","name":"Contact Electronic Manufacturing Service Factory in Shenzhen, China","description":"PCB Assembly","publisher":{"@id":"https:\/\/www.cenpcba.com\/es\/#organization"},"alternateName":"One stop EMS service from PCB Manufacturing, Pcb assembly, smt, dip box assembly","potentialAction":[{"@type":"SearchAction","target":{"@type":"EntryPoint","urlTemplate":"https:\/\/www.cenpcba.com\/es\/?s={search_term_string}"},"query-input":{"@type":"PropertyValueSpecification","valueRequired":true,"valueName":"search_term_string"}}],"inLanguage":"es"},{"@type":"Organization","@id":"https:\/\/www.cenpcba.com\/es\/#organization","name":"CEN Electronic Technology Co., Ltd","alternateName":"CEN PCBA","url":"https:\/\/www.cenpcba.com\/es\/","logo":{"@type":"ImageObject","inLanguage":"es","@id":"https:\/\/www.cenpcba.com\/es\/#\/schema\/logo\/image\/","url":"http:\/\/www.cenpcba.com\/wp-content\/uploads\/2022\/07\/CEN-Logo-L.png","contentUrl":"http:\/\/www.cenpcba.com\/wp-content\/uploads\/2022\/07\/CEN-Logo-L.png","width":960,"height":856,"caption":"CEN Electronic Technology Co., Ltd"},"image":{"@id":"https:\/\/www.cenpcba.com\/es\/#\/schema\/logo\/image\/"},"sameAs":["https:\/\/www.facebook.com\/cenpcba","https:\/\/www.linkedin.com\/company\/cenpcba"]}]}},"_links":{"self":[{"href":"https:\/\/www.cenpcba.com\/es\/wp-json\/wp\/v2\/pages\/2291","targetHints":{"allow":["GET"]}}],"collection":[{"href":"https:\/\/www.cenpcba.com\/es\/wp-json\/wp\/v2\/pages"}],"about":[{"href":"https:\/\/www.cenpcba.com\/es\/wp-json\/wp\/v2\/types\/page"}],"author":[{"embeddable":true,"href":"https:\/\/www.cenpcba.com\/es\/wp-json\/wp\/v2\/users\/1"}],"replies":[{"embeddable":true,"href":"https:\/\/www.cenpcba.com\/es\/wp-json\/wp\/v2\/comments?post=2291"}],"version-history":[{"count":4,"href":"https:\/\/www.cenpcba.com\/es\/wp-json\/wp\/v2\/pages\/2291\/revisions"}],"predecessor-version":[{"id":2393,"href":"https:\/\/www.cenpcba.com\/es\/wp-json\/wp\/v2\/pages\/2291\/revisions\/2393"}],"wp:attachment":[{"href":"https:\/\/www.cenpcba.com\/es\/wp-json\/wp\/v2\/media?parent=2291"}],"curies":[{"name":"wp","href":"https:\/\/api.w.org\/{rel}","templated":true}]}}