{"id":2242,"date":"2022-07-10T18:40:02","date_gmt":"2022-07-10T10:40:02","guid":{"rendered":"http:\/\/www.cenpcba.com\/components-sourcing\/"},"modified":"2024-07-20T17:49:07","modified_gmt":"2024-07-20T09:49:07","slug":"components-sourcing","status":"publish","type":"page","link":"https:\/\/www.cenpcba.com\/fr\/components-sourcing\/","title":{"rendered":"Approvisionnement en composants"},"content":{"rendered":"\n<div class=\"wp-block-cover alignfull is-light\" style=\"min-height:303px;aspect-ratio:unset;\"><span aria-hidden=\"true\" class=\"wp-block-cover__background has-background-dim-30 has-background-dim\"><\/span><img fetchpriority=\"high\" decoding=\"async\" width=\"640\" height=\"640\" class=\"wp-block-cover__image-background wp-image-574\" alt=\"\" src=\"http:\/\/www.cenpcba.com\/wp-content\/uploads\/2022\/07\/IC.jpg\" style=\"object-position:56% 64%\" data-object-fit=\"cover\" data-object-position=\"56% 64%\" srcset=\"https:\/\/www.cenpcba.com\/wp-content\/uploads\/2022\/07\/IC.jpg 640w, https:\/\/www.cenpcba.com\/wp-content\/uploads\/2022\/07\/IC-300x300.jpg 300w, https:\/\/www.cenpcba.com\/wp-content\/uploads\/2022\/07\/IC-150x150.jpg 150w\" sizes=\"(max-width: 640px) 100vw, 640px\" \/><div class=\"wp-block-cover__inner-container is-layout-flow wp-block-cover-is-layout-flow\">\n<h1 class=\"wp-block-heading has-text-align-center has-nv-site-bg-color has-text-color has-large-font-size\" id=\"h-approvisionnement-en-composants\">Approvisionnement en composants<\/h1>\n<\/div><\/div>\n\n\n\n<div style=\"height:117px\" aria-hidden=\"true\" class=\"wp-block-spacer\"><\/div>\n\n\n\n<div class=\"wp-block-columns is-layout-flex wp-container-core-columns-is-layout-9d6595d7 wp-block-columns-is-layout-flex\">\n<div class=\"wp-block-column is-layout-flow wp-block-column-is-layout-flow\">\n<figure class=\"wp-block-image size-full is-resized\"><img decoding=\"async\" width=\"960\" height=\"856\" src=\"http:\/\/www.cenpcba.com\/wp-content\/uploads\/2022\/07\/component-sourcing.jpg\" alt=\"\" class=\"wp-image-368\" style=\"width:385px;height:343px\" srcset=\"https:\/\/www.cenpcba.com\/wp-content\/uploads\/2022\/07\/component-sourcing.jpg 960w, https:\/\/www.cenpcba.com\/wp-content\/uploads\/2022\/07\/component-sourcing-300x268.jpg 300w, https:\/\/www.cenpcba.com\/wp-content\/uploads\/2022\/07\/component-sourcing-768x685.jpg 768w\" sizes=\"(max-width: 960px) 100vw, 960px\" \/><\/figure>\n<\/div>\n\n\n\n<div class=\"wp-block-column is-layout-flow wp-block-column-is-layout-flow\">\n<h2 class=\"wp-block-heading has-medium-font-size\" id=\"h-approvisionnement-en-composants-1\">Approvisionnement en composants<\/h2>\n\n\n\n<p class=\"has-small-font-size\">CEN propose un service de fabrication OEM\/ODM tout-en-un pour les clients du monde entier. Notre exp\u00e9rience de plusieurs ann\u00e9es dans l&rsquo;assemblage de circuits nous permet de b\u00e2tir des relations de coop\u00e9ration solides avec des distributeurs de composants agr\u00e9\u00e9s, ce qui nous permet d&rsquo;obtenir tous les composants dont vous avez besoin \u00e0 des prix avantageux. Pour garantir la durabilit\u00e9, la qualit\u00e9 et les performances des composants et doter vos cartes de circuits imprim\u00e9s des meilleures fonctions possibles, nous ach\u00e8terons vos composants aupr\u00e8s de distributeurs agr\u00e9\u00e9s. Si votre projet dispose d&rsquo;un budget tr\u00e8s limit\u00e9 et que vous devez vous tourner vers des fournisseurs auto-s\u00e9lectionn\u00e9s qui proposent des composants \u00e0 des prix relativement plus bas que ceux des distributeurs agr\u00e9\u00e9s, nous ach\u00e8terons aupr\u00e8s des fournisseurs que vous recommandez pour vous aider \u00e0 r\u00e9duire le prix de production. Veuillez respecter le fait que nous ne garantissons pas la qualit\u00e9 et les performances des composants achet\u00e9s aupr\u00e8s de vos canaux recommand\u00e9s<\/p>\n<\/div>\n<\/div>\n\n\n\n<div style=\"height:100px\" aria-hidden=\"true\" class=\"wp-block-spacer\"><\/div>\n\n\n\n<div class=\"wp-block-columns is-layout-flex wp-container-core-columns-is-layout-9d6595d7 wp-block-columns-is-layout-flex\">\n<div class=\"wp-block-column is-layout-flow wp-block-column-is-layout-flow\">\n<h2 class=\"wp-block-heading has-medium-font-size\" id=\"h-les-avantages-concurrentiels-de-cen-dans-l-approvisionnement-en-composants\">Les avantages concurrentiels de CEN dans l&rsquo;approvisionnement en composants:<\/h2>\n\n\n\n<ul class=\"wp-block-list has-small-font-size\">\n<li>Service client consid\u00e9rable<\/li>\n\n\n\n<li>Fournisseurs de composants autoris\u00e9s<\/li>\n\n\n\n<li>Rentable<\/li>\n\n\n\n<li>D\u00e9lai d&rsquo;approvisionnement court<\/li>\n\n\n\n<li>Tra\u00e7abilit\u00e9 compl\u00e8te et gestion de l&rsquo;obsolescence<\/li>\n\n\n\n<li>Service personnalis\u00e9 diversifi\u00e9 dans l&rsquo;approvisionnement en composants<\/li>\n<\/ul>\n<\/div>\n\n\n\n<div class=\"wp-block-column is-layout-flow wp-block-column-is-layout-flow\">\n<figure class=\"wp-block-image size-full is-resized\"><img decoding=\"async\" width=\"1000\" height=\"674\" src=\"http:\/\/www.cenpcba.com\/wp-content\/uploads\/2022\/07\/20210616151945.jpg\" alt=\"\" class=\"wp-image-577\" style=\"width:433px;height:291px\" srcset=\"https:\/\/www.cenpcba.com\/wp-content\/uploads\/2022\/07\/20210616151945.jpg 1000w, https:\/\/www.cenpcba.com\/wp-content\/uploads\/2022\/07\/20210616151945-300x202.jpg 300w, https:\/\/www.cenpcba.com\/wp-content\/uploads\/2022\/07\/20210616151945-768x518.jpg 768w\" sizes=\"(max-width: 1000px) 100vw, 1000px\" \/><\/figure>\n<\/div>\n<\/div>\n\n\n\n<div style=\"height:100px\" aria-hidden=\"true\" class=\"wp-block-spacer\"><\/div>\n\n\n\n<div class=\"wp-block-cover alignfull\" style=\"min-height:300px;aspect-ratio:unset;\"><span aria-hidden=\"true\" class=\"wp-block-cover__background has-nv-dark-bg-background-color has-background-dim-100 has-background-dim\"><\/span><div class=\"wp-block-cover__inner-container is-layout-flow wp-block-cover-is-layout-flow\">\n<div style=\"height:80px\" aria-hidden=\"true\" class=\"wp-block-spacer\"><\/div>\n\n\n<div class=\"wp-block-image is-style-rounded\">\n<figure class=\"aligncenter size-full\"><img loading=\"lazy\" decoding=\"async\" width=\"72\" height=\"72\" src=\"http:\/\/www.cenpcba.com\/wp-content\/uploads\/2022\/07\/Choose-Right.png\" alt=\"\" class=\"wp-image-531\"\/><\/figure>\n<\/div>\n\n\n<p class=\"has-text-align-center has-nv-text-dark-bg-color has-text-color\">NOUS SOMMES L\u00c0 POUR VOUS<\/p>\n\n\n\n<div class=\"wp-block-buttons is-layout-flex wp-block-buttons-is-layout-flex\">\n<div class=\"wp-block-button aligncenter\"><a class=\"wp-block-button__link has-nv-dark-bg-color has-neve-link-color-background-color has-text-color has-background wp-element-button\" href=\"http:\/\/www.cenpcba.com\/contact-us\/\" target=\"_blank\" rel=\"noreferrer noopener\">Parlez avec notre expert<\/a><\/div>\n<\/div>\n\n\n\n<div style=\"height:80px\" aria-hidden=\"true\" class=\"wp-block-spacer\"><\/div>\n<\/div><\/div>\n","protected":false},"excerpt":{"rendered":"<p>Approvisionnement en composants CEN propose un service de fabrication OEM\/ODM tout-en-un pour les clients du monde entier. Notre exp\u00e9rience de plusieurs ann\u00e9es dans l&rsquo;assemblage de circuits nous permet de b\u00e2tir des relations de coop\u00e9ration solides avec des distributeurs de composants agr\u00e9\u00e9s, ce qui nous permet d&rsquo;obtenir tous les composants dont vous avez besoin \u00e0 des&hellip;&nbsp;<a href=\"https:\/\/www.cenpcba.com\/fr\/components-sourcing\/\" class=\"\" rel=\"bookmark\">Read More &raquo;<span class=\"screen-reader-text\">Approvisionnement en composants<\/span><\/a><\/p>\n","protected":false},"author":1,"featured_media":0,"parent":0,"menu_order":0,"comment_status":"closed","ping_status":"closed","template":"","meta":{"neve_meta_sidebar":"","neve_meta_container":"","neve_meta_enable_content_width":"","neve_meta_content_width":0,"neve_meta_title_alignment":"","neve_meta_author_avatar":"","neve_post_elements_order":"","neve_meta_disable_header":"","neve_meta_disable_footer":"","neve_meta_disable_title":"on","neve_meta_reading_time":"","_joinchat":[],"footnotes":""},"class_list":["post-2242","page","type-page","status-publish","hentry"],"yoast_head":"<!-- This site is optimized with the Yoast SEO Premium plugin v23.2 (Yoast SEO v25.8) - https:\/\/yoast.com\/wordpress\/plugins\/seo\/ -->\n<title>CEN Approvisionnement en composants | IC, R\u00e9sistances, Condensateurs, Diodes, Cristaux, Chine<\/title>\n<meta name=\"description\" content=\"CEN Sourcing de Composants : IC, R\u00e9sistances, Condensateurs, Diodes, Cristaux, Connecteurs, Bornes - Sourcing en Chine, Co\u00fbt BOM, Fabrication de PCB\" \/>\n<meta name=\"robots\" content=\"index, follow, max-snippet:-1, max-image-preview:large, max-video-preview:-1\" \/>\n<link rel=\"canonical\" href=\"https:\/\/www.cenpcba.com\/fr\/components-sourcing\/\" \/>\n<meta property=\"og:locale\" content=\"fr_FR\" \/>\n<meta property=\"og:type\" content=\"article\" \/>\n<meta property=\"og:title\" content=\"Approvisionnement en composants\" \/>\n<meta property=\"og:description\" content=\"CEN Sourcing de Composants : IC, R\u00e9sistances, Condensateurs, Diodes, Cristaux, Connecteurs, Bornes - Sourcing en Chine, Co\u00fbt BOM, Fabrication de PCB\" \/>\n<meta property=\"og:url\" content=\"https:\/\/www.cenpcba.com\/fr\/components-sourcing\/\" \/>\n<meta property=\"og:site_name\" content=\"Contract Manufacturing\" \/>\n<meta property=\"article:publisher\" content=\"https:\/\/www.facebook.com\/cenpcba\" \/>\n<meta property=\"article:modified_time\" content=\"2024-07-20T09:49:07+00:00\" \/>\n<meta property=\"og:image\" content=\"http:\/\/www.cenpcba.com\/wp-content\/uploads\/2022\/07\/IC.jpg\" \/>\n<meta name=\"twitter:card\" content=\"summary_large_image\" \/>\n<meta name=\"twitter:label1\" content=\"Dur\u00e9e de lecture estim\u00e9e\" \/>\n\t<meta name=\"twitter:data1\" content=\"2 minutes\" \/>\n<script type=\"application\/ld+json\" class=\"yoast-schema-graph\">{\"@context\":\"https:\/\/schema.org\",\"@graph\":[{\"@type\":\"WebPage\",\"@id\":\"https:\/\/www.cenpcba.com\/fr\/components-sourcing\/\",\"url\":\"https:\/\/www.cenpcba.com\/fr\/components-sourcing\/\",\"name\":\"CEN Approvisionnement en composants | IC, R\u00e9sistances, Condensateurs, Diodes, Cristaux, Chine\",\"isPartOf\":{\"@id\":\"https:\/\/www.cenpcba.com\/fr\/#website\"},\"primaryImageOfPage\":{\"@id\":\"https:\/\/www.cenpcba.com\/fr\/components-sourcing\/#primaryimage\"},\"image\":{\"@id\":\"https:\/\/www.cenpcba.com\/fr\/components-sourcing\/#primaryimage\"},\"thumbnailUrl\":\"http:\/\/www.cenpcba.com\/wp-content\/uploads\/2022\/07\/IC.jpg\",\"datePublished\":\"2022-07-10T10:40:02+00:00\",\"dateModified\":\"2024-07-20T09:49:07+00:00\",\"description\":\"CEN Sourcing de Composants : IC, R\u00e9sistances, Condensateurs, Diodes, Cristaux, Connecteurs, Bornes - Sourcing en Chine, Co\u00fbt BOM, Fabrication de PCB\",\"breadcrumb\":{\"@id\":\"https:\/\/www.cenpcba.com\/fr\/components-sourcing\/#breadcrumb\"},\"inLanguage\":\"fr-FR\",\"potentialAction\":[{\"@type\":\"ReadAction\",\"target\":[\"https:\/\/www.cenpcba.com\/fr\/components-sourcing\/\"]}]},{\"@type\":\"ImageObject\",\"inLanguage\":\"fr-FR\",\"@id\":\"https:\/\/www.cenpcba.com\/fr\/components-sourcing\/#primaryimage\",\"url\":\"http:\/\/www.cenpcba.com\/wp-content\/uploads\/2022\/07\/IC.jpg\",\"contentUrl\":\"http:\/\/www.cenpcba.com\/wp-content\/uploads\/2022\/07\/IC.jpg\"},{\"@type\":\"BreadcrumbList\",\"@id\":\"https:\/\/www.cenpcba.com\/fr\/components-sourcing\/#breadcrumb\",\"itemListElement\":[{\"@type\":\"ListItem\",\"position\":1,\"name\":\"\u9996\u9875\",\"item\":\"https:\/\/www.cenpcba.com\/fr\/\"},{\"@type\":\"ListItem\",\"position\":2,\"name\":\"Approvisionnement en composants\"}]},{\"@type\":\"WebSite\",\"@id\":\"https:\/\/www.cenpcba.com\/fr\/#website\",\"url\":\"https:\/\/www.cenpcba.com\/fr\/\",\"name\":\"Contact Electronic Manufacturing Service Factory in Shenzhen, China\",\"description\":\"PCB Assembly\",\"publisher\":{\"@id\":\"https:\/\/www.cenpcba.com\/fr\/#organization\"},\"alternateName\":\"One stop EMS service from PCB Manufacturing, Pcb assembly, smt, dip box assembly\",\"potentialAction\":[{\"@type\":\"SearchAction\",\"target\":{\"@type\":\"EntryPoint\",\"urlTemplate\":\"https:\/\/www.cenpcba.com\/fr\/?s={search_term_string}\"},\"query-input\":{\"@type\":\"PropertyValueSpecification\",\"valueRequired\":true,\"valueName\":\"search_term_string\"}}],\"inLanguage\":\"fr-FR\"},{\"@type\":\"Organization\",\"@id\":\"https:\/\/www.cenpcba.com\/fr\/#organization\",\"name\":\"CEN Electronic Technology Co., Ltd\",\"alternateName\":\"CEN PCBA\",\"url\":\"https:\/\/www.cenpcba.com\/fr\/\",\"logo\":{\"@type\":\"ImageObject\",\"inLanguage\":\"fr-FR\",\"@id\":\"https:\/\/www.cenpcba.com\/fr\/#\/schema\/logo\/image\/\",\"url\":\"http:\/\/www.cenpcba.com\/wp-content\/uploads\/2022\/07\/CEN-Logo-L.png\",\"contentUrl\":\"http:\/\/www.cenpcba.com\/wp-content\/uploads\/2022\/07\/CEN-Logo-L.png\",\"width\":960,\"height\":856,\"caption\":\"CEN Electronic Technology Co., Ltd\"},\"image\":{\"@id\":\"https:\/\/www.cenpcba.com\/fr\/#\/schema\/logo\/image\/\"},\"sameAs\":[\"https:\/\/www.facebook.com\/cenpcba\",\"https:\/\/www.linkedin.com\/company\/cenpcba\"]}]}<\/script>\n<!-- \/ Yoast SEO Premium plugin. -->","yoast_head_json":{"title":"CEN Approvisionnement en composants | IC, R\u00e9sistances, Condensateurs, Diodes, Cristaux, Chine","description":"CEN Sourcing de Composants : IC, R\u00e9sistances, Condensateurs, Diodes, Cristaux, Connecteurs, Bornes - Sourcing en Chine, Co\u00fbt BOM, Fabrication de PCB","robots":{"index":"index","follow":"follow","max-snippet":"max-snippet:-1","max-image-preview":"max-image-preview:large","max-video-preview":"max-video-preview:-1"},"canonical":"https:\/\/www.cenpcba.com\/fr\/components-sourcing\/","og_locale":"fr_FR","og_type":"article","og_title":"Approvisionnement en composants","og_description":"CEN Sourcing de Composants : IC, R\u00e9sistances, Condensateurs, Diodes, Cristaux, Connecteurs, Bornes - Sourcing en Chine, Co\u00fbt BOM, Fabrication de PCB","og_url":"https:\/\/www.cenpcba.com\/fr\/components-sourcing\/","og_site_name":"Contract Manufacturing","article_publisher":"https:\/\/www.facebook.com\/cenpcba","article_modified_time":"2024-07-20T09:49:07+00:00","og_image":[{"url":"http:\/\/www.cenpcba.com\/wp-content\/uploads\/2022\/07\/IC.jpg","type":"","width":"","height":""}],"twitter_card":"summary_large_image","twitter_misc":{"Dur\u00e9e de lecture estim\u00e9e":"2 minutes"},"schema":{"@context":"https:\/\/schema.org","@graph":[{"@type":"WebPage","@id":"https:\/\/www.cenpcba.com\/fr\/components-sourcing\/","url":"https:\/\/www.cenpcba.com\/fr\/components-sourcing\/","name":"CEN Approvisionnement en composants | IC, R\u00e9sistances, Condensateurs, Diodes, Cristaux, Chine","isPartOf":{"@id":"https:\/\/www.cenpcba.com\/fr\/#website"},"primaryImageOfPage":{"@id":"https:\/\/www.cenpcba.com\/fr\/components-sourcing\/#primaryimage"},"image":{"@id":"https:\/\/www.cenpcba.com\/fr\/components-sourcing\/#primaryimage"},"thumbnailUrl":"http:\/\/www.cenpcba.com\/wp-content\/uploads\/2022\/07\/IC.jpg","datePublished":"2022-07-10T10:40:02+00:00","dateModified":"2024-07-20T09:49:07+00:00","description":"CEN Sourcing de Composants : IC, R\u00e9sistances, Condensateurs, Diodes, Cristaux, Connecteurs, Bornes - Sourcing en Chine, Co\u00fbt BOM, Fabrication de PCB","breadcrumb":{"@id":"https:\/\/www.cenpcba.com\/fr\/components-sourcing\/#breadcrumb"},"inLanguage":"fr-FR","potentialAction":[{"@type":"ReadAction","target":["https:\/\/www.cenpcba.com\/fr\/components-sourcing\/"]}]},{"@type":"ImageObject","inLanguage":"fr-FR","@id":"https:\/\/www.cenpcba.com\/fr\/components-sourcing\/#primaryimage","url":"http:\/\/www.cenpcba.com\/wp-content\/uploads\/2022\/07\/IC.jpg","contentUrl":"http:\/\/www.cenpcba.com\/wp-content\/uploads\/2022\/07\/IC.jpg"},{"@type":"BreadcrumbList","@id":"https:\/\/www.cenpcba.com\/fr\/components-sourcing\/#breadcrumb","itemListElement":[{"@type":"ListItem","position":1,"name":"\u9996\u9875","item":"https:\/\/www.cenpcba.com\/fr\/"},{"@type":"ListItem","position":2,"name":"Approvisionnement en composants"}]},{"@type":"WebSite","@id":"https:\/\/www.cenpcba.com\/fr\/#website","url":"https:\/\/www.cenpcba.com\/fr\/","name":"Contact Electronic Manufacturing Service Factory in Shenzhen, China","description":"PCB Assembly","publisher":{"@id":"https:\/\/www.cenpcba.com\/fr\/#organization"},"alternateName":"One stop EMS service from PCB Manufacturing, Pcb assembly, smt, dip box assembly","potentialAction":[{"@type":"SearchAction","target":{"@type":"EntryPoint","urlTemplate":"https:\/\/www.cenpcba.com\/fr\/?s={search_term_string}"},"query-input":{"@type":"PropertyValueSpecification","valueRequired":true,"valueName":"search_term_string"}}],"inLanguage":"fr-FR"},{"@type":"Organization","@id":"https:\/\/www.cenpcba.com\/fr\/#organization","name":"CEN Electronic Technology Co., Ltd","alternateName":"CEN PCBA","url":"https:\/\/www.cenpcba.com\/fr\/","logo":{"@type":"ImageObject","inLanguage":"fr-FR","@id":"https:\/\/www.cenpcba.com\/fr\/#\/schema\/logo\/image\/","url":"http:\/\/www.cenpcba.com\/wp-content\/uploads\/2022\/07\/CEN-Logo-L.png","contentUrl":"http:\/\/www.cenpcba.com\/wp-content\/uploads\/2022\/07\/CEN-Logo-L.png","width":960,"height":856,"caption":"CEN Electronic Technology Co., Ltd"},"image":{"@id":"https:\/\/www.cenpcba.com\/fr\/#\/schema\/logo\/image\/"},"sameAs":["https:\/\/www.facebook.com\/cenpcba","https:\/\/www.linkedin.com\/company\/cenpcba"]}]}},"_links":{"self":[{"href":"https:\/\/www.cenpcba.com\/fr\/wp-json\/wp\/v2\/pages\/2242","targetHints":{"allow":["GET"]}}],"collection":[{"href":"https:\/\/www.cenpcba.com\/fr\/wp-json\/wp\/v2\/pages"}],"about":[{"href":"https:\/\/www.cenpcba.com\/fr\/wp-json\/wp\/v2\/types\/page"}],"author":[{"embeddable":true,"href":"https:\/\/www.cenpcba.com\/fr\/wp-json\/wp\/v2\/users\/1"}],"replies":[{"embeddable":true,"href":"https:\/\/www.cenpcba.com\/fr\/wp-json\/wp\/v2\/comments?post=2242"}],"version-history":[{"count":2,"href":"https:\/\/www.cenpcba.com\/fr\/wp-json\/wp\/v2\/pages\/2242\/revisions"}],"predecessor-version":[{"id":2245,"href":"https:\/\/www.cenpcba.com\/fr\/wp-json\/wp\/v2\/pages\/2242\/revisions\/2245"}],"wp:attachment":[{"href":"https:\/\/www.cenpcba.com\/fr\/wp-json\/wp\/v2\/media?parent=2242"}],"curies":[{"name":"wp","href":"https:\/\/api.w.org\/{rel}","templated":true}]}}