{"id":2325,"date":"2020-01-23T18:21:52","date_gmt":"2020-01-23T10:21:52","guid":{"rendered":"http:\/\/www.cenpcba.com\/about-us\/"},"modified":"2024-08-14T14:30:38","modified_gmt":"2024-08-14T06:30:38","slug":"about-us","status":"publish","type":"page","link":"https:\/\/www.cenpcba.com\/fr\/about-us\/","title":{"rendered":"\u00c0 propos de nous"},"content":{"rendered":"\n<div class=\"wp-block-cover alignfull\" style=\"min-height: 300px;aspect-ratio:unset;\">\r\n<div class=\"wp-block-cover__inner-container is-layout-flow wp-block-cover-is-layout-flow\">\n\n<div class=\"wp-block-group\"><div class=\"wp-block-group__inner-container is-layout-flow wp-block-group-is-layout-flow\">\n\n<div class=\"wp-block-cover alignfull\" style=\"min-height: 300px;aspect-ratio:unset;\"><img fetchpriority=\"high\" decoding=\"async\" width=\"1024\" height=\"448\" class=\"wp-block-cover__image-background wp-image-409\" style=\"object-position: 50% 64%;\" src=\"http:\/\/www.cenpcba.com\/wp-content\/uploads\/2022\/07\/iot-1-1024x448.jpg\" alt=\"\" data-object-fit=\"cover\" data-object-position=\"50% 64%\" srcset=\"https:\/\/www.cenpcba.com\/wp-content\/uploads\/2022\/07\/iot-1-1024x448.jpg 1024w, https:\/\/www.cenpcba.com\/wp-content\/uploads\/2022\/07\/iot-1-300x131.jpg 300w, https:\/\/www.cenpcba.com\/wp-content\/uploads\/2022\/07\/iot-1-768x336.jpg 768w, https:\/\/www.cenpcba.com\/wp-content\/uploads\/2022\/07\/iot-1-1536x672.jpg 1536w, https:\/\/www.cenpcba.com\/wp-content\/uploads\/2022\/07\/iot-1-2048x896.jpg 2048w\" sizes=\"(max-width: 1024px) 100vw, 1024px\" \/>\r\n<div class=\"wp-block-cover__inner-container is-layout-flow wp-block-cover-is-layout-flow\">\n\n<h1 id=\"h-about-us\" class=\"has-text-align-center has-large-font-size wp-block-heading\">About Us<\/h1>\n\n\r\n\r\n\n<h4 id=\"h-we-re-passionate-about-one-thing\" class=\"has-text-align-center wp-block-heading\">We\u2019re passionate about one thing\u2026<\/h4>\n\n\r\n\r\n\n<h4 id=\"h-your-success\" class=\"has-text-align-center wp-block-heading\">Your success<\/h4>\n\n<\/div>\r\n<\/div>\n\n\r\n\r\n\n<div class=\"wp-block-spacer\" style=\"height: 60px;\" aria-hidden=\"true\">\u00a0<\/div>\n\n<\/div><\/div>\n\n<\/div>\r\n<\/div>\n\n\n\n<p>Fond\u00e9e en 2013, CEN PCBA est un fournisseur bas\u00e9 \u00e0 Shenzhen de services de fabrication \u00e9lectronique complets (EMS). Nous fournissons une solution de fabrication compl\u00e8te, y compris l&rsquo;achat de mat\u00e9riaux, l&rsquo;assemblage de cartes de circuits imprim\u00e9s (PCBA), l&rsquo;assemblage du produit fini, les tests au niveau du syst\u00e8me, etc. Nos principaux services sur le march\u00e9 comprennent les soins de sant\u00e9, le contr\u00f4le industriel et l&rsquo;\u00e9lectronique automobile, les services de traitement des cartes souples et des cartes combin\u00e9es souples et dures. Avec une riche exp\u00e9rience en produits, nous sommes capables de fournir rapidement aux clients des solutions de fabrication fiables pour l&rsquo;introduction de nouveaux produits (NPI), et nos \u00e9quipes d&rsquo;ing\u00e9nierie, d&rsquo;assurance qualit\u00e9 et de gestion de projet travaillent en \u00e9troite collaboration avec les clients, pour comprendre pleinement et d\u00e9passer vos exigences. Avec une forte intelligence, un service r\u00e9fl\u00e9chi, une excellente technologie de base, un service \u00e0 valeur ajout\u00e9e pour les clients, a \u00e9t\u00e9 reconnu et fait confiance par des clients bien connus au pays et \u00e0 l&rsquo;\u00e9tranger. L&rsquo;entreprise poursuit \u00ab\u00a0le d\u00e9veloppement et l&rsquo;innovation continue, adh\u00e8re \u00e0 l&rsquo;excellence, CEN PCBA se dirige vers le devenir de la meilleure soci\u00e9t\u00e9 EMS de produits \u00e9lectroniques.<\/p>\n\n\n\n<div class=\"wp-block-spacer\" style=\"height: 20px;\" aria-hidden=\"true\">\u00a0<\/div>\n\n\n\n<h3 class=\"wp-block-heading\" id=\"h-a-propos-de-nos-marques\">\u00c0 propos de nos marques<\/h3>\n\n\n\n<div class=\"wp-block-columns is-layout-flex wp-container-core-columns-is-layout-9d6595d7 wp-block-columns-is-layout-flex\">\n<div class=\"wp-block-column is-layout-flow wp-block-column-is-layout-flow\"><div class=\"wp-block-image\">\n<figure class=\"aligncenter size-full is-resized\"><a href=\"http:\/\/www.cenpcba.com\/fr\/\" target=\"_blank\" rel=\"noreferrer noopener\"><img decoding=\"async\" width=\"960\" height=\"856\" src=\"http:\/\/www.cenpcba.com\/wp-content\/uploads\/2022\/07\/CEN-Logo-L.png\" alt=\"\" class=\"wp-image-417\" style=\"width:317px;height:282px\" srcset=\"https:\/\/www.cenpcba.com\/wp-content\/uploads\/2022\/07\/CEN-Logo-L.png 960w, https:\/\/www.cenpcba.com\/wp-content\/uploads\/2022\/07\/CEN-Logo-L-300x268.png 300w, https:\/\/www.cenpcba.com\/wp-content\/uploads\/2022\/07\/CEN-Logo-L-768x685.png 768w\" sizes=\"(max-width: 960px) 100vw, 960px\" \/><\/a><figcaption class=\"wp-element-caption\"><strong>CEN is Registered in english<\/strong><\/figcaption><\/figure>\n<\/div><\/div>\n\n\n\n<div class=\"wp-block-column is-layout-flow wp-block-column-is-layout-flow\"><div class=\"wp-block-image\">\n<figure class=\"aligncenter size-full is-resized\"><img decoding=\"async\" width=\"960\" height=\"856\" src=\"http:\/\/www.cenpcba.com\/wp-content\/uploads\/2022\/07\/TXYD-Logo-L-2.png\" alt=\"\" class=\"wp-image-418\" style=\"width:320px;height:286px\" srcset=\"https:\/\/www.cenpcba.com\/wp-content\/uploads\/2022\/07\/TXYD-Logo-L-2.png 960w, https:\/\/www.cenpcba.com\/wp-content\/uploads\/2022\/07\/TXYD-Logo-L-2-300x268.png 300w, https:\/\/www.cenpcba.com\/wp-content\/uploads\/2022\/07\/TXYD-Logo-L-2-768x685.png 768w\" sizes=\"(max-width: 960px) 100vw, 960px\" \/><figcaption class=\"wp-element-caption\"><strong>TinDa Ginkgo Registered in Chinese<\/strong><\/figcaption><\/figure>\n<\/div><\/div>\n<\/div>\n\n\n\n<p>Les deux logos appartiennent \u00e0 CEN Electronic Co., Ltd. Veuillez ne pas les utiliser pour aucune activit\u00e9 commerciale sans aucun accord \u00e9crit de CEN Electronic Technology Co., Ltd.<\/p>\n\n\n\n<div class=\"wp-block-columns is-layout-flex wp-container-core-columns-is-layout-9d6595d7 wp-block-columns-is-layout-flex\">\n<div class=\"wp-block-column is-layout-flow wp-block-column-is-layout-flow\">\n<h3 class=\"wp-block-heading has-text-align-center has-nv-light-bg-background-color has-background\" id=\"h-notre-vision\">Notre vision<\/h3>\n\n\n\n<p class=\"has-nv-light-bg-background-color has-background\">CEN Electronics est un fournisseur de services de fabrication \u00e9lectronique fier de ses relations avec les clients et les fournisseurs. Nous tenons nos fournisseurs de mat\u00e9riaux aux m\u00eames normes \u00e9lev\u00e9es de qualit\u00e9 et de livraison que celles auxquelles nous nous tenons nous-m\u00eames<\/p>\n<\/div>\n\n\n\n<div class=\"wp-block-column is-layout-flow wp-block-column-is-layout-flow\">\n<h3 class=\"wp-block-heading has-text-align-center has-nv-light-bg-background-color has-background\" id=\"h-notre-mission\">Notre mission<\/h3>\n\n\n\n<p class=\"has-nv-light-bg-background-color has-background\">Nous nous effor\u00e7ons de satisfaire nos clients en offrant un service exceptionnel, une performance de qualit\u00e9 des produits avec une approche centr\u00e9e sur le client.<\/p>\n<\/div>\n<\/div>\n\n\n\n<div class=\"wp-block-cover\" style=\"min-height: 300px;aspect-ratio:unset;\"><img loading=\"lazy\" decoding=\"async\" width=\"1024\" height=\"768\" class=\"wp-block-cover__image-background wp-image-427\" style=\"object-position: 46% 46%;\" src=\"http:\/\/www.cenpcba.com\/wp-content\/uploads\/2022\/07\/cooperation.jpg\" alt=\"\" data-object-fit=\"cover\" data-object-position=\"46% 46%\" srcset=\"https:\/\/www.cenpcba.com\/wp-content\/uploads\/2022\/07\/cooperation.jpg 1024w, https:\/\/www.cenpcba.com\/wp-content\/uploads\/2022\/07\/cooperation-300x225.jpg 300w, https:\/\/www.cenpcba.com\/wp-content\/uploads\/2022\/07\/cooperation-768x576.jpg 768w\" sizes=\"(max-width: 1024px) 100vw, 1024px\" \/>\r\n<div class=\"wp-block-cover__inner-container is-layout-flow wp-block-cover-is-layout-flow\">\n\n<p class=\"has-text-align-center has-large-font-size\">\u00a0<\/p>\n\n<\/div>\r\n<\/div>\n\n\n\n<div class=\"wp-block-spacer\" style=\"height: 100px;\" aria-hidden=\"true\">\u00a0<\/div>\n\n\n\n<div class=\"wp-block-cover alignfull\" style=\"min-height: 600px;aspect-ratio:unset;\">\r\n<div class=\"wp-block-cover__inner-container is-layout-flow wp-block-cover-is-layout-flow\">\n\n<div class=\"wp-block-group\"><div class=\"wp-block-group__inner-container is-layout-flow wp-block-group-is-layout-flow\">\n\n<div class=\"wp-block-spacer\" style=\"height: 80px;\" aria-hidden=\"true\">\u00a0<\/div>\n\n\r\n\r\n\n<div class=\"wp-block-columns are-vertically-aligned-center is-layout-flex wp-container-core-columns-is-layout-9d6595d7 wp-block-columns-is-layout-flex\">\n\n<div class=\"wp-block-column is-vertically-aligned-center is-layout-flow wp-block-column-is-layout-flow\" style=\"flex-basis: 50%;\">\n\n<h2 id=\"h-build-your-next-product-with-us\" class=\"has-nv-text-dark-bg-color has-text-color wp-block-heading\">Build your next product with us!<\/h2>\n\n\r\n\r\n\n<p>We work with companies of all sizes to build world class products.<\/p>\n\n\r\n\r\n\n<div class=\"wp-block-spacer\" style=\"height: 20px;\" aria-hidden=\"true\">\u00a0<\/div>\n\n\r\n\r\n\n<div class=\"wp-block-buttons is-layout-flex wp-block-buttons-is-layout-flex\">\n\n<div class=\"wp-block-button is-style-primary\"><a class=\"wp-block-button__link\" href=\"http:\/\/www.cenpcba.com\/fr\/contact-us\/\" target=\"_blank\" rel=\"noreferrer noopener\">LET\u2019S TALK<\/a><\/div>\n\n<\/div>\n\n\r\n\r\n\n<div class=\"wp-block-spacer\" style=\"height: 20px;\" aria-hidden=\"true\">\u00a0<\/div>\n\n<\/div>\n\n\r\n\r\n\n<div class=\"wp-block-column is-vertically-aligned-center is-layout-flow wp-block-column-is-layout-flow\" style=\"flex-basis: 50%;\">\n\n<figure class=\"wp-block-image size-large is-resized\"><img loading=\"lazy\" decoding=\"async\" class=\"wp-image-434\" src=\"http:\/\/www.cenpcba.com\/wp-content\/uploads\/2022\/07\/CEN-1024x768.jpg\" alt=\"\" width=\"595\" height=\"446\" srcset=\"https:\/\/www.cenpcba.com\/wp-content\/uploads\/2022\/07\/CEN-1024x768.jpg 1024w, https:\/\/www.cenpcba.com\/wp-content\/uploads\/2022\/07\/CEN-300x225.jpg 300w, https:\/\/www.cenpcba.com\/wp-content\/uploads\/2022\/07\/CEN-768x576.jpg 768w, https:\/\/www.cenpcba.com\/wp-content\/uploads\/2022\/07\/CEN-1536x1152.jpg 1536w, https:\/\/www.cenpcba.com\/wp-content\/uploads\/2022\/07\/CEN-2048x1536.jpg 2048w\" sizes=\"(max-width: 595px) 100vw, 595px\" \/><\/figure>\n\n<\/div>\n\n<\/div>\n\n\r\n\r\n\n<div class=\"wp-block-spacer\" style=\"height: 40px;\" aria-hidden=\"true\">\u00a0<\/div>\n\n<\/div><\/div>\n\n<\/div>\r\n<\/div>\n\n\n\n<div class=\"wp-block-cover alignfull\" style=\"min-height: 420px;aspect-ratio:unset;\">\r\n<div class=\"wp-block-cover__inner-container is-layout-flow wp-block-cover-is-layout-flow\">\n\n<div class=\"wp-block-spacer\" style=\"height: 80px;\" aria-hidden=\"true\">\u00a0<\/div>\n\n\r\n\r\n\n<div class=\"wp-block-columns is-layout-flex wp-container-core-columns-is-layout-9d6595d7 wp-block-columns-is-layout-flex\">\n\n<div class=\"wp-block-column ticss-4ce656f1 is-layout-flow wp-block-column-is-layout-flow\">\n\n<figure class=\"wp-block-image size-full icon-style is-style-rounded\"><img loading=\"lazy\" decoding=\"async\" width=\"72\" height=\"72\" class=\"wp-image-531\" src=\"http:\/\/www.cenpcba.com\/wp-content\/uploads\/2022\/07\/Choose-Right.png\" alt=\"\"\/><\/figure>\n\n\r\n\r\n\n<h3 id=\"h-super-efficient\" class=\"has-text-align-left has-text-align-center has-neve-text-color-color has-text-color wp-block-heading\">Super Efficient<\/h3>\n\n\r\n\r\n\n<div class=\"wp-block-spacer\" style=\"height: 20px;\" aria-hidden=\"true\">\u00a0<\/div>\n\n<\/div>\n\n\r\n\r\n\n<div class=\"wp-block-column ticss-f6fc7494 is-layout-flow wp-block-column-is-layout-flow\">\n\n<figure class=\"wp-block-image size-full icon-style is-style-rounded\"><img loading=\"lazy\" decoding=\"async\" width=\"72\" height=\"72\" class=\"wp-image-531\" src=\"http:\/\/www.cenpcba.com\/wp-content\/uploads\/2022\/07\/Choose-Right.png\" alt=\"\"\/><\/figure>\n\n\r\n\r\n\n<h3 id=\"h-deeply-committed\" class=\"has-text-align-left has-text-align-center has-neve-text-color-color has-text-color wp-block-heading\">Deeply Committed<\/h3>\n\n\r\n\r\n\n<div class=\"wp-block-spacer\" style=\"height: 20px;\" aria-hidden=\"true\">\u00a0<\/div>\n\n<\/div>\n\n\r\n\r\n\n<div class=\"wp-block-column ticss-a5b4df29 is-layout-flow wp-block-column-is-layout-flow\">\n\n<figure class=\"wp-block-image size-full icon-style is-style-rounded\"><img loading=\"lazy\" decoding=\"async\" width=\"72\" height=\"72\" class=\"wp-image-531\" src=\"http:\/\/www.cenpcba.com\/wp-content\/uploads\/2022\/07\/Choose-Right.png\" alt=\"\"\/><\/figure>\n\n\r\n\r\n\n<h3 id=\"h-highly-skilled\" class=\"has-text-align-left has-text-align-center has-neve-text-color-color has-text-color wp-block-heading\">Highly Skilled<\/h3>\n\n\r\n\r\n\n<div class=\"wp-block-spacer\" style=\"height: 20px;\" aria-hidden=\"true\">\u00a0<\/div>\n\n<\/div>\n\n<\/div>\n\n\r\n\r\n\n<div class=\"wp-block-spacer\" style=\"height: 30px;\" aria-hidden=\"true\">\u00a0<\/div>\n\n<\/div>\r\n<\/div>\n","protected":false},"excerpt":{"rendered":"<p>Fond\u00e9e en 2013, CEN PCBA est un fournisseur bas\u00e9 \u00e0 Shenzhen de services de fabrication \u00e9lectronique complets (EMS). Nous fournissons une solution de fabrication compl\u00e8te, y compris l&rsquo;achat de mat\u00e9riaux, l&rsquo;assemblage de cartes de circuits imprim\u00e9s (PCBA), l&rsquo;assemblage du produit fini, les tests au niveau du syst\u00e8me, etc. Nos principaux services sur le march\u00e9 comprennent&hellip;&nbsp;<a href=\"https:\/\/www.cenpcba.com\/fr\/about-us\/\" class=\"\" rel=\"bookmark\">Read More &raquo;<span class=\"screen-reader-text\">\u00c0 propos de nous<\/span><\/a><\/p>\n","protected":false},"author":1,"featured_media":0,"parent":0,"menu_order":0,"comment_status":"closed","ping_status":"closed","template":"","meta":{"neve_meta_sidebar":"","neve_meta_container":"","neve_meta_enable_content_width":"on","neve_meta_content_width":100,"neve_meta_title_alignment":"","neve_meta_author_avatar":"","neve_post_elements_order":"","neve_meta_disable_header":"","neve_meta_disable_footer":"","neve_meta_disable_title":"on","neve_meta_reading_time":"","_joinchat":[],"footnotes":""},"class_list":["post-2325","page","type-page","status-publish","hentry"],"yoast_head":"<!-- This site is optimized with the Yoast SEO Premium plugin v23.2 (Yoast SEO v25.8) - https:\/\/yoast.com\/wordpress\/plugins\/seo\/ -->\n<title>\u00c0 propos de nous | CEN PCBA | Contract PCBA Manufacturing in China<\/title>\n<meta name=\"description\" content=\"Sur cen, en ce qui concerne l&#039;assemblage de bo\u00eetes PCBA, l&#039;assemblage de c\u00e2bles, l&#039;assemblage PCBA en une seule \u00e9tape, un service de fabrication d&#039;assemblage de PCB cl\u00e9 en main, un fabricant \u00e9lectronique contractuel\" \/>\n<meta name=\"robots\" content=\"index, follow, max-snippet:-1, max-image-preview:large, max-video-preview:-1\" \/>\n<link rel=\"canonical\" href=\"https:\/\/www.cenpcba.com\/fr\/about-us\/\" \/>\n<meta property=\"og:locale\" content=\"fr_FR\" \/>\n<meta property=\"og:type\" content=\"article\" \/>\n<meta property=\"og:title\" content=\"\u00c0 propos de nous\" \/>\n<meta property=\"og:description\" content=\"Sur cen, en ce qui concerne l&#039;assemblage de bo\u00eetes PCBA, l&#039;assemblage de c\u00e2bles, l&#039;assemblage PCBA en une seule \u00e9tape, un service de fabrication d&#039;assemblage de PCB cl\u00e9 en main, un fabricant \u00e9lectronique contractuel\" \/>\n<meta property=\"og:url\" content=\"https:\/\/www.cenpcba.com\/fr\/about-us\/\" \/>\n<meta property=\"og:site_name\" content=\"Contract Manufacturing\" \/>\n<meta property=\"article:publisher\" content=\"https:\/\/www.facebook.com\/cenpcba\" \/>\n<meta property=\"article:modified_time\" content=\"2024-08-14T06:30:38+00:00\" \/>\n<meta property=\"og:image\" content=\"http:\/\/www.cenpcba.com\/wp-content\/uploads\/2022\/07\/iot-1-1024x448.jpg\" \/>\n<meta name=\"twitter:card\" content=\"summary_large_image\" \/>\n<meta name=\"twitter:label1\" content=\"Dur\u00e9e de lecture estim\u00e9e\" \/>\n\t<meta name=\"twitter:data1\" content=\"4 minutes\" \/>\n<script type=\"application\/ld+json\" class=\"yoast-schema-graph\">{\"@context\":\"https:\/\/schema.org\",\"@graph\":[{\"@type\":\"WebPage\",\"@id\":\"https:\/\/www.cenpcba.com\/fr\/about-us\/\",\"url\":\"https:\/\/www.cenpcba.com\/fr\/about-us\/\",\"name\":\"\u00c0 propos de nous | CEN PCBA | Contract PCBA Manufacturing in China\",\"isPartOf\":{\"@id\":\"https:\/\/www.cenpcba.com\/fr\/#website\"},\"primaryImageOfPage\":{\"@id\":\"https:\/\/www.cenpcba.com\/fr\/about-us\/#primaryimage\"},\"image\":{\"@id\":\"https:\/\/www.cenpcba.com\/fr\/about-us\/#primaryimage\"},\"thumbnailUrl\":\"http:\/\/www.cenpcba.com\/wp-content\/uploads\/2022\/07\/iot-1-1024x448.jpg\",\"datePublished\":\"2020-01-23T10:21:52+00:00\",\"dateModified\":\"2024-08-14T06:30:38+00:00\",\"description\":\"Sur cen, en ce qui concerne l'assemblage de bo\u00eetes PCBA, l'assemblage de c\u00e2bles, l'assemblage PCBA en une seule \u00e9tape, un service de fabrication d'assemblage de PCB cl\u00e9 en main, un fabricant \u00e9lectronique contractuel\",\"breadcrumb\":{\"@id\":\"https:\/\/www.cenpcba.com\/fr\/about-us\/#breadcrumb\"},\"inLanguage\":\"fr-FR\",\"potentialAction\":[{\"@type\":\"ReadAction\",\"target\":[\"https:\/\/www.cenpcba.com\/fr\/about-us\/\"]}]},{\"@type\":\"ImageObject\",\"inLanguage\":\"fr-FR\",\"@id\":\"https:\/\/www.cenpcba.com\/fr\/about-us\/#primaryimage\",\"url\":\"http:\/\/www.cenpcba.com\/wp-content\/uploads\/2022\/07\/iot-1-1024x448.jpg\",\"contentUrl\":\"http:\/\/www.cenpcba.com\/wp-content\/uploads\/2022\/07\/iot-1-1024x448.jpg\"},{\"@type\":\"BreadcrumbList\",\"@id\":\"https:\/\/www.cenpcba.com\/fr\/about-us\/#breadcrumb\",\"itemListElement\":[{\"@type\":\"ListItem\",\"position\":1,\"name\":\"\u9996\u9875\",\"item\":\"https:\/\/www.cenpcba.com\/fr\/\"},{\"@type\":\"ListItem\",\"position\":2,\"name\":\"\u00c0 propos de nous\"}]},{\"@type\":\"WebSite\",\"@id\":\"https:\/\/www.cenpcba.com\/fr\/#website\",\"url\":\"https:\/\/www.cenpcba.com\/fr\/\",\"name\":\"Contact Electronic Manufacturing Service Factory in Shenzhen, China\",\"description\":\"PCB Assembly\",\"publisher\":{\"@id\":\"https:\/\/www.cenpcba.com\/fr\/#organization\"},\"alternateName\":\"One stop EMS service from PCB Manufacturing, Pcb assembly, smt, dip box assembly\",\"potentialAction\":[{\"@type\":\"SearchAction\",\"target\":{\"@type\":\"EntryPoint\",\"urlTemplate\":\"https:\/\/www.cenpcba.com\/fr\/?s={search_term_string}\"},\"query-input\":{\"@type\":\"PropertyValueSpecification\",\"valueRequired\":true,\"valueName\":\"search_term_string\"}}],\"inLanguage\":\"fr-FR\"},{\"@type\":\"Organization\",\"@id\":\"https:\/\/www.cenpcba.com\/fr\/#organization\",\"name\":\"CEN Electronic Technology Co., Ltd\",\"alternateName\":\"CEN PCBA\",\"url\":\"https:\/\/www.cenpcba.com\/fr\/\",\"logo\":{\"@type\":\"ImageObject\",\"inLanguage\":\"fr-FR\",\"@id\":\"https:\/\/www.cenpcba.com\/fr\/#\/schema\/logo\/image\/\",\"url\":\"http:\/\/www.cenpcba.com\/wp-content\/uploads\/2022\/07\/CEN-Logo-L.png\",\"contentUrl\":\"http:\/\/www.cenpcba.com\/wp-content\/uploads\/2022\/07\/CEN-Logo-L.png\",\"width\":960,\"height\":856,\"caption\":\"CEN Electronic Technology Co., Ltd\"},\"image\":{\"@id\":\"https:\/\/www.cenpcba.com\/fr\/#\/schema\/logo\/image\/\"},\"sameAs\":[\"https:\/\/www.facebook.com\/cenpcba\",\"https:\/\/www.linkedin.com\/company\/cenpcba\"]}]}<\/script>\n<!-- \/ Yoast SEO Premium plugin. -->","yoast_head_json":{"title":"\u00c0 propos de nous | CEN PCBA | Contract PCBA Manufacturing in China","description":"Sur cen, en ce qui concerne l'assemblage de bo\u00eetes PCBA, l'assemblage de c\u00e2bles, l'assemblage PCBA en une seule \u00e9tape, un service de fabrication d'assemblage de PCB cl\u00e9 en main, un fabricant \u00e9lectronique contractuel","robots":{"index":"index","follow":"follow","max-snippet":"max-snippet:-1","max-image-preview":"max-image-preview:large","max-video-preview":"max-video-preview:-1"},"canonical":"https:\/\/www.cenpcba.com\/fr\/about-us\/","og_locale":"fr_FR","og_type":"article","og_title":"\u00c0 propos de nous","og_description":"Sur cen, en ce qui concerne l'assemblage de bo\u00eetes PCBA, l'assemblage de c\u00e2bles, l'assemblage PCBA en une seule \u00e9tape, un service de fabrication d'assemblage de PCB cl\u00e9 en main, un fabricant \u00e9lectronique contractuel","og_url":"https:\/\/www.cenpcba.com\/fr\/about-us\/","og_site_name":"Contract Manufacturing","article_publisher":"https:\/\/www.facebook.com\/cenpcba","article_modified_time":"2024-08-14T06:30:38+00:00","og_image":[{"url":"http:\/\/www.cenpcba.com\/wp-content\/uploads\/2022\/07\/iot-1-1024x448.jpg","type":"","width":"","height":""}],"twitter_card":"summary_large_image","twitter_misc":{"Dur\u00e9e de lecture estim\u00e9e":"4 minutes"},"schema":{"@context":"https:\/\/schema.org","@graph":[{"@type":"WebPage","@id":"https:\/\/www.cenpcba.com\/fr\/about-us\/","url":"https:\/\/www.cenpcba.com\/fr\/about-us\/","name":"\u00c0 propos de nous | CEN PCBA | Contract PCBA Manufacturing in China","isPartOf":{"@id":"https:\/\/www.cenpcba.com\/fr\/#website"},"primaryImageOfPage":{"@id":"https:\/\/www.cenpcba.com\/fr\/about-us\/#primaryimage"},"image":{"@id":"https:\/\/www.cenpcba.com\/fr\/about-us\/#primaryimage"},"thumbnailUrl":"http:\/\/www.cenpcba.com\/wp-content\/uploads\/2022\/07\/iot-1-1024x448.jpg","datePublished":"2020-01-23T10:21:52+00:00","dateModified":"2024-08-14T06:30:38+00:00","description":"Sur cen, en ce qui concerne l'assemblage de bo\u00eetes PCBA, l'assemblage de c\u00e2bles, l'assemblage PCBA en une seule \u00e9tape, un service de fabrication d'assemblage de PCB cl\u00e9 en main, un fabricant \u00e9lectronique contractuel","breadcrumb":{"@id":"https:\/\/www.cenpcba.com\/fr\/about-us\/#breadcrumb"},"inLanguage":"fr-FR","potentialAction":[{"@type":"ReadAction","target":["https:\/\/www.cenpcba.com\/fr\/about-us\/"]}]},{"@type":"ImageObject","inLanguage":"fr-FR","@id":"https:\/\/www.cenpcba.com\/fr\/about-us\/#primaryimage","url":"http:\/\/www.cenpcba.com\/wp-content\/uploads\/2022\/07\/iot-1-1024x448.jpg","contentUrl":"http:\/\/www.cenpcba.com\/wp-content\/uploads\/2022\/07\/iot-1-1024x448.jpg"},{"@type":"BreadcrumbList","@id":"https:\/\/www.cenpcba.com\/fr\/about-us\/#breadcrumb","itemListElement":[{"@type":"ListItem","position":1,"name":"\u9996\u9875","item":"https:\/\/www.cenpcba.com\/fr\/"},{"@type":"ListItem","position":2,"name":"\u00c0 propos de nous"}]},{"@type":"WebSite","@id":"https:\/\/www.cenpcba.com\/fr\/#website","url":"https:\/\/www.cenpcba.com\/fr\/","name":"Contact Electronic Manufacturing Service Factory in Shenzhen, China","description":"PCB Assembly","publisher":{"@id":"https:\/\/www.cenpcba.com\/fr\/#organization"},"alternateName":"One stop EMS service from PCB Manufacturing, Pcb assembly, smt, dip box assembly","potentialAction":[{"@type":"SearchAction","target":{"@type":"EntryPoint","urlTemplate":"https:\/\/www.cenpcba.com\/fr\/?s={search_term_string}"},"query-input":{"@type":"PropertyValueSpecification","valueRequired":true,"valueName":"search_term_string"}}],"inLanguage":"fr-FR"},{"@type":"Organization","@id":"https:\/\/www.cenpcba.com\/fr\/#organization","name":"CEN Electronic Technology Co., Ltd","alternateName":"CEN PCBA","url":"https:\/\/www.cenpcba.com\/fr\/","logo":{"@type":"ImageObject","inLanguage":"fr-FR","@id":"https:\/\/www.cenpcba.com\/fr\/#\/schema\/logo\/image\/","url":"http:\/\/www.cenpcba.com\/wp-content\/uploads\/2022\/07\/CEN-Logo-L.png","contentUrl":"http:\/\/www.cenpcba.com\/wp-content\/uploads\/2022\/07\/CEN-Logo-L.png","width":960,"height":856,"caption":"CEN Electronic Technology Co., Ltd"},"image":{"@id":"https:\/\/www.cenpcba.com\/fr\/#\/schema\/logo\/image\/"},"sameAs":["https:\/\/www.facebook.com\/cenpcba","https:\/\/www.linkedin.com\/company\/cenpcba"]}]}},"_links":{"self":[{"href":"https:\/\/www.cenpcba.com\/fr\/wp-json\/wp\/v2\/pages\/2325","targetHints":{"allow":["GET"]}}],"collection":[{"href":"https:\/\/www.cenpcba.com\/fr\/wp-json\/wp\/v2\/pages"}],"about":[{"href":"https:\/\/www.cenpcba.com\/fr\/wp-json\/wp\/v2\/types\/page"}],"author":[{"embeddable":true,"href":"https:\/\/www.cenpcba.com\/fr\/wp-json\/wp\/v2\/users\/1"}],"replies":[{"embeddable":true,"href":"https:\/\/www.cenpcba.com\/fr\/wp-json\/wp\/v2\/comments?post=2325"}],"version-history":[{"count":3,"href":"https:\/\/www.cenpcba.com\/fr\/wp-json\/wp\/v2\/pages\/2325\/revisions"}],"predecessor-version":[{"id":2336,"href":"https:\/\/www.cenpcba.com\/fr\/wp-json\/wp\/v2\/pages\/2325\/revisions\/2336"}],"wp:attachment":[{"href":"https:\/\/www.cenpcba.com\/fr\/wp-json\/wp\/v2\/media?parent=2325"}],"curies":[{"name":"wp","href":"https:\/\/api.w.org\/{rel}","templated":true}]}}