{"id":2477,"date":"2022-07-10T19:44:12","date_gmt":"2022-07-10T11:44:12","guid":{"rendered":"http:\/\/www.cenpcba.com\/engineeing\/"},"modified":"2025-01-11T17:54:35","modified_gmt":"2025-01-11T09:54:35","slug":"engineeing","status":"publish","type":"page","link":"https:\/\/www.cenpcba.com\/fr\/engineeing\/","title":{"rendered":"Ing\u00e9nierie"},"content":{"rendered":"\n<div class=\"wp-block-cover alignfull\" style=\"min-height:434px;aspect-ratio:unset;\"><span aria-hidden=\"true\" class=\"wp-block-cover__background has-background-dim\" style=\"background-color:#606a68\"><\/span><img fetchpriority=\"high\" decoding=\"async\" width=\"889\" height=\"500\" class=\"wp-block-cover__image-background wp-image-1122\" alt=\"PCB Design\" src=\"http:\/\/www.cenpcba.com\/wp-content\/uploads\/2024\/04\/PCB-Design-2.webp.jpg\" style=\"object-position:44% 72%\" data-object-fit=\"cover\" data-object-position=\"44% 72%\" srcset=\"https:\/\/www.cenpcba.com\/wp-content\/uploads\/2024\/04\/PCB-Design-2.webp.jpg 889w, https:\/\/www.cenpcba.com\/wp-content\/uploads\/2024\/04\/PCB-Design-2.webp-300x169.jpg 300w, https:\/\/www.cenpcba.com\/wp-content\/uploads\/2024\/04\/PCB-Design-2.webp-768x432.jpg 768w\" sizes=\"(max-width: 889px) 100vw, 889px\" \/><div class=\"wp-block-cover__inner-container is-layout-flow wp-block-cover-is-layout-flow\">\n<h1 class=\"wp-block-heading has-text-align-center has-large-font-size\" id=\"h-ingenierie\">Ing\u00e9nierie<\/h1>\n<\/div><\/div>\n\n\n\n<div style=\"height:47px\" aria-hidden=\"true\" class=\"wp-block-spacer\"><\/div>\n\n\n\n<div class=\"wp-block-columns is-layout-flex wp-container-core-columns-is-layout-9d6595d7 wp-block-columns-is-layout-flex\">\n<div class=\"wp-block-column is-layout-flow wp-block-column-is-layout-flow\">\n<figure class=\"wp-block-image size-full\"><img decoding=\"async\" width=\"2560\" height=\"1707\" src=\"http:\/\/www.cenpcba.com\/wp-content\/uploads\/2024\/04\/PCB-Assembly-scaled.jpeg\" alt=\"\" class=\"wp-image-1120\" srcset=\"https:\/\/www.cenpcba.com\/wp-content\/uploads\/2024\/04\/PCB-Assembly-scaled.jpeg 2560w, https:\/\/www.cenpcba.com\/wp-content\/uploads\/2024\/04\/PCB-Assembly-300x200.jpeg 300w, https:\/\/www.cenpcba.com\/wp-content\/uploads\/2024\/04\/PCB-Assembly-1024x683.jpeg 1024w, https:\/\/www.cenpcba.com\/wp-content\/uploads\/2024\/04\/PCB-Assembly-768x512.jpeg 768w, https:\/\/www.cenpcba.com\/wp-content\/uploads\/2024\/04\/PCB-Assembly-1536x1024.jpeg 1536w, https:\/\/www.cenpcba.com\/wp-content\/uploads\/2024\/04\/PCB-Assembly-2048x1365.jpeg 2048w, https:\/\/www.cenpcba.com\/wp-content\/uploads\/2024\/04\/PCB-Assembly-930x620.jpeg 930w\" sizes=\"(max-width: 2560px) 100vw, 2560px\" \/><\/figure>\n<\/div>\n\n\n\n<div class=\"wp-block-column is-layout-flow wp-block-column-is-layout-flow\">\n<h2 class=\"wp-block-heading has-large-font-size\" id=\"h-services-d-ingenierie-pcba\"><strong>Services d&rsquo;ing\u00e9nierie PCBA<\/strong><\/h2>\n\n\n\n<p>Chez CEN Electronic Technology, nous proposons une large gamme de services d&rsquo;ing\u00e9nierie pour soutenir vos besoins en d\u00e9veloppement de produits. Notre \u00e9quipe d&rsquo;ing\u00e9nieurs exp\u00e9riment\u00e9s travaille en \u00e9troite collaboration avec vous pour comprendre les exigences de votre projet et fournir des solutions sur mesure pour r\u00e9pondre \u00e0 vos besoins uniques.<\/p>\n\n\n\n<p>De l&rsquo;\u00e9laboration du concept \u00e0 la conception et \u00e0 la cr\u00e9ation de prototypes, nos ing\u00e9nieurs sont bien \u00e9quip\u00e9s pour g\u00e9rer toutes les \u00e9tapes du processus de d\u00e9veloppement de produits. Nous proposons \u00e9galement des services d&rsquo;ing\u00e9nierie de valeur et d&rsquo;analyse des co\u00fbts afin de garantir que votre projet soit \u00e0 la fois efficace et rentable.<\/p>\n\n\n\n<p>De plus, nous fournissons des services de conception pour la fabricabilit\u00e9 (DFM) pour optimiser votre produit en vue de la production. Nos ing\u00e9nieurs travaillent \u00e0 identifier les probl\u00e8mes de fabrication potentiels d\u00e8s les premi\u00e8res \u00e9tapes du processus de conception, r\u00e9duisant ainsi les risques de retard et de d\u00e9passement des co\u00fbts.<\/p>\n<\/div>\n<\/div>\n\n\n\n<div style=\"height:100px\" aria-hidden=\"true\" class=\"wp-block-spacer\"><\/div>\n\n\n\n<div class=\"wp-block-columns is-layout-flex wp-container-core-columns-is-layout-9d6595d7 wp-block-columns-is-layout-flex\">\n<div class=\"wp-block-column is-layout-flow wp-block-column-is-layout-flow\">\n<p><strong>Voici quelques-unes des capacit\u00e9s et services que nous offrons \u00e0 nos clients :<\/strong><\/p>\n\n\n\n<ul class=\"wp-block-list\">\n<li>Services de conception de PCB<\/li>\n\n\n\n<li>Conception de cartes PCB<\/li>\n\n\n\n<li>Conception de microprocesseurs<\/li>\n\n\n\n<li>Services de d\u00e9veloppement logiciel<\/li>\n\n\n\n<li>Tests de produits \u00e9lectroniques<\/li>\n\n\n\n<li>Services de support \u00e0 la fabrication<\/li>\n<\/ul>\n<\/div>\n\n\n\n<div class=\"wp-block-column is-layout-flow wp-block-column-is-layout-flow\">\n<figure class=\"wp-block-image size-large\"><img decoding=\"async\" width=\"1024\" height=\"788\" src=\"http:\/\/www.cenpcba.com\/wp-content\/uploads\/2022\/07\/Engineering-1024x788.png\" alt=\"\" class=\"wp-image-450\" srcset=\"https:\/\/www.cenpcba.com\/wp-content\/uploads\/2022\/07\/Engineering-1024x788.png 1024w, https:\/\/www.cenpcba.com\/wp-content\/uploads\/2022\/07\/Engineering-300x231.png 300w, https:\/\/www.cenpcba.com\/wp-content\/uploads\/2022\/07\/Engineering-768x591.png 768w, https:\/\/www.cenpcba.com\/wp-content\/uploads\/2022\/07\/Engineering.png 1251w\" sizes=\"(max-width: 1024px) 100vw, 1024px\" \/><\/figure>\n<\/div>\n<\/div>\n\n\n\n<div style=\"height:83px\" aria-hidden=\"true\" class=\"wp-block-spacer\"><\/div>\n\n\n\n<p>Chez CEN Electronic Technology, nous nous engageons \u00e0 fournir des services d&rsquo;ing\u00e9nierie de haute qualit\u00e9 qui r\u00e9pondent aux besoins de nos clients. Contactez-nous d\u00e8s aujourd&rsquo;hui pour en savoir plus sur la fa\u00e7on dont nous pouvons soutenir vos besoins en d\u00e9veloppement de produits.<\/p>\n\n\n\n<div style=\"height:83px\" aria-hidden=\"true\" class=\"wp-block-spacer\"><\/div>\n\n\n\n<div class=\"wp-block-columns is-layout-flex wp-container-core-columns-is-layout-9d6595d7 wp-block-columns-is-layout-flex\">\n<div class=\"wp-block-column is-layout-flow wp-block-column-is-layout-flow\">\n<figure class=\"wp-block-image size-full\"><img loading=\"lazy\" decoding=\"async\" width=\"600\" height=\"600\" src=\"http:\/\/www.cenpcba.com\/wp-content\/uploads\/2020\/01\/neve-web-design-bg-11.jpg\" alt=\"CEN PCBA\" class=\"wp-image-38\"\/><\/figure>\n<\/div>\n\n\n\n<div class=\"wp-block-column is-layout-flow wp-block-column-is-layout-flow\">\n<h3 class=\"wp-block-heading\" id=\"h-qu-est-ce-qui-distingue-cen-pcba\"><strong>Qu&rsquo;est-ce qui distingue CEN PCBA ?<\/strong><\/h3>\n\n\n\n<p>Nous ne sommes pas simplement une autre entreprise de conception de PCB ; nous sommes votre partenaire de conception et de livraison de bout en bout. Votre succ\u00e8s et votre satisfaction sont nos priorit\u00e9s absolues, et nous collaborons avec vous \u00e0 chaque \u00e9tape pour nous assurer que votre conception est conforme \u00e0 vos exigences et d\u00e9passe vos attentes.<\/p>\n\n\n\n<p>Mais ce n&rsquo;est que le d\u00e9but. Notre gamme compl\u00e8te de services PCB couvre tous les aspects de votre projet, de la cr\u00e9ation \u00e0 la livraison. Une fois vos conceptions finalis\u00e9es, vous pouvez demander un devis aupr\u00e8s de nous et recevoir vos cartes de circuits imprim\u00e9s dans les plus brefs d\u00e9lais.<\/p>\n\n\n\n<p>Avec notre installation int\u00e9gr\u00e9e pour la fabrication et l&rsquo;assemblage, il n&rsquo;est pas n\u00e9cessaire de multiplier les partenaires PCB. Et notre soutien ne s&rsquo;arr\u00eate pas l\u00e0. CEN PCBA vous aide \u00e0 sourcer et \u00e0 stocker les composants appropri\u00e9s pour vos besoins futurs gr\u00e2ce \u00e0 notre entrep\u00f4t. De plus, nous proposons des tests avanc\u00e9s pour garantir que vos cartes respectent des normes de qualit\u00e9 strictes et offrent des performances optimales.<\/p>\n<\/div>\n<\/div>\n\n\n\n<div style=\"height:83px\" aria-hidden=\"true\" class=\"wp-block-spacer\"><\/div>\n\n\n\n<div class=\"wp-block-columns is-layout-flex wp-container-core-columns-is-layout-9d6595d7 wp-block-columns-is-layout-flex\">\n<div class=\"wp-block-column is-layout-flow wp-block-column-is-layout-flow\">\n<h3 class=\"wp-block-heading\" id=\"h-vous-guider-tout-au-long-de-votre-parcours-de-conception-pcb\"><strong>Vous guider tout au long de votre parcours de conception PCB<\/strong><\/h3>\n\n\n\n<p>Lorsque vous vous associez \u00e0 nous, vous n&rsquo;\u00eates pas limit\u00e9 \u00e0 commencer vos conceptions depuis z\u00e9ro. Si vous avez d\u00e9j\u00e0 entam\u00e9 le processus de conception et rencontrez des obstacles en cours de route, nos experts sont l\u00e0 pour vous aider. Il vous suffit de nous consulter, et nous vous fournirons un devis personnalis\u00e9 en fonction de vos besoins sp\u00e9cifiques.<\/p>\n\n\n\n<p>Nous g\u00e9rons toutes les complexit\u00e9s de vos projets PCB, qu&rsquo;elles concernent la conception, la fabrication ou l&rsquo;assemblage. Ainsi, vous pouvez gagner un temps pr\u00e9cieux et vous concentrer sur d&rsquo;autres t\u00e2ches essentielles.<\/p>\n<\/div>\n\n\n\n<div class=\"wp-block-column is-layout-flow wp-block-column-is-layout-flow\">\n<figure class=\"wp-block-image size-large\"><img loading=\"lazy\" decoding=\"async\" width=\"1024\" height=\"717\" src=\"http:\/\/www.cenpcba.com\/wp-content\/uploads\/2024\/04\/PCB-Design-1024x717.jpeg\" alt=\"\" class=\"wp-image-1115\" srcset=\"https:\/\/www.cenpcba.com\/wp-content\/uploads\/2024\/04\/PCB-Design-1024x717.jpeg 1024w, https:\/\/www.cenpcba.com\/wp-content\/uploads\/2024\/04\/PCB-Design-300x210.jpeg 300w, https:\/\/www.cenpcba.com\/wp-content\/uploads\/2024\/04\/PCB-Design-768x538.jpeg 768w, https:\/\/www.cenpcba.com\/wp-content\/uploads\/2024\/04\/PCB-Design-1536x1075.jpeg 1536w, https:\/\/www.cenpcba.com\/wp-content\/uploads\/2024\/04\/PCB-Design-2048x1434.jpeg 2048w\" sizes=\"(max-width: 1024px) 100vw, 1024px\" \/><\/figure>\n<\/div>\n<\/div>\n\n\n\n<div style=\"height:83px\" aria-hidden=\"true\" class=\"wp-block-spacer\"><\/div>\n\n\n\n<h3 class=\"wp-block-heading\" id=\"h-pourquoi-vous-associer-a-nous-pour-vos-conceptions-pcb\"><strong>Pourquoi vous associer \u00e0 nous pour vos conceptions PCB ?<\/strong><\/h3>\n\n\n\n<div style=\"height:42px\" aria-hidden=\"true\" class=\"wp-block-spacer\"><\/div>\n\n\n\n<div class=\"wp-block-columns is-layout-flex wp-container-core-columns-is-layout-9d6595d7 wp-block-columns-is-layout-flex\">\n<div class=\"wp-block-column is-layout-flow wp-block-column-is-layout-flow\">\n<p>Chez CEN PCBA, nous avons adapt\u00e9 notre approche de la conception PCB pour r\u00e9soudre vos d\u00e9fis les plus complexes et offrir une valeur in\u00e9gal\u00e9e.<\/p>\n<\/div>\n\n\n\n<div class=\"wp-block-column is-layout-flow wp-block-column-is-layout-flow\" style=\"flex-basis:5px\"><\/div>\n\n\n\n<div class=\"wp-block-column is-layout-flow wp-block-column-is-layout-flow\">\n<p>Avec nos experts en mise en page exp\u00e9riment\u00e9s, nous avons des \u00e9quipes d\u00e9di\u00e9es pour la configuration des couches, l&rsquo;approvisionnement, la fabrication, l&rsquo;assemblage et les tests avanc\u00e9s.<\/p>\n<\/div>\n\n\n\n<div class=\"wp-block-column is-layout-flow wp-block-column-is-layout-flow\" style=\"flex-basis:5px\"><\/div>\n\n\n\n<div class=\"wp-block-column is-layout-flow wp-block-column-is-layout-flow\">\n<p>L&rsquo;un de nos points forts r\u00e9side dans nos listes de contr\u00f4le compl\u00e8tes, \u00e9labor\u00e9es par des experts en conception exp\u00e9riment\u00e9s, pour garantir que vos conceptions sont parfaites et sans erreur.<\/p>\n<\/div>\n\n\n\n<div class=\"wp-block-column is-layout-flow wp-block-column-is-layout-flow\" style=\"flex-basis:5px\"><\/div>\n\n\n\n<div class=\"wp-block-column is-layout-flow wp-block-column-is-layout-flow\">\n<p>Mais voici o\u00f9 nous nous distinguons vraiment : travailler avec diff\u00e9rents fournisseurs pour la fabrication et l&rsquo;assemblage entra\u00eene souvent une non-conformit\u00e9 DFA\/DFM. CEN fonctionne avec une seule installation pour les deux.<\/p>\n<\/div>\n<\/div>\n\n\n\n<div style=\"height:47px\" aria-hidden=\"true\" class=\"wp-block-spacer\"><\/div>\n\n\n\n<h3 class=\"wp-block-heading has-text-align-center\" id=\"h-l-approche-de-conception-de-bout-en-bout-de-cen\">L&rsquo;approche de conception de bout en bout de CEN<\/h3>\n\n\n\n<div style=\"height:43px\" aria-hidden=\"true\" class=\"wp-block-spacer\"><\/div>\n\n\n\n<div class=\"wp-block-columns is-layout-flex wp-container-core-columns-is-layout-9d6595d7 wp-block-columns-is-layout-flex\">\n<div class=\"wp-block-column is-layout-flow wp-block-column-is-layout-flow\" style=\"flex-basis:5%\"><\/div>\n\n\n\n<div class=\"wp-block-column is-layout-flow wp-block-column-is-layout-flow\" style=\"flex-basis:90%\">\n<figure class=\"wp-block-image size-full\"><img loading=\"lazy\" decoding=\"async\" width=\"2900\" height=\"1600\" src=\"http:\/\/www.cenpcba.com\/wp-content\/uploads\/2024\/04\/approach.png\" alt=\"approach\" class=\"wp-image-1118\" srcset=\"https:\/\/www.cenpcba.com\/wp-content\/uploads\/2024\/04\/approach.png 2900w, https:\/\/www.cenpcba.com\/wp-content\/uploads\/2024\/04\/approach-300x166.png 300w, https:\/\/www.cenpcba.com\/wp-content\/uploads\/2024\/04\/approach-1024x565.png 1024w, https:\/\/www.cenpcba.com\/wp-content\/uploads\/2024\/04\/approach-768x424.png 768w, https:\/\/www.cenpcba.com\/wp-content\/uploads\/2024\/04\/approach-1536x847.png 1536w, https:\/\/www.cenpcba.com\/wp-content\/uploads\/2024\/04\/approach-2048x1130.png 2048w\" sizes=\"(max-width: 2900px) 100vw, 2900px\" \/><\/figure>\n<\/div>\n\n\n\n<div class=\"wp-block-column is-layout-flow wp-block-column-is-layout-flow\" style=\"flex-basis:5%\"><\/div>\n<\/div>\n\n\n\n<div style=\"height:75px\" aria-hidden=\"true\" class=\"wp-block-spacer\"><\/div>\n\n\n\n<div class=\"wp-block-cover alignfull\" style=\"min-height:740px;aspect-ratio:unset;\"><span aria-hidden=\"true\" class=\"wp-block-cover__background has-nv-dark-bg-background-color has-background-dim-100 has-background-dim\"><\/span><div class=\"wp-block-cover__inner-container is-layout-flow wp-block-cover-is-layout-flow\">\n<div class=\"wp-block-group\"><div class=\"wp-block-group__inner-container is-layout-flow wp-block-group-is-layout-flow\">\n<div style=\"height:80px\" aria-hidden=\"true\" class=\"wp-block-spacer\"><\/div>\n\n\n\n<div class=\"wp-block-columns are-vertically-aligned-center is-layout-flex wp-container-core-columns-is-layout-9d6595d7 wp-block-columns-is-layout-flex\">\n<div class=\"wp-block-column is-vertically-aligned-center is-layout-flow wp-block-column-is-layout-flow\" style=\"flex-basis:50%\">\n<h2 class=\"wp-block-heading has-nv-text-dark-bg-color has-text-color\" id=\"h-construisez-votre-prochain-produit-avec-nous\">Construisez votre prochain produit avec nous !<\/h2>\n\n\n\n<p class=\"has-nv-site-bg-color has-text-color has-link-color wp-elements-2393a44c78002f1b580b87e9400c149b\">Nous travaillons avec des entreprises de toutes tailles pour cr\u00e9er des produits de classe mondiale.<\/p>\n\n\n\n<div style=\"height:20px\" aria-hidden=\"true\" class=\"wp-block-spacer\"><\/div>\n\n\n\n<div class=\"wp-block-buttons is-layout-flex wp-block-buttons-is-layout-flex\">\n<div class=\"wp-block-button is-style-primary\"><a class=\"wp-block-button__link wp-element-button\" href=\"http:\/\/www.cenpcba.com\/fr\/contact-us\/\" target=\"_blank\" rel=\"noreferrer noopener\"><strong>PARLONS-EN<\/strong><\/a><\/div>\n<\/div>\n\n\n\n<div style=\"height:20px\" aria-hidden=\"true\" class=\"wp-block-spacer\"><\/div>\n<\/div>\n\n\n\n<div class=\"wp-block-column is-vertically-aligned-center is-layout-flow wp-block-column-is-layout-flow\" style=\"flex-basis:50%\">\n<figure class=\"wp-block-image size-large is-resized\"><img loading=\"lazy\" decoding=\"async\" width=\"1024\" height=\"768\" src=\"http:\/\/www.cenpcba.com\/wp-content\/uploads\/2022\/07\/CEN-1024x768.jpg\" alt=\"\" class=\"wp-image-434\" style=\"width:595px;height:446px\" srcset=\"https:\/\/www.cenpcba.com\/wp-content\/uploads\/2022\/07\/CEN-1024x768.jpg 1024w, https:\/\/www.cenpcba.com\/wp-content\/uploads\/2022\/07\/CEN-300x225.jpg 300w, https:\/\/www.cenpcba.com\/wp-content\/uploads\/2022\/07\/CEN-768x576.jpg 768w, https:\/\/www.cenpcba.com\/wp-content\/uploads\/2022\/07\/CEN-1536x1152.jpg 1536w, https:\/\/www.cenpcba.com\/wp-content\/uploads\/2022\/07\/CEN-2048x1536.jpg 2048w\" sizes=\"(max-width: 1024px) 100vw, 1024px\" \/><\/figure>\n<\/div>\n<\/div>\n\n\n\n<div style=\"height:40px\" aria-hidden=\"true\" class=\"wp-block-spacer\"><\/div>\n<\/div><\/div>\n<\/div><\/div>\n\n\n\n<div style=\"height:100px\" aria-hidden=\"true\" class=\"wp-block-spacer\"><\/div>\n","protected":false},"excerpt":{"rendered":"<p>Services d&rsquo;ing\u00e9nierie PCBA Chez CEN Electronic Technology, nous proposons une large gamme de services d&rsquo;ing\u00e9nierie pour soutenir vos besoins en d\u00e9veloppement de produits. Notre \u00e9quipe d&rsquo;ing\u00e9nieurs exp\u00e9riment\u00e9s travaille en \u00e9troite collaboration avec vous pour comprendre les exigences de votre projet et fournir des solutions sur mesure pour r\u00e9pondre \u00e0 vos besoins uniques. De l&rsquo;\u00e9laboration du&hellip;&nbsp;<a href=\"https:\/\/www.cenpcba.com\/fr\/engineeing\/\" class=\"\" rel=\"bookmark\">Read More &raquo;<span class=\"screen-reader-text\">Ing\u00e9nierie<\/span><\/a><\/p>\n","protected":false},"author":1,"featured_media":0,"parent":0,"menu_order":0,"comment_status":"closed","ping_status":"closed","template":"","meta":{"neve_meta_sidebar":"","neve_meta_container":"","neve_meta_enable_content_width":"","neve_meta_content_width":0,"neve_meta_title_alignment":"","neve_meta_author_avatar":"","neve_post_elements_order":"","neve_meta_disable_header":"","neve_meta_disable_footer":"","neve_meta_disable_title":"on","neve_meta_reading_time":"","_joinchat":[],"footnotes":""},"class_list":["post-2477","page","type-page","status-publish","hentry"],"yoast_head":"<!-- This site is optimized with the Yoast SEO Premium plugin v23.2 (Yoast SEO v25.8) - https:\/\/yoast.com\/wordpress\/plugins\/seo\/ -->\n<title>- Contract Manufacturing<\/title>\n<meta name=\"description\" content=\"Engineering pcba service, schematice design, pcb layout, Electronic Product Testing, Manufacturing Support Services\" \/>\n<meta name=\"robots\" content=\"index, follow, max-snippet:-1, max-image-preview:large, max-video-preview:-1\" \/>\n<link rel=\"canonical\" href=\"https:\/\/www.cenpcba.com\/fr\/engineeing\/\" \/>\n<meta property=\"og:locale\" content=\"fr_FR\" \/>\n<meta property=\"og:type\" content=\"article\" \/>\n<meta property=\"og:title\" content=\"Ing\u00e9nierie\" \/>\n<meta property=\"og:description\" content=\"Engineering pcba service, schematice design, pcb layout, Electronic Product Testing, Manufacturing Support Services\" \/>\n<meta property=\"og:url\" content=\"https:\/\/www.cenpcba.com\/fr\/engineeing\/\" \/>\n<meta property=\"og:site_name\" content=\"Contract Manufacturing\" \/>\n<meta property=\"article:publisher\" content=\"https:\/\/www.facebook.com\/cenpcba\" \/>\n<meta property=\"article:modified_time\" content=\"2025-01-11T09:54:35+00:00\" \/>\n<meta property=\"og:image\" content=\"http:\/\/www.cenpcba.com\/wp-content\/uploads\/2024\/04\/PCB-Design-2.webp.jpg\" \/>\n<meta name=\"twitter:card\" content=\"summary_large_image\" \/>\n<meta name=\"twitter:label1\" content=\"Dur\u00e9e de lecture estim\u00e9e\" \/>\n\t<meta name=\"twitter:data1\" content=\"5 minutes\" \/>\n<script type=\"application\/ld+json\" class=\"yoast-schema-graph\">{\"@context\":\"https:\/\/schema.org\",\"@graph\":[{\"@type\":\"WebPage\",\"@id\":\"https:\/\/www.cenpcba.com\/fr\/engineeing\/\",\"url\":\"https:\/\/www.cenpcba.com\/fr\/engineeing\/\",\"name\":\"- Contract Manufacturing\",\"isPartOf\":{\"@id\":\"https:\/\/www.cenpcba.com\/fr\/#website\"},\"primaryImageOfPage\":{\"@id\":\"https:\/\/www.cenpcba.com\/fr\/engineeing\/#primaryimage\"},\"image\":{\"@id\":\"https:\/\/www.cenpcba.com\/fr\/engineeing\/#primaryimage\"},\"thumbnailUrl\":\"http:\/\/www.cenpcba.com\/wp-content\/uploads\/2024\/04\/PCB-Design-2.webp.jpg\",\"datePublished\":\"2022-07-10T11:44:12+00:00\",\"dateModified\":\"2025-01-11T09:54:35+00:00\",\"description\":\"Engineering pcba service, schematice design, pcb layout, Electronic Product Testing, Manufacturing Support Services\",\"breadcrumb\":{\"@id\":\"https:\/\/www.cenpcba.com\/fr\/engineeing\/#breadcrumb\"},\"inLanguage\":\"fr-FR\",\"potentialAction\":[{\"@type\":\"ReadAction\",\"target\":[\"https:\/\/www.cenpcba.com\/fr\/engineeing\/\"]}]},{\"@type\":\"ImageObject\",\"inLanguage\":\"fr-FR\",\"@id\":\"https:\/\/www.cenpcba.com\/fr\/engineeing\/#primaryimage\",\"url\":\"http:\/\/www.cenpcba.com\/wp-content\/uploads\/2024\/04\/PCB-Design-2.webp.jpg\",\"contentUrl\":\"http:\/\/www.cenpcba.com\/wp-content\/uploads\/2024\/04\/PCB-Design-2.webp.jpg\"},{\"@type\":\"BreadcrumbList\",\"@id\":\"https:\/\/www.cenpcba.com\/fr\/engineeing\/#breadcrumb\",\"itemListElement\":[{\"@type\":\"ListItem\",\"position\":1,\"name\":\"\u9996\u9875\",\"item\":\"https:\/\/www.cenpcba.com\/fr\/\"},{\"@type\":\"ListItem\",\"position\":2,\"name\":\"Ing\u00e9nierie\"}]},{\"@type\":\"WebSite\",\"@id\":\"https:\/\/www.cenpcba.com\/fr\/#website\",\"url\":\"https:\/\/www.cenpcba.com\/fr\/\",\"name\":\"Contact Electronic Manufacturing Service Factory in Shenzhen, China\",\"description\":\"PCB Assembly\",\"publisher\":{\"@id\":\"https:\/\/www.cenpcba.com\/fr\/#organization\"},\"alternateName\":\"One stop EMS service from PCB Manufacturing, Pcb assembly, smt, dip box assembly\",\"potentialAction\":[{\"@type\":\"SearchAction\",\"target\":{\"@type\":\"EntryPoint\",\"urlTemplate\":\"https:\/\/www.cenpcba.com\/fr\/?s={search_term_string}\"},\"query-input\":{\"@type\":\"PropertyValueSpecification\",\"valueRequired\":true,\"valueName\":\"search_term_string\"}}],\"inLanguage\":\"fr-FR\"},{\"@type\":\"Organization\",\"@id\":\"https:\/\/www.cenpcba.com\/fr\/#organization\",\"name\":\"CEN Electronic Technology Co., Ltd\",\"alternateName\":\"CEN PCBA\",\"url\":\"https:\/\/www.cenpcba.com\/fr\/\",\"logo\":{\"@type\":\"ImageObject\",\"inLanguage\":\"fr-FR\",\"@id\":\"https:\/\/www.cenpcba.com\/fr\/#\/schema\/logo\/image\/\",\"url\":\"http:\/\/www.cenpcba.com\/wp-content\/uploads\/2022\/07\/CEN-Logo-L.png\",\"contentUrl\":\"http:\/\/www.cenpcba.com\/wp-content\/uploads\/2022\/07\/CEN-Logo-L.png\",\"width\":960,\"height\":856,\"caption\":\"CEN Electronic Technology Co., Ltd\"},\"image\":{\"@id\":\"https:\/\/www.cenpcba.com\/fr\/#\/schema\/logo\/image\/\"},\"sameAs\":[\"https:\/\/www.facebook.com\/cenpcba\",\"https:\/\/www.linkedin.com\/company\/cenpcba\"]}]}<\/script>\n<!-- \/ Yoast SEO Premium plugin. -->","yoast_head_json":{"title":"- Contract Manufacturing","description":"Engineering pcba service, schematice design, pcb layout, Electronic Product Testing, Manufacturing Support Services","robots":{"index":"index","follow":"follow","max-snippet":"max-snippet:-1","max-image-preview":"max-image-preview:large","max-video-preview":"max-video-preview:-1"},"canonical":"https:\/\/www.cenpcba.com\/fr\/engineeing\/","og_locale":"fr_FR","og_type":"article","og_title":"Ing\u00e9nierie","og_description":"Engineering pcba service, schematice design, pcb layout, Electronic Product Testing, Manufacturing Support Services","og_url":"https:\/\/www.cenpcba.com\/fr\/engineeing\/","og_site_name":"Contract Manufacturing","article_publisher":"https:\/\/www.facebook.com\/cenpcba","article_modified_time":"2025-01-11T09:54:35+00:00","og_image":[{"url":"http:\/\/www.cenpcba.com\/wp-content\/uploads\/2024\/04\/PCB-Design-2.webp.jpg","type":"","width":"","height":""}],"twitter_card":"summary_large_image","twitter_misc":{"Dur\u00e9e de lecture estim\u00e9e":"5 minutes"},"schema":{"@context":"https:\/\/schema.org","@graph":[{"@type":"WebPage","@id":"https:\/\/www.cenpcba.com\/fr\/engineeing\/","url":"https:\/\/www.cenpcba.com\/fr\/engineeing\/","name":"- Contract Manufacturing","isPartOf":{"@id":"https:\/\/www.cenpcba.com\/fr\/#website"},"primaryImageOfPage":{"@id":"https:\/\/www.cenpcba.com\/fr\/engineeing\/#primaryimage"},"image":{"@id":"https:\/\/www.cenpcba.com\/fr\/engineeing\/#primaryimage"},"thumbnailUrl":"http:\/\/www.cenpcba.com\/wp-content\/uploads\/2024\/04\/PCB-Design-2.webp.jpg","datePublished":"2022-07-10T11:44:12+00:00","dateModified":"2025-01-11T09:54:35+00:00","description":"Engineering pcba service, schematice design, pcb layout, Electronic Product Testing, Manufacturing Support Services","breadcrumb":{"@id":"https:\/\/www.cenpcba.com\/fr\/engineeing\/#breadcrumb"},"inLanguage":"fr-FR","potentialAction":[{"@type":"ReadAction","target":["https:\/\/www.cenpcba.com\/fr\/engineeing\/"]}]},{"@type":"ImageObject","inLanguage":"fr-FR","@id":"https:\/\/www.cenpcba.com\/fr\/engineeing\/#primaryimage","url":"http:\/\/www.cenpcba.com\/wp-content\/uploads\/2024\/04\/PCB-Design-2.webp.jpg","contentUrl":"http:\/\/www.cenpcba.com\/wp-content\/uploads\/2024\/04\/PCB-Design-2.webp.jpg"},{"@type":"BreadcrumbList","@id":"https:\/\/www.cenpcba.com\/fr\/engineeing\/#breadcrumb","itemListElement":[{"@type":"ListItem","position":1,"name":"\u9996\u9875","item":"https:\/\/www.cenpcba.com\/fr\/"},{"@type":"ListItem","position":2,"name":"Ing\u00e9nierie"}]},{"@type":"WebSite","@id":"https:\/\/www.cenpcba.com\/fr\/#website","url":"https:\/\/www.cenpcba.com\/fr\/","name":"Contact Electronic Manufacturing Service Factory in Shenzhen, China","description":"PCB Assembly","publisher":{"@id":"https:\/\/www.cenpcba.com\/fr\/#organization"},"alternateName":"One stop EMS service from PCB Manufacturing, Pcb assembly, smt, dip box assembly","potentialAction":[{"@type":"SearchAction","target":{"@type":"EntryPoint","urlTemplate":"https:\/\/www.cenpcba.com\/fr\/?s={search_term_string}"},"query-input":{"@type":"PropertyValueSpecification","valueRequired":true,"valueName":"search_term_string"}}],"inLanguage":"fr-FR"},{"@type":"Organization","@id":"https:\/\/www.cenpcba.com\/fr\/#organization","name":"CEN Electronic Technology Co., Ltd","alternateName":"CEN PCBA","url":"https:\/\/www.cenpcba.com\/fr\/","logo":{"@type":"ImageObject","inLanguage":"fr-FR","@id":"https:\/\/www.cenpcba.com\/fr\/#\/schema\/logo\/image\/","url":"http:\/\/www.cenpcba.com\/wp-content\/uploads\/2022\/07\/CEN-Logo-L.png","contentUrl":"http:\/\/www.cenpcba.com\/wp-content\/uploads\/2022\/07\/CEN-Logo-L.png","width":960,"height":856,"caption":"CEN Electronic Technology Co., Ltd"},"image":{"@id":"https:\/\/www.cenpcba.com\/fr\/#\/schema\/logo\/image\/"},"sameAs":["https:\/\/www.facebook.com\/cenpcba","https:\/\/www.linkedin.com\/company\/cenpcba"]}]}},"_links":{"self":[{"href":"https:\/\/www.cenpcba.com\/fr\/wp-json\/wp\/v2\/pages\/2477","targetHints":{"allow":["GET"]}}],"collection":[{"href":"https:\/\/www.cenpcba.com\/fr\/wp-json\/wp\/v2\/pages"}],"about":[{"href":"https:\/\/www.cenpcba.com\/fr\/wp-json\/wp\/v2\/types\/page"}],"author":[{"embeddable":true,"href":"https:\/\/www.cenpcba.com\/fr\/wp-json\/wp\/v2\/users\/1"}],"replies":[{"embeddable":true,"href":"https:\/\/www.cenpcba.com\/fr\/wp-json\/wp\/v2\/comments?post=2477"}],"version-history":[{"count":4,"href":"https:\/\/www.cenpcba.com\/fr\/wp-json\/wp\/v2\/pages\/2477\/revisions"}],"predecessor-version":[{"id":2644,"href":"https:\/\/www.cenpcba.com\/fr\/wp-json\/wp\/v2\/pages\/2477\/revisions\/2644"}],"wp:attachment":[{"href":"https:\/\/www.cenpcba.com\/fr\/wp-json\/wp\/v2\/media?parent=2477"}],"curies":[{"name":"wp","href":"https:\/\/api.w.org\/{rel}","templated":true}]}}