{"id":2509,"date":"2022-07-10T19:53:09","date_gmt":"2022-07-10T11:53:09","guid":{"rendered":"http:\/\/www.cenpcba.com\/supply-chain\/"},"modified":"2025-01-11T17:46:26","modified_gmt":"2025-01-11T09:46:26","slug":"supply-chain","status":"publish","type":"page","link":"https:\/\/www.cenpcba.com\/fr\/supply-chain\/","title":{"rendered":"Cha\u00eene d&rsquo;approvisionnement"},"content":{"rendered":"\n<p><\/p>\n\n\n\n<div class=\"wp-block-cover alignfull is-light\" style=\"min-height:307px;aspect-ratio:unset;\"><span aria-hidden=\"true\" class=\"wp-block-cover__background has-background-dim\"><\/span><img fetchpriority=\"high\" decoding=\"async\" width=\"2480\" height=\"1650\" class=\"wp-block-cover__image-background wp-image-461\" alt=\"\" src=\"http:\/\/www.cenpcba.com\/wp-content\/uploads\/2022\/07\/Supplychian-Management-1.jpg\" data-object-fit=\"cover\" srcset=\"https:\/\/www.cenpcba.com\/wp-content\/uploads\/2022\/07\/Supplychian-Management-1.jpg 2480w, https:\/\/www.cenpcba.com\/wp-content\/uploads\/2022\/07\/Supplychian-Management-1-300x200.jpg 300w, https:\/\/www.cenpcba.com\/wp-content\/uploads\/2022\/07\/Supplychian-Management-1-1024x681.jpg 1024w, https:\/\/www.cenpcba.com\/wp-content\/uploads\/2022\/07\/Supplychian-Management-1-768x511.jpg 768w, https:\/\/www.cenpcba.com\/wp-content\/uploads\/2022\/07\/Supplychian-Management-1-1536x1022.jpg 1536w, https:\/\/www.cenpcba.com\/wp-content\/uploads\/2022\/07\/Supplychian-Management-1-2048x1363.jpg 2048w, https:\/\/www.cenpcba.com\/wp-content\/uploads\/2022\/07\/Supplychian-Management-1-930x620.jpg 930w\" sizes=\"(max-width: 2480px) 100vw, 2480px\" \/><div class=\"wp-block-cover__inner-container is-layout-flow wp-block-cover-is-layout-flow\">\n<p class=\"has-text-align-center has-large-font-size\"><\/p>\n\n\n\n<h1 class=\"wp-block-heading has-text-align-center has-nv-site-bg-color has-text-color\" id=\"h-chaine-d-approvisionnement\">Cha\u00eene d&rsquo;approvisionnement<\/h1>\n<\/div><\/div>\n\n\n\n<div style=\"height:100px\" aria-hidden=\"true\" class=\"wp-block-spacer\"><\/div>\n\n\n\n<div class=\"wp-block-columns is-layout-flex wp-container-core-columns-is-layout-9d6595d7 wp-block-columns-is-layout-flex\">\n<div class=\"wp-block-column is-layout-flow wp-block-column-is-layout-flow\">\n<figure class=\"wp-block-image size-full is-resized\"><img decoding=\"async\" width=\"1000\" height=\"674\" src=\"http:\/\/www.cenpcba.com\/wp-content\/uploads\/2022\/07\/20210616151945.jpg\" alt=\"\" class=\"wp-image-577\" style=\"width:405px;height:272px\" srcset=\"https:\/\/www.cenpcba.com\/wp-content\/uploads\/2022\/07\/20210616151945.jpg 1000w, https:\/\/www.cenpcba.com\/wp-content\/uploads\/2022\/07\/20210616151945-300x202.jpg 300w, https:\/\/www.cenpcba.com\/wp-content\/uploads\/2022\/07\/20210616151945-768x518.jpg 768w\" sizes=\"(max-width: 1000px) 100vw, 1000px\" \/><\/figure>\n<\/div>\n\n\n\n<div class=\"wp-block-column is-layout-flow wp-block-column-is-layout-flow\">\n<h2 class=\"wp-block-heading has-medium-font-size\" id=\"h-gestion-de-la-chaine-d-approvisionnement\"><strong>Gestion de la cha\u00eene d&rsquo;approvisionnement<\/strong><\/h2>\n\n\n\n<p>Chez CEN, nous offrons \u00e0 nos clients des solutions innovantes de cha\u00eene d&rsquo;approvisionnement cl\u00e9 en main. Notre approche de la gestion de la cha\u00eene d&rsquo;approvisionnement propose un mod\u00e8le d&rsquo;affaires complet qui fournit les talents et les outils transformateurs n\u00e9cessaires pour cr\u00e9er pr\u00e9visibilit\u00e9, fiabilit\u00e9 et r\u00e9activit\u00e9 tout au long de la cha\u00eene d&rsquo;approvisionnement. Nous avons des programmes de gestion des stocks par les fournisseurs bien \u00e9tablis en usine pour d\u00e9velopper les solutions de fabrication les plus rentables et flexibles.<\/p>\n<\/div>\n<\/div>\n\n\n\n<div style=\"height:100px\" aria-hidden=\"true\" class=\"wp-block-spacer\"><\/div>\n\n\n\n<div class=\"wp-block-columns is-layout-flex wp-container-core-columns-is-layout-9d6595d7 wp-block-columns-is-layout-flex\">\n<div class=\"wp-block-column is-layout-flow wp-block-column-is-layout-flow\">\n<p><strong>CEN peut s&rsquo;approvisionner en toutes les pi\u00e8ces et composants n\u00e9cessaires pour votre projet gr\u00e2ce \u00e0 notre r\u00e9seau de partenaires de distribution fiables et de confiance.<\/strong> La combinaison de notre expertise et de nos relations de longue date avec nos partenaires de distribution nous permet de nous procurer les pi\u00e8ces n\u00e9cessaires pour la liste des mat\u00e9riaux (BOM) dans les plus brefs d\u00e9lais. Notre cha\u00eene d&rsquo;approvisionnement implique une large gamme d&rsquo;activit\u00e9s, telles que l&rsquo;approvisionnement strat\u00e9gique en mati\u00e8res premi\u00e8res, la n\u00e9gociation des meilleurs prix pour les pi\u00e8ces et composants, et la coordination des efforts de visibilit\u00e9 de la cha\u00eene d&rsquo;approvisionnement.<\/p>\n\n\n\n<p>Notre gestion de la cha\u00eene d&rsquo;approvisionnement garantit l&rsquo;efficacit\u00e9, r\u00e9duit les co\u00fbts, augmente les profits, renforce la collaboration et bien plus encore. Nous travaillons avec nos clients d\u00e8s la phase de devis pour \u00e9laborer une strat\u00e9gie d&rsquo;approvisionnement initiale bas\u00e9e sur les exigences de production sp\u00e9cifiques.<\/p>\n<\/div>\n\n\n\n<div class=\"wp-block-column is-layout-flow wp-block-column-is-layout-flow\">\n<figure class=\"wp-block-image size-large is-resized\"><img decoding=\"async\" width=\"1024\" height=\"681\" src=\"http:\/\/www.cenpcba.com\/wp-content\/uploads\/2022\/07\/Supplychian-Management-1-1024x681.jpg\" alt=\"\" class=\"wp-image-461\" style=\"width:456px;height:303px\" srcset=\"https:\/\/www.cenpcba.com\/wp-content\/uploads\/2022\/07\/Supplychian-Management-1-1024x681.jpg 1024w, https:\/\/www.cenpcba.com\/wp-content\/uploads\/2022\/07\/Supplychian-Management-1-300x200.jpg 300w, https:\/\/www.cenpcba.com\/wp-content\/uploads\/2022\/07\/Supplychian-Management-1-768x511.jpg 768w, https:\/\/www.cenpcba.com\/wp-content\/uploads\/2022\/07\/Supplychian-Management-1-1536x1022.jpg 1536w, https:\/\/www.cenpcba.com\/wp-content\/uploads\/2022\/07\/Supplychian-Management-1-2048x1363.jpg 2048w\" sizes=\"(max-width: 1024px) 100vw, 1024px\" \/><\/figure>\n<\/div>\n<\/div>\n\n\n\n<div style=\"height:100px\" aria-hidden=\"true\" class=\"wp-block-spacer\"><\/div>\n\n\n\n<div class=\"wp-block-cover alignfull\" style=\"min-height:300px;aspect-ratio:unset;\"><span aria-hidden=\"true\" class=\"wp-block-cover__background has-nv-dark-bg-background-color has-background-dim-100 has-background-dim\"><\/span><div class=\"wp-block-cover__inner-container is-layout-flow wp-block-cover-is-layout-flow\">\n<div style=\"height:80px\" aria-hidden=\"true\" class=\"wp-block-spacer\"><\/div>\n\n\n<div class=\"wp-block-image is-style-rounded\">\n<figure class=\"aligncenter size-full\"><img loading=\"lazy\" decoding=\"async\" width=\"72\" height=\"72\" src=\"http:\/\/www.cenpcba.com\/wp-content\/uploads\/2022\/07\/Choose-Right.png\" alt=\"\" class=\"wp-image-531\"\/><\/figure>\n<\/div>\n\n\n<p class=\"has-text-align-center has-nv-text-dark-bg-color has-text-color\">NOUS SOMMES L\u00c0 POUR VOUS<\/p>\n\n\n\n<div class=\"wp-block-buttons is-layout-flex wp-block-buttons-is-layout-flex\">\n<div class=\"wp-block-button aligncenter\"><a class=\"wp-block-button__link has-nv-dark-bg-color has-neve-link-color-background-color has-text-color has-background wp-element-button\" href=\"http:\/\/www.cenpcba.com\/fr\/contact-us\/\" target=\"_blank\" rel=\"noreferrer noopener\">Parlez \u00e0 notre expert<\/a><\/div>\n<\/div>\n\n\n\n<div style=\"height:80px\" aria-hidden=\"true\" class=\"wp-block-spacer\"><\/div>\n<\/div><\/div>\n","protected":false},"excerpt":{"rendered":"<p>Gestion de la cha\u00eene d&rsquo;approvisionnement Chez CEN, nous offrons \u00e0 nos clients des solutions innovantes de cha\u00eene d&rsquo;approvisionnement cl\u00e9 en main. Notre approche de la gestion de la cha\u00eene d&rsquo;approvisionnement propose un mod\u00e8le d&rsquo;affaires complet qui fournit les talents et les outils transformateurs n\u00e9cessaires pour cr\u00e9er pr\u00e9visibilit\u00e9, fiabilit\u00e9 et r\u00e9activit\u00e9 tout au long de la&hellip;&nbsp;<a href=\"https:\/\/www.cenpcba.com\/fr\/supply-chain\/\" class=\"\" rel=\"bookmark\">Read More &raquo;<span class=\"screen-reader-text\">Cha\u00eene d&rsquo;approvisionnement<\/span><\/a><\/p>\n","protected":false},"author":1,"featured_media":0,"parent":0,"menu_order":0,"comment_status":"closed","ping_status":"closed","template":"","meta":{"neve_meta_sidebar":"","neve_meta_container":"","neve_meta_enable_content_width":"","neve_meta_content_width":0,"neve_meta_title_alignment":"","neve_meta_author_avatar":"","neve_post_elements_order":"","neve_meta_disable_header":"","neve_meta_disable_footer":"","neve_meta_disable_title":"on","neve_meta_reading_time":"","_joinchat":[],"footnotes":""},"class_list":["post-2509","page","type-page","status-publish","hentry"],"yoast_head":"<!-- This site is optimized with the Yoast SEO Premium plugin v23.2 (Yoast SEO v25.8) - https:\/\/yoast.com\/wordpress\/plugins\/seo\/ -->\n<title>Cha\u00eene d&#039;approvisionnement - Contract Manufacturing CEN<\/title>\n<meta name=\"description\" content=\"At CEN, we provide our customers with innovative, turnkey supply chain solutions.\" \/>\n<meta name=\"robots\" content=\"index, follow, max-snippet:-1, max-image-preview:large, max-video-preview:-1\" \/>\n<link rel=\"canonical\" href=\"https:\/\/www.cenpcba.com\/fr\/supply-chain\/\" \/>\n<meta property=\"og:locale\" content=\"fr_FR\" \/>\n<meta property=\"og:type\" content=\"article\" \/>\n<meta property=\"og:title\" content=\"Cha\u00eene d&#039;approvisionnement\" \/>\n<meta property=\"og:description\" content=\"At CEN, we provide our customers with innovative, turnkey supply chain solutions.\" \/>\n<meta property=\"og:url\" content=\"https:\/\/www.cenpcba.com\/fr\/supply-chain\/\" \/>\n<meta property=\"og:site_name\" content=\"Contract Manufacturing\" \/>\n<meta property=\"article:publisher\" content=\"https:\/\/www.facebook.com\/cenpcba\" \/>\n<meta property=\"article:modified_time\" content=\"2025-01-11T09:46:26+00:00\" \/>\n<meta property=\"og:image\" content=\"http:\/\/www.cenpcba.com\/wp-content\/uploads\/2022\/07\/Supplychian-Management-1.jpg\" \/>\n<meta name=\"twitter:card\" content=\"summary_large_image\" \/>\n<meta name=\"twitter:label1\" content=\"Dur\u00e9e de lecture estim\u00e9e\" \/>\n\t<meta name=\"twitter:data1\" content=\"2 minutes\" \/>\n<script type=\"application\/ld+json\" class=\"yoast-schema-graph\">{\"@context\":\"https:\/\/schema.org\",\"@graph\":[{\"@type\":\"WebPage\",\"@id\":\"https:\/\/www.cenpcba.com\/fr\/supply-chain\/\",\"url\":\"https:\/\/www.cenpcba.com\/fr\/supply-chain\/\",\"name\":\"Cha\u00eene d'approvisionnement - Contract Manufacturing CEN\",\"isPartOf\":{\"@id\":\"https:\/\/www.cenpcba.com\/fr\/#website\"},\"primaryImageOfPage\":{\"@id\":\"https:\/\/www.cenpcba.com\/fr\/supply-chain\/#primaryimage\"},\"image\":{\"@id\":\"https:\/\/www.cenpcba.com\/fr\/supply-chain\/#primaryimage\"},\"thumbnailUrl\":\"http:\/\/www.cenpcba.com\/wp-content\/uploads\/2022\/07\/Supplychian-Management-1.jpg\",\"datePublished\":\"2022-07-10T11:53:09+00:00\",\"dateModified\":\"2025-01-11T09:46:26+00:00\",\"description\":\"At CEN, we provide our customers with innovative, turnkey supply chain solutions.\",\"breadcrumb\":{\"@id\":\"https:\/\/www.cenpcba.com\/fr\/supply-chain\/#breadcrumb\"},\"inLanguage\":\"fr-FR\",\"potentialAction\":[{\"@type\":\"ReadAction\",\"target\":[\"https:\/\/www.cenpcba.com\/fr\/supply-chain\/\"]}]},{\"@type\":\"ImageObject\",\"inLanguage\":\"fr-FR\",\"@id\":\"https:\/\/www.cenpcba.com\/fr\/supply-chain\/#primaryimage\",\"url\":\"http:\/\/www.cenpcba.com\/wp-content\/uploads\/2022\/07\/Supplychian-Management-1.jpg\",\"contentUrl\":\"http:\/\/www.cenpcba.com\/wp-content\/uploads\/2022\/07\/Supplychian-Management-1.jpg\"},{\"@type\":\"BreadcrumbList\",\"@id\":\"https:\/\/www.cenpcba.com\/fr\/supply-chain\/#breadcrumb\",\"itemListElement\":[{\"@type\":\"ListItem\",\"position\":1,\"name\":\"\u9996\u9875\",\"item\":\"https:\/\/www.cenpcba.com\/fr\/\"},{\"@type\":\"ListItem\",\"position\":2,\"name\":\"Cha\u00eene d&#8217;approvisionnement\"}]},{\"@type\":\"WebSite\",\"@id\":\"https:\/\/www.cenpcba.com\/fr\/#website\",\"url\":\"https:\/\/www.cenpcba.com\/fr\/\",\"name\":\"Contact Electronic Manufacturing Service Factory in Shenzhen, China\",\"description\":\"PCB Assembly\",\"publisher\":{\"@id\":\"https:\/\/www.cenpcba.com\/fr\/#organization\"},\"alternateName\":\"One stop EMS service from PCB Manufacturing, Pcb assembly, smt, dip box assembly\",\"potentialAction\":[{\"@type\":\"SearchAction\",\"target\":{\"@type\":\"EntryPoint\",\"urlTemplate\":\"https:\/\/www.cenpcba.com\/fr\/?s={search_term_string}\"},\"query-input\":{\"@type\":\"PropertyValueSpecification\",\"valueRequired\":true,\"valueName\":\"search_term_string\"}}],\"inLanguage\":\"fr-FR\"},{\"@type\":\"Organization\",\"@id\":\"https:\/\/www.cenpcba.com\/fr\/#organization\",\"name\":\"CEN Electronic Technology Co., Ltd\",\"alternateName\":\"CEN PCBA\",\"url\":\"https:\/\/www.cenpcba.com\/fr\/\",\"logo\":{\"@type\":\"ImageObject\",\"inLanguage\":\"fr-FR\",\"@id\":\"https:\/\/www.cenpcba.com\/fr\/#\/schema\/logo\/image\/\",\"url\":\"http:\/\/www.cenpcba.com\/wp-content\/uploads\/2022\/07\/CEN-Logo-L.png\",\"contentUrl\":\"http:\/\/www.cenpcba.com\/wp-content\/uploads\/2022\/07\/CEN-Logo-L.png\",\"width\":960,\"height\":856,\"caption\":\"CEN Electronic Technology Co., Ltd\"},\"image\":{\"@id\":\"https:\/\/www.cenpcba.com\/fr\/#\/schema\/logo\/image\/\"},\"sameAs\":[\"https:\/\/www.facebook.com\/cenpcba\",\"https:\/\/www.linkedin.com\/company\/cenpcba\"]}]}<\/script>\n<!-- \/ Yoast SEO Premium plugin. -->","yoast_head_json":{"title":"Cha\u00eene d'approvisionnement - Contract Manufacturing CEN","description":"At CEN, we provide our customers with innovative, turnkey supply chain solutions.","robots":{"index":"index","follow":"follow","max-snippet":"max-snippet:-1","max-image-preview":"max-image-preview:large","max-video-preview":"max-video-preview:-1"},"canonical":"https:\/\/www.cenpcba.com\/fr\/supply-chain\/","og_locale":"fr_FR","og_type":"article","og_title":"Cha\u00eene d'approvisionnement","og_description":"At CEN, we provide our customers with innovative, turnkey supply chain solutions.","og_url":"https:\/\/www.cenpcba.com\/fr\/supply-chain\/","og_site_name":"Contract Manufacturing","article_publisher":"https:\/\/www.facebook.com\/cenpcba","article_modified_time":"2025-01-11T09:46:26+00:00","og_image":[{"url":"http:\/\/www.cenpcba.com\/wp-content\/uploads\/2022\/07\/Supplychian-Management-1.jpg","type":"","width":"","height":""}],"twitter_card":"summary_large_image","twitter_misc":{"Dur\u00e9e de lecture estim\u00e9e":"2 minutes"},"schema":{"@context":"https:\/\/schema.org","@graph":[{"@type":"WebPage","@id":"https:\/\/www.cenpcba.com\/fr\/supply-chain\/","url":"https:\/\/www.cenpcba.com\/fr\/supply-chain\/","name":"Cha\u00eene d'approvisionnement - Contract Manufacturing CEN","isPartOf":{"@id":"https:\/\/www.cenpcba.com\/fr\/#website"},"primaryImageOfPage":{"@id":"https:\/\/www.cenpcba.com\/fr\/supply-chain\/#primaryimage"},"image":{"@id":"https:\/\/www.cenpcba.com\/fr\/supply-chain\/#primaryimage"},"thumbnailUrl":"http:\/\/www.cenpcba.com\/wp-content\/uploads\/2022\/07\/Supplychian-Management-1.jpg","datePublished":"2022-07-10T11:53:09+00:00","dateModified":"2025-01-11T09:46:26+00:00","description":"At CEN, we provide our customers with innovative, turnkey supply chain solutions.","breadcrumb":{"@id":"https:\/\/www.cenpcba.com\/fr\/supply-chain\/#breadcrumb"},"inLanguage":"fr-FR","potentialAction":[{"@type":"ReadAction","target":["https:\/\/www.cenpcba.com\/fr\/supply-chain\/"]}]},{"@type":"ImageObject","inLanguage":"fr-FR","@id":"https:\/\/www.cenpcba.com\/fr\/supply-chain\/#primaryimage","url":"http:\/\/www.cenpcba.com\/wp-content\/uploads\/2022\/07\/Supplychian-Management-1.jpg","contentUrl":"http:\/\/www.cenpcba.com\/wp-content\/uploads\/2022\/07\/Supplychian-Management-1.jpg"},{"@type":"BreadcrumbList","@id":"https:\/\/www.cenpcba.com\/fr\/supply-chain\/#breadcrumb","itemListElement":[{"@type":"ListItem","position":1,"name":"\u9996\u9875","item":"https:\/\/www.cenpcba.com\/fr\/"},{"@type":"ListItem","position":2,"name":"Cha\u00eene d&#8217;approvisionnement"}]},{"@type":"WebSite","@id":"https:\/\/www.cenpcba.com\/fr\/#website","url":"https:\/\/www.cenpcba.com\/fr\/","name":"Contact Electronic Manufacturing Service Factory in Shenzhen, China","description":"PCB Assembly","publisher":{"@id":"https:\/\/www.cenpcba.com\/fr\/#organization"},"alternateName":"One stop EMS service from PCB Manufacturing, Pcb assembly, smt, dip box assembly","potentialAction":[{"@type":"SearchAction","target":{"@type":"EntryPoint","urlTemplate":"https:\/\/www.cenpcba.com\/fr\/?s={search_term_string}"},"query-input":{"@type":"PropertyValueSpecification","valueRequired":true,"valueName":"search_term_string"}}],"inLanguage":"fr-FR"},{"@type":"Organization","@id":"https:\/\/www.cenpcba.com\/fr\/#organization","name":"CEN Electronic Technology Co., Ltd","alternateName":"CEN PCBA","url":"https:\/\/www.cenpcba.com\/fr\/","logo":{"@type":"ImageObject","inLanguage":"fr-FR","@id":"https:\/\/www.cenpcba.com\/fr\/#\/schema\/logo\/image\/","url":"http:\/\/www.cenpcba.com\/wp-content\/uploads\/2022\/07\/CEN-Logo-L.png","contentUrl":"http:\/\/www.cenpcba.com\/wp-content\/uploads\/2022\/07\/CEN-Logo-L.png","width":960,"height":856,"caption":"CEN Electronic Technology Co., Ltd"},"image":{"@id":"https:\/\/www.cenpcba.com\/fr\/#\/schema\/logo\/image\/"},"sameAs":["https:\/\/www.facebook.com\/cenpcba","https:\/\/www.linkedin.com\/company\/cenpcba"]}]}},"_links":{"self":[{"href":"https:\/\/www.cenpcba.com\/fr\/wp-json\/wp\/v2\/pages\/2509","targetHints":{"allow":["GET"]}}],"collection":[{"href":"https:\/\/www.cenpcba.com\/fr\/wp-json\/wp\/v2\/pages"}],"about":[{"href":"https:\/\/www.cenpcba.com\/fr\/wp-json\/wp\/v2\/types\/page"}],"author":[{"embeddable":true,"href":"https:\/\/www.cenpcba.com\/fr\/wp-json\/wp\/v2\/users\/1"}],"replies":[{"embeddable":true,"href":"https:\/\/www.cenpcba.com\/fr\/wp-json\/wp\/v2\/comments?post=2509"}],"version-history":[{"count":3,"href":"https:\/\/www.cenpcba.com\/fr\/wp-json\/wp\/v2\/pages\/2509\/revisions"}],"predecessor-version":[{"id":2639,"href":"https:\/\/www.cenpcba.com\/fr\/wp-json\/wp\/v2\/pages\/2509\/revisions\/2639"}],"wp:attachment":[{"href":"https:\/\/www.cenpcba.com\/fr\/wp-json\/wp\/v2\/media?parent=2509"}],"curies":[{"name":"wp","href":"https:\/\/api.w.org\/{rel}","templated":true}]}}