{"id":2517,"date":"2022-07-10T13:05:50","date_gmt":"2022-07-10T05:05:50","guid":{"rendered":"http:\/\/www.cenpcba.com\/service\/"},"modified":"2024-12-31T15:55:46","modified_gmt":"2024-12-31T07:55:46","slug":"service","status":"publish","type":"page","link":"https:\/\/www.cenpcba.com\/fr\/service\/","title":{"rendered":"Service"},"content":{"rendered":"\n<div class=\"wp-block-cover alignfull\" style=\"min-height:300px;aspect-ratio:unset;\"><span aria-hidden=\"true\" class=\"wp-block-cover__background has-background-dim\"><\/span><img fetchpriority=\"high\" decoding=\"async\" width=\"1920\" height=\"650\" class=\"wp-block-cover__image-background wp-image-505\" alt=\"\" src=\"http:\/\/www.cenpcba.com\/wp-content\/uploads\/2022\/07\/PCBA-Banner.jpg\" data-object-fit=\"cover\" srcset=\"https:\/\/www.cenpcba.com\/wp-content\/uploads\/2022\/07\/PCBA-Banner.jpg 1920w, https:\/\/www.cenpcba.com\/wp-content\/uploads\/2022\/07\/PCBA-Banner-300x102.jpg 300w, https:\/\/www.cenpcba.com\/wp-content\/uploads\/2022\/07\/PCBA-Banner-1024x347.jpg 1024w, https:\/\/www.cenpcba.com\/wp-content\/uploads\/2022\/07\/PCBA-Banner-768x260.jpg 768w, https:\/\/www.cenpcba.com\/wp-content\/uploads\/2022\/07\/PCBA-Banner-1536x520.jpg 1536w\" sizes=\"(max-width: 1920px) 100vw, 1920px\" \/><div class=\"wp-block-cover__inner-container is-layout-flow wp-block-cover-is-layout-flow\">\n<h1 class=\"wp-block-heading has-text-align-center\" style=\"font-size:100px\">Service<\/h1>\n<\/div><\/div>\n\n\n\n<div class=\"wp-block-group alignfull has-background\" style=\"background-color:#f8f4e4\"><div class=\"wp-block-group__inner-container is-layout-flow wp-block-group-is-layout-flow\">\n<div class=\"wp-block-columns alignwide is-layout-flex wp-container-core-columns-is-layout-9d6595d7 wp-block-columns-is-layout-flex\">\n<div class=\"wp-block-column is-layout-flow wp-block-column-is-layout-flow\">\n<div style=\"height:100px\" aria-hidden=\"true\" class=\"wp-block-spacer\"><\/div>\n\n\n\n<h6 class=\"wp-block-heading has-text-color\" id=\"ecosystem\" style=\"color:#000000\">Fabrication <\/h6>\n\n\n\n<p class=\"has-text-color\" style=\"color:#000000;font-size:5vw;line-height:1.1\">\u00c9lectronique Cl\u00e9 en Main<\/p>\n\n\n\n<div style=\"height:5px\" aria-hidden=\"true\" class=\"wp-block-spacer\"><\/div>\n<\/div>\n<\/div>\n\n\n\n<div class=\"wp-block-columns alignwide is-layout-flex wp-container-core-columns-is-layout-9d6595d7 wp-block-columns-is-layout-flex\">\n<div class=\"wp-block-column is-layout-flow wp-block-column-is-layout-flow\" style=\"flex-basis:33.38%\">\n<p>CEN, en tant que fournisseur de services EMS, travaille en \u00e9troite collaboration avec ses clients, depuis la conception du PCB, la mise en page du PCB, et l\u2019introduction de nouveaux produits (NPI) jusqu\u2019\u00e0 l\u2019approvisionnement en mat\u00e9riaux, l\u2019assemblage, l\u2019emballage final, la logistique et le support apr\u00e8s-vente, offrant ainsi un service complet.<\/p>\n\n\n\n<p>CEN propose une gamme compl\u00e8te de services de fabrication \u00e9lectronique tels que l&rsquo;assemblage de cartes de circuits imprim\u00e9s, l&rsquo;assemblage de sous-syst\u00e8mes et la fabrication de bo\u00eetes, en desservant des march\u00e9s critiques tels que l&rsquo;automobile, l&rsquo;industrie, la m\u00e9decine, l&rsquo;\u00e9clairage, la s\u00e9curit\u00e9, l&rsquo;IoT, les \u00e9nergies nouvelles, ainsi que les appareils \u00e9lectrom\u00e9nagers, le CVC, les \u00e9quipements de sant\u00e9 et de fitness et l&rsquo;\u00e9lectronique grand public.<\/p>\n<\/div>\n\n\n\n<div class=\"wp-block-column is-layout-flow wp-block-column-is-layout-flow\" style=\"flex-basis:33%\">\n<div style=\"height:100px\" aria-hidden=\"true\" class=\"wp-block-spacer\"><\/div>\n\n\n\n<figure class=\"wp-block-image size-large\"><img decoding=\"async\" width=\"766\" height=\"1024\" src=\"http:\/\/www.cenpcba.com\/wp-content\/uploads\/2022\/07\/smt-pick-and-place-machine-766x1024.png\" alt=\"smt pick and place machine \" class=\"wp-image-500\" srcset=\"https:\/\/www.cenpcba.com\/wp-content\/uploads\/2022\/07\/smt-pick-and-place-machine-766x1024.png 766w, https:\/\/www.cenpcba.com\/wp-content\/uploads\/2022\/07\/smt-pick-and-place-machine-225x300.png 225w, https:\/\/www.cenpcba.com\/wp-content\/uploads\/2022\/07\/smt-pick-and-place-machine-768x1026.png 768w, https:\/\/www.cenpcba.com\/wp-content\/uploads\/2022\/07\/smt-pick-and-place-machine.png 1000w\" sizes=\"(max-width: 766px) 100vw, 766px\" \/><\/figure>\n<\/div>\n\n\n\n<div class=\"wp-block-column is-layout-flow wp-block-column-is-layout-flow\" style=\"flex-basis:33.62%\">\n<figure class=\"wp-block-image size-large\"><img decoding=\"async\" width=\"766\" height=\"1024\" src=\"http:\/\/www.cenpcba.com\/wp-content\/uploads\/2022\/07\/AOI-checking-766x1024.png\" alt=\"AOI Checking \" class=\"wp-image-501\" srcset=\"https:\/\/www.cenpcba.com\/wp-content\/uploads\/2022\/07\/AOI-checking-766x1024.png 766w, https:\/\/www.cenpcba.com\/wp-content\/uploads\/2022\/07\/AOI-checking-225x300.png 225w, https:\/\/www.cenpcba.com\/wp-content\/uploads\/2022\/07\/AOI-checking-768x1026.png 768w, https:\/\/www.cenpcba.com\/wp-content\/uploads\/2022\/07\/AOI-checking.png 1000w\" sizes=\"(max-width: 766px) 100vw, 766px\" \/><\/figure>\n<\/div>\n<\/div>\n\n\n\n<div class=\"wp-block-columns alignwide is-layout-flex wp-container-core-columns-is-layout-9d6595d7 wp-block-columns-is-layout-flex\">\n<div class=\"wp-block-column is-layout-flow wp-block-column-is-layout-flow\" style=\"flex-basis:67%\"><div class=\"wp-block-image\">\n<figure class=\"alignright size-large\"><img loading=\"lazy\" decoding=\"async\" width=\"1024\" height=\"683\" src=\"http:\/\/www.cenpcba.com\/wp-content\/uploads\/2022\/07\/28A6772-1024x683.jpg\" alt=\"solder past printing \" class=\"wp-image-502\" srcset=\"https:\/\/www.cenpcba.com\/wp-content\/uploads\/2022\/07\/28A6772-1024x683.jpg 1024w, https:\/\/www.cenpcba.com\/wp-content\/uploads\/2022\/07\/28A6772-300x200.jpg 300w, https:\/\/www.cenpcba.com\/wp-content\/uploads\/2022\/07\/28A6772-768x512.jpg 768w, https:\/\/www.cenpcba.com\/wp-content\/uploads\/2022\/07\/28A6772-1536x1024.jpg 1536w, https:\/\/www.cenpcba.com\/wp-content\/uploads\/2022\/07\/28A6772-930x620.jpg 930w, https:\/\/www.cenpcba.com\/wp-content\/uploads\/2022\/07\/28A6772.jpg 1680w\" sizes=\"(max-width: 1024px) 100vw, 1024px\" \/><\/figure>\n<\/div><\/div>\n\n\n\n<div class=\"wp-block-column is-vertically-aligned-center is-layout-flow wp-block-column-is-layout-flow\" style=\"flex-basis:33%\">\n<p class=\"has-text-color has-extra-small-font-size\" style=\"color:#000000\">CEN dispose de plus de 10 ans d&rsquo;exp\u00e9rience dans les services de fabrication \u00e9lectronique (EMS), allant du d\u00e9veloppement en ing\u00e9nierie, au prototypage, \u00e0 l&rsquo;assemblage de PCB, \u00e0 la fabrication cl\u00e9 en main de bo\u00eetes et aux services de r\u00e9alisation.<\/p>\n<\/div>\n<\/div>\n<\/div><\/div>\n\n\n\n<div style=\"height:100px\" aria-hidden=\"true\" class=\"wp-block-spacer\"><\/div>\n\n\n\n<h2 class=\"wp-block-heading has-text-align-center\">SERVICES &amp; SOLUTIONS<\/h2>\n\n\n\n<div class=\"wp-block-columns alignwide is-layout-flex wp-container-core-columns-is-layout-9d6595d7 wp-block-columns-is-layout-flex\">\n<div class=\"wp-block-column has-text-color has-background has-link-color wp-elements-6972a4051fba95a03d9a44d5c258373b is-layout-flow wp-block-column-is-layout-flow\" style=\"color:#000000;background-color:#ffe97d;padding-top:2em;padding-right:2em;padding-bottom:2em;padding-left:2em\">\n<h3 class=\"wp-block-heading\" style=\"font-size:40px\"><a href=\"http:\/\/www.cenpcba.com\/pcb\/\" target=\"_blank\" rel=\"noreferrer noopener\">PCB  <\/a><\/h3>\n\n\n\n<p class=\"has-normal-font-size\" style=\"line-height:1.5\"><strong>Fabrication de PCB<\/strong><\/p>\n\n\n\n<hr class=\"wp-block-separator has-text-color has-css-opacity has-background is-style-wide\" style=\"background-color:#000000;color:#000000\"\/>\n\n\n\n<ul class=\"wp-block-list has-normal-font-size\">\n<li>Conception de PCB<\/li>\n\n\n\n<li>Fabrication de PCB<\/li>\n\n\n\n<li>PCB rigide, Flex, Rigide-Flex, FPC<\/li>\n<\/ul>\n\n\n\n<div class=\"wp-block-buttons is-horizontal is-content-justification-center is-layout-flex wp-container-core-buttons-is-layout-499968f5 wp-block-buttons-is-layout-flex\">\n<div class=\"wp-block-button\"><a class=\"wp-block-button__link has-nv-site-bg-color has-nv-dark-bg-background-color has-text-color has-background wp-element-button\" href=\"http:\/\/www.cenpcba.com\/pcb\/\" target=\"_blank\" rel=\"noreferrer noopener\">En savoir plus<\/a><\/div>\n<\/div>\n<\/div>\n\n\n\n<div class=\"wp-block-column has-text-color has-background has-link-color wp-elements-757a170225f138ae639f5686022ecab9 is-layout-flow wp-block-column-is-layout-flow\" style=\"color:#000000;background-color:#d1d1e1;padding-top:2em;padding-right:2em;padding-bottom:2em;padding-left:2em\">\n<h6 class=\"wp-block-heading\" id=\"h-composants\" style=\"font-size:40px\"><a href=\"http:\/\/www.cenpcba.com\/fr\/components-sourcing\/\" target=\"_blank\" rel=\"noreferrer noopener\">Composants<\/a><\/h6>\n\n\n\n<p class=\"has-normal-font-size\" style=\"line-height:1.5\"><strong>composants<\/strong><\/p>\n\n\n\n<hr class=\"wp-block-separator has-css-opacity is-style-wide\"\/>\n\n\n\n<ul class=\"wp-block-list has-normal-font-size\">\n<li>Suggestions alternatives<\/li>\n\n\n\n<li>Liste des fabricants approuv\u00e9s<\/li>\n\n\n\n<li>Efficacit\u00e9 des co\u00fbts et des d\u00e9lais<\/li>\n<\/ul>\n\n\n\n<div class=\"wp-block-buttons alignfull is-horizontal is-content-justification-center is-layout-flex wp-container-core-buttons-is-layout-499968f5 wp-block-buttons-is-layout-flex\">\n<div class=\"wp-block-button\"><a class=\"wp-block-button__link has-nv-site-bg-color has-nv-dark-bg-background-color has-text-color has-background wp-element-button\" href=\"http:\/\/www.cenpcba.com\/fr\/components-sourcing\/\" target=\"_blank\" rel=\"noreferrer noopener\">En savoir plus<\/a><\/div>\n<\/div>\n<\/div>\n\n\n\n<div class=\"wp-block-column has-text-color has-background has-link-color wp-elements-b734944fcb117377c5d61a908711f53b is-layout-flow wp-block-column-is-layout-flow\" style=\"color:#000000;background-color:#c0ebf1;padding-top:2em;padding-right:2em;padding-bottom:2em;padding-left:2em\">\n<h2 class=\"wp-block-heading\" style=\"font-size:40px\"><strong><strong><a href=\"http:\/\/www.cenpcba.com\/pcb-assembly\/\" target=\"_blank\" rel=\"noreferrer noopener\">PCBA<\/a><\/strong><\/strong><\/h2>\n\n\n\n<p class=\"has-normal-font-size\"><strong>Assemblage de PCB<\/strong><\/p>\n\n\n\n<hr class=\"wp-block-separator has-css-opacity is-style-wide\"\/>\n\n\n\n<ul class=\"wp-block-list has-normal-font-size\">\n<li>SMT, assemblage \u00e0 travers trous<\/li>\n\n\n\n<li>Assemblage rigide, FPC, rigide-flex<\/li>\n\n\n\n<li>Tests fonctionnels PCBA<\/li>\n<\/ul>\n\n\n\n<div class=\"wp-block-buttons alignfull is-horizontal is-content-justification-center is-layout-flex wp-container-core-buttons-is-layout-499968f5 wp-block-buttons-is-layout-flex\">\n<div class=\"wp-block-button\"><a class=\"wp-block-button__link has-nv-site-bg-color has-nv-dark-bg-background-color has-text-color has-background wp-element-button\" href=\"http:\/\/www.cenpcba.com\/pcb-assembly\/\" target=\"_blank\" rel=\"noreferrer noopener\">En savoir plus<\/a><\/div>\n<\/div>\n<\/div>\n<\/div>\n\n\n\n<div style=\"height:100px\" aria-hidden=\"true\" class=\"wp-block-spacer\"><\/div>\n\n\n\n<div class=\"wp-block-columns alignwide is-layout-flex wp-container-core-columns-is-layout-9d6595d7 wp-block-columns-is-layout-flex\">\n<div class=\"wp-block-column has-text-color has-background has-link-color wp-elements-d8a3e163ccd5801bbef59c77540e1cb6 is-layout-flow wp-block-column-is-layout-flow\" style=\"color:#000000;background-color:#ffe97d;padding-top:2em;padding-right:2em;padding-bottom:2em;padding-left:2em\">\n<h2 class=\"wp-block-heading\" style=\"font-size:40px\"><a href=\"http:\/\/www.cenpcba.com\/fr\/box-build\/\" target=\"_blank\" rel=\"noreferrer noopener\">Box Build<\/a><\/h2>\n\n\n\n<p class=\"has-normal-font-size\" style=\"line-height:1.5\"><strong>Assemblage complet d&rsquo;unit\u00e9s<\/strong><\/p>\n\n\n\n<hr class=\"wp-block-separator has-text-color has-css-opacity has-background is-style-wide\" style=\"background-color:#000000;color:#000000\"\/>\n\n\n\n<ul class=\"wp-block-list has-normal-font-size\">\n<li>bo\u00eetes en plastique et en m\u00e9tal<\/li>\n\n\n\n<li>Test fonctionnel et de r\u00e9sistance<\/li>\n\n\n\n<li>Faisceau de c\u00e2blage<\/li>\n<\/ul>\n\n\n\n<div class=\"wp-block-buttons alignfull is-horizontal is-content-justification-center is-layout-flex wp-container-core-buttons-is-layout-499968f5 wp-block-buttons-is-layout-flex\">\n<div class=\"wp-block-button\"><a class=\"wp-block-button__link has-nv-site-bg-color has-nv-dark-bg-background-color has-text-color has-background wp-element-button\" href=\"http:\/\/www.cenpcba.com\/fr\/box-build\/\" target=\"_blank\" rel=\"noreferrer noopener\">En savoir plus<\/a><\/div>\n<\/div>\n<\/div>\n\n\n\n<div class=\"wp-block-column has-text-color has-background has-link-color wp-elements-75a0f43f6ba0a79a41dd119c8f8dceb0 is-layout-flow wp-block-column-is-layout-flow\" style=\"color:#000000;background-color:#d1d1e1;padding-top:2em;padding-right:2em;padding-bottom:2em;padding-left:2em\">\n<h2 class=\"wp-block-heading\" id=\"h-ingenierie\" style=\"font-size:40px\"><a href=\"http:\/\/www.cenpcba.com\/fr\/engineeing\/\" target=\"_blank\" rel=\"noreferrer noopener\">Ing\u00e9nierie<\/a><\/h2>\n\n\n\n<p class=\"has-normal-font-size\" style=\"line-height:1.5\"><strong>D\u00e9veloppement et support<\/strong><\/p>\n\n\n\n<hr class=\"wp-block-separator has-css-opacity is-style-wide\"\/>\n\n\n\n<ul class=\"wp-block-list has-normal-font-size\">\n<li>Conception sch\u00e9matique<\/li>\n\n\n\n<li>Mise en page PCB<\/li>\n\n\n\n<li>D\u00e9veloppement de gabarits de test<\/li>\n<\/ul>\n\n\n\n<div class=\"wp-block-buttons alignfull is-horizontal is-content-justification-center is-layout-flex wp-container-core-buttons-is-layout-499968f5 wp-block-buttons-is-layout-flex\">\n<div class=\"wp-block-button\"><a class=\"wp-block-button__link has-nv-site-bg-color has-nv-dark-bg-background-color has-text-color has-background wp-element-button\" href=\"http:\/\/www.cenpcba.com\/fr\/engineeing\/\" target=\"_blank\" rel=\"noreferrer noopener\">En savoir plus<\/a><\/div>\n<\/div>\n<\/div>\n\n\n\n<div class=\"wp-block-column has-text-color has-background has-link-color wp-elements-a0c4fd26983db759467c28f3249024f6 is-layout-flow wp-block-column-is-layout-flow\" style=\"color:#000000;background-color:#c0ebf1;padding-top:2em;padding-right:2em;padding-bottom:2em;padding-left:2em\">\n<h2 class=\"wp-block-heading\" style=\"font-size:40px\"><strong><a href=\"http:\/\/www.cenpcba.com\/fr\/supply-chain\/\" target=\"_blank\" rel=\"noreferrer noopener\">Supply Chain<\/a><\/strong><\/h2>\n\n\n\n<p class=\"has-normal-font-size\"><strong>Management <\/strong><\/p>\n\n\n\n<hr class=\"wp-block-separator has-css-opacity is-style-wide\"\/>\n\n\n\n<ul class=\"wp-block-list has-normal-font-size\">\n<li>Approvisionnement en mat\u00e9riaux<\/li>\n\n\n\n<li>Audit des usines<\/li>\n\n\n\n<li>Organisation logistique<\/li>\n<\/ul>\n\n\n\n<div class=\"wp-block-buttons alignfull is-horizontal is-content-justification-center is-layout-flex wp-container-core-buttons-is-layout-499968f5 wp-block-buttons-is-layout-flex\">\n<div class=\"wp-block-button\"><a class=\"wp-block-button__link has-nv-site-bg-color has-nv-dark-bg-background-color has-text-color has-background wp-element-button\" href=\"http:\/\/www.cenpcba.com\/fr\/supply-chain\/\" target=\"_blank\" rel=\"noreferrer noopener\">En savoir plus<\/a><\/div>\n<\/div>\n<\/div>\n<\/div>\n\n\n\n<div class=\"wp-block-group alignfull has-text-color has-background\" style=\"color:#000000;background-color:#ffffff\"><div class=\"wp-block-group__inner-container is-layout-flow wp-block-group-is-layout-flow\">\n<div style=\"height:64px\" aria-hidden=\"true\" class=\"wp-block-spacer\"><\/div>\n\n\n\n<p class=\"has-text-align-center has-small-font-size\" style=\"line-height:.9\"><strong>GET IN TOUCH<\/strong><\/p>\n\n\n\n<h2 class=\"wp-block-heading has-text-align-center\" id=\"schedule-a-visit\" style=\"font-size:59px;line-height:1.15\"><strong>Prenez rendez-vous<\/strong><\/h2>\n\n\n\n<div class=\"wp-block-buttons is-horizontal is-content-justification-center is-layout-flex wp-container-core-buttons-is-layout-499968f5 wp-block-buttons-is-layout-flex\">\n<div class=\"wp-block-button has-custom-width wp-block-button__width-50\"><a class=\"wp-block-button__link has-text-color has-background wp-element-button\" href=\"http:\/\/www.cenpcba.com\/fr\/contact-us\/\" style=\"border-radius:50px;color:#ffffff;background-color:#000000\" target=\"_blank\" rel=\"noreferrer noopener\">Contactez-nous<\/a><\/div>\n<\/div>\n\n\n\n<div style=\"height:64px\" aria-hidden=\"true\" class=\"wp-block-spacer\"><\/div>\n<\/div><\/div>\n\n\n\n<div style=\"height:100px\" aria-hidden=\"true\" class=\"wp-block-spacer\"><\/div>\n","protected":false},"excerpt":{"rendered":"<p>Fabrication \u00c9lectronique Cl\u00e9 en Main CEN, en tant que fournisseur de services EMS, travaille en \u00e9troite collaboration avec ses clients, depuis la conception du PCB, la mise en page du PCB, et l\u2019introduction de nouveaux produits (NPI) jusqu\u2019\u00e0 l\u2019approvisionnement en mat\u00e9riaux, l\u2019assemblage, l\u2019emballage final, la logistique et le support apr\u00e8s-vente, offrant ainsi un service complet.&hellip;&nbsp;<a href=\"https:\/\/www.cenpcba.com\/fr\/service\/\" class=\"\" rel=\"bookmark\">Read More &raquo;<span class=\"screen-reader-text\">Service<\/span><\/a><\/p>\n","protected":false},"author":1,"featured_media":0,"parent":0,"menu_order":0,"comment_status":"closed","ping_status":"closed","template":"","meta":{"neve_meta_sidebar":"","neve_meta_container":"","neve_meta_enable_content_width":"","neve_meta_content_width":0,"neve_meta_title_alignment":"","neve_meta_author_avatar":"","neve_post_elements_order":"","neve_meta_disable_header":"","neve_meta_disable_footer":"","neve_meta_disable_title":"on","neve_meta_reading_time":"","_joinchat":[],"footnotes":""},"class_list":["post-2517","page","type-page","status-publish","hentry"],"yoast_head":"<!-- This site is optimized with the Yoast SEO Premium plugin v23.2 (Yoast SEO v25.8) - https:\/\/yoast.com\/wordpress\/plugins\/seo\/ -->\n<title>CEN PCBA | Fabrication \u00c9lectronique Tout-en-Un | PCBA<\/title>\n<meta name=\"description\" content=\"CEN PCBA | Fabrication \u00c9lectronique Tout-en-Un | Fabricant de Contrats PCBA \u00e0 Shenzhen, Chine\" \/>\n<meta name=\"robots\" content=\"index, follow, max-snippet:-1, max-image-preview:large, max-video-preview:-1\" \/>\n<link rel=\"canonical\" href=\"https:\/\/www.cenpcba.com\/fr\/service\/\" \/>\n<meta property=\"og:locale\" content=\"fr_FR\" \/>\n<meta property=\"og:type\" content=\"article\" \/>\n<meta property=\"og:title\" content=\"Service\" \/>\n<meta property=\"og:description\" content=\"CEN PCBA | Fabrication \u00c9lectronique Tout-en-Un | Fabricant de Contrats PCBA \u00e0 Shenzhen, Chine\" \/>\n<meta property=\"og:url\" content=\"https:\/\/www.cenpcba.com\/fr\/service\/\" \/>\n<meta property=\"og:site_name\" content=\"Contract Manufacturing\" \/>\n<meta property=\"article:publisher\" content=\"https:\/\/www.facebook.com\/cenpcba\" \/>\n<meta property=\"article:modified_time\" content=\"2024-12-31T07:55:46+00:00\" \/>\n<meta property=\"og:image\" content=\"http:\/\/www.cenpcba.com\/wp-content\/uploads\/2022\/07\/PCBA-Banner.jpg\" \/>\n<meta name=\"twitter:card\" content=\"summary_large_image\" \/>\n<meta name=\"twitter:label1\" content=\"Dur\u00e9e de lecture estim\u00e9e\" \/>\n\t<meta name=\"twitter:data1\" content=\"2 minutes\" \/>\n<script type=\"application\/ld+json\" class=\"yoast-schema-graph\">{\"@context\":\"https:\/\/schema.org\",\"@graph\":[{\"@type\":\"WebPage\",\"@id\":\"https:\/\/www.cenpcba.com\/fr\/service\/\",\"url\":\"https:\/\/www.cenpcba.com\/fr\/service\/\",\"name\":\"CEN PCBA | Fabrication \u00c9lectronique Tout-en-Un | PCBA\",\"isPartOf\":{\"@id\":\"https:\/\/www.cenpcba.com\/fr\/#website\"},\"primaryImageOfPage\":{\"@id\":\"https:\/\/www.cenpcba.com\/fr\/service\/#primaryimage\"},\"image\":{\"@id\":\"https:\/\/www.cenpcba.com\/fr\/service\/#primaryimage\"},\"thumbnailUrl\":\"http:\/\/www.cenpcba.com\/wp-content\/uploads\/2022\/07\/PCBA-Banner.jpg\",\"datePublished\":\"2022-07-10T05:05:50+00:00\",\"dateModified\":\"2024-12-31T07:55:46+00:00\",\"description\":\"CEN PCBA | Fabrication \u00c9lectronique Tout-en-Un | Fabricant de Contrats PCBA \u00e0 Shenzhen, Chine\",\"breadcrumb\":{\"@id\":\"https:\/\/www.cenpcba.com\/fr\/service\/#breadcrumb\"},\"inLanguage\":\"fr-FR\",\"potentialAction\":[{\"@type\":\"ReadAction\",\"target\":[\"https:\/\/www.cenpcba.com\/fr\/service\/\"]}]},{\"@type\":\"ImageObject\",\"inLanguage\":\"fr-FR\",\"@id\":\"https:\/\/www.cenpcba.com\/fr\/service\/#primaryimage\",\"url\":\"http:\/\/www.cenpcba.com\/wp-content\/uploads\/2022\/07\/PCBA-Banner.jpg\",\"contentUrl\":\"http:\/\/www.cenpcba.com\/wp-content\/uploads\/2022\/07\/PCBA-Banner.jpg\"},{\"@type\":\"BreadcrumbList\",\"@id\":\"https:\/\/www.cenpcba.com\/fr\/service\/#breadcrumb\",\"itemListElement\":[{\"@type\":\"ListItem\",\"position\":1,\"name\":\"\u9996\u9875\",\"item\":\"https:\/\/www.cenpcba.com\/fr\/\"},{\"@type\":\"ListItem\",\"position\":2,\"name\":\"Service\"}]},{\"@type\":\"WebSite\",\"@id\":\"https:\/\/www.cenpcba.com\/fr\/#website\",\"url\":\"https:\/\/www.cenpcba.com\/fr\/\",\"name\":\"Contact Electronic Manufacturing Service Factory in Shenzhen, China\",\"description\":\"PCB Assembly\",\"publisher\":{\"@id\":\"https:\/\/www.cenpcba.com\/fr\/#organization\"},\"alternateName\":\"One stop EMS service from PCB Manufacturing, Pcb assembly, smt, dip box assembly\",\"potentialAction\":[{\"@type\":\"SearchAction\",\"target\":{\"@type\":\"EntryPoint\",\"urlTemplate\":\"https:\/\/www.cenpcba.com\/fr\/?s={search_term_string}\"},\"query-input\":{\"@type\":\"PropertyValueSpecification\",\"valueRequired\":true,\"valueName\":\"search_term_string\"}}],\"inLanguage\":\"fr-FR\"},{\"@type\":\"Organization\",\"@id\":\"https:\/\/www.cenpcba.com\/fr\/#organization\",\"name\":\"CEN Electronic Technology Co., Ltd\",\"alternateName\":\"CEN PCBA\",\"url\":\"https:\/\/www.cenpcba.com\/fr\/\",\"logo\":{\"@type\":\"ImageObject\",\"inLanguage\":\"fr-FR\",\"@id\":\"https:\/\/www.cenpcba.com\/fr\/#\/schema\/logo\/image\/\",\"url\":\"http:\/\/www.cenpcba.com\/wp-content\/uploads\/2022\/07\/CEN-Logo-L.png\",\"contentUrl\":\"http:\/\/www.cenpcba.com\/wp-content\/uploads\/2022\/07\/CEN-Logo-L.png\",\"width\":960,\"height\":856,\"caption\":\"CEN Electronic Technology Co., Ltd\"},\"image\":{\"@id\":\"https:\/\/www.cenpcba.com\/fr\/#\/schema\/logo\/image\/\"},\"sameAs\":[\"https:\/\/www.facebook.com\/cenpcba\",\"https:\/\/www.linkedin.com\/company\/cenpcba\"]}]}<\/script>\n<!-- \/ Yoast SEO Premium plugin. -->","yoast_head_json":{"title":"CEN PCBA | Fabrication \u00c9lectronique Tout-en-Un | PCBA","description":"CEN PCBA | Fabrication \u00c9lectronique Tout-en-Un | Fabricant de Contrats PCBA \u00e0 Shenzhen, Chine","robots":{"index":"index","follow":"follow","max-snippet":"max-snippet:-1","max-image-preview":"max-image-preview:large","max-video-preview":"max-video-preview:-1"},"canonical":"https:\/\/www.cenpcba.com\/fr\/service\/","og_locale":"fr_FR","og_type":"article","og_title":"Service","og_description":"CEN PCBA | Fabrication \u00c9lectronique Tout-en-Un | Fabricant de Contrats PCBA \u00e0 Shenzhen, Chine","og_url":"https:\/\/www.cenpcba.com\/fr\/service\/","og_site_name":"Contract Manufacturing","article_publisher":"https:\/\/www.facebook.com\/cenpcba","article_modified_time":"2024-12-31T07:55:46+00:00","og_image":[{"url":"http:\/\/www.cenpcba.com\/wp-content\/uploads\/2022\/07\/PCBA-Banner.jpg","type":"","width":"","height":""}],"twitter_card":"summary_large_image","twitter_misc":{"Dur\u00e9e de lecture estim\u00e9e":"2 minutes"},"schema":{"@context":"https:\/\/schema.org","@graph":[{"@type":"WebPage","@id":"https:\/\/www.cenpcba.com\/fr\/service\/","url":"https:\/\/www.cenpcba.com\/fr\/service\/","name":"CEN PCBA | Fabrication \u00c9lectronique Tout-en-Un | PCBA","isPartOf":{"@id":"https:\/\/www.cenpcba.com\/fr\/#website"},"primaryImageOfPage":{"@id":"https:\/\/www.cenpcba.com\/fr\/service\/#primaryimage"},"image":{"@id":"https:\/\/www.cenpcba.com\/fr\/service\/#primaryimage"},"thumbnailUrl":"http:\/\/www.cenpcba.com\/wp-content\/uploads\/2022\/07\/PCBA-Banner.jpg","datePublished":"2022-07-10T05:05:50+00:00","dateModified":"2024-12-31T07:55:46+00:00","description":"CEN PCBA | Fabrication \u00c9lectronique Tout-en-Un | Fabricant de Contrats PCBA \u00e0 Shenzhen, Chine","breadcrumb":{"@id":"https:\/\/www.cenpcba.com\/fr\/service\/#breadcrumb"},"inLanguage":"fr-FR","potentialAction":[{"@type":"ReadAction","target":["https:\/\/www.cenpcba.com\/fr\/service\/"]}]},{"@type":"ImageObject","inLanguage":"fr-FR","@id":"https:\/\/www.cenpcba.com\/fr\/service\/#primaryimage","url":"http:\/\/www.cenpcba.com\/wp-content\/uploads\/2022\/07\/PCBA-Banner.jpg","contentUrl":"http:\/\/www.cenpcba.com\/wp-content\/uploads\/2022\/07\/PCBA-Banner.jpg"},{"@type":"BreadcrumbList","@id":"https:\/\/www.cenpcba.com\/fr\/service\/#breadcrumb","itemListElement":[{"@type":"ListItem","position":1,"name":"\u9996\u9875","item":"https:\/\/www.cenpcba.com\/fr\/"},{"@type":"ListItem","position":2,"name":"Service"}]},{"@type":"WebSite","@id":"https:\/\/www.cenpcba.com\/fr\/#website","url":"https:\/\/www.cenpcba.com\/fr\/","name":"Contact Electronic Manufacturing Service Factory in Shenzhen, China","description":"PCB Assembly","publisher":{"@id":"https:\/\/www.cenpcba.com\/fr\/#organization"},"alternateName":"One stop EMS service from PCB Manufacturing, Pcb assembly, smt, dip box assembly","potentialAction":[{"@type":"SearchAction","target":{"@type":"EntryPoint","urlTemplate":"https:\/\/www.cenpcba.com\/fr\/?s={search_term_string}"},"query-input":{"@type":"PropertyValueSpecification","valueRequired":true,"valueName":"search_term_string"}}],"inLanguage":"fr-FR"},{"@type":"Organization","@id":"https:\/\/www.cenpcba.com\/fr\/#organization","name":"CEN Electronic Technology Co., Ltd","alternateName":"CEN PCBA","url":"https:\/\/www.cenpcba.com\/fr\/","logo":{"@type":"ImageObject","inLanguage":"fr-FR","@id":"https:\/\/www.cenpcba.com\/fr\/#\/schema\/logo\/image\/","url":"http:\/\/www.cenpcba.com\/wp-content\/uploads\/2022\/07\/CEN-Logo-L.png","contentUrl":"http:\/\/www.cenpcba.com\/wp-content\/uploads\/2022\/07\/CEN-Logo-L.png","width":960,"height":856,"caption":"CEN Electronic Technology Co., Ltd"},"image":{"@id":"https:\/\/www.cenpcba.com\/fr\/#\/schema\/logo\/image\/"},"sameAs":["https:\/\/www.facebook.com\/cenpcba","https:\/\/www.linkedin.com\/company\/cenpcba"]}]}},"_links":{"self":[{"href":"https:\/\/www.cenpcba.com\/fr\/wp-json\/wp\/v2\/pages\/2517","targetHints":{"allow":["GET"]}}],"collection":[{"href":"https:\/\/www.cenpcba.com\/fr\/wp-json\/wp\/v2\/pages"}],"about":[{"href":"https:\/\/www.cenpcba.com\/fr\/wp-json\/wp\/v2\/types\/page"}],"author":[{"embeddable":true,"href":"https:\/\/www.cenpcba.com\/fr\/wp-json\/wp\/v2\/users\/1"}],"replies":[{"embeddable":true,"href":"https:\/\/www.cenpcba.com\/fr\/wp-json\/wp\/v2\/comments?post=2517"}],"version-history":[{"count":2,"href":"https:\/\/www.cenpcba.com\/fr\/wp-json\/wp\/v2\/pages\/2517\/revisions"}],"predecessor-version":[{"id":2596,"href":"https:\/\/www.cenpcba.com\/fr\/wp-json\/wp\/v2\/pages\/2517\/revisions\/2596"}],"wp:attachment":[{"href":"https:\/\/www.cenpcba.com\/fr\/wp-json\/wp\/v2\/media?parent=2517"}],"curies":[{"name":"wp","href":"https:\/\/api.w.org\/{rel}","templated":true}]}}