{"id":2329,"date":"2020-01-23T18:21:52","date_gmt":"2020-01-23T10:21:52","guid":{"rendered":"http:\/\/www.cenpcba.com\/about-us\/"},"modified":"2025-03-01T17:29:40","modified_gmt":"2025-03-01T09:29:40","slug":"about-us","status":"publish","type":"page","link":"https:\/\/www.cenpcba.com\/pt-br\/about-us\/","title":{"rendered":"About Us"},"content":{"rendered":"\n<div class=\"wp-block-cover alignfull\" style=\"min-height: 300px;aspect-ratio:unset;\">\r\n<div class=\"wp-block-cover__inner-container is-layout-flow wp-block-cover-is-layout-flow\">\n\n<div class=\"wp-block-group\"><div class=\"wp-block-group__inner-container is-layout-flow wp-block-group-is-layout-flow\">\n\n<div class=\"wp-block-cover alignfull\" style=\"min-height: 300px;aspect-ratio:unset;\"><img fetchpriority=\"high\" decoding=\"async\" width=\"1024\" height=\"448\" class=\"wp-block-cover__image-background wp-image-409\" style=\"object-position: 50% 64%;\" src=\"http:\/\/www.cenpcba.com\/wp-content\/uploads\/2022\/07\/iot-1-1024x448.jpg\" alt=\"\" data-object-fit=\"cover\" data-object-position=\"50% 64%\" srcset=\"https:\/\/www.cenpcba.com\/wp-content\/uploads\/2022\/07\/iot-1-1024x448.jpg 1024w, https:\/\/www.cenpcba.com\/wp-content\/uploads\/2022\/07\/iot-1-300x131.jpg 300w, https:\/\/www.cenpcba.com\/wp-content\/uploads\/2022\/07\/iot-1-768x336.jpg 768w, https:\/\/www.cenpcba.com\/wp-content\/uploads\/2022\/07\/iot-1-1536x672.jpg 1536w, https:\/\/www.cenpcba.com\/wp-content\/uploads\/2022\/07\/iot-1-2048x896.jpg 2048w\" sizes=\"(max-width: 1024px) 100vw, 1024px\" \/>\r\n<div class=\"wp-block-cover__inner-container is-layout-flow wp-block-cover-is-layout-flow\">\n\n<h1 id=\"h-about-us\" class=\"has-text-align-center has-large-font-size wp-block-heading\">About Us<\/h1>\n\n\r\n\r\n\n<h4 id=\"h-we-re-passionate-about-one-thing\" class=\"has-text-align-center wp-block-heading\">We\u2019re passionate about one thing\u2026<\/h4>\n\n\r\n\r\n\n<h4 id=\"h-your-success\" class=\"has-text-align-center wp-block-heading\">Your success<\/h4>\n\n<\/div>\r\n<\/div>\n\n\r\n\r\n\n<div class=\"wp-block-spacer\" style=\"height: 60px;\" aria-hidden=\"true\">\u00a0<\/div>\n\n<\/div><\/div>\n\n<\/div>\r\n<\/div>\n\n\n\n<p>Fundada em 2013, a CEN PCBA \u00e9 uma fornecedora de servi\u00e7os completos de manufatura eletr\u00f4nica (EMS) com sede em Shenzhen. Oferecemos uma solu\u00e7\u00e3o de fabrica\u00e7\u00e3o completa, incluindo aquisi\u00e7\u00e3o de materiais, montagem de placas de circuito impresso (PCBA), montagem de produtos acabados, testes em n\u00edvel de sistema e muito mais.<\/p>\n\n\n\n<p>Nossos principais mercados incluem sa\u00fade, controle industrial e eletr\u00f4nica automotiva, al\u00e9m de servi\u00e7os de processamento de placas flex\u00edveis e de combina\u00e7\u00e3o flex\u00edvel-r\u00edgida. Com vasta experi\u00eancia em produtos, conseguimos fornecer rapidamente solu\u00e7\u00f5es confi\u00e1veis para a introdu\u00e7\u00e3o de novos produtos (NPI). Nossas equipes de engenharia, garantia de qualidade e gerenciamento de projetos trabalham em estreita colabora\u00e7\u00e3o com os clientes para compreender totalmente e superar suas expectativas.<\/p>\n\n\n\n<p>Com forte intelig\u00eancia, servi\u00e7o atencioso, tecnologia central de excel\u00eancia e servi\u00e7os de valor agregado, conquistamos o reconhecimento e a confian\u00e7a de clientes renomados no mercado nacional e internacional. Com o compromisso de desenvolvimento cont\u00ednuo e inova\u00e7\u00e3o, sempre buscando a excel\u00eancia, a CEN PCBA est\u00e1 avan\u00e7ando na dire\u00e7\u00e3o de se tornar a melhor empresa EMS de produtos eletr\u00f4nicos.<\/p>\n\n\n\n<div class=\"wp-block-spacer\" style=\"height: 20px;\" aria-hidden=\"true\">\u00a0<\/div>\n\n\n\n<h3 class=\"wp-block-heading\" id=\"h-sobre-nossas-marcas\">Sobre Nossas Marcas<\/h3>\n\n\n\n<div class=\"wp-block-columns is-layout-flex wp-container-core-columns-is-layout-9d6595d7 wp-block-columns-is-layout-flex\">\n<div class=\"wp-block-column is-layout-flow wp-block-column-is-layout-flow\"><\/div>\n\n\n\n<div class=\"wp-block-column is-layout-flow wp-block-column-is-layout-flow\"><\/div>\n<\/div>\n\n\n\n<p>Ambos os logotipos pertencem \u00e0 CEN Electronic Co., Ltd. Por favor, n\u00e3o os utilize para nenhuma atividade comercial sem um acordo por escrito da CEN Electronic Technology Co., Ltd.<\/p>\n\n\n\n<div class=\"wp-block-columns is-layout-flex wp-container-core-columns-is-layout-9d6595d7 wp-block-columns-is-layout-flex\">\n<div class=\"wp-block-column is-layout-flow wp-block-column-is-layout-flow\">\n<h3 class=\"wp-block-heading has-text-align-center has-nv-light-bg-background-color has-background\" id=\"h-nossa-visao\">Nossa Vis\u00e3o<\/h3>\n\n\n\n<p class=\"has-nv-light-bg-background-color has-background\">A <strong>CEN Electronics<\/strong> \u00e9 uma fornecedora de servi\u00e7os de manufatura eletr\u00f4nica que se orgulha de seus relacionamentos com clientes e fornecedores. Exigimos de nossos fornecedores de materiais os mesmos altos padr\u00f5es de qualidade e entrega que aplicamos a n\u00f3s mesmos.<\/p>\n<\/div>\n\n\n\n<div class=\"wp-block-column is-layout-flow wp-block-column-is-layout-flow\">\n<h3 class=\"wp-block-heading has-text-align-center has-nv-light-bg-background-color has-background\" id=\"h-nossa-missao\">Nossa Miss\u00e3o<\/h3>\n\n\n\n<p class=\"has-nv-light-bg-background-color has-background\">Nos esfor\u00e7amos para satisfazer nossos clientes, oferecendo um desempenho excepcional de servi\u00e7o, qualidade superior dos produtos e uma abordagem centrada no cliente.<\/p>\n<\/div>\n<\/div>\n\n\n\n<div class=\"wp-block-cover\" style=\"min-height:300px;aspect-ratio:unset;\"><span aria-hidden=\"true\" class=\"wp-block-cover__background has-background-dim-10 has-background-dim\"><\/span><img decoding=\"async\" width=\"1024\" height=\"768\" class=\"wp-block-cover__image-background wp-image-427\" alt=\"\" src=\"http:\/\/www.cenpcba.com\/wp-content\/uploads\/2022\/07\/cooperation.jpg\" style=\"object-position:46% 46%\" data-object-fit=\"cover\" data-object-position=\"46% 46%\" srcset=\"https:\/\/www.cenpcba.com\/wp-content\/uploads\/2022\/07\/cooperation.jpg 1024w, https:\/\/www.cenpcba.com\/wp-content\/uploads\/2022\/07\/cooperation-300x225.jpg 300w, https:\/\/www.cenpcba.com\/wp-content\/uploads\/2022\/07\/cooperation-768x576.jpg 768w\" sizes=\"(max-width: 1024px) 100vw, 1024px\" \/><div class=\"wp-block-cover__inner-container is-layout-flow wp-block-cover-is-layout-flow\">\n<p class=\"has-text-align-center has-large-font-size\">&nbsp;<\/p>\n<\/div><\/div>\n\n\n\n<div style=\"height:100px\" aria-hidden=\"true\" class=\"wp-block-spacer\"><\/div>\n\n\n\n<div class=\"wp-block-cover alignfull\" style=\"min-height:600px;aspect-ratio:unset;\"><span aria-hidden=\"true\" class=\"wp-block-cover__background has-nv-dark-bg-background-color has-background-dim-100 has-background-dim\"><\/span><div class=\"wp-block-cover__inner-container is-layout-flow wp-block-cover-is-layout-flow\">\n<div class=\"wp-block-group\"><div class=\"wp-block-group__inner-container is-layout-flow wp-block-group-is-layout-flow\">\n<div style=\"height:80px\" aria-hidden=\"true\" class=\"wp-block-spacer\"><\/div>\n\n\n\n<div class=\"wp-block-columns are-vertically-aligned-center is-layout-flex wp-container-core-columns-is-layout-9d6595d7 wp-block-columns-is-layout-flex\">\n<div class=\"wp-block-column is-vertically-aligned-center is-layout-flow wp-block-column-is-layout-flow\" style=\"flex-basis:50%\">\n<h2 class=\"wp-block-heading has-nv-text-dark-bg-color has-text-color\" id=\"h-desenvolva-seu-proximo-produto-conosco\">Desenvolva seu pr\u00f3ximo produto conosco!<\/h2>\n\n\n\n<p>We work with companies of all sizes to build world class products.<\/p>\n\n\n\n<div style=\"height:20px\" aria-hidden=\"true\" class=\"wp-block-spacer\"><\/div>\n\n\n\n<div class=\"wp-block-buttons is-layout-flex wp-block-buttons-is-layout-flex\">\n<div class=\"wp-block-button is-style-primary\"><a class=\"wp-block-button__link wp-element-button\" href=\"http:\/\/www.cenpcba.com\/contact-us\/\" target=\"_blank\" rel=\"noreferrer noopener\">VAMOS CONVERSAR<\/a><\/div>\n<\/div>\n<\/div>\n\n\n\n<div class=\"wp-block-column is-vertically-aligned-center is-layout-flow wp-block-column-is-layout-flow\" style=\"flex-basis:50%\">\n<figure class=\"wp-block-image size-large is-resized\"><img decoding=\"async\" width=\"1024\" height=\"768\" src=\"http:\/\/www.cenpcba.com\/wp-content\/uploads\/2022\/07\/CEN-1024x768.jpg\" alt=\"\" class=\"wp-image-434\" style=\"width:595px;height:446px\" srcset=\"https:\/\/www.cenpcba.com\/wp-content\/uploads\/2022\/07\/CEN-1024x768.jpg 1024w, https:\/\/www.cenpcba.com\/wp-content\/uploads\/2022\/07\/CEN-300x225.jpg 300w, https:\/\/www.cenpcba.com\/wp-content\/uploads\/2022\/07\/CEN-768x576.jpg 768w, https:\/\/www.cenpcba.com\/wp-content\/uploads\/2022\/07\/CEN-1536x1152.jpg 1536w, https:\/\/www.cenpcba.com\/wp-content\/uploads\/2022\/07\/CEN-2048x1536.jpg 2048w\" sizes=\"(max-width: 1024px) 100vw, 1024px\" \/><\/figure>\n<\/div>\n<\/div>\n<\/div><\/div>\n<\/div><\/div>\n\n\n\n<div class=\"wp-block-cover alignfull\" style=\"min-height:420px;aspect-ratio:unset;\"><span aria-hidden=\"true\" class=\"wp-block-cover__background has-nv-site-bg-background-color has-background-dim-100 has-background-dim\"><\/span><div class=\"wp-block-cover__inner-container is-layout-flow wp-block-cover-is-layout-flow\">\n<div style=\"height:80px\" aria-hidden=\"true\" class=\"wp-block-spacer\"><\/div>\n\n\n\n<div class=\"wp-block-columns is-layout-flex wp-container-core-columns-is-layout-9d6595d7 wp-block-columns-is-layout-flex\">\n<div class=\"wp-block-column ticss-4ce656f1 is-layout-flow wp-block-column-is-layout-flow\">\n<figure class=\"wp-block-image size-full icon-style is-style-rounded\"><img loading=\"lazy\" decoding=\"async\" width=\"72\" height=\"72\" src=\"http:\/\/www.cenpcba.com\/wp-content\/uploads\/2022\/07\/Choose-Right.png\" alt=\"\" class=\"wp-image-531\"\/><\/figure>\n\n\n\n<h3 class=\"wp-block-heading has-text-align-left has-text-align-center has-neve-text-color-color has-text-color\" id=\"h-super-eficiente\">Super Eficiente<\/h3>\n\n\n\n<div style=\"height:20px\" aria-hidden=\"true\" class=\"wp-block-spacer\"><\/div>\n<\/div>\n\n\n\n<div class=\"wp-block-column ticss-f6fc7494 is-layout-flow wp-block-column-is-layout-flow\">\n<figure class=\"wp-block-image size-full icon-style is-style-rounded\"><img loading=\"lazy\" decoding=\"async\" width=\"72\" height=\"72\" src=\"http:\/\/www.cenpcba.com\/wp-content\/uploads\/2022\/07\/Choose-Right.png\" alt=\"\" class=\"wp-image-531\"\/><\/figure>\n\n\n\n<h3 class=\"wp-block-heading has-text-align-left has-text-align-center has-neve-text-color-color has-text-color\" id=\"h-profundamente-comprometidos\">Profundamente Comprometidos<\/h3>\n\n\n\n<div style=\"height:20px\" aria-hidden=\"true\" class=\"wp-block-spacer\"><\/div>\n<\/div>\n\n\n\n<div class=\"wp-block-column ticss-a5b4df29 is-layout-flow wp-block-column-is-layout-flow\">\n<figure class=\"wp-block-image size-full icon-style is-style-rounded\"><img loading=\"lazy\" decoding=\"async\" width=\"72\" height=\"72\" src=\"http:\/\/www.cenpcba.com\/wp-content\/uploads\/2022\/07\/Choose-Right.png\" alt=\"\" class=\"wp-image-531\"\/><\/figure>\n\n\n\n<h3 class=\"wp-block-heading has-text-align-left has-text-align-center has-neve-text-color-color has-text-color\" id=\"h-altamente-qualificados\">Altamente Qualificados<\/h3>\n\n\n\n<div style=\"height:20px\" aria-hidden=\"true\" class=\"wp-block-spacer\"><\/div>\n<\/div>\n<\/div>\n\n\n\n<div style=\"height:30px\" aria-hidden=\"true\" class=\"wp-block-spacer\"><\/div>\n<\/div><\/div>\n","protected":false},"excerpt":{"rendered":"<p>Fundada em 2013, a CEN PCBA \u00e9 uma fornecedora de servi\u00e7os completos de manufatura eletr\u00f4nica (EMS) com sede em Shenzhen. Oferecemos uma solu\u00e7\u00e3o de fabrica\u00e7\u00e3o completa, incluindo aquisi\u00e7\u00e3o de materiais, montagem de placas de circuito impresso (PCBA), montagem de produtos acabados, testes em n\u00edvel de sistema e muito mais. Nossos principais mercados incluem sa\u00fade, controle&hellip;&nbsp;<a href=\"https:\/\/www.cenpcba.com\/pt-br\/about-us\/\" class=\"\" rel=\"bookmark\">Read More &raquo;<span class=\"screen-reader-text\">About Us<\/span><\/a><\/p>\n","protected":false},"author":1,"featured_media":0,"parent":0,"menu_order":0,"comment_status":"closed","ping_status":"closed","template":"","meta":{"neve_meta_sidebar":"","neve_meta_container":"","neve_meta_enable_content_width":"on","neve_meta_content_width":100,"neve_meta_title_alignment":"","neve_meta_author_avatar":"","neve_post_elements_order":"","neve_meta_disable_header":"","neve_meta_disable_footer":"","neve_meta_disable_title":"on","neve_meta_reading_time":"","_joinchat":[],"footnotes":""},"class_list":["post-2329","page","type-page","status-publish","hentry"],"yoast_head":"<!-- This site is optimized with the Yoast SEO Premium plugin v23.2 (Yoast SEO v25.8) - https:\/\/yoast.com\/wordpress\/plugins\/seo\/ -->\n<title>About Us | CEN PCBA | Fabrica\u00e7\u00e3o Contratada de PCBA na China<\/title>\n<meta name=\"description\" content=\"CEN PCBA | PCB, PCBA, Montagem de Box Build e Cabos \u2013 Servi\u00e7o Completo de Manufatura Turn-Key | Fabricante Eletr\u00f4nico por Contrato\" \/>\n<meta name=\"robots\" content=\"index, follow, max-snippet:-1, max-image-preview:large, max-video-preview:-1\" \/>\n<link rel=\"canonical\" href=\"https:\/\/www.cenpcba.com\/pt-br\/about-us\/\" \/>\n<meta property=\"og:locale\" content=\"pt_BR\" \/>\n<meta property=\"og:type\" content=\"article\" \/>\n<meta property=\"og:title\" content=\"About Us\" \/>\n<meta property=\"og:description\" content=\"CEN PCBA | PCB, PCBA, Montagem de Box Build e Cabos \u2013 Servi\u00e7o Completo de Manufatura Turn-Key | Fabricante Eletr\u00f4nico por Contrato\" \/>\n<meta property=\"og:url\" content=\"https:\/\/www.cenpcba.com\/pt-br\/about-us\/\" \/>\n<meta property=\"og:site_name\" content=\"Contract Manufacturing\" \/>\n<meta property=\"article:publisher\" content=\"https:\/\/www.facebook.com\/cenpcba\" \/>\n<meta property=\"article:modified_time\" content=\"2025-03-01T09:29:40+00:00\" \/>\n<meta property=\"og:image\" content=\"http:\/\/www.cenpcba.com\/wp-content\/uploads\/2022\/07\/iot-1-1024x448.jpg\" \/>\n<meta name=\"twitter:card\" content=\"summary_large_image\" \/>\n<meta name=\"twitter:label1\" content=\"Est. tempo de leitura\" \/>\n\t<meta name=\"twitter:data1\" content=\"3 minutos\" \/>\n<script type=\"application\/ld+json\" class=\"yoast-schema-graph\">{\"@context\":\"https:\/\/schema.org\",\"@graph\":[{\"@type\":\"WebPage\",\"@id\":\"https:\/\/www.cenpcba.com\/pt-br\/about-us\/\",\"url\":\"https:\/\/www.cenpcba.com\/pt-br\/about-us\/\",\"name\":\"About Us | CEN PCBA | Fabrica\u00e7\u00e3o Contratada de PCBA na China\",\"isPartOf\":{\"@id\":\"https:\/\/www.cenpcba.com\/pt-br\/#website\"},\"primaryImageOfPage\":{\"@id\":\"https:\/\/www.cenpcba.com\/pt-br\/about-us\/#primaryimage\"},\"image\":{\"@id\":\"https:\/\/www.cenpcba.com\/pt-br\/about-us\/#primaryimage\"},\"thumbnailUrl\":\"http:\/\/www.cenpcba.com\/wp-content\/uploads\/2022\/07\/iot-1-1024x448.jpg\",\"datePublished\":\"2020-01-23T10:21:52+00:00\",\"dateModified\":\"2025-03-01T09:29:40+00:00\",\"description\":\"CEN PCBA | PCB, PCBA, Montagem de Box Build e Cabos \u2013 Servi\u00e7o Completo de Manufatura Turn-Key | Fabricante Eletr\u00f4nico por Contrato\",\"breadcrumb\":{\"@id\":\"https:\/\/www.cenpcba.com\/pt-br\/about-us\/#breadcrumb\"},\"inLanguage\":\"pt-BR\",\"potentialAction\":[{\"@type\":\"ReadAction\",\"target\":[\"https:\/\/www.cenpcba.com\/pt-br\/about-us\/\"]}]},{\"@type\":\"ImageObject\",\"inLanguage\":\"pt-BR\",\"@id\":\"https:\/\/www.cenpcba.com\/pt-br\/about-us\/#primaryimage\",\"url\":\"http:\/\/www.cenpcba.com\/wp-content\/uploads\/2022\/07\/iot-1-1024x448.jpg\",\"contentUrl\":\"http:\/\/www.cenpcba.com\/wp-content\/uploads\/2022\/07\/iot-1-1024x448.jpg\"},{\"@type\":\"BreadcrumbList\",\"@id\":\"https:\/\/www.cenpcba.com\/pt-br\/about-us\/#breadcrumb\",\"itemListElement\":[{\"@type\":\"ListItem\",\"position\":1,\"name\":\"\u9996\u9875\",\"item\":\"https:\/\/www.cenpcba.com\/pt-br\/\"},{\"@type\":\"ListItem\",\"position\":2,\"name\":\"About Us\"}]},{\"@type\":\"WebSite\",\"@id\":\"https:\/\/www.cenpcba.com\/pt-br\/#website\",\"url\":\"https:\/\/www.cenpcba.com\/pt-br\/\",\"name\":\"Contact Electronic Manufacturing Service Factory in Shenzhen, China\",\"description\":\"PCB Assembly\",\"publisher\":{\"@id\":\"https:\/\/www.cenpcba.com\/pt-br\/#organization\"},\"alternateName\":\"One stop EMS service from PCB Manufacturing, Pcb assembly, smt, dip box assembly\",\"potentialAction\":[{\"@type\":\"SearchAction\",\"target\":{\"@type\":\"EntryPoint\",\"urlTemplate\":\"https:\/\/www.cenpcba.com\/pt-br\/?s={search_term_string}\"},\"query-input\":{\"@type\":\"PropertyValueSpecification\",\"valueRequired\":true,\"valueName\":\"search_term_string\"}}],\"inLanguage\":\"pt-BR\"},{\"@type\":\"Organization\",\"@id\":\"https:\/\/www.cenpcba.com\/pt-br\/#organization\",\"name\":\"CEN Electronic Technology Co., Ltd\",\"alternateName\":\"CEN PCBA\",\"url\":\"https:\/\/www.cenpcba.com\/pt-br\/\",\"logo\":{\"@type\":\"ImageObject\",\"inLanguage\":\"pt-BR\",\"@id\":\"https:\/\/www.cenpcba.com\/pt-br\/#\/schema\/logo\/image\/\",\"url\":\"http:\/\/www.cenpcba.com\/wp-content\/uploads\/2022\/07\/CEN-Logo-L.png\",\"contentUrl\":\"http:\/\/www.cenpcba.com\/wp-content\/uploads\/2022\/07\/CEN-Logo-L.png\",\"width\":960,\"height\":856,\"caption\":\"CEN Electronic Technology Co., Ltd\"},\"image\":{\"@id\":\"https:\/\/www.cenpcba.com\/pt-br\/#\/schema\/logo\/image\/\"},\"sameAs\":[\"https:\/\/www.facebook.com\/cenpcba\",\"https:\/\/www.linkedin.com\/company\/cenpcba\"]}]}<\/script>\n<!-- \/ Yoast SEO Premium plugin. -->","yoast_head_json":{"title":"About Us | CEN PCBA | Fabrica\u00e7\u00e3o Contratada de PCBA na China","description":"CEN PCBA | PCB, PCBA, Montagem de Box Build e Cabos \u2013 Servi\u00e7o Completo de Manufatura Turn-Key | Fabricante Eletr\u00f4nico por Contrato","robots":{"index":"index","follow":"follow","max-snippet":"max-snippet:-1","max-image-preview":"max-image-preview:large","max-video-preview":"max-video-preview:-1"},"canonical":"https:\/\/www.cenpcba.com\/pt-br\/about-us\/","og_locale":"pt_BR","og_type":"article","og_title":"About Us","og_description":"CEN PCBA | PCB, PCBA, Montagem de Box Build e Cabos \u2013 Servi\u00e7o Completo de Manufatura Turn-Key | Fabricante Eletr\u00f4nico por Contrato","og_url":"https:\/\/www.cenpcba.com\/pt-br\/about-us\/","og_site_name":"Contract Manufacturing","article_publisher":"https:\/\/www.facebook.com\/cenpcba","article_modified_time":"2025-03-01T09:29:40+00:00","og_image":[{"url":"http:\/\/www.cenpcba.com\/wp-content\/uploads\/2022\/07\/iot-1-1024x448.jpg","type":"","width":"","height":""}],"twitter_card":"summary_large_image","twitter_misc":{"Est. tempo de leitura":"3 minutos"},"schema":{"@context":"https:\/\/schema.org","@graph":[{"@type":"WebPage","@id":"https:\/\/www.cenpcba.com\/pt-br\/about-us\/","url":"https:\/\/www.cenpcba.com\/pt-br\/about-us\/","name":"About Us | CEN PCBA | Fabrica\u00e7\u00e3o Contratada de PCBA na China","isPartOf":{"@id":"https:\/\/www.cenpcba.com\/pt-br\/#website"},"primaryImageOfPage":{"@id":"https:\/\/www.cenpcba.com\/pt-br\/about-us\/#primaryimage"},"image":{"@id":"https:\/\/www.cenpcba.com\/pt-br\/about-us\/#primaryimage"},"thumbnailUrl":"http:\/\/www.cenpcba.com\/wp-content\/uploads\/2022\/07\/iot-1-1024x448.jpg","datePublished":"2020-01-23T10:21:52+00:00","dateModified":"2025-03-01T09:29:40+00:00","description":"CEN PCBA | PCB, PCBA, Montagem de Box Build e Cabos \u2013 Servi\u00e7o Completo de Manufatura Turn-Key | Fabricante Eletr\u00f4nico por Contrato","breadcrumb":{"@id":"https:\/\/www.cenpcba.com\/pt-br\/about-us\/#breadcrumb"},"inLanguage":"pt-BR","potentialAction":[{"@type":"ReadAction","target":["https:\/\/www.cenpcba.com\/pt-br\/about-us\/"]}]},{"@type":"ImageObject","inLanguage":"pt-BR","@id":"https:\/\/www.cenpcba.com\/pt-br\/about-us\/#primaryimage","url":"http:\/\/www.cenpcba.com\/wp-content\/uploads\/2022\/07\/iot-1-1024x448.jpg","contentUrl":"http:\/\/www.cenpcba.com\/wp-content\/uploads\/2022\/07\/iot-1-1024x448.jpg"},{"@type":"BreadcrumbList","@id":"https:\/\/www.cenpcba.com\/pt-br\/about-us\/#breadcrumb","itemListElement":[{"@type":"ListItem","position":1,"name":"\u9996\u9875","item":"https:\/\/www.cenpcba.com\/pt-br\/"},{"@type":"ListItem","position":2,"name":"About Us"}]},{"@type":"WebSite","@id":"https:\/\/www.cenpcba.com\/pt-br\/#website","url":"https:\/\/www.cenpcba.com\/pt-br\/","name":"Contact Electronic Manufacturing Service Factory in Shenzhen, China","description":"PCB Assembly","publisher":{"@id":"https:\/\/www.cenpcba.com\/pt-br\/#organization"},"alternateName":"One stop EMS service from PCB Manufacturing, Pcb assembly, smt, dip box assembly","potentialAction":[{"@type":"SearchAction","target":{"@type":"EntryPoint","urlTemplate":"https:\/\/www.cenpcba.com\/pt-br\/?s={search_term_string}"},"query-input":{"@type":"PropertyValueSpecification","valueRequired":true,"valueName":"search_term_string"}}],"inLanguage":"pt-BR"},{"@type":"Organization","@id":"https:\/\/www.cenpcba.com\/pt-br\/#organization","name":"CEN Electronic Technology Co., Ltd","alternateName":"CEN PCBA","url":"https:\/\/www.cenpcba.com\/pt-br\/","logo":{"@type":"ImageObject","inLanguage":"pt-BR","@id":"https:\/\/www.cenpcba.com\/pt-br\/#\/schema\/logo\/image\/","url":"http:\/\/www.cenpcba.com\/wp-content\/uploads\/2022\/07\/CEN-Logo-L.png","contentUrl":"http:\/\/www.cenpcba.com\/wp-content\/uploads\/2022\/07\/CEN-Logo-L.png","width":960,"height":856,"caption":"CEN Electronic Technology Co., Ltd"},"image":{"@id":"https:\/\/www.cenpcba.com\/pt-br\/#\/schema\/logo\/image\/"},"sameAs":["https:\/\/www.facebook.com\/cenpcba","https:\/\/www.linkedin.com\/company\/cenpcba"]}]}},"_links":{"self":[{"href":"https:\/\/www.cenpcba.com\/pt-br\/wp-json\/wp\/v2\/pages\/2329","targetHints":{"allow":["GET"]}}],"collection":[{"href":"https:\/\/www.cenpcba.com\/pt-br\/wp-json\/wp\/v2\/pages"}],"about":[{"href":"https:\/\/www.cenpcba.com\/pt-br\/wp-json\/wp\/v2\/types\/page"}],"author":[{"embeddable":true,"href":"https:\/\/www.cenpcba.com\/pt-br\/wp-json\/wp\/v2\/users\/1"}],"replies":[{"embeddable":true,"href":"https:\/\/www.cenpcba.com\/pt-br\/wp-json\/wp\/v2\/comments?post=2329"}],"version-history":[{"count":2,"href":"https:\/\/www.cenpcba.com\/pt-br\/wp-json\/wp\/v2\/pages\/2329\/revisions"}],"predecessor-version":[{"id":2648,"href":"https:\/\/www.cenpcba.com\/pt-br\/wp-json\/wp\/v2\/pages\/2329\/revisions\/2648"}],"wp:attachment":[{"href":"https:\/\/www.cenpcba.com\/pt-br\/wp-json\/wp\/v2\/media?parent=2329"}],"curies":[{"name":"wp","href":"https:\/\/api.w.org\/{rel}","templated":true}]}}