{"id":2471,"date":"2022-07-10T18:40:02","date_gmt":"2022-07-10T10:40:02","guid":{"rendered":"http:\/\/www.cenpcba.com\/components-sourcing\/"},"modified":"2025-03-04T10:21:28","modified_gmt":"2025-03-04T02:21:28","slug":"components-sourcing","status":"publish","type":"page","link":"https:\/\/www.cenpcba.com\/pt-br\/components-sourcing\/","title":{"rendered":"Aquisi\u00e7\u00e3o de Componentes"},"content":{"rendered":"\n<div class=\"wp-block-cover alignfull is-light\" style=\"min-height:303px;aspect-ratio:unset;\"><span aria-hidden=\"true\" class=\"wp-block-cover__background has-background-dim-30 has-background-dim\"><\/span><img fetchpriority=\"high\" decoding=\"async\" width=\"640\" height=\"640\" class=\"wp-block-cover__image-background wp-image-574\" alt=\"\" src=\"http:\/\/www.cenpcba.com\/wp-content\/uploads\/2022\/07\/IC.jpg\" style=\"object-position:56% 64%\" data-object-fit=\"cover\" data-object-position=\"56% 64%\" srcset=\"https:\/\/www.cenpcba.com\/wp-content\/uploads\/2022\/07\/IC.jpg 640w, https:\/\/www.cenpcba.com\/wp-content\/uploads\/2022\/07\/IC-300x300.jpg 300w, https:\/\/www.cenpcba.com\/wp-content\/uploads\/2022\/07\/IC-150x150.jpg 150w\" sizes=\"(max-width: 640px) 100vw, 640px\" \/><div class=\"wp-block-cover__inner-container is-layout-flow wp-block-cover-is-layout-flow\">\n<h1 class=\"wp-block-heading has-text-align-center has-nv-site-bg-color has-text-color has-large-font-size\" id=\"h-aquisicao-de-componentes\">Aquisi\u00e7\u00e3o de Componentes<\/h1>\n<\/div><\/div>\n\n\n\n<div style=\"height:117px\" aria-hidden=\"true\" class=\"wp-block-spacer\"><\/div>\n\n\n\n<div class=\"wp-block-columns is-layout-flex wp-container-core-columns-is-layout-9d6595d7 wp-block-columns-is-layout-flex\">\n<div class=\"wp-block-column is-layout-flow wp-block-column-is-layout-flow\">\n<figure class=\"wp-block-image size-full is-resized\"><img decoding=\"async\" width=\"960\" height=\"856\" src=\"http:\/\/www.cenpcba.com\/wp-content\/uploads\/2022\/07\/component-sourcing.jpg\" alt=\"\" class=\"wp-image-368\" style=\"width:385px;height:343px\" srcset=\"https:\/\/www.cenpcba.com\/wp-content\/uploads\/2022\/07\/component-sourcing.jpg 960w, https:\/\/www.cenpcba.com\/wp-content\/uploads\/2022\/07\/component-sourcing-300x268.jpg 300w, https:\/\/www.cenpcba.com\/wp-content\/uploads\/2022\/07\/component-sourcing-768x685.jpg 768w\" sizes=\"(max-width: 960px) 100vw, 960px\" \/><\/figure>\n<\/div>\n\n\n\n<div class=\"wp-block-column is-layout-flow wp-block-column-is-layout-flow\">\n<h2 class=\"wp-block-heading has-medium-font-size\" id=\"h-aquisicao-de-componentes-0\">Aquisi\u00e7\u00e3o de Componentes<\/h2>\n\n\n\n<p class=\"has-small-font-size\">A CEN oferece um servi\u00e7o completo de fabrica\u00e7\u00e3o OEM\/ODM para clientes em todo o mundo. Nossa experi\u00eancia de anos na montagem de circuitos nos permitiu estabelecer fortes rela\u00e7\u00f5es de coopera\u00e7\u00e3o com distribuidores autorizados de componentes, o que nos possibilita obter qualquer componente necess\u00e1rio a pre\u00e7os competitivos.<\/p>\n\n\n\n<p class=\"has-small-font-size\">Para garantir a durabilidade, qualidade e desempenho dos componentes e fornecer \u00e0s suas placas de circuito as melhores funcionalidades poss\u00edveis, adquirimos todos os componentes de distribuidores autorizados. Caso seu projeto tenha um or\u00e7amento muito limitado e seja necess\u00e1rio recorrer a fornecedores selecionados por voc\u00ea, que ofere\u00e7am pre\u00e7os mais baixos do que os distribuidores autorizados, podemos comprar desses fornecedores recomendados para reduzir o custo de produ\u00e7\u00e3o. No entanto, pedimos que compreenda que n\u00e3o garantimos a qualidade e o desempenho dos componentes adquiridos atrav\u00e9s desses canais.<\/p>\n<\/div>\n<\/div>\n\n\n\n<div style=\"height:100px\" aria-hidden=\"true\" class=\"wp-block-spacer\"><\/div>\n\n\n\n<div class=\"wp-block-columns is-layout-flex wp-container-core-columns-is-layout-9d6595d7 wp-block-columns-is-layout-flex\">\n<div class=\"wp-block-column is-layout-flow wp-block-column-is-layout-flow\">\n<h2 class=\"wp-block-heading has-medium-font-size\" id=\"h-vantagens-competitivas-da-cen-na-aquisicao-de-componentes\">Vantagens competitivas da CEN na aquisi\u00e7\u00e3o de componentes:<\/h2>\n\n\n\n<ul class=\"wp-block-list has-small-font-size\">\n<li>\u2714 Atendimento ao cliente excepcional<\/li>\n\n\n\n<li>\u2714 Fornecedores de componentes autorizados<\/li>\n\n\n\n<li>\u2714 Solu\u00e7\u00f5es econ\u00f4micas<\/li>\n\n\n\n<li>\u2714 Tempo reduzido de aquisi\u00e7\u00e3o<\/li>\n\n\n\n<li>\u2714 Total rastreabilidade e gerenciamento de obsolesc\u00eancia<\/li>\n\n\n\n<li>\u2714 Servi\u00e7os personalizados e diversificados na aquisi\u00e7\u00e3o de componentes<\/li>\n<\/ul>\n<\/div>\n\n\n\n<div class=\"wp-block-column is-layout-flow wp-block-column-is-layout-flow\">\n<figure class=\"wp-block-image size-full is-resized\"><img decoding=\"async\" width=\"1000\" height=\"674\" src=\"http:\/\/www.cenpcba.com\/wp-content\/uploads\/2022\/07\/20210616151945.jpg\" alt=\"\" class=\"wp-image-577\" style=\"width:433px;height:291px\" srcset=\"https:\/\/www.cenpcba.com\/wp-content\/uploads\/2022\/07\/20210616151945.jpg 1000w, https:\/\/www.cenpcba.com\/wp-content\/uploads\/2022\/07\/20210616151945-300x202.jpg 300w, https:\/\/www.cenpcba.com\/wp-content\/uploads\/2022\/07\/20210616151945-768x518.jpg 768w\" sizes=\"(max-width: 1000px) 100vw, 1000px\" \/><\/figure>\n<\/div>\n<\/div>\n\n\n\n<div style=\"height:100px\" aria-hidden=\"true\" class=\"wp-block-spacer\"><\/div>\n\n\n\n<div class=\"wp-block-cover alignfull\" style=\"min-height:300px;aspect-ratio:unset;\"><span aria-hidden=\"true\" class=\"wp-block-cover__background has-nv-dark-bg-background-color has-background-dim-100 has-background-dim\"><\/span><div class=\"wp-block-cover__inner-container is-layout-flow wp-block-cover-is-layout-flow\">\n<div style=\"height:80px\" aria-hidden=\"true\" class=\"wp-block-spacer\"><\/div>\n\n\n<div class=\"wp-block-image is-style-rounded\">\n<figure class=\"aligncenter size-full\"><img loading=\"lazy\" decoding=\"async\" width=\"72\" height=\"72\" src=\"http:\/\/www.cenpcba.com\/wp-content\/uploads\/2022\/07\/Choose-Right.png\" alt=\"\" class=\"wp-image-531\"\/><\/figure>\n<\/div>\n\n\n<p class=\"has-text-align-center has-nv-text-dark-bg-color has-text-color\">ESTAMOS AQUI PARA VOC\u00ca<\/p>\n\n\n\n<div class=\"wp-block-buttons is-layout-flex wp-block-buttons-is-layout-flex\">\n<div class=\"wp-block-button aligncenter\"><a class=\"wp-block-button__link has-nv-dark-bg-color has-neve-link-color-background-color has-text-color has-background wp-element-button\" href=\"http:\/\/www.cenpcba.com\/contact-us\/\" target=\"_blank\" rel=\"noreferrer noopener\">Converse com nosso especialista<\/a><\/div>\n<\/div>\n\n\n\n<div style=\"height:80px\" aria-hidden=\"true\" class=\"wp-block-spacer\"><\/div>\n<\/div><\/div>\n","protected":false},"excerpt":{"rendered":"<p>Aquisi\u00e7\u00e3o de Componentes A CEN oferece um servi\u00e7o completo de fabrica\u00e7\u00e3o OEM\/ODM para clientes em todo o mundo. Nossa experi\u00eancia de anos na montagem de circuitos nos permitiu estabelecer fortes rela\u00e7\u00f5es de coopera\u00e7\u00e3o com distribuidores autorizados de componentes, o que nos possibilita obter qualquer componente necess\u00e1rio a pre\u00e7os competitivos. Para garantir a durabilidade, qualidade e&hellip;&nbsp;<a href=\"https:\/\/www.cenpcba.com\/pt-br\/components-sourcing\/\" class=\"\" rel=\"bookmark\">Read More &raquo;<span class=\"screen-reader-text\">Aquisi\u00e7\u00e3o de Componentes<\/span><\/a><\/p>\n","protected":false},"author":1,"featured_media":0,"parent":0,"menu_order":0,"comment_status":"closed","ping_status":"closed","template":"","meta":{"neve_meta_sidebar":"","neve_meta_container":"","neve_meta_enable_content_width":"","neve_meta_content_width":0,"neve_meta_title_alignment":"","neve_meta_author_avatar":"","neve_post_elements_order":"","neve_meta_disable_header":"","neve_meta_disable_footer":"","neve_meta_disable_title":"on","neve_meta_reading_time":"","_joinchat":[],"footnotes":""},"class_list":["post-2471","page","type-page","status-publish","hentry"],"yoast_head":"<!-- This site is optimized with the Yoast SEO Premium plugin v23.2 (Yoast SEO v25.8) - https:\/\/yoast.com\/wordpress\/plugins\/seo\/ -->\n<title>Fornecimento de componentes CEN | Resistores IC Capacitores Diodo Cristal China<\/title>\n<meta name=\"description\" content=\"Fornecimento de componentes CEN Resistores IC Capacitores Diodo Conectores de cristal terminais Fornecimento na China, custo BOM, PCB mfg\" \/>\n<meta name=\"robots\" content=\"index, follow, max-snippet:-1, max-image-preview:large, max-video-preview:-1\" \/>\n<link rel=\"canonical\" href=\"https:\/\/www.cenpcba.com\/pt-br\/components-sourcing\/\" \/>\n<meta property=\"og:locale\" content=\"pt_BR\" \/>\n<meta property=\"og:type\" content=\"article\" \/>\n<meta property=\"og:title\" content=\"Aquisi\u00e7\u00e3o de Componentes\" \/>\n<meta property=\"og:description\" content=\"Fornecimento de componentes CEN Resistores IC Capacitores Diodo Conectores de cristal terminais Fornecimento na China, custo BOM, PCB mfg\" \/>\n<meta property=\"og:url\" content=\"https:\/\/www.cenpcba.com\/pt-br\/components-sourcing\/\" \/>\n<meta property=\"og:site_name\" content=\"Contract Manufacturing\" \/>\n<meta property=\"article:publisher\" content=\"https:\/\/www.facebook.com\/cenpcba\" \/>\n<meta property=\"article:modified_time\" content=\"2025-03-04T02:21:28+00:00\" \/>\n<meta property=\"og:image\" content=\"http:\/\/www.cenpcba.com\/wp-content\/uploads\/2022\/07\/IC.jpg\" \/>\n<meta name=\"twitter:card\" content=\"summary_large_image\" \/>\n<meta name=\"twitter:label1\" content=\"Est. tempo de leitura\" \/>\n\t<meta name=\"twitter:data1\" content=\"2 minutos\" \/>\n<script type=\"application\/ld+json\" class=\"yoast-schema-graph\">{\"@context\":\"https:\/\/schema.org\",\"@graph\":[{\"@type\":\"WebPage\",\"@id\":\"https:\/\/www.cenpcba.com\/pt-br\/components-sourcing\/\",\"url\":\"https:\/\/www.cenpcba.com\/pt-br\/components-sourcing\/\",\"name\":\"Fornecimento de componentes CEN | Resistores IC Capacitores Diodo Cristal China\",\"isPartOf\":{\"@id\":\"https:\/\/www.cenpcba.com\/pt-br\/#website\"},\"primaryImageOfPage\":{\"@id\":\"https:\/\/www.cenpcba.com\/pt-br\/components-sourcing\/#primaryimage\"},\"image\":{\"@id\":\"https:\/\/www.cenpcba.com\/pt-br\/components-sourcing\/#primaryimage\"},\"thumbnailUrl\":\"http:\/\/www.cenpcba.com\/wp-content\/uploads\/2022\/07\/IC.jpg\",\"datePublished\":\"2022-07-10T10:40:02+00:00\",\"dateModified\":\"2025-03-04T02:21:28+00:00\",\"description\":\"Fornecimento de componentes CEN Resistores IC Capacitores Diodo Conectores de cristal terminais Fornecimento na China, custo BOM, PCB mfg\",\"breadcrumb\":{\"@id\":\"https:\/\/www.cenpcba.com\/pt-br\/components-sourcing\/#breadcrumb\"},\"inLanguage\":\"pt-BR\",\"potentialAction\":[{\"@type\":\"ReadAction\",\"target\":[\"https:\/\/www.cenpcba.com\/pt-br\/components-sourcing\/\"]}]},{\"@type\":\"ImageObject\",\"inLanguage\":\"pt-BR\",\"@id\":\"https:\/\/www.cenpcba.com\/pt-br\/components-sourcing\/#primaryimage\",\"url\":\"http:\/\/www.cenpcba.com\/wp-content\/uploads\/2022\/07\/IC.jpg\",\"contentUrl\":\"http:\/\/www.cenpcba.com\/wp-content\/uploads\/2022\/07\/IC.jpg\"},{\"@type\":\"BreadcrumbList\",\"@id\":\"https:\/\/www.cenpcba.com\/pt-br\/components-sourcing\/#breadcrumb\",\"itemListElement\":[{\"@type\":\"ListItem\",\"position\":1,\"name\":\"\u9996\u9875\",\"item\":\"https:\/\/www.cenpcba.com\/pt-br\/\"},{\"@type\":\"ListItem\",\"position\":2,\"name\":\"Aquisi\u00e7\u00e3o de Componentes\"}]},{\"@type\":\"WebSite\",\"@id\":\"https:\/\/www.cenpcba.com\/pt-br\/#website\",\"url\":\"https:\/\/www.cenpcba.com\/pt-br\/\",\"name\":\"Contact Electronic Manufacturing Service Factory in Shenzhen, China\",\"description\":\"PCB Assembly\",\"publisher\":{\"@id\":\"https:\/\/www.cenpcba.com\/pt-br\/#organization\"},\"alternateName\":\"One stop EMS service from PCB Manufacturing, Pcb assembly, smt, dip box assembly\",\"potentialAction\":[{\"@type\":\"SearchAction\",\"target\":{\"@type\":\"EntryPoint\",\"urlTemplate\":\"https:\/\/www.cenpcba.com\/pt-br\/?s={search_term_string}\"},\"query-input\":{\"@type\":\"PropertyValueSpecification\",\"valueRequired\":true,\"valueName\":\"search_term_string\"}}],\"inLanguage\":\"pt-BR\"},{\"@type\":\"Organization\",\"@id\":\"https:\/\/www.cenpcba.com\/pt-br\/#organization\",\"name\":\"CEN Electronic Technology Co., Ltd\",\"alternateName\":\"CEN PCBA\",\"url\":\"https:\/\/www.cenpcba.com\/pt-br\/\",\"logo\":{\"@type\":\"ImageObject\",\"inLanguage\":\"pt-BR\",\"@id\":\"https:\/\/www.cenpcba.com\/pt-br\/#\/schema\/logo\/image\/\",\"url\":\"http:\/\/www.cenpcba.com\/wp-content\/uploads\/2022\/07\/CEN-Logo-L.png\",\"contentUrl\":\"http:\/\/www.cenpcba.com\/wp-content\/uploads\/2022\/07\/CEN-Logo-L.png\",\"width\":960,\"height\":856,\"caption\":\"CEN Electronic Technology Co., Ltd\"},\"image\":{\"@id\":\"https:\/\/www.cenpcba.com\/pt-br\/#\/schema\/logo\/image\/\"},\"sameAs\":[\"https:\/\/www.facebook.com\/cenpcba\",\"https:\/\/www.linkedin.com\/company\/cenpcba\"]}]}<\/script>\n<!-- \/ Yoast SEO Premium plugin. -->","yoast_head_json":{"title":"Fornecimento de componentes CEN | Resistores IC Capacitores Diodo Cristal China","description":"Fornecimento de componentes CEN Resistores IC Capacitores Diodo Conectores de cristal terminais Fornecimento na China, custo BOM, PCB mfg","robots":{"index":"index","follow":"follow","max-snippet":"max-snippet:-1","max-image-preview":"max-image-preview:large","max-video-preview":"max-video-preview:-1"},"canonical":"https:\/\/www.cenpcba.com\/pt-br\/components-sourcing\/","og_locale":"pt_BR","og_type":"article","og_title":"Aquisi\u00e7\u00e3o de Componentes","og_description":"Fornecimento de componentes CEN Resistores IC Capacitores Diodo Conectores de cristal terminais Fornecimento na China, custo BOM, PCB mfg","og_url":"https:\/\/www.cenpcba.com\/pt-br\/components-sourcing\/","og_site_name":"Contract Manufacturing","article_publisher":"https:\/\/www.facebook.com\/cenpcba","article_modified_time":"2025-03-04T02:21:28+00:00","og_image":[{"url":"http:\/\/www.cenpcba.com\/wp-content\/uploads\/2022\/07\/IC.jpg","type":"","width":"","height":""}],"twitter_card":"summary_large_image","twitter_misc":{"Est. tempo de leitura":"2 minutos"},"schema":{"@context":"https:\/\/schema.org","@graph":[{"@type":"WebPage","@id":"https:\/\/www.cenpcba.com\/pt-br\/components-sourcing\/","url":"https:\/\/www.cenpcba.com\/pt-br\/components-sourcing\/","name":"Fornecimento de componentes CEN | Resistores IC Capacitores Diodo Cristal China","isPartOf":{"@id":"https:\/\/www.cenpcba.com\/pt-br\/#website"},"primaryImageOfPage":{"@id":"https:\/\/www.cenpcba.com\/pt-br\/components-sourcing\/#primaryimage"},"image":{"@id":"https:\/\/www.cenpcba.com\/pt-br\/components-sourcing\/#primaryimage"},"thumbnailUrl":"http:\/\/www.cenpcba.com\/wp-content\/uploads\/2022\/07\/IC.jpg","datePublished":"2022-07-10T10:40:02+00:00","dateModified":"2025-03-04T02:21:28+00:00","description":"Fornecimento de componentes CEN Resistores IC Capacitores Diodo Conectores de cristal terminais Fornecimento na China, custo BOM, PCB mfg","breadcrumb":{"@id":"https:\/\/www.cenpcba.com\/pt-br\/components-sourcing\/#breadcrumb"},"inLanguage":"pt-BR","potentialAction":[{"@type":"ReadAction","target":["https:\/\/www.cenpcba.com\/pt-br\/components-sourcing\/"]}]},{"@type":"ImageObject","inLanguage":"pt-BR","@id":"https:\/\/www.cenpcba.com\/pt-br\/components-sourcing\/#primaryimage","url":"http:\/\/www.cenpcba.com\/wp-content\/uploads\/2022\/07\/IC.jpg","contentUrl":"http:\/\/www.cenpcba.com\/wp-content\/uploads\/2022\/07\/IC.jpg"},{"@type":"BreadcrumbList","@id":"https:\/\/www.cenpcba.com\/pt-br\/components-sourcing\/#breadcrumb","itemListElement":[{"@type":"ListItem","position":1,"name":"\u9996\u9875","item":"https:\/\/www.cenpcba.com\/pt-br\/"},{"@type":"ListItem","position":2,"name":"Aquisi\u00e7\u00e3o de Componentes"}]},{"@type":"WebSite","@id":"https:\/\/www.cenpcba.com\/pt-br\/#website","url":"https:\/\/www.cenpcba.com\/pt-br\/","name":"Contact Electronic Manufacturing Service Factory in Shenzhen, China","description":"PCB Assembly","publisher":{"@id":"https:\/\/www.cenpcba.com\/pt-br\/#organization"},"alternateName":"One stop EMS service from PCB Manufacturing, Pcb assembly, smt, dip box assembly","potentialAction":[{"@type":"SearchAction","target":{"@type":"EntryPoint","urlTemplate":"https:\/\/www.cenpcba.com\/pt-br\/?s={search_term_string}"},"query-input":{"@type":"PropertyValueSpecification","valueRequired":true,"valueName":"search_term_string"}}],"inLanguage":"pt-BR"},{"@type":"Organization","@id":"https:\/\/www.cenpcba.com\/pt-br\/#organization","name":"CEN Electronic Technology Co., Ltd","alternateName":"CEN PCBA","url":"https:\/\/www.cenpcba.com\/pt-br\/","logo":{"@type":"ImageObject","inLanguage":"pt-BR","@id":"https:\/\/www.cenpcba.com\/pt-br\/#\/schema\/logo\/image\/","url":"http:\/\/www.cenpcba.com\/wp-content\/uploads\/2022\/07\/CEN-Logo-L.png","contentUrl":"http:\/\/www.cenpcba.com\/wp-content\/uploads\/2022\/07\/CEN-Logo-L.png","width":960,"height":856,"caption":"CEN Electronic Technology Co., Ltd"},"image":{"@id":"https:\/\/www.cenpcba.com\/pt-br\/#\/schema\/logo\/image\/"},"sameAs":["https:\/\/www.facebook.com\/cenpcba","https:\/\/www.linkedin.com\/company\/cenpcba"]}]}},"_links":{"self":[{"href":"https:\/\/www.cenpcba.com\/pt-br\/wp-json\/wp\/v2\/pages\/2471","targetHints":{"allow":["GET"]}}],"collection":[{"href":"https:\/\/www.cenpcba.com\/pt-br\/wp-json\/wp\/v2\/pages"}],"about":[{"href":"https:\/\/www.cenpcba.com\/pt-br\/wp-json\/wp\/v2\/types\/page"}],"author":[{"embeddable":true,"href":"https:\/\/www.cenpcba.com\/pt-br\/wp-json\/wp\/v2\/users\/1"}],"replies":[{"embeddable":true,"href":"https:\/\/www.cenpcba.com\/pt-br\/wp-json\/wp\/v2\/comments?post=2471"}],"version-history":[{"count":2,"href":"https:\/\/www.cenpcba.com\/pt-br\/wp-json\/wp\/v2\/pages\/2471\/revisions"}],"predecessor-version":[{"id":2683,"href":"https:\/\/www.cenpcba.com\/pt-br\/wp-json\/wp\/v2\/pages\/2471\/revisions\/2683"}],"wp:attachment":[{"href":"https:\/\/www.cenpcba.com\/pt-br\/wp-json\/wp\/v2\/media?parent=2471"}],"curies":[{"name":"wp","href":"https:\/\/api.w.org\/{rel}","templated":true}]}}