{"id":2481,"date":"2022-07-10T19:44:12","date_gmt":"2022-07-10T11:44:12","guid":{"rendered":"http:\/\/www.cenpcba.com\/engineeing\/"},"modified":"2025-03-04T09:51:52","modified_gmt":"2025-03-04T01:51:52","slug":"engineeing","status":"publish","type":"page","link":"https:\/\/www.cenpcba.com\/pt-br\/engineeing\/","title":{"rendered":"Engenharia"},"content":{"rendered":"\n<div class=\"wp-block-cover alignfull\" style=\"min-height:434px;aspect-ratio:unset;\"><span aria-hidden=\"true\" class=\"wp-block-cover__background has-background-dim\" style=\"background-color:#606a68\"><\/span><img fetchpriority=\"high\" decoding=\"async\" width=\"889\" height=\"500\" class=\"wp-block-cover__image-background wp-image-1122\" alt=\"PCB Design\" src=\"http:\/\/www.cenpcba.com\/wp-content\/uploads\/2024\/04\/PCB-Design-2.webp.jpg\" style=\"object-position:44% 72%\" data-object-fit=\"cover\" data-object-position=\"44% 72%\" srcset=\"https:\/\/www.cenpcba.com\/wp-content\/uploads\/2024\/04\/PCB-Design-2.webp.jpg 889w, https:\/\/www.cenpcba.com\/wp-content\/uploads\/2024\/04\/PCB-Design-2.webp-300x169.jpg 300w, https:\/\/www.cenpcba.com\/wp-content\/uploads\/2024\/04\/PCB-Design-2.webp-768x432.jpg 768w\" sizes=\"(max-width: 889px) 100vw, 889px\" \/><div class=\"wp-block-cover__inner-container is-layout-flow wp-block-cover-is-layout-flow\">\n<h1 class=\"wp-block-heading has-text-align-center has-large-font-size\" id=\"h-engenharia\">Engenharia<\/h1>\n<\/div><\/div>\n\n\n\n<div style=\"height:47px\" aria-hidden=\"true\" class=\"wp-block-spacer\"><\/div>\n\n\n\n<div class=\"wp-block-columns is-layout-flex wp-container-core-columns-is-layout-9d6595d7 wp-block-columns-is-layout-flex\">\n<div class=\"wp-block-column is-layout-flow wp-block-column-is-layout-flow\">\n<figure class=\"wp-block-image size-full\"><img decoding=\"async\" width=\"2560\" height=\"1707\" src=\"http:\/\/www.cenpcba.com\/wp-content\/uploads\/2024\/04\/PCB-Assembly-scaled.jpeg\" alt=\"\" class=\"wp-image-1120\" srcset=\"https:\/\/www.cenpcba.com\/wp-content\/uploads\/2024\/04\/PCB-Assembly-scaled.jpeg 2560w, https:\/\/www.cenpcba.com\/wp-content\/uploads\/2024\/04\/PCB-Assembly-300x200.jpeg 300w, https:\/\/www.cenpcba.com\/wp-content\/uploads\/2024\/04\/PCB-Assembly-1024x683.jpeg 1024w, https:\/\/www.cenpcba.com\/wp-content\/uploads\/2024\/04\/PCB-Assembly-768x512.jpeg 768w, https:\/\/www.cenpcba.com\/wp-content\/uploads\/2024\/04\/PCB-Assembly-1536x1024.jpeg 1536w, https:\/\/www.cenpcba.com\/wp-content\/uploads\/2024\/04\/PCB-Assembly-2048x1365.jpeg 2048w, https:\/\/www.cenpcba.com\/wp-content\/uploads\/2024\/04\/PCB-Assembly-930x620.jpeg 930w\" sizes=\"(max-width: 2560px) 100vw, 2560px\" \/><\/figure>\n<\/div>\n\n\n\n<div class=\"wp-block-column is-layout-flow wp-block-column-is-layout-flow\">\n<h2 class=\"wp-block-heading has-large-font-size\" id=\"h-servicos-de-engenharia-pcba\">Servi\u00e7os de Engenharia PCBA<\/h2>\n\n\n\n<p>Na CEN Electronic Technology, oferecemos uma ampla gama de servi\u00e7os de engenharia para atender \u00e0s suas necessidades de desenvolvimento de produtos. Nossa equipe experiente de engenheiros trabalha em estreita colabora\u00e7\u00e3o com voc\u00ea para entender os requisitos do seu projeto e fornecer solu\u00e7\u00f5es personalizadas para suas demandas exclusivas.<\/p>\n\n\n\n<p>Desde o desenvolvimento do conceito at\u00e9 o design e a prototipagem, nossos engenheiros est\u00e3o preparados para lidar com todas as etapas do processo de desenvolvimento do produto. Tamb\u00e9m oferecemos servi\u00e7os de engenharia de valor e an\u00e1lise de custos para garantir que seu projeto seja eficiente e econ\u00f4mico.<\/p>\n\n\n\n<p>Al\u00e9m disso, fornecemos servi\u00e7os de Design para Fabricabilidade (DFM) para otimizar seu produto para a produ\u00e7\u00e3o. Nossos engenheiros identificam poss\u00edveis problemas de fabrica\u00e7\u00e3o logo no in\u00edcio do processo de design, reduzindo o risco de atrasos e custos adicionais.<\/p>\n<\/div>\n<\/div>\n\n\n\n<div style=\"height:100px\" aria-hidden=\"true\" class=\"wp-block-spacer\"><\/div>\n\n\n\n<div class=\"wp-block-columns is-layout-flex wp-container-core-columns-is-layout-9d6595d7 wp-block-columns-is-layout-flex\">\n<div class=\"wp-block-column is-layout-flow wp-block-column-is-layout-flow\">\n<p><strong>Nossos principais servi\u00e7os incluem:<\/strong><\/p>\n\n\n\n<ul class=\"wp-block-list\">\n<li>\u2714 Servi\u00e7os de Layout de PCB<\/li>\n\n\n\n<li>\u2714 Design de Placa de Circuito Impresso (PCB)<\/li>\n\n\n\n<li>\u2714 Design de Microprocessadores<\/li>\n\n\n\n<li>\u2714 Desenvolvimento de Software<\/li>\n\n\n\n<li>\u2714 Testes de Produtos Eletr\u00f4nicos<\/li>\n\n\n\n<li>\u2714 Suporte \u00e0 Fabrica\u00e7\u00e3o<\/li>\n<\/ul>\n<\/div>\n\n\n\n<div class=\"wp-block-column is-layout-flow wp-block-column-is-layout-flow\">\n<figure class=\"wp-block-image size-large\"><img decoding=\"async\" width=\"1024\" height=\"788\" src=\"http:\/\/www.cenpcba.com\/wp-content\/uploads\/2022\/07\/Engineering-1024x788.png\" alt=\"\" class=\"wp-image-450\" srcset=\"https:\/\/www.cenpcba.com\/wp-content\/uploads\/2022\/07\/Engineering-1024x788.png 1024w, https:\/\/www.cenpcba.com\/wp-content\/uploads\/2022\/07\/Engineering-300x231.png 300w, https:\/\/www.cenpcba.com\/wp-content\/uploads\/2022\/07\/Engineering-768x591.png 768w, https:\/\/www.cenpcba.com\/wp-content\/uploads\/2022\/07\/Engineering.png 1251w\" sizes=\"(max-width: 1024px) 100vw, 1024px\" \/><\/figure>\n<\/div>\n<\/div>\n\n\n\n<div style=\"height:83px\" aria-hidden=\"true\" class=\"wp-block-spacer\"><\/div>\n\n\n\n<p>Na CEN Electronic Technology, estamos comprometidos em fornecer servi\u00e7os de engenharia de alta qualidade para atender \u00e0s necessidades dos nossos clientes. Entre em contato conosco hoje mesmo para saber mais sobre como podemos apoiar o desenvolvimento do seu produto.<\/p>\n\n\n\n<div style=\"height:83px\" aria-hidden=\"true\" class=\"wp-block-spacer\"><\/div>\n\n\n\n<div class=\"wp-block-columns is-layout-flex wp-container-core-columns-is-layout-9d6595d7 wp-block-columns-is-layout-flex\">\n<div class=\"wp-block-column is-layout-flow wp-block-column-is-layout-flow\">\n<figure class=\"wp-block-image size-full\"><img loading=\"lazy\" decoding=\"async\" width=\"600\" height=\"600\" src=\"http:\/\/www.cenpcba.com\/wp-content\/uploads\/2020\/01\/neve-web-design-bg-11.jpg\" alt=\"CEN PCBA\" class=\"wp-image-38\"\/><\/figure>\n<\/div>\n\n\n\n<div class=\"wp-block-column is-layout-flow wp-block-column-is-layout-flow\">\n<h3 class=\"wp-block-heading\" id=\"h-o-que-torna-a-cen-pcba-diferente\">O que torna a CEN PCBA diferente?<\/h3>\n\n\n\n<p>N\u00e3o somos apenas mais uma empresa de design de PCB \u2013 somos seu parceiro completo, do design \u00e0 entrega. Seu sucesso e satisfa\u00e7\u00e3o s\u00e3o nossas prioridades, e trabalhamos com voc\u00ea em cada etapa para garantir que seu design atenda \u00e0s suas necessidades e supere suas expectativas.<\/p>\n\n\n\n<p>Mas isso \u00e9 apenas o come\u00e7o. Nossos servi\u00e7os abrangem todas as fases do seu projeto, desde a concep\u00e7\u00e3o at\u00e9 a entrega. Assim que seus designs forem finalizados, voc\u00ea pode solicitar um or\u00e7amento e receber suas placas de circuito rapidamente.<\/p>\n\n\n\n<p>Com nossa instala\u00e7\u00e3o integrada para fabrica\u00e7\u00e3o e montagem, n\u00e3o h\u00e1 necessidade de m\u00faltiplos fornecedores. Al\u00e9m disso, ajudamos no fornecimento e armazenamento de componentes para atender \u00e0s suas demandas futuras. Oferecemos tamb\u00e9m testes avan\u00e7ados para garantir que suas placas atendam aos mais altos padr\u00f5es de qualidade e desempenho.<\/p>\n<\/div>\n<\/div>\n\n\n\n<div style=\"height:83px\" aria-hidden=\"true\" class=\"wp-block-spacer\"><\/div>\n\n\n\n<div class=\"wp-block-columns is-layout-flex wp-container-core-columns-is-layout-9d6595d7 wp-block-columns-is-layout-flex\">\n<div class=\"wp-block-column is-layout-flow wp-block-column-is-layout-flow\">\n<h3 class=\"wp-block-heading\" id=\"h-apoiamos-voce-em-toda-a-sua-jornada-de-design-de-pcb\">Apoiamos voc\u00ea em toda a sua jornada de design de PCB<\/h3>\n\n\n\n<p>Ao trabalhar conosco, voc\u00ea n\u00e3o precisa come\u00e7ar seu design do zero. Se j\u00e1 iniciou seu projeto e encontrou desafios, nossos especialistas est\u00e3o aqui para ajudar. Basta nos consultar, e forneceremos um or\u00e7amento de design personalizado para atender \u00e0s suas necessidades espec\u00edficas.<\/p>\n\n\n\n<p>Cuidamos de todas as complexidades do seu projeto de PCB \u2013 desde o design e fabrica\u00e7\u00e3o at\u00e9 a montagem \u2013 para que voc\u00ea possa economizar tempo e focar em outras tarefas essenciais.<\/p>\n<\/div>\n\n\n\n<div class=\"wp-block-column is-layout-flow wp-block-column-is-layout-flow\">\n<figure class=\"wp-block-image size-large\"><img loading=\"lazy\" decoding=\"async\" width=\"1024\" height=\"717\" src=\"http:\/\/www.cenpcba.com\/wp-content\/uploads\/2024\/04\/PCB-Design-1024x717.jpeg\" alt=\"\" class=\"wp-image-1115\" srcset=\"https:\/\/www.cenpcba.com\/wp-content\/uploads\/2024\/04\/PCB-Design-1024x717.jpeg 1024w, https:\/\/www.cenpcba.com\/wp-content\/uploads\/2024\/04\/PCB-Design-300x210.jpeg 300w, https:\/\/www.cenpcba.com\/wp-content\/uploads\/2024\/04\/PCB-Design-768x538.jpeg 768w, https:\/\/www.cenpcba.com\/wp-content\/uploads\/2024\/04\/PCB-Design-1536x1075.jpeg 1536w, https:\/\/www.cenpcba.com\/wp-content\/uploads\/2024\/04\/PCB-Design-2048x1434.jpeg 2048w\" sizes=\"(max-width: 1024px) 100vw, 1024px\" \/><\/figure>\n<\/div>\n<\/div>\n\n\n\n<div style=\"height:83px\" aria-hidden=\"true\" class=\"wp-block-spacer\"><\/div>\n\n\n\n<h3 class=\"wp-block-heading has-text-align-center\" id=\"h-por-que-escolher-a-cen-pcba-para-seus-designs-de-pcb\">Por que escolher a CEN PCBA para seus designs de PCB?<\/h3>\n\n\n\n<div style=\"height:42px\" aria-hidden=\"true\" class=\"wp-block-spacer\"><\/div>\n\n\n\n<div class=\"wp-block-columns is-layout-flex wp-container-core-columns-is-layout-9d6595d7 wp-block-columns-is-layout-flex\">\n<div class=\"wp-block-column is-layout-flow wp-block-column-is-layout-flow\">\n<p>Na CEN PCBA, desenvolvemos nossa abordagem para solucionar seus desafios mais dif\u00edceis e oferecer um valor excepcional.<\/p>\n<\/div>\n\n\n\n<div class=\"wp-block-column is-layout-flow wp-block-column-is-layout-flow\" style=\"flex-basis:5px\"><\/div>\n\n\n\n<div class=\"wp-block-column is-layout-flow wp-block-column-is-layout-flow\">\n<p>Equipe especializada em Layout, Stack-up, Aquisi\u00e7\u00e3o de Materiais, Fabrica\u00e7\u00e3o, Montagem e Testes Avan\u00e7ados<\/p>\n<\/div>\n\n\n\n<div class=\"wp-block-column is-layout-flow wp-block-column-is-layout-flow\" style=\"flex-basis:5px\"><\/div>\n\n\n\n<div class=\"wp-block-column is-layout-flow wp-block-column-is-layout-flow\">\n<p>Checklists completos criados por especialistas para garantir designs impec\u00e1veis<\/p>\n<\/div>\n\n\n\n<div class=\"wp-block-column is-layout-flow wp-block-column-is-layout-flow\" style=\"flex-basis:5px\"><\/div>\n\n\n\n<div class=\"wp-block-column is-layout-flow wp-block-column-is-layout-flow\">\n<p>Produ\u00e7\u00e3o integrada: eliminamos problemas de DFA\/DFM ao operar em uma \u00fanica instala\u00e7\u00e3o para fabrica\u00e7\u00e3o e montagem<\/p>\n<\/div>\n<\/div>\n\n\n\n<div style=\"height:47px\" aria-hidden=\"true\" class=\"wp-block-spacer\"><\/div>\n\n\n\n<h3 class=\"wp-block-heading has-text-align-center\" id=\"h-cen-pcba-solucoes-completas-para-seu-projeto\">CEN PCBA: Solu\u00e7\u00f5es completas para seu projeto<\/h3>\n\n\n\n<div style=\"height:43px\" aria-hidden=\"true\" class=\"wp-block-spacer\"><\/div>\n\n\n\n<div class=\"wp-block-columns is-layout-flex wp-container-core-columns-is-layout-9d6595d7 wp-block-columns-is-layout-flex\">\n<div class=\"wp-block-column is-layout-flow wp-block-column-is-layout-flow\" style=\"flex-basis:5%\"><\/div>\n\n\n\n<div class=\"wp-block-column is-layout-flow wp-block-column-is-layout-flow\" style=\"flex-basis:90%\">\n<figure class=\"wp-block-image size-full\"><img loading=\"lazy\" decoding=\"async\" width=\"2900\" height=\"1600\" src=\"http:\/\/www.cenpcba.com\/wp-content\/uploads\/2024\/04\/approach.png\" alt=\"approach\" class=\"wp-image-1118\" srcset=\"https:\/\/www.cenpcba.com\/wp-content\/uploads\/2024\/04\/approach.png 2900w, https:\/\/www.cenpcba.com\/wp-content\/uploads\/2024\/04\/approach-300x166.png 300w, https:\/\/www.cenpcba.com\/wp-content\/uploads\/2024\/04\/approach-1024x565.png 1024w, https:\/\/www.cenpcba.com\/wp-content\/uploads\/2024\/04\/approach-768x424.png 768w, https:\/\/www.cenpcba.com\/wp-content\/uploads\/2024\/04\/approach-1536x847.png 1536w, https:\/\/www.cenpcba.com\/wp-content\/uploads\/2024\/04\/approach-2048x1130.png 2048w\" sizes=\"(max-width: 2900px) 100vw, 2900px\" \/><\/figure>\n<\/div>\n\n\n\n<div class=\"wp-block-column is-layout-flow wp-block-column-is-layout-flow\" style=\"flex-basis:5%\"><\/div>\n<\/div>\n\n\n\n<div style=\"height:75px\" aria-hidden=\"true\" class=\"wp-block-spacer\"><\/div>\n\n\n\n<div class=\"wp-block-cover alignfull\" style=\"min-height:740px;aspect-ratio:unset;\"><span aria-hidden=\"true\" class=\"wp-block-cover__background has-nv-dark-bg-background-color has-background-dim-100 has-background-dim\"><\/span><div class=\"wp-block-cover__inner-container is-layout-flow wp-block-cover-is-layout-flow\">\n<div class=\"wp-block-group\"><div class=\"wp-block-group__inner-container is-layout-flow wp-block-group-is-layout-flow\">\n<div style=\"height:80px\" aria-hidden=\"true\" class=\"wp-block-spacer\"><\/div>\n\n\n\n<div class=\"wp-block-columns are-vertically-aligned-center is-layout-flex wp-container-core-columns-is-layout-9d6595d7 wp-block-columns-is-layout-flex\">\n<div class=\"wp-block-column is-vertically-aligned-center is-layout-flow wp-block-column-is-layout-flow\" style=\"flex-basis:50%\">\n<h2 class=\"wp-block-heading has-nv-text-dark-bg-color has-text-color\" id=\"h-crie-seu-proximo-produto-conosco\">Crie seu pr\u00f3ximo produto conosco!<\/h2>\n\n\n\n<p class=\"has-nv-site-bg-color has-text-color has-link-color wp-elements-74e5ba92d3edbc9e856e3601521a2761\">Trabalhamos com empresas de todos os portes para desenvolver produtos de classe mundial.<\/p>\n\n\n\n<div style=\"height:20px\" aria-hidden=\"true\" class=\"wp-block-spacer\"><\/div>\n\n\n\n<div class=\"wp-block-buttons is-layout-flex wp-block-buttons-is-layout-flex\">\n<div class=\"wp-block-button is-style-primary\"><a class=\"wp-block-button__link wp-element-button\" href=\"http:\/\/www.cenpcba.com\/pt-br\/contact-us\/\" target=\"_blank\" rel=\"noreferrer noopener\">VAMOS CONVERSAR!<\/a><\/div>\n<\/div>\n\n\n\n<div style=\"height:20px\" aria-hidden=\"true\" class=\"wp-block-spacer\"><\/div>\n<\/div>\n\n\n\n<div class=\"wp-block-column is-vertically-aligned-center is-layout-flow wp-block-column-is-layout-flow\" style=\"flex-basis:50%\">\n<figure class=\"wp-block-image size-large is-resized\"><img loading=\"lazy\" decoding=\"async\" width=\"1024\" height=\"768\" src=\"http:\/\/www.cenpcba.com\/wp-content\/uploads\/2022\/07\/CEN-1024x768.jpg\" alt=\"\" class=\"wp-image-434\" style=\"width:595px;height:446px\" srcset=\"https:\/\/www.cenpcba.com\/wp-content\/uploads\/2022\/07\/CEN-1024x768.jpg 1024w, https:\/\/www.cenpcba.com\/wp-content\/uploads\/2022\/07\/CEN-300x225.jpg 300w, https:\/\/www.cenpcba.com\/wp-content\/uploads\/2022\/07\/CEN-768x576.jpg 768w, https:\/\/www.cenpcba.com\/wp-content\/uploads\/2022\/07\/CEN-1536x1152.jpg 1536w, https:\/\/www.cenpcba.com\/wp-content\/uploads\/2022\/07\/CEN-2048x1536.jpg 2048w\" sizes=\"(max-width: 1024px) 100vw, 1024px\" \/><\/figure>\n<\/div>\n<\/div>\n\n\n\n<div style=\"height:40px\" aria-hidden=\"true\" class=\"wp-block-spacer\"><\/div>\n<\/div><\/div>\n<\/div><\/div>\n\n\n\n<div style=\"height:100px\" aria-hidden=\"true\" class=\"wp-block-spacer\"><\/div>\n","protected":false},"excerpt":{"rendered":"<p>Servi\u00e7os de Engenharia PCBA Na CEN Electronic Technology, oferecemos uma ampla gama de servi\u00e7os de engenharia para atender \u00e0s suas necessidades de desenvolvimento de produtos. Nossa equipe experiente de engenheiros trabalha em estreita colabora\u00e7\u00e3o com voc\u00ea para entender os requisitos do seu projeto e fornecer solu\u00e7\u00f5es personalizadas para suas demandas exclusivas. Desde o desenvolvimento do&hellip;&nbsp;<a href=\"https:\/\/www.cenpcba.com\/pt-br\/engineeing\/\" class=\"\" rel=\"bookmark\">Read More &raquo;<span class=\"screen-reader-text\">Engenharia<\/span><\/a><\/p>\n","protected":false},"author":1,"featured_media":0,"parent":0,"menu_order":0,"comment_status":"closed","ping_status":"closed","template":"","meta":{"neve_meta_sidebar":"","neve_meta_container":"","neve_meta_enable_content_width":"","neve_meta_content_width":0,"neve_meta_title_alignment":"","neve_meta_author_avatar":"","neve_post_elements_order":"","neve_meta_disable_header":"","neve_meta_disable_footer":"","neve_meta_disable_title":"on","neve_meta_reading_time":"","_joinchat":[],"footnotes":""},"class_list":["post-2481","page","type-page","status-publish","hentry"],"yoast_head":"<!-- This site is optimized with the Yoast SEO Premium plugin v23.2 (Yoast SEO v25.8) - https:\/\/yoast.com\/wordpress\/plugins\/seo\/ -->\n<title>- Contract Manufacturing CEN Servi\u00e7o de pcba de engenharia<\/title>\n<meta name=\"description\" content=\"Servi\u00e7os de engenharia de placas de circuito impresso, projeto esquem\u00e1tico, layout de placas de circuito impresso, testes de produtos eletr\u00f4nicos, servi\u00e7os de suporte \u00e0 fabrica\u00e7\u00e3o\" \/>\n<meta name=\"robots\" content=\"index, follow, max-snippet:-1, max-image-preview:large, max-video-preview:-1\" \/>\n<link rel=\"canonical\" href=\"https:\/\/www.cenpcba.com\/pt-br\/engineeing\/\" \/>\n<meta property=\"og:locale\" content=\"pt_BR\" \/>\n<meta property=\"og:type\" content=\"article\" \/>\n<meta property=\"og:title\" content=\"Engenharia\" \/>\n<meta property=\"og:description\" content=\"Servi\u00e7os de engenharia de placas de circuito impresso, projeto esquem\u00e1tico, layout de placas de circuito impresso, testes de produtos eletr\u00f4nicos, servi\u00e7os de suporte \u00e0 fabrica\u00e7\u00e3o\" \/>\n<meta property=\"og:url\" content=\"https:\/\/www.cenpcba.com\/pt-br\/engineeing\/\" \/>\n<meta property=\"og:site_name\" content=\"Contract Manufacturing\" \/>\n<meta property=\"article:publisher\" content=\"https:\/\/www.facebook.com\/cenpcba\" \/>\n<meta property=\"article:modified_time\" content=\"2025-03-04T01:51:52+00:00\" \/>\n<meta property=\"og:image\" content=\"http:\/\/www.cenpcba.com\/wp-content\/uploads\/2024\/04\/PCB-Design-2.webp.jpg\" \/>\n<meta name=\"twitter:card\" content=\"summary_large_image\" \/>\n<meta name=\"twitter:label1\" content=\"Est. tempo de leitura\" \/>\n\t<meta name=\"twitter:data1\" content=\"4 minutos\" \/>\n<script type=\"application\/ld+json\" class=\"yoast-schema-graph\">{\"@context\":\"https:\/\/schema.org\",\"@graph\":[{\"@type\":\"WebPage\",\"@id\":\"https:\/\/www.cenpcba.com\/pt-br\/engineeing\/\",\"url\":\"https:\/\/www.cenpcba.com\/pt-br\/engineeing\/\",\"name\":\"- Contract Manufacturing CEN Servi\u00e7o de pcba de engenharia\",\"isPartOf\":{\"@id\":\"https:\/\/www.cenpcba.com\/pt-br\/#website\"},\"primaryImageOfPage\":{\"@id\":\"https:\/\/www.cenpcba.com\/pt-br\/engineeing\/#primaryimage\"},\"image\":{\"@id\":\"https:\/\/www.cenpcba.com\/pt-br\/engineeing\/#primaryimage\"},\"thumbnailUrl\":\"http:\/\/www.cenpcba.com\/wp-content\/uploads\/2024\/04\/PCB-Design-2.webp.jpg\",\"datePublished\":\"2022-07-10T11:44:12+00:00\",\"dateModified\":\"2025-03-04T01:51:52+00:00\",\"description\":\"Servi\u00e7os de engenharia de placas de circuito impresso, projeto esquem\u00e1tico, layout de placas de circuito impresso, testes de produtos eletr\u00f4nicos, servi\u00e7os de suporte \u00e0 fabrica\u00e7\u00e3o\",\"breadcrumb\":{\"@id\":\"https:\/\/www.cenpcba.com\/pt-br\/engineeing\/#breadcrumb\"},\"inLanguage\":\"pt-BR\",\"potentialAction\":[{\"@type\":\"ReadAction\",\"target\":[\"https:\/\/www.cenpcba.com\/pt-br\/engineeing\/\"]}]},{\"@type\":\"ImageObject\",\"inLanguage\":\"pt-BR\",\"@id\":\"https:\/\/www.cenpcba.com\/pt-br\/engineeing\/#primaryimage\",\"url\":\"http:\/\/www.cenpcba.com\/wp-content\/uploads\/2024\/04\/PCB-Design-2.webp.jpg\",\"contentUrl\":\"http:\/\/www.cenpcba.com\/wp-content\/uploads\/2024\/04\/PCB-Design-2.webp.jpg\"},{\"@type\":\"BreadcrumbList\",\"@id\":\"https:\/\/www.cenpcba.com\/pt-br\/engineeing\/#breadcrumb\",\"itemListElement\":[{\"@type\":\"ListItem\",\"position\":1,\"name\":\"\u9996\u9875\",\"item\":\"https:\/\/www.cenpcba.com\/pt-br\/\"},{\"@type\":\"ListItem\",\"position\":2,\"name\":\"Engenharia\"}]},{\"@type\":\"WebSite\",\"@id\":\"https:\/\/www.cenpcba.com\/pt-br\/#website\",\"url\":\"https:\/\/www.cenpcba.com\/pt-br\/\",\"name\":\"Contact Electronic Manufacturing Service Factory in Shenzhen, China\",\"description\":\"PCB Assembly\",\"publisher\":{\"@id\":\"https:\/\/www.cenpcba.com\/pt-br\/#organization\"},\"alternateName\":\"One stop EMS service from PCB Manufacturing, Pcb assembly, smt, dip box assembly\",\"potentialAction\":[{\"@type\":\"SearchAction\",\"target\":{\"@type\":\"EntryPoint\",\"urlTemplate\":\"https:\/\/www.cenpcba.com\/pt-br\/?s={search_term_string}\"},\"query-input\":{\"@type\":\"PropertyValueSpecification\",\"valueRequired\":true,\"valueName\":\"search_term_string\"}}],\"inLanguage\":\"pt-BR\"},{\"@type\":\"Organization\",\"@id\":\"https:\/\/www.cenpcba.com\/pt-br\/#organization\",\"name\":\"CEN Electronic Technology Co., Ltd\",\"alternateName\":\"CEN PCBA\",\"url\":\"https:\/\/www.cenpcba.com\/pt-br\/\",\"logo\":{\"@type\":\"ImageObject\",\"inLanguage\":\"pt-BR\",\"@id\":\"https:\/\/www.cenpcba.com\/pt-br\/#\/schema\/logo\/image\/\",\"url\":\"http:\/\/www.cenpcba.com\/wp-content\/uploads\/2022\/07\/CEN-Logo-L.png\",\"contentUrl\":\"http:\/\/www.cenpcba.com\/wp-content\/uploads\/2022\/07\/CEN-Logo-L.png\",\"width\":960,\"height\":856,\"caption\":\"CEN Electronic Technology Co., Ltd\"},\"image\":{\"@id\":\"https:\/\/www.cenpcba.com\/pt-br\/#\/schema\/logo\/image\/\"},\"sameAs\":[\"https:\/\/www.facebook.com\/cenpcba\",\"https:\/\/www.linkedin.com\/company\/cenpcba\"]}]}<\/script>\n<!-- \/ Yoast SEO Premium plugin. -->","yoast_head_json":{"title":"- Contract Manufacturing CEN Servi\u00e7o de pcba de engenharia","description":"Servi\u00e7os de engenharia de placas de circuito impresso, projeto esquem\u00e1tico, layout de placas de circuito impresso, testes de produtos eletr\u00f4nicos, servi\u00e7os de suporte \u00e0 fabrica\u00e7\u00e3o","robots":{"index":"index","follow":"follow","max-snippet":"max-snippet:-1","max-image-preview":"max-image-preview:large","max-video-preview":"max-video-preview:-1"},"canonical":"https:\/\/www.cenpcba.com\/pt-br\/engineeing\/","og_locale":"pt_BR","og_type":"article","og_title":"Engenharia","og_description":"Servi\u00e7os de engenharia de placas de circuito impresso, projeto esquem\u00e1tico, layout de placas de circuito impresso, testes de produtos eletr\u00f4nicos, servi\u00e7os de suporte \u00e0 fabrica\u00e7\u00e3o","og_url":"https:\/\/www.cenpcba.com\/pt-br\/engineeing\/","og_site_name":"Contract Manufacturing","article_publisher":"https:\/\/www.facebook.com\/cenpcba","article_modified_time":"2025-03-04T01:51:52+00:00","og_image":[{"url":"http:\/\/www.cenpcba.com\/wp-content\/uploads\/2024\/04\/PCB-Design-2.webp.jpg","type":"","width":"","height":""}],"twitter_card":"summary_large_image","twitter_misc":{"Est. tempo de leitura":"4 minutos"},"schema":{"@context":"https:\/\/schema.org","@graph":[{"@type":"WebPage","@id":"https:\/\/www.cenpcba.com\/pt-br\/engineeing\/","url":"https:\/\/www.cenpcba.com\/pt-br\/engineeing\/","name":"- Contract Manufacturing CEN Servi\u00e7o de pcba de engenharia","isPartOf":{"@id":"https:\/\/www.cenpcba.com\/pt-br\/#website"},"primaryImageOfPage":{"@id":"https:\/\/www.cenpcba.com\/pt-br\/engineeing\/#primaryimage"},"image":{"@id":"https:\/\/www.cenpcba.com\/pt-br\/engineeing\/#primaryimage"},"thumbnailUrl":"http:\/\/www.cenpcba.com\/wp-content\/uploads\/2024\/04\/PCB-Design-2.webp.jpg","datePublished":"2022-07-10T11:44:12+00:00","dateModified":"2025-03-04T01:51:52+00:00","description":"Servi\u00e7os de engenharia de placas de circuito impresso, projeto esquem\u00e1tico, layout de placas de circuito impresso, testes de produtos eletr\u00f4nicos, servi\u00e7os de suporte \u00e0 fabrica\u00e7\u00e3o","breadcrumb":{"@id":"https:\/\/www.cenpcba.com\/pt-br\/engineeing\/#breadcrumb"},"inLanguage":"pt-BR","potentialAction":[{"@type":"ReadAction","target":["https:\/\/www.cenpcba.com\/pt-br\/engineeing\/"]}]},{"@type":"ImageObject","inLanguage":"pt-BR","@id":"https:\/\/www.cenpcba.com\/pt-br\/engineeing\/#primaryimage","url":"http:\/\/www.cenpcba.com\/wp-content\/uploads\/2024\/04\/PCB-Design-2.webp.jpg","contentUrl":"http:\/\/www.cenpcba.com\/wp-content\/uploads\/2024\/04\/PCB-Design-2.webp.jpg"},{"@type":"BreadcrumbList","@id":"https:\/\/www.cenpcba.com\/pt-br\/engineeing\/#breadcrumb","itemListElement":[{"@type":"ListItem","position":1,"name":"\u9996\u9875","item":"https:\/\/www.cenpcba.com\/pt-br\/"},{"@type":"ListItem","position":2,"name":"Engenharia"}]},{"@type":"WebSite","@id":"https:\/\/www.cenpcba.com\/pt-br\/#website","url":"https:\/\/www.cenpcba.com\/pt-br\/","name":"Contact Electronic Manufacturing Service Factory in Shenzhen, China","description":"PCB Assembly","publisher":{"@id":"https:\/\/www.cenpcba.com\/pt-br\/#organization"},"alternateName":"One stop EMS service from PCB Manufacturing, Pcb assembly, smt, dip box assembly","potentialAction":[{"@type":"SearchAction","target":{"@type":"EntryPoint","urlTemplate":"https:\/\/www.cenpcba.com\/pt-br\/?s={search_term_string}"},"query-input":{"@type":"PropertyValueSpecification","valueRequired":true,"valueName":"search_term_string"}}],"inLanguage":"pt-BR"},{"@type":"Organization","@id":"https:\/\/www.cenpcba.com\/pt-br\/#organization","name":"CEN Electronic Technology Co., Ltd","alternateName":"CEN PCBA","url":"https:\/\/www.cenpcba.com\/pt-br\/","logo":{"@type":"ImageObject","inLanguage":"pt-BR","@id":"https:\/\/www.cenpcba.com\/pt-br\/#\/schema\/logo\/image\/","url":"http:\/\/www.cenpcba.com\/wp-content\/uploads\/2022\/07\/CEN-Logo-L.png","contentUrl":"http:\/\/www.cenpcba.com\/wp-content\/uploads\/2022\/07\/CEN-Logo-L.png","width":960,"height":856,"caption":"CEN Electronic Technology Co., Ltd"},"image":{"@id":"https:\/\/www.cenpcba.com\/pt-br\/#\/schema\/logo\/image\/"},"sameAs":["https:\/\/www.facebook.com\/cenpcba","https:\/\/www.linkedin.com\/company\/cenpcba"]}]}},"_links":{"self":[{"href":"https:\/\/www.cenpcba.com\/pt-br\/wp-json\/wp\/v2\/pages\/2481","targetHints":{"allow":["GET"]}}],"collection":[{"href":"https:\/\/www.cenpcba.com\/pt-br\/wp-json\/wp\/v2\/pages"}],"about":[{"href":"https:\/\/www.cenpcba.com\/pt-br\/wp-json\/wp\/v2\/types\/page"}],"author":[{"embeddable":true,"href":"https:\/\/www.cenpcba.com\/pt-br\/wp-json\/wp\/v2\/users\/1"}],"replies":[{"embeddable":true,"href":"https:\/\/www.cenpcba.com\/pt-br\/wp-json\/wp\/v2\/comments?post=2481"}],"version-history":[{"count":4,"href":"https:\/\/www.cenpcba.com\/pt-br\/wp-json\/wp\/v2\/pages\/2481\/revisions"}],"predecessor-version":[{"id":2677,"href":"https:\/\/www.cenpcba.com\/pt-br\/wp-json\/wp\/v2\/pages\/2481\/revisions\/2677"}],"wp:attachment":[{"href":"https:\/\/www.cenpcba.com\/pt-br\/wp-json\/wp\/v2\/media?parent=2481"}],"curies":[{"name":"wp","href":"https:\/\/api.w.org\/{rel}","templated":true}]}}