{"id":2539,"date":"2022-07-10T17:09:11","date_gmt":"2022-07-10T09:09:11","guid":{"rendered":"http:\/\/www.cenpcba.com\/pcb\/"},"modified":"2025-03-04T10:33:14","modified_gmt":"2025-03-04T02:33:14","slug":"pcb","status":"publish","type":"page","link":"https:\/\/www.cenpcba.com\/pt-br\/pcb\/","title":{"rendered":"PCB"},"content":{"rendered":"\n<div class=\"wp-block-cover alignfull\" style=\"min-height:273px;aspect-ratio:unset;\"><span aria-hidden=\"true\" class=\"wp-block-cover__background has-background-dim\"><\/span><img fetchpriority=\"high\" decoding=\"async\" width=\"2560\" height=\"1707\" class=\"wp-block-cover__image-background wp-image-563\" alt=\"\" src=\"http:\/\/www.cenpcba.com\/wp-content\/uploads\/2022\/07\/\u6444\u56fe\u7f51_400090540-scaled.jpg\" data-object-fit=\"cover\" srcset=\"https:\/\/www.cenpcba.com\/wp-content\/uploads\/2022\/07\/\u6444\u56fe\u7f51_400090540-scaled.jpg 2560w, https:\/\/www.cenpcba.com\/wp-content\/uploads\/2022\/07\/\u6444\u56fe\u7f51_400090540-300x200.jpg 300w, https:\/\/www.cenpcba.com\/wp-content\/uploads\/2022\/07\/\u6444\u56fe\u7f51_400090540-1024x683.jpg 1024w, https:\/\/www.cenpcba.com\/wp-content\/uploads\/2022\/07\/\u6444\u56fe\u7f51_400090540-768x512.jpg 768w, https:\/\/www.cenpcba.com\/wp-content\/uploads\/2022\/07\/\u6444\u56fe\u7f51_400090540-1536x1024.jpg 1536w, https:\/\/www.cenpcba.com\/wp-content\/uploads\/2022\/07\/\u6444\u56fe\u7f51_400090540-2048x1365.jpg 2048w, https:\/\/www.cenpcba.com\/wp-content\/uploads\/2022\/07\/\u6444\u56fe\u7f51_400090540-930x620.jpg 930w\" sizes=\"(max-width: 2560px) 100vw, 2560px\" \/><div class=\"wp-block-cover__inner-container is-layout-flow wp-block-cover-is-layout-flow\">\n<h1 class=\"wp-block-heading has-text-align-center has-large-font-size\">PCB<\/h1>\n<\/div><\/div>\n\n\n\n<div style=\"height:183px\" aria-hidden=\"true\" class=\"wp-block-spacer\"><\/div>\n\n\n\n<div class=\"wp-block-columns is-layout-flex wp-container-core-columns-is-layout-9d6595d7 wp-block-columns-is-layout-flex\">\n<div class=\"wp-block-column is-layout-flow wp-block-column-is-layout-flow\">\n<figure class=\"wp-block-image size-large\"><img decoding=\"async\" width=\"1024\" height=\"576\" src=\"http:\/\/www.cenpcba.com\/wp-content\/uploads\/2022\/07\/400218747-1024x576.jpg\" alt=\"\" class=\"wp-image-551\" srcset=\"https:\/\/www.cenpcba.com\/wp-content\/uploads\/2022\/07\/400218747-1024x576.jpg 1024w, https:\/\/www.cenpcba.com\/wp-content\/uploads\/2022\/07\/400218747-300x169.jpg 300w, https:\/\/www.cenpcba.com\/wp-content\/uploads\/2022\/07\/400218747-768x432.jpg 768w, https:\/\/www.cenpcba.com\/wp-content\/uploads\/2022\/07\/400218747-1536x864.jpg 1536w, https:\/\/www.cenpcba.com\/wp-content\/uploads\/2022\/07\/400218747-2048x1152.jpg 2048w\" sizes=\"(max-width: 1024px) 100vw, 1024px\" \/><\/figure>\n<\/div>\n\n\n\n<div class=\"wp-block-column is-layout-flow wp-block-column-is-layout-flow\">\n<p><\/p>\n\n\n\n<p>A PCB (Placa de Circuito Impresso), tamb\u00e9m conhecida como PWB, \u00e9 uma estrutura que suporta mecanicamente componentes eletr\u00f4nicos, utilizando pads condutivos projetados para acomodar os terminais dos componentes. Al\u00e9m disso, conecta eletricamente os componentes por meio de trilhas, planos e outros recursos gravados em uma ou mais camadas de cobre laminadas sobre e\/ou entre camadas de um substrato n\u00e3o condutor. Os componentes s\u00e3o geralmente soldados na PCB para garantir tanto a conex\u00e3o el\u00e9trica quanto a fixa\u00e7\u00e3o mec\u00e2nica. As PCBs podem ser simples face, dupla face, multicamadas ou Rigid-Flex.<\/p>\n<\/div>\n<\/div>\n\n\n\n<div style=\"height:100px\" aria-hidden=\"true\" class=\"wp-block-spacer\"><\/div>\n\n\n\n<h2 class=\"wp-block-heading\" id=\"h-o-que-podemos-fazer-por-voce-em-pcb\">O QUE PODEMOS FAZER POR VOC\u00ca EM PCB?<\/h2>\n\n\n\n<div class=\"wp-block-columns is-layout-flex wp-container-core-columns-is-layout-9d6595d7 wp-block-columns-is-layout-flex\">\n<div class=\"wp-block-column is-layout-flow wp-block-column-is-layout-flow\">\n<p><strong>Materiais:<br><\/strong>PI: 3mil, 2mil, 1mil, 0.8mil, 0.5mil<br>ED&amp;RA Cu: 2OZ, 1OZ, 1\/2OZ, 1\/3OZ, 1\/4OZ<br>Shengyi \/ Taiflex \/ Dupont \/ Doosan \/ Thinflex<\/p>\n\n\n\n<p><strong>Capacidade de PCB Flex\u00edvel:<br><\/strong>\u2714 Camadas: 1-10<br>\u2714 Espessura m\u00ednima: 0.08 \u00b1 0.03mm<br>\u2714 Espessura m\u00e1xima: 6mm<br>\u2714 Tamanho m\u00e1ximo: 485mm \u00d7 1000mm<br>\u2714 Di\u00e2metro m\u00ednimo do furo: 0.15mm<br>\u2714 Furo ranhurado m\u00ednimo: 0.6mm<br>\u2714 Propor\u00e7\u00e3o de aspecto: 10:1<br>\u2714 Largura m\u00ednima\/trilha m\u00ednima: 0.05 \/ 0.05mm<\/p>\n<\/div>\n\n\n\n<div class=\"wp-block-column is-layout-flow wp-block-column-is-layout-flow\">\n<figure class=\"wp-block-image size-full is-resized\"><img decoding=\"async\" width=\"726\" height=\"706\" src=\"http:\/\/www.cenpcba.com\/wp-content\/uploads\/2022\/07\/Flex-PCB-3.jpg\" alt=\"\" class=\"wp-image-554\" style=\"width:539px;height:523px\" srcset=\"https:\/\/www.cenpcba.com\/wp-content\/uploads\/2022\/07\/Flex-PCB-3.jpg 726w, https:\/\/www.cenpcba.com\/wp-content\/uploads\/2022\/07\/Flex-PCB-3-300x292.jpg 300w\" sizes=\"(max-width: 726px) 100vw, 726px\" \/><\/figure>\n<\/div>\n<\/div>\n\n\n\n<div class=\"wp-block-columns is-layout-flex wp-container-core-columns-is-layout-9d6595d7 wp-block-columns-is-layout-flex\">\n<div class=\"wp-block-column is-layout-flow wp-block-column-is-layout-flow\">\n<figure class=\"wp-block-image size-full\"><img loading=\"lazy\" decoding=\"async\" width=\"960\" height=\"856\" src=\"http:\/\/www.cenpcba.com\/wp-content\/uploads\/2022\/07\/PCB-1.jpg\" alt=\"\" class=\"wp-image-365\" srcset=\"https:\/\/www.cenpcba.com\/wp-content\/uploads\/2022\/07\/PCB-1.jpg 960w, https:\/\/www.cenpcba.com\/wp-content\/uploads\/2022\/07\/PCB-1-300x268.jpg 300w, https:\/\/www.cenpcba.com\/wp-content\/uploads\/2022\/07\/PCB-1-768x685.jpg 768w\" sizes=\"(max-width: 960px) 100vw, 960px\" \/><\/figure>\n<\/div>\n\n\n\n<div class=\"wp-block-column is-layout-flow wp-block-column-is-layout-flow\">\n<p><\/p>\n\n\n\n<p><strong>Materiais dispon\u00edveis:<br><\/strong>\u2714 FR-4 (Alto Tg, Livre de Halog\u00eanio, Alta Frequ\u00eancia)<br>\u2714 FR-5, CEM-3, PTFE, BT, Getek<br>\u2714 Base de Alum\u00ednio, Base de Cobre<br>\u2714 KB, Nanya, Shengyi, ITEQ, ILM, Isola, Nelco, Rogers, Arlon<\/p>\n\n\n\n<p><strong>Acabamentos dispon\u00edveis:<br><\/strong>\u2714 HASL<br>\u2714 HASL Livre de Chumbo<br>\u2714 Ouro Imers\u00e3o (ENIG), Estanho Imers\u00e3o, Prata Imers\u00e3o<br>\u2714 Preservativo Org\u00e2nico de Soldabilidade (OSP) \/ ENTEK<br>\u2714 Ouro Flash (Banhamento de Ouro Duro)<br>\u2714 ENEPIG<br>\u2714 Banhamento de Ouro Seletivo, espessura de ouro at\u00e9 3um (120u&#8221;)<br>\u2714 Dedo de Ouro, Impress\u00e3o de Carbono, M\u00e1scara Remov\u00edvel<\/p>\n<\/div>\n<\/div>\n\n\n\n<div class=\"wp-block-columns is-layout-flex wp-container-core-columns-is-layout-9d6595d7 wp-block-columns-is-layout-flex\">\n<div class=\"wp-block-column is-layout-flow wp-block-column-is-layout-flow\">\n<p><\/p>\n\n\n\n<p>Material:PI : 3mil 2mil 1mil 0.8mil 0.5mil<br>ED&amp;RA Cu : 2OZ 1OZ 1 \/ 2OZ 1 \/ 3OZ 1 \/ 4OZ<br>Shengyi \/ Taiflex \/ Dupont \/ Doosan \/ Thinflex<\/p>\n\n\n\n<p>Flex PCB capability:1-10 Layers<br>Min. Thickness:0.08 +\/- 0.03mm<br>Max. Thickness:6mm<br>Max. Size:485mm * 1000mm<br>Min.Hole:0.15mm<br>Min.Slot Hole:0.6mm<br>Aspect Ratio: 10-1<br>Min.Width \/ Space: 0.05 \/ 0.05mm   <\/p>\n<\/div>\n\n\n\n<div class=\"wp-block-column is-layout-flow wp-block-column-is-layout-flow\">\n<figure class=\"wp-block-image size-full is-resized\"><img loading=\"lazy\" decoding=\"async\" width=\"712\" height=\"720\" src=\"http:\/\/www.cenpcba.com\/wp-content\/uploads\/2022\/07\/Flex-PCB-2.jpg\" alt=\"\" class=\"wp-image-555\" style=\"width:546px;height:551px\" srcset=\"https:\/\/www.cenpcba.com\/wp-content\/uploads\/2022\/07\/Flex-PCB-2.jpg 712w, https:\/\/www.cenpcba.com\/wp-content\/uploads\/2022\/07\/Flex-PCB-2-297x300.jpg 297w\" sizes=\"(max-width: 712px) 100vw, 712px\" \/><\/figure>\n<\/div>\n<\/div>\n\n\n\n<div class=\"wp-block-group alignfull has-text-color has-background\" style=\"color:#000000;background-color:#ffffff\"><div class=\"wp-block-group__inner-container is-layout-flow wp-block-group-is-layout-flow\">\n<div style=\"height:64px\" aria-hidden=\"true\" class=\"wp-block-spacer\"><\/div>\n\n\n\n<p class=\"has-text-align-center has-small-font-size\" style=\"line-height:.9\"><strong>ENTRE EM CONTATO<\/strong><\/p>\n\n\n\n<h2 class=\"wp-block-heading has-text-align-center\" id=\"schedule-a-visit\" style=\"font-size:59px;line-height:1.15\"><strong>Agende uma Visita<\/strong><\/h2>\n\n\n\n<div class=\"wp-block-buttons is-horizontal is-content-justification-center is-layout-flex wp-container-core-buttons-is-layout-499968f5 wp-block-buttons-is-layout-flex\">\n<div class=\"wp-block-button has-custom-width wp-block-button__width-50\"><a class=\"wp-block-button__link has-text-color has-background wp-element-button\" href=\"http:\/\/www.cenpcba.com\/pt-br\/contact-us\/\" style=\"border-radius:50px;color:#ffffff;background-color:#000000\" target=\"_blank\" rel=\"noreferrer noopener\">Fale Conosco<\/a><\/div>\n<\/div>\n\n\n\n<div style=\"height:64px\" aria-hidden=\"true\" class=\"wp-block-spacer\"><\/div>\n<\/div><\/div>\n","protected":false},"excerpt":{"rendered":"<p>A PCB (Placa de Circuito Impresso), tamb\u00e9m conhecida como PWB, \u00e9 uma estrutura que suporta mecanicamente componentes eletr\u00f4nicos, utilizando pads condutivos projetados para acomodar os terminais dos componentes. Al\u00e9m disso, conecta eletricamente os componentes por meio de trilhas, planos e outros recursos gravados em uma ou mais camadas de cobre laminadas sobre e\/ou entre camadas&hellip;&nbsp;<a href=\"https:\/\/www.cenpcba.com\/pt-br\/pcb\/\" class=\"\" rel=\"bookmark\">Read More &raquo;<span class=\"screen-reader-text\">PCB<\/span><\/a><\/p>\n","protected":false},"author":1,"featured_media":0,"parent":0,"menu_order":0,"comment_status":"closed","ping_status":"closed","template":"","meta":{"neve_meta_sidebar":"","neve_meta_container":"","neve_meta_enable_content_width":"","neve_meta_content_width":0,"neve_meta_title_alignment":"","neve_meta_author_avatar":"","neve_post_elements_order":"","neve_meta_disable_header":"","neve_meta_disable_footer":"","neve_meta_disable_title":"on","neve_meta_reading_time":"","_joinchat":[],"footnotes":""},"class_list":["post-2539","page","type-page","status-publish","hentry"],"yoast_head":"<!-- This site is optimized with the Yoast SEO Premium plugin v23.2 (Yoast SEO v25.8) - https:\/\/yoast.com\/wordpress\/plugins\/seo\/ -->\n<title>PCB | Printed Circuit Board Manufacturing Service | CEN PCBA<\/title>\n<meta name=\"description\" content=\"PCB know as Printed Circuit Board, or PWB, a pcb is mechanically support electronic components using conductive pads in the shape designed to accept the component\u2019s terminals\" \/>\n<meta name=\"robots\" content=\"index, follow, max-snippet:-1, max-image-preview:large, max-video-preview:-1\" \/>\n<link rel=\"canonical\" href=\"https:\/\/www.cenpcba.com\/pt-br\/pcb\/\" \/>\n<meta property=\"og:locale\" content=\"pt_BR\" \/>\n<meta property=\"og:type\" content=\"article\" \/>\n<meta property=\"og:title\" content=\"PCB\" \/>\n<meta property=\"og:description\" content=\"PCB know as Printed Circuit Board, or PWB, a pcb is mechanically support electronic components using conductive pads in the shape designed to accept the component\u2019s terminals\" \/>\n<meta property=\"og:url\" content=\"https:\/\/www.cenpcba.com\/pt-br\/pcb\/\" \/>\n<meta property=\"og:site_name\" content=\"Contract Manufacturing\" \/>\n<meta property=\"article:publisher\" content=\"https:\/\/www.facebook.com\/cenpcba\" \/>\n<meta property=\"article:modified_time\" content=\"2025-03-04T02:33:14+00:00\" \/>\n<meta property=\"og:image\" content=\"http:\/\/www.cenpcba.com\/wp-content\/uploads\/2022\/07\/400218747-1024x576.jpg\" \/>\n<meta name=\"twitter:card\" content=\"summary_large_image\" \/>\n<meta name=\"twitter:label1\" content=\"Est. tempo de leitura\" \/>\n\t<meta name=\"twitter:data1\" content=\"3 minutos\" \/>\n<script type=\"application\/ld+json\" class=\"yoast-schema-graph\">{\"@context\":\"https:\/\/schema.org\",\"@graph\":[{\"@type\":\"WebPage\",\"@id\":\"https:\/\/www.cenpcba.com\/pt-br\/pcb\/\",\"url\":\"https:\/\/www.cenpcba.com\/pt-br\/pcb\/\",\"name\":\"PCB | Printed Circuit Board Manufacturing Service | CEN PCBA\",\"isPartOf\":{\"@id\":\"https:\/\/www.cenpcba.com\/pt-br\/#website\"},\"primaryImageOfPage\":{\"@id\":\"https:\/\/www.cenpcba.com\/pt-br\/pcb\/#primaryimage\"},\"image\":{\"@id\":\"https:\/\/www.cenpcba.com\/pt-br\/pcb\/#primaryimage\"},\"thumbnailUrl\":\"http:\/\/www.cenpcba.com\/wp-content\/uploads\/2022\/07\/400218747-1024x576.jpg\",\"datePublished\":\"2022-07-10T09:09:11+00:00\",\"dateModified\":\"2025-03-04T02:33:14+00:00\",\"description\":\"PCB know as Printed Circuit Board, or PWB, a pcb is mechanically support electronic components using conductive pads in the shape designed to accept the component\u2019s terminals\",\"breadcrumb\":{\"@id\":\"https:\/\/www.cenpcba.com\/pt-br\/pcb\/#breadcrumb\"},\"inLanguage\":\"pt-BR\",\"potentialAction\":[{\"@type\":\"ReadAction\",\"target\":[\"https:\/\/www.cenpcba.com\/pt-br\/pcb\/\"]}]},{\"@type\":\"ImageObject\",\"inLanguage\":\"pt-BR\",\"@id\":\"https:\/\/www.cenpcba.com\/pt-br\/pcb\/#primaryimage\",\"url\":\"http:\/\/www.cenpcba.com\/wp-content\/uploads\/2022\/07\/400218747-1024x576.jpg\",\"contentUrl\":\"http:\/\/www.cenpcba.com\/wp-content\/uploads\/2022\/07\/400218747-1024x576.jpg\"},{\"@type\":\"BreadcrumbList\",\"@id\":\"https:\/\/www.cenpcba.com\/pt-br\/pcb\/#breadcrumb\",\"itemListElement\":[{\"@type\":\"ListItem\",\"position\":1,\"name\":\"\u9996\u9875\",\"item\":\"https:\/\/www.cenpcba.com\/pt-br\/\"},{\"@type\":\"ListItem\",\"position\":2,\"name\":\"PCB\"}]},{\"@type\":\"WebSite\",\"@id\":\"https:\/\/www.cenpcba.com\/pt-br\/#website\",\"url\":\"https:\/\/www.cenpcba.com\/pt-br\/\",\"name\":\"Contact Electronic Manufacturing Service Factory in Shenzhen, China\",\"description\":\"PCB Assembly\",\"publisher\":{\"@id\":\"https:\/\/www.cenpcba.com\/pt-br\/#organization\"},\"alternateName\":\"One stop EMS service from PCB Manufacturing, Pcb assembly, smt, dip box assembly\",\"potentialAction\":[{\"@type\":\"SearchAction\",\"target\":{\"@type\":\"EntryPoint\",\"urlTemplate\":\"https:\/\/www.cenpcba.com\/pt-br\/?s={search_term_string}\"},\"query-input\":{\"@type\":\"PropertyValueSpecification\",\"valueRequired\":true,\"valueName\":\"search_term_string\"}}],\"inLanguage\":\"pt-BR\"},{\"@type\":\"Organization\",\"@id\":\"https:\/\/www.cenpcba.com\/pt-br\/#organization\",\"name\":\"CEN Electronic Technology Co., Ltd\",\"alternateName\":\"CEN PCBA\",\"url\":\"https:\/\/www.cenpcba.com\/pt-br\/\",\"logo\":{\"@type\":\"ImageObject\",\"inLanguage\":\"pt-BR\",\"@id\":\"https:\/\/www.cenpcba.com\/pt-br\/#\/schema\/logo\/image\/\",\"url\":\"http:\/\/www.cenpcba.com\/wp-content\/uploads\/2022\/07\/CEN-Logo-L.png\",\"contentUrl\":\"http:\/\/www.cenpcba.com\/wp-content\/uploads\/2022\/07\/CEN-Logo-L.png\",\"width\":960,\"height\":856,\"caption\":\"CEN Electronic Technology Co., Ltd\"},\"image\":{\"@id\":\"https:\/\/www.cenpcba.com\/pt-br\/#\/schema\/logo\/image\/\"},\"sameAs\":[\"https:\/\/www.facebook.com\/cenpcba\",\"https:\/\/www.linkedin.com\/company\/cenpcba\"]}]}<\/script>\n<!-- \/ Yoast SEO Premium plugin. -->","yoast_head_json":{"title":"PCB | Printed Circuit Board Manufacturing Service | CEN PCBA","description":"PCB know as Printed Circuit Board, or PWB, a pcb is mechanically support electronic components using conductive pads in the shape designed to accept the component\u2019s terminals","robots":{"index":"index","follow":"follow","max-snippet":"max-snippet:-1","max-image-preview":"max-image-preview:large","max-video-preview":"max-video-preview:-1"},"canonical":"https:\/\/www.cenpcba.com\/pt-br\/pcb\/","og_locale":"pt_BR","og_type":"article","og_title":"PCB","og_description":"PCB know as Printed Circuit Board, or PWB, a pcb is mechanically support electronic components using conductive pads in the shape designed to accept the component\u2019s terminals","og_url":"https:\/\/www.cenpcba.com\/pt-br\/pcb\/","og_site_name":"Contract Manufacturing","article_publisher":"https:\/\/www.facebook.com\/cenpcba","article_modified_time":"2025-03-04T02:33:14+00:00","og_image":[{"url":"http:\/\/www.cenpcba.com\/wp-content\/uploads\/2022\/07\/400218747-1024x576.jpg","type":"","width":"","height":""}],"twitter_card":"summary_large_image","twitter_misc":{"Est. tempo de leitura":"3 minutos"},"schema":{"@context":"https:\/\/schema.org","@graph":[{"@type":"WebPage","@id":"https:\/\/www.cenpcba.com\/pt-br\/pcb\/","url":"https:\/\/www.cenpcba.com\/pt-br\/pcb\/","name":"PCB | Printed Circuit Board Manufacturing Service | CEN PCBA","isPartOf":{"@id":"https:\/\/www.cenpcba.com\/pt-br\/#website"},"primaryImageOfPage":{"@id":"https:\/\/www.cenpcba.com\/pt-br\/pcb\/#primaryimage"},"image":{"@id":"https:\/\/www.cenpcba.com\/pt-br\/pcb\/#primaryimage"},"thumbnailUrl":"http:\/\/www.cenpcba.com\/wp-content\/uploads\/2022\/07\/400218747-1024x576.jpg","datePublished":"2022-07-10T09:09:11+00:00","dateModified":"2025-03-04T02:33:14+00:00","description":"PCB know as Printed Circuit Board, or PWB, a pcb is mechanically support electronic components using conductive pads in the shape designed to accept the component\u2019s terminals","breadcrumb":{"@id":"https:\/\/www.cenpcba.com\/pt-br\/pcb\/#breadcrumb"},"inLanguage":"pt-BR","potentialAction":[{"@type":"ReadAction","target":["https:\/\/www.cenpcba.com\/pt-br\/pcb\/"]}]},{"@type":"ImageObject","inLanguage":"pt-BR","@id":"https:\/\/www.cenpcba.com\/pt-br\/pcb\/#primaryimage","url":"http:\/\/www.cenpcba.com\/wp-content\/uploads\/2022\/07\/400218747-1024x576.jpg","contentUrl":"http:\/\/www.cenpcba.com\/wp-content\/uploads\/2022\/07\/400218747-1024x576.jpg"},{"@type":"BreadcrumbList","@id":"https:\/\/www.cenpcba.com\/pt-br\/pcb\/#breadcrumb","itemListElement":[{"@type":"ListItem","position":1,"name":"\u9996\u9875","item":"https:\/\/www.cenpcba.com\/pt-br\/"},{"@type":"ListItem","position":2,"name":"PCB"}]},{"@type":"WebSite","@id":"https:\/\/www.cenpcba.com\/pt-br\/#website","url":"https:\/\/www.cenpcba.com\/pt-br\/","name":"Contact Electronic Manufacturing Service Factory in Shenzhen, China","description":"PCB Assembly","publisher":{"@id":"https:\/\/www.cenpcba.com\/pt-br\/#organization"},"alternateName":"One stop EMS service from PCB Manufacturing, Pcb assembly, smt, dip box assembly","potentialAction":[{"@type":"SearchAction","target":{"@type":"EntryPoint","urlTemplate":"https:\/\/www.cenpcba.com\/pt-br\/?s={search_term_string}"},"query-input":{"@type":"PropertyValueSpecification","valueRequired":true,"valueName":"search_term_string"}}],"inLanguage":"pt-BR"},{"@type":"Organization","@id":"https:\/\/www.cenpcba.com\/pt-br\/#organization","name":"CEN Electronic Technology Co., Ltd","alternateName":"CEN PCBA","url":"https:\/\/www.cenpcba.com\/pt-br\/","logo":{"@type":"ImageObject","inLanguage":"pt-BR","@id":"https:\/\/www.cenpcba.com\/pt-br\/#\/schema\/logo\/image\/","url":"http:\/\/www.cenpcba.com\/wp-content\/uploads\/2022\/07\/CEN-Logo-L.png","contentUrl":"http:\/\/www.cenpcba.com\/wp-content\/uploads\/2022\/07\/CEN-Logo-L.png","width":960,"height":856,"caption":"CEN Electronic Technology Co., Ltd"},"image":{"@id":"https:\/\/www.cenpcba.com\/pt-br\/#\/schema\/logo\/image\/"},"sameAs":["https:\/\/www.facebook.com\/cenpcba","https:\/\/www.linkedin.com\/company\/cenpcba"]}]}},"_links":{"self":[{"href":"https:\/\/www.cenpcba.com\/pt-br\/wp-json\/wp\/v2\/pages\/2539","targetHints":{"allow":["GET"]}}],"collection":[{"href":"https:\/\/www.cenpcba.com\/pt-br\/wp-json\/wp\/v2\/pages"}],"about":[{"href":"https:\/\/www.cenpcba.com\/pt-br\/wp-json\/wp\/v2\/types\/page"}],"author":[{"embeddable":true,"href":"https:\/\/www.cenpcba.com\/pt-br\/wp-json\/wp\/v2\/users\/1"}],"replies":[{"embeddable":true,"href":"https:\/\/www.cenpcba.com\/pt-br\/wp-json\/wp\/v2\/comments?post=2539"}],"version-history":[{"count":2,"href":"https:\/\/www.cenpcba.com\/pt-br\/wp-json\/wp\/v2\/pages\/2539\/revisions"}],"predecessor-version":[{"id":2685,"href":"https:\/\/www.cenpcba.com\/pt-br\/wp-json\/wp\/v2\/pages\/2539\/revisions\/2685"}],"wp:attachment":[{"href":"https:\/\/www.cenpcba.com\/pt-br\/wp-json\/wp\/v2\/media?parent=2539"}],"curies":[{"name":"wp","href":"https:\/\/api.w.org\/{rel}","templated":true}]}}